{"id":2115,"date":"2022-10-03T14:13:39","date_gmt":"2022-10-03T11:13:39","guid":{"rendered":"https:\/\/rocketplay-game.com\/slots\/sun-of-fortune\/"},"modified":"2025-11-25T23:13:19","modified_gmt":"2025-11-25T20:13:19","slug":"sun-of-fortune","status":"publish","type":"page","link":"https:\/\/rocketplay-game.com\/pl\/slots\/sun-of-fortune\/","title":{"rendered":"S\u0142o\u0144ce fortuny w RocketPlay"},"content":{"rendered":"<p>Tw\u00f3rca gier online \u2013 firma Wazdan wyda\u0142a swoje dzie\u0142o, umo\u017cliwiaj\u0105ce u\u017cytkownikom rywalizacj\u0119 o jackpota. Specjalny automat do gry Rocket Play Sun of Fortune jest uruchamiany, gdy kilka specjalnych obraz\u00f3w pojawia si\u0119 jako kombinacja. Powinno by\u0107 ich co najmniej 6. W przypadku, gdy pojawia si\u0119 mniej obraz\u00f3w, nic si\u0119 nie zmienia.<\/p>\n<p>Nast\u0119pnie aktywowana jest kolejna runda, kt\u00f3ra daje mo\u017cliwo\u015b\u0107 w\u0142\u0105czenia oferty specjalnej \u2013 Hold the Jackpot. Kiedy si\u0119 w\u0142\u0105czy, gracz musi przej\u015b\u0107 przez 3 etapy. Po ka\u017cdym z nich nast\u0119puje reset, gdy pojawiaj\u0105 si\u0119 specjalne obrazy.<\/p>\n<p>Automat online Rocket Play Sun of Fortune spodoba si\u0119 wielu graczom. W ko\u0144cu wiele os\u00f3b zna i kocha funkcj\u0119 wstrzymania jackpota. Specjalny okres jest aktywowany, gdy w 1 rundzie pojawi si\u0119 6 lub wi\u0119cej specjalnych obraz\u00f3w.<\/p>\n<p>Ale producent u\u0142atwi\u0142 proces w\u0142\u0105czania specjalnego okresu. Kiedy pojawi\u0105 si\u0119 trzy, cztery lub pi\u0119\u0107 specjalnych obraz\u00f3w, s\u0105 one zapisywane w nast\u0119pnej specjalnej rundzie. Po w\u0142\u0105czeniu dodatkowego okresu u\u017cytkownik otrzymuje trzy specjalne rundy. Nast\u0119pnie rotacje s\u0105 aktualizowane wraz z pojawieniem si\u0119 specjalnego obrazu.<\/p>\n<p style=\"text-align: center;\"><img loading=\"lazy\" decoding=\"async\" class=\"aligncenter wp-image-515 size-full\" src=\"https:\/\/rocketplay-game.com\/wp-content\/uploads\/2022\/10\/sun-of-fortune.jpeg\" alt=\"Sun of Fortune\" width=\"1140\" height=\"350\" srcset=\"https:\/\/rocketplay-game.com\/wp-content\/uploads\/2022\/10\/sun-of-fortune.jpeg 1140w, https:\/\/rocketplay-game.com\/wp-content\/uploads\/2022\/10\/sun-of-fortune-300x92.jpeg 300w, https:\/\/rocketplay-game.com\/wp-content\/uploads\/2022\/10\/sun-of-fortune-1024x314.jpeg 1024w, https:\/\/rocketplay-game.com\/wp-content\/uploads\/2022\/10\/sun-of-fortune-768x236.jpeg 768w\" sizes=\"auto, (max-width: 1140px) 100vw, 1140px\" \/><\/p>\n<h2>Opcje i funkcje zak\u0142ad\u00f3w<\/h2>\n<p>Po recenzji automatu Rocket Play Sun of Fortune, widzimy pole gry 4&#215;4 i szesna\u015bcie pojedynczych b\u0119bn\u00f3w. Maszyna rozpoczyna proces gry, w kt\u00f3rym powinna pojawi\u0107 si\u0119 kombinacja 8 identycznych obrazk\u00f3w. Kiedy tak si\u0119 dzieje, gracz wygrywa pieni\u0105dze. Joker mo\u017ce zast\u0105pi\u0107 dowolny obraz, ale nie specjalne zdj\u0119cia.<\/p>\n<p>Nowo\u015b\u0107 od producenta Wazdan &#8211; Rocket Play Sun of Fortune oferuje u\u017cytkownikom bardzo wygodn\u0105, \u200b\u200bnowoczesn\u0105 funkcjonalno\u015b\u0107. Na przyk\u0142ad tryb przyspieszony, rozszerzenie pola gry i dobra zmienno\u015b\u0107. W automacie znajdziesz wiele mi\u0142ych niespodzianek, kt\u00f3re pomog\u0105 Ci wygra\u0107 nagrod\u0119 pieni\u0119\u017cn\u0105.<\/p>\n<h2>Motyw i symbole<\/h2>\n<p>Za ka\u017cdy specjalny obraz pobierana jest op\u0142ata. Jest przyznawany po zako\u0144czeniu specjalnej dodatkowej rundy. Ta runda zostanie uwzgl\u0119dniona w formie darmowych spin\u00f3w Rocket Play Sun of Fortune. U\u017cytkownik mo\u017ce wygra\u0107 ma\u0142y jackpot, nieco wi\u0119kszy jackpot lub maksymaln\u0105 wygran\u0105. Te jackpoty s\u0105 przyznawane jako specjalne niespodzianki w grze.<\/p>\n<p>Istot\u0105 gry jest zdobycie najwi\u0119kszej sumy pieni\u0119dzy &#8211; Grand Jackpot. To tysi\u0105c razy wi\u0119cej ni\u017c pierwotna kwota. Ale do tego ca\u0142e pole musi by\u0107 wype\u0142nione specjalnymi obrazami. Ostatecznie gracz mo\u017ce zdoby\u0107 du\u017co pieni\u0119dzy. Jackpot mo\u017ce by\u0107 dodatkiem do r\u00f3\u017cnych nagr\u00f3d.<\/p>\n<p>Widzimy, \u017ce automat oddaje prawdziw\u0105 chi\u0144sk\u0105 atmosfer\u0119. Jest transmitowany przez specjalne obrazy, kt\u00f3re znajduj\u0105 si\u0119 na boisku. Zobaczysz zdj\u0119cia z:<\/p>\n<ul>\n<li>smoki,<\/li>\n<li>smocze \u017c\u00f3\u0142wie,<\/li>\n<li>ryba koi,<\/li>\n<li>chi\u0144skie feniksy,<\/li>\n<li>pot\u0119\u017cne z\u0142ote symbole bonusowe z ognistymi obrazami s\u0142o\u0144ca.<\/li>\n<\/ul>\n<p>Jak ju\u017c wspomniano, slot wyposa\u017cony jest w nowoczesn\u0105 i wygodn\u0105 funkcjonalno\u015b\u0107. Mo\u017cesz przyspieszy\u0107 rozgrywk\u0119, zwi\u0119kszy\u0107 pole gry na monitorze i monitorowa\u0107 zmienno\u015b\u0107. Mo\u017cesz r\u00f3wnie\u017c skorzysta\u0107 z funkcji \u201ekup\u201d. Z jego pomoc\u0105 aktywowany jest specjalny dodatkowy okres \u201etrzymaj jackpota\u201d. Mo\u017cesz go aktywowa\u0107, kiedy tylko chcesz.<\/p>\n<h2>FAQ<\/h2>\n<h3>Jak wygra\u0107 pieni\u0105dze?<\/h3>\n<p>Aby wygra\u0107 na 16 niezale\u017cnych b\u0119bnach 4&#215;4 w standardowej grze, musisz trafi\u0107 osiem identycznych symboli. Wild mo\u017ce zast\u0105pi\u0107 dowolny obraz, ale nie specjalny.<\/p>\n<h3>Czy jest jackpot?<\/h3>\n<p>Najwi\u0119ksz\u0105 pojedyncz\u0105 wygran\u0105 jest Grand Jackpot, kt\u00f3ra zwi\u0119ksza zak\u0142ad do 1000x. Aby uzyska\u0107 tak\u0105 wygran\u0105, ca\u0142e pole gry musi by\u0107 na specjalnych obrazach. Ale to nie wszystko \u2013 nale\u017cy zauwa\u017cy\u0107, \u017ce hity jackpot s\u0105 dodawane do innych wygranych!<\/p>\n<h3>Jakie s\u0105 znaki specjalne?<\/h3>\n<p>Symbole bonusowe gwarantuj\u0105 wygrane o r\u00f3\u017cnej wysoko\u015bci, a tak\u017ce mo\u017cesz wygra\u0107 jackpoty o r\u00f3\u017cnych wysoko\u015bciach.<\/p>\n<p>Przeczytaj r\u00f3wnie\u017c o:<\/p>\n<ul>\n<li><a href=\"https:\/\/rocketplay-game.com\/pl\/slots\/cash-pig\/\">Cash Pig<\/a><\/li>\n<li><a href=\"https:\/\/rocketplay-game.com\/pl\/slots\/elvis-frog-vegas\/\">Elvis Frog In Vegas<\/a><\/li>\n<\/ul>\n","protected":false},"excerpt":{"rendered":"<p>Tw\u00f3rca gier online \u2013 firma Wazdan wyda\u0142a swoje dzie\u0142o, umo\u017cliwiaj\u0105ce u\u017cytkownikom rywalizacj\u0119 o jackpota. Specjalny automat do gry Rocket Play Sun of Fortune jest uruchamiany, gdy kilka specjalnych obraz\u00f3w pojawia si\u0119 jako kombinacja. Powinno by\u0107 ich co najmniej 6. W przypadku, gdy pojawia si\u0119 mniej obraz\u00f3w, nic si\u0119 nie zmienia. Nast\u0119pnie aktywowana jest kolejna runda,&#8230;<\/p>\n","protected":false},"author":1,"featured_media":0,"parent":2073,"menu_order":0,"comment_status":"closed","ping_status":"closed","template":"page-with-slot.php","meta":{"_acf_changed":false,"_kad_post_transparent":"default","_kad_post_title":"default","_kad_post_layout":"default","_kad_post_sidebar_id":"","_kad_post_content_style":"default","_kad_post_vertical_padding":"default","_kad_post_feature":"","_kad_post_feature_position":"","_kad_post_header":false,"_kad_post_footer":false,"footnotes":""},"class_list":["post-2115","page","type-page","status-publish","hentry"],"acf":[],"rttpg_featured_image_url":null,"rttpg_author":{"display_name":"Tom","author_link":"https:\/\/rocketplay-game.com\/pl\/author\/pemvas95n89x\/"},"rttpg_comment":0,"rttpg_category":null,"rttpg_excerpt":"Tw\u00f3rca gier online \u2013 firma Wazdan wyda\u0142a swoje dzie\u0142o, umo\u017cliwiaj\u0105ce u\u017cytkownikom rywalizacj\u0119 o jackpota. Specjalny automat do gry Rocket Play Sun of Fortune jest uruchamiany, gdy kilka specjalnych obraz\u00f3w pojawia si\u0119 jako kombinacja. Powinno by\u0107 ich co najmniej 6. W przypadku, gdy pojawia si\u0119 mniej obraz\u00f3w, nic si\u0119 nie zmienia. Nast\u0119pnie aktywowana jest kolejna runda,...","_links":{"self":[{"href":"https:\/\/rocketplay-game.com\/pl\/wp-json\/wp\/v2\/pages\/2115","targetHints":{"allow":["GET"]}}],"collection":[{"href":"https:\/\/rocketplay-game.com\/pl\/wp-json\/wp\/v2\/pages"}],"about":[{"href":"https:\/\/rocketplay-game.com\/pl\/wp-json\/wp\/v2\/types\/page"}],"author":[{"embeddable":true,"href":"https:\/\/rocketplay-game.com\/pl\/wp-json\/wp\/v2\/users\/1"}],"replies":[{"embeddable":true,"href":"https:\/\/rocketplay-game.com\/pl\/wp-json\/wp\/v2\/comments?post=2115"}],"version-history":[{"count":2,"href":"https:\/\/rocketplay-game.com\/pl\/wp-json\/wp\/v2\/pages\/2115\/revisions"}],"predecessor-version":[{"id":2117,"href":"https:\/\/rocketplay-game.com\/pl\/wp-json\/wp\/v2\/pages\/2115\/revisions\/2117"}],"up":[{"embeddable":true,"href":"https:\/\/rocketplay-game.com\/pl\/wp-json\/wp\/v2\/pages\/2073"}],"wp:attachment":[{"href":"https:\/\/rocketplay-game.com\/pl\/wp-json\/wp\/v2\/media?parent=2115"}],"curies":[{"name":"wp","href":"https:\/\/api.w.org\/{rel}","templated":true}]}}