{"id":2120,"date":"2022-08-11T21:12:04","date_gmt":"2022-08-11T18:12:04","guid":{"rendered":"https:\/\/rocketplay-game.com\/cashback\/"},"modified":"2022-10-29T11:07:31","modified_gmt":"2022-10-29T08:07:31","slug":"cashback","status":"publish","type":"page","link":"https:\/\/rocketplay-game.com\/pl\/cashback\/","title":{"rendered":"Zwrot got\u00f3wki w kasynie RocketPlay"},"content":{"rendered":"<p><img loading=\"lazy\" decoding=\"async\" class=\" wp-image-316 aligncenter\" src=\"https:\/\/rocketplay-game.com\/wp-content\/uploads\/2022\/08\/what-is-a-casino-cashback-300x100.jpg\" alt=\"cashback\" width=\"612\" height=\"204\" srcset=\"https:\/\/rocketplay-game.com\/wp-content\/uploads\/2022\/08\/what-is-a-casino-cashback-300x100.jpg 300w, https:\/\/rocketplay-game.com\/wp-content\/uploads\/2022\/08\/what-is-a-casino-cashback-768x256.jpg 768w, https:\/\/rocketplay-game.com\/wp-content\/uploads\/2022\/08\/what-is-a-casino-cashback.jpg 827w\" sizes=\"auto, (max-width: 612px) 100vw, 612px\" \/><\/p>\n<p>Bonus cashback w kasynie <a href=\"https:\/\/rocketplay-game.com\/pl\">RocketPlay <\/a>to jeden z przyjemnych bonus\u00f3w kasynowych, kt\u00f3re mog\u0105 otrzyma\u0107 nie tyle nowi u\u017cytkownicy, co do\u015bwiadczeni gracze. W ko\u0144cu cashback jest przyznawany tylko tym graczom, kt\u00f3rzy wol\u0105 zwyk\u0142\u0105 gr\u0119 na prawdziwe pieni\u0105dze i nie ma znaczenia, czy u\u017cytkownicy graj\u0105 na niskich obrotach, czy na wysokich obrotach. Jednak kwota cashbacku zale\u017cy od kwoty, jak\u0105 u\u017cytkownik gra w grze na prawdziwe pieni\u0105dze.<\/p>\n<p>Dlatego cashback jest niezb\u0119dnym bonusem dla tych u\u017cytkownik\u00f3w, kt\u00f3rzy stracili cz\u0119\u015b\u0107 swoich pieni\u0119dzy lub wszystkie swoje depozyty i s\u0105 gotowi opu\u015bci\u0107 gr\u0119 za prawdziwe pieni\u0105dze. U\u017cytkownicy cashbacku RocketPlay mog\u0105 powraca\u0107 na oficjaln\u0105 stron\u0119 kasyna po nowe wyzwania i wprowadzenie do kolekcji gier hazardowych online RocketPlay.<\/p>\n<h2>Jak skorzysta\u0107 z cashbacku?<\/h2>\n<p>Chocia\u017c nowi u\u017cytkownicy od razu rzucaj\u0105 si\u0119 na prywatny pakiet bonusowy, nie jest to jedyna mi\u0142a niespodzianka dla do\u015bwiadczonych graczy online. Opr\u00f3cz pakietu prywatnego z bonusem 100% i 100 <a href=\"https:\/\/rocketplay-game.com\/pl\/free-spins\/\">darmowymi spinami<\/a>, u\u017cytkownik ma dost\u0119p do cotygodniowego cashbacku. Kasyno Cashback RocketPlay dla wszystkich u\u017cytkownik\u00f3w, ale nie wszyscy u\u017cytkownicy mog\u0105 w pe\u0142ni skorzysta\u0107 z tak wyj\u0105tkowej oferty. Czy o to chodzi?<\/p>\n<p>Przede wszystkim nale\u017cy pami\u0119ta\u0107, \u017ce oficjalna strona kasyna online jest dost\u0119pna tylko w jednym j\u0119zyku &#8211; angielskim, co jest wygodne. Nie trzeba zmienia\u0107 jednego j\u0119zyka, a strona jest dost\u0119pna dla najwi\u0119kszych u\u017cytkownik\u00f3w na ca\u0142ym \u015bwiecie. Nast\u0119pnie, po rejestracji, u\u017cytkownik posiada konto osobiste z kontem do gry.<\/p>\n<p>Rejestracja jest natychmiastowa, wystarczy potwierdzi\u0107 zako\u0144czenie procedury rejestracji, klikaj\u0105c link, kt\u00f3ry mo\u017cna znale\u017a\u0107 w li\u015bcie z kasyna w Twojej osobistej poczcie. Do 14 dni przeznacza si\u0119 na weryfikacj\u0119, kt\u00f3ra wymaga od u\u017cytkownika przes\u0142ania kopii dokumentu potwierdzaj\u0105cego to\u017csamo\u015b\u0107 u\u017cytkownika jako osoby rzeczywistej. Wtedy zaczyna si\u0119 gra na prawdziwe pieni\u0105dze, kt\u00f3ra jest gwarancj\u0105 otrzymania pierwszego cashbacku na stronie kasyna RocketPlay.<\/p>\n<p>Zwrot got\u00f3wki w kasynie online RocketPlay jest obliczany zgodnie z programem lojalno\u015bciowym kasyna. Istnieje 10 status\u00f3w gracza, z kt\u00f3rych ka\u017cdy daje dost\u0119p do okre\u015blonego zestawu przywilej\u00f3w. Je\u015bli jest to Bronze, u\u017cytkownik regularnie ma 10 darmowych spin\u00f3w, co jest liczone jako prezent. Natomiast Silver zwi\u0119ksza kwot\u0119 cashbacku do 3% kwoty wp\u0142aconych \u015brodk\u00f3w, kt\u00f3re musia\u0142y zosta\u0107 utracone w ci\u0105gu tygodnia i intensywnej gry w r\u00f3\u017cne gry online na pieni\u0105dze w czasie rzeczywistym.<\/p>\n<p>Najwi\u0119ksz\u0105 kwot\u0119 cashbacku mo\u017cna uzyska\u0107, je\u015bli u\u017cytkownik osi\u0105gnie poziom Diamond Legend, cho\u0107 b\u0119dzie to 15%. Co pozostaje bez zmian? Cashback wyp\u0142acany jest w ka\u017cdy poniedzia\u0142ek, zak\u0142ad &#8211; x5.<\/p>\n<h2>Wyp\u0142a\u0107 bonus cashback<\/h2>\n<p>Je\u015bli chodzi o cashback w kasynie Bitcoin RocketPlay, cashback to ca\u0142a oferta bonusowa, wi\u0119c u\u017cytkownicy szczeg\u00f3lnie wk\u0142adaj\u0105 troch\u0119 wysi\u0142ku, aby uzyska\u0107 tak dobr\u0105 nagrod\u0119 z bonusu w kasynie. Ten bonus jest obliczany wraz z zak\u0142adem x5, wi\u0119c musi zosta\u0107 spe\u0142niony. Ta kwota cashbacku jest wymagana zgodnie z warunkami jej otrzymania i w inny spos\u00f3b. Zak\u0142ady do\u015b\u0107 cz\u0119sto dyscyplinuj\u0105 nie tylko u\u017cytkownik\u00f3w RocketPlay, ale tak\u017ce ich niezaprzeczaln\u0105 pr\u00f3b\u0119.<\/p>\n<p>U\u017cytkownik wybiera metod\u0119 p\u0142atno\u015bci za zasilenie konta gry i wyp\u0142at\u0119 z niego \u015brodk\u00f3w na etapie rejestracji, a dok\u0142adniej, gdy dokonuje pierwszej wp\u0142aty po raz pierwszy. Istnieje limit, ile pieni\u0119dzy gracz mo\u017ce wyp\u0142aci\u0107 ze swojego konta w ci\u0105gu miesi\u0105ca.<\/p>\n<p>Tylko ci u\u017cytkownicy, kt\u00f3rzy osi\u0105gn\u0119li status VIP, nie b\u0119d\u0105 obj\u0119ci ograniczeniami, wi\u0119c mog\u0105 wyp\u0142aci\u0107 tyle, ile uda\u0142o im si\u0119 zagra\u0107 w automaty lub inne gry hazardowe online na prawdziwe pieni\u0105dze. Mo\u017cesz wybra\u0107 walut\u0119, kt\u00f3rej u\u017cytkownik b\u0119dzie u\u017cywa\u0142 do gry na prawdziwe pieni\u0105dze podczas rejestracji i tworzenia nowego konta RocketPlay.<\/p>\n<p><img loading=\"lazy\" decoding=\"async\" class=\" wp-image-317 aligncenter\" src=\"https:\/\/rocketplay-game.com\/wp-content\/uploads\/2022\/08\/cashback-300x99.jpg\" alt=\"cashback rocketplay\" width=\"673\" height=\"222\" srcset=\"https:\/\/rocketplay-game.com\/wp-content\/uploads\/2022\/08\/cashback-300x99.jpg 300w, https:\/\/rocketplay-game.com\/wp-content\/uploads\/2022\/08\/cashback-1024x336.jpg 1024w, https:\/\/rocketplay-game.com\/wp-content\/uploads\/2022\/08\/cashback-768x252.jpg 768w, https:\/\/rocketplay-game.com\/wp-content\/uploads\/2022\/08\/cashback.jpg 1200w\" sizes=\"auto, (max-width: 673px) 100vw, 673px\" \/><\/p>\n<h2>FAQ<\/h2>\n<h3>Jakie s\u0105 10 poziom\u00f3w graczy wydanych w programie lojalno\u015bciowym kasyna, na jakich warunkach mo\u017cesz otrzyma\u0107 zwrot pieni\u0119dzy i r\u00f3\u017cne bonusy?<\/h3>\n<p>Je\u015bli chodzi o program lojalno\u015bciowy kasyna, istnieje 10 status\u00f3w graczy, kt\u00f3re mog\u0105 sprawi\u0107, \u017ce jego pobyt na stronie kasyna b\u0119dzie jeszcze wspanialszy. W ko\u0144cu z ka\u017cdym nowym poziomem u\u017cytkownik otrzymuje coraz wi\u0119cej darmowych spin\u00f3w w prezencie. Pocz\u0105wszy od Bronze, Silver, Golden, Platinum, Diamond, Silver Legend, u\u017cytkownik otrzymuje od 15 do 300 darmowych spin\u00f3w na automatach prezentowanych w standardowej kolekcji gier hazardowych online. Je\u015bli chodzi o cashback, wzrasta z 3% do 10%. Na poziomie Z\u0142otej Legendy zwrot got\u00f3wki wzrasta do 12%, ale nie ma premii bez depozytu w prezencie. Platinum Legend, Diamond Legend zwi\u0119kszaj\u0105 kwot\u0119 cashbacku odpowiednio do 13% i 15% oraz ponownie wszelkie darmowe spiny.<\/p>\n<h3>Czy kasyno ma wersj\u0119 mobiln\u0105?<\/h3>\n<p>Aby upro\u015bci\u0107 gr\u0119 na prawdziwe pieni\u0105dze u\u017cytkownikom, kt\u00f3rzy nie grali w gry hazardowe online po raz pierwszy, kasyno oferuje im pobranie aplikacji mobilnej. Aplikacj\u0119 mobiln\u0105 mog\u0105 jednak pobra\u0107 wszyscy u\u017cytkownicy, kt\u00f3rzy planuj\u0105 gra\u0107 w automaty lub inne gry hazardowe online za prawdziwe pieni\u0105dze. Co wi\u0119cej, za pobranie aplikacji mobilnej u\u017cytkownik otrzymuje dodatkowe darmowe obroty b\u0119bn\u00f3w w niekt\u00f3rych automatach, co jest bonusem i \u015bwietnym pocz\u0105tkiem gry na prawdziwe pieni\u0105dze. U\u017cytkownicy urz\u0105dze\u0144 opartych na systemie Android i iOS mog\u0105 pobra\u0107 aplikacj\u0119 mobiln\u0105 na oficjalnej stronie kasyna online. Nale\u017cy jednak wzi\u0105\u0107 pod uwag\u0119, \u017ce wersja mobilna pozbawiona jest jakiej\u015b funkcjonalno\u015bci, wi\u0119c gebler nie powinien ca\u0142kowicie odmawia\u0107 korzystania z pe\u0142nej wersji serwisu RocketPlay.<\/p>\n","protected":false},"excerpt":{"rendered":"<p>Bonus cashback w kasynie RocketPlay to jeden z przyjemnych bonus\u00f3w kasynowych, kt\u00f3re mog\u0105 otrzyma\u0107 nie tyle nowi u\u017cytkownicy, co do\u015bwiadczeni gracze. W ko\u0144cu cashback jest przyznawany tylko tym graczom, kt\u00f3rzy wol\u0105 zwyk\u0142\u0105 gr\u0119 na prawdziwe pieni\u0105dze i nie ma znaczenia, czy u\u017cytkownicy graj\u0105 na niskich obrotach, czy na wysokich obrotach. Jednak kwota cashbacku zale\u017cy od&#8230;<\/p>\n","protected":false},"author":1,"featured_media":0,"parent":0,"menu_order":0,"comment_status":"closed","ping_status":"closed","template":"","meta":{"_acf_changed":false,"_kad_post_transparent":"default","_kad_post_title":"default","_kad_post_layout":"default","_kad_post_sidebar_id":"","_kad_post_content_style":"default","_kad_post_vertical_padding":"default","_kad_post_feature":"","_kad_post_feature_position":"","_kad_post_header":false,"_kad_post_footer":false,"footnotes":""},"class_list":["post-2120","page","type-page","status-publish","hentry"],"acf":[],"rttpg_featured_image_url":null,"rttpg_author":{"display_name":"Tom","author_link":"https:\/\/rocketplay-game.com\/pl\/author\/pemvas95n89x\/"},"rttpg_comment":0,"rttpg_category":null,"rttpg_excerpt":"Bonus cashback w kasynie RocketPlay to jeden z przyjemnych bonus\u00f3w kasynowych, kt\u00f3re mog\u0105 otrzyma\u0107 nie tyle nowi u\u017cytkownicy, co do\u015bwiadczeni gracze. W ko\u0144cu cashback jest przyznawany tylko tym graczom, kt\u00f3rzy wol\u0105 zwyk\u0142\u0105 gr\u0119 na prawdziwe pieni\u0105dze i nie ma znaczenia, czy u\u017cytkownicy graj\u0105 na niskich obrotach, czy na wysokich obrotach. Jednak kwota cashbacku zale\u017cy od...","_links":{"self":[{"href":"https:\/\/rocketplay-game.com\/pl\/wp-json\/wp\/v2\/pages\/2120","targetHints":{"allow":["GET"]}}],"collection":[{"href":"https:\/\/rocketplay-game.com\/pl\/wp-json\/wp\/v2\/pages"}],"about":[{"href":"https:\/\/rocketplay-game.com\/pl\/wp-json\/wp\/v2\/types\/page"}],"author":[{"embeddable":true,"href":"https:\/\/rocketplay-game.com\/pl\/wp-json\/wp\/v2\/users\/1"}],"replies":[{"embeddable":true,"href":"https:\/\/rocketplay-game.com\/pl\/wp-json\/wp\/v2\/comments?post=2120"}],"version-history":[{"count":3,"href":"https:\/\/rocketplay-game.com\/pl\/wp-json\/wp\/v2\/pages\/2120\/revisions"}],"predecessor-version":[{"id":2126,"href":"https:\/\/rocketplay-game.com\/pl\/wp-json\/wp\/v2\/pages\/2120\/revisions\/2126"}],"wp:attachment":[{"href":"https:\/\/rocketplay-game.com\/pl\/wp-json\/wp\/v2\/media?parent=2120"}],"curies":[{"name":"wp","href":"https:\/\/api.w.org\/{rel}","templated":true}]}}