{"id":2141,"date":"2022-08-11T20:58:28","date_gmt":"2022-08-11T17:58:28","guid":{"rendered":"https:\/\/rocketplay-game.com\/no-deposit-bonus\/"},"modified":"2022-10-29T11:49:46","modified_gmt":"2022-10-29T08:49:46","slug":"no-deposit-bonus","status":"publish","type":"page","link":"https:\/\/rocketplay-game.com\/pl\/no-deposit-bonus\/","title":{"rendered":"Kody bonusowe RocketPlay bez depozytu 2023"},"content":{"rendered":"<p><img loading=\"lazy\" decoding=\"async\" class=\" wp-image-305 aligncenter\" src=\"https:\/\/rocketplay-game.com\/wp-content\/uploads\/2022\/08\/different-types-of-bitcoin-casino-no-deposit-bonuses-300x156.jpg\" alt=\"no deposit bonus\" width=\"563\" height=\"293\" srcset=\"https:\/\/rocketplay-game.com\/wp-content\/uploads\/2022\/08\/different-types-of-bitcoin-casino-no-deposit-bonuses-300x156.jpg 300w, https:\/\/rocketplay-game.com\/wp-content\/uploads\/2022\/08\/different-types-of-bitcoin-casino-no-deposit-bonuses-1024x531.jpg 1024w, https:\/\/rocketplay-game.com\/wp-content\/uploads\/2022\/08\/different-types-of-bitcoin-casino-no-deposit-bonuses-768x398.jpg 768w, https:\/\/rocketplay-game.com\/wp-content\/uploads\/2022\/08\/different-types-of-bitcoin-casino-no-deposit-bonuses.jpg 1170w\" sizes=\"auto, (max-width: 563px) 100vw, 563px\" \/><\/p>\n<p>Nowi u\u017cytkownicy i do\u015bwiadczeni gracze kasyna <a href=\"https:\/\/rocketplay-game.com\/pl\">RocketPlay<\/a> mog\u0105 otrzyma\u0107 bonus bez depozytu 2023 tylko za niekt\u00f3re dzia\u0142ania. Je\u015bli m\u00f3wimy o bonusie bez depozytu, to naprawd\u0119 \u015brodki depozytowe nie b\u0119d\u0105 potrzebne, aby otrzyma\u0107 ofert\u0119 bonusow\u0105. Inna sytuacja polega na aktywacji oferty bonusowej, dlatego nadal b\u0119dziesz musia\u0142 dokona\u0107 wp\u0142aty na konto do gry, ale w innym celu.<\/p>\n<p>Do\u015b\u0107 cz\u0119sto kasyna online wsp\u00f3\u0142pracuj\u0105 z innymi stronami zwi\u0105zanymi z hazardem, dostarczaj\u0105c dodatkowe kody promocyjne lub kody bonusowe. Te kody bonusowe s\u0105 potrzebne, aby uzyska\u0107 dodatkow\u0105 got\u00f3wk\u0119 lub darmowe spiny na automatach.<\/p>\n<h2>Jak otrzyma\u0107 bonus bez depozytu?<\/h2>\n<p>Bonus bez depozytu RocketPlay jest wysy\u0142any, gdy u\u017cytkownik spe\u0142ni wszystkie warunki jego otrzymania. O czym to jest? Pierwszym bonusem, za kt\u00f3ry nie musisz do\u0142adowywa\u0107 swojego konta, jest bonus rejestracyjny.<\/p>\n<p>Najciekawsze jest to, \u017ce istnieje kilka takich bonus\u00f3w, je\u015bli natkniesz si\u0119 na kody bonusowe bez depozytu w kasynie RocketPlay bez kod\u00f3w bonusowych od depozytu. W ko\u0144cu za samo za\u0142o\u017cenie konta na stronie <a href=\"https:\/\/rocketplay-game.com\/pl\/casino\/\">kasyna<\/a> mo\u017cesz uzyska\u0107 dodatkowe 25 darmowych spin\u00f3w z zak\u0142adem 50xV, ale musisz wpisa\u0107 kod promocyjny ROCKET w kolumnie.<\/p>\n<p>Je\u015bli nie ma takiego kodu promocyjnego lub nie mo\u017cna by\u0142o go wprowadzi\u0107, nie denerwuj si\u0119. W ko\u0144cu bonus powitalny to do\u015b\u0107 hojny bonus powitalny dla nowych u\u017cytkownik\u00f3w. Tylko za za\u0142o\u017cenie nowego konta, u\u017cytkownik od razu staje si\u0119 posiadaczem bonusu w wysoko\u015bci 300% i 100 darmowych spin\u00f3w. Nie mniej interesuj\u0105cy jest bonus 100% i 100 darmowych spin\u00f3w.<\/p>\n<p>Pomimo tego, \u017ce te bonusy s\u0105 naprawd\u0119 bez depozytu, nale\u017cy wzi\u0105\u0107 pod uwag\u0119, \u017ce zarejestrowani u\u017cytkownicy nadal maj\u0105 pewne zobowi\u0105zania wobec kasyna online. Dlatego bonus bez depozytu musi zosta\u0107 zagrany w okre\u015blonym czasie. Procedura aktywacji takich bonus\u00f3w polega na wp\u0142acie \u015brodk\u00f3w na konto do gry i wykorzystaniu ich do gry na prawdziwe pieni\u0105dze.<\/p>\n<p>Oczywi\u015bcie u\u017cytkownik mo\u017ce stawia\u0107 pierwsze kroki w dziedzinie hazardu bez korzystania z funduszy depozytowych lub w\u0142asnych oszcz\u0119dno\u015bci, poniewa\u017c na te potrzeby mo\u017cna wykorzysta\u0107 darmowe \u015brodki bonusowe w kasynie bez depozytu RocketPlay. Gracz b\u0119dzie potrzebowa\u0142 depozytu, poniewa\u017c zak\u0142ada si\u0119, \u017ce b\u0119dzie kontynuowa\u0142 gr\u0119 na prawdziwe pieni\u0105dze.<\/p>\n<h2>Inne bonusy RocketPlay<\/h2>\n<p>Darmowy bonus bez depozytu w kasynie RocketPlay nie jest jedynym powodem pilnej rejestracji na stronie kasyna online. W ko\u0144cu wielu u\u017cytkownik\u00f3w kasyn online mo\u017ce nie odwa\u017cy\u0107 si\u0119 gra\u0107 na prawdziwe pieni\u0105dze. Podczas gdy bonus bez depozytu mo\u017ce by\u0107 wystarczaj\u0105cym powodem, aby przej\u015b\u0107 procedur\u0119 rejestracji i zweryfikowa\u0107 konto, kt\u00f3re w\u0142a\u015bnie zosta\u0142o utworzone na stronie kasyna online. Co mo\u017ce by\u0107 lepszego ni\u017c bonus bez depozytu? Jeszcze kilka bonus\u00f3w bez depozytu.<\/p>\n<p>Jakie s\u0105 bonusy RocketPlay? Na stronie kasyna online mo\u017cesz uzyska\u0107 ca\u0142kiem sporo bonus\u00f3w w postaci darmowych spin\u00f3w. Darmowe obroty b\u0119bn\u00f3w w automacie mo\u017cna uzyska\u0107, je\u015bli u\u017cytkownik pomy\u015blnie pobierze aplikacj\u0119 mobiln\u0105 na sw\u00f3j telefon i u\u017cyje jej do gry o \u015brodki bonusowe lub prawdziwe pieni\u0105dze.<\/p>\n<p>Powodem otrzymania tego samego kasyna RocketPlay bez depozytu 2023, ale z wi\u0119ksz\u0105 liczb\u0105 darmowych spin\u00f3w, jest zwyk\u0142a procedura rejestracji. W ko\u0144cu z du\u017cym prawdopodobie\u0144stwem zarejestrowany u\u017cytkownik przynajmniej raz zagra w automaty na prawdziwe pieni\u0105dze, zanim zrezygnuje z takiej przyjemno\u015bci.<\/p>\n<p><img loading=\"lazy\" decoding=\"async\" class=\" wp-image-306 aligncenter\" src=\"https:\/\/rocketplay-game.com\/wp-content\/uploads\/2022\/08\/cashback_1300x640_2-300x148.png\" alt=\"no deposit bonuses rocketplay\" width=\"557\" height=\"275\" srcset=\"https:\/\/rocketplay-game.com\/wp-content\/uploads\/2022\/08\/cashback_1300x640_2-300x148.png 300w, https:\/\/rocketplay-game.com\/wp-content\/uploads\/2022\/08\/cashback_1300x640_2-1024x504.png 1024w, https:\/\/rocketplay-game.com\/wp-content\/uploads\/2022\/08\/cashback_1300x640_2-768x378.png 768w, https:\/\/rocketplay-game.com\/wp-content\/uploads\/2022\/08\/cashback_1300x640_2.png 1300w\" sizes=\"auto, (max-width: 557px) 100vw, 557px\" \/><\/p>\n<h2>FAQ<\/h2>\n<h3>Je\u015bli bonus bez depozytu jest powszechn\u0105 praktyk\u0105 w RocketPlay, czy s\u0105 bonusy od depozytu?<\/h3>\n<p>Nowi u\u017cytkownicy mog\u0105 r\u00f3wnie\u017c otrzyma\u0107 bonus za dokonanie pierwszego depozytu, ale w tym celu musisz wprowadzi\u0107 kod promocyjny. Przynajmniej tak naprawd\u0119 jest taki bonus RocketPlay bez depozytu. W ko\u0144cu jest to do\u015b\u0107 powa\u017cny krok &#8211; zrobi\u0107 sw\u00f3j pierwszy depozyt. Co wi\u0119cej, bonusy bez depozytu s\u0105 praktycznie niemo\u017cliwe do aktywacji bez dokonania wp\u0142aty. Dlatego wp\u0142acanie \u015brodk\u00f3w jest kwesti\u0105 czasu dla tych u\u017cytkownik\u00f3w, kt\u00f3rzy wci\u0105\u017c odwa\u017cyli si\u0119 zarejestrowa\u0107 na stronie kasyna online i planuj\u0105 rozpocz\u0105\u0107 powa\u017cn\u0105 gr\u0119 na prawdziwe pieni\u0105dze, bez wzgl\u0119du na to, jak niepowa\u017cna mo\u017ce by\u0107 rozrywka online w grach hazardowych online.<\/p>\n<h3>Czy mo\u017cna pobra\u0107 aplikacj\u0119 mobiln\u0105?<\/h3>\n<p>Wszyscy u\u017cytkownicy, kt\u00f3rzy w\u0142a\u015bnie si\u0119 zarejestrowali lub planuj\u0105 zarejestrowa\u0107 si\u0119 na stronie kasyna online, maj\u0105 dost\u0119p do wygodniejszej \u2013 mobilnej wersji kasyna. B\u0119dziesz jednak musia\u0142 korzysta\u0107 z pe\u0142nej wersji kasyna online, poniewa\u017c mobilna wersja kasyna ma ograniczon\u0105 funkcjonalno\u015b\u0107. Mobilna aplikacja kasyna online jest przeznaczona do gry na prawdziwe pieni\u0105dze 24\/7.<\/p>\n<h3>Czy strona kasyna ma pe\u0142ny bonus powitalny?<\/h3>\n<p>Bonus powitalny lub bonus rejestracyjny mog\u0105 otrzyma\u0107 wszyscy u\u017cytkownicy kasyna, bez wyj\u0105tku, kt\u00f3rzy w\u0142a\u015bnie zako\u0144czyli procedur\u0119 rejestracji. Rejestracja oznacza utworzenie konta na stronie kasyna, ale bez weryfikacji konta. U\u017cytkownik wprowadza dane osobowe w specjalnym formularzu rejestracyjnym. U\u017cytkownik musi poda\u0107 numer telefonu i e-mail. Na Tw\u00f3j osobisty adres e-mail zostanie wys\u0142ana wiadomo\u015b\u0107 e-mail z linkiem do przej\u015bcia w celu potwierdzenia utworzenia nowego konta.<\/p>\n<h3>Czy istnieje darmowa gra na automatach?<\/h3>\n<p>Mo\u017cesz gra\u0107 na stronie kasyna online ca\u0142kowicie za darmo, ale w tym celu nie musisz przechodzi\u0107 prostej procedury rejestracji. Nie ma potrzeby do\u0142adowywania konta w grze. Oznacza to, \u017ce u\u017cytkownik nie powinien w og\u00f3le podejmowa\u0107 \u017cadnych zobowi\u0105za\u0144 wobec kasyna. Aby to zrobi\u0107, wystarczy wej\u015b\u0107 do wersji demo automat\u00f3w z kilkoma b\u0119bnami i liniami wygrywaj\u0105cymi, je\u015bli u\u017cytkownik nie mia\u0142 wcze\u015bniej do\u015bwiadczenia w graniu na prawdziwe pieni\u0105dze i gra\u0107 w gry hazardowe online.<\/p>\n","protected":false},"excerpt":{"rendered":"<p>Nowi u\u017cytkownicy i do\u015bwiadczeni gracze kasyna RocketPlay mog\u0105 otrzyma\u0107 bonus bez depozytu 2023 tylko za niekt\u00f3re dzia\u0142ania. Je\u015bli m\u00f3wimy o bonusie bez depozytu, to naprawd\u0119 \u015brodki depozytowe nie b\u0119d\u0105 potrzebne, aby otrzyma\u0107 ofert\u0119 bonusow\u0105. Inna sytuacja polega na aktywacji oferty bonusowej, dlatego nadal b\u0119dziesz musia\u0142 dokona\u0107 wp\u0142aty na konto do gry, ale w innym celu&#8230;.<\/p>\n","protected":false},"author":1,"featured_media":0,"parent":0,"menu_order":0,"comment_status":"closed","ping_status":"closed","template":"","meta":{"_acf_changed":false,"_kad_post_transparent":"default","_kad_post_title":"default","_kad_post_layout":"default","_kad_post_sidebar_id":"","_kad_post_content_style":"default","_kad_post_vertical_padding":"default","_kad_post_feature":"","_kad_post_feature_position":"","_kad_post_header":false,"_kad_post_footer":false,"footnotes":""},"class_list":["post-2141","page","type-page","status-publish","hentry"],"acf":[],"rttpg_featured_image_url":null,"rttpg_author":{"display_name":"Tom","author_link":"https:\/\/rocketplay-game.com\/pl\/author\/pemvas95n89x\/"},"rttpg_comment":0,"rttpg_category":null,"rttpg_excerpt":"Nowi u\u017cytkownicy i do\u015bwiadczeni gracze kasyna RocketPlay mog\u0105 otrzyma\u0107 bonus bez depozytu 2023 tylko za niekt\u00f3re dzia\u0142ania. Je\u015bli m\u00f3wimy o bonusie bez depozytu, to naprawd\u0119 \u015brodki depozytowe nie b\u0119d\u0105 potrzebne, aby otrzyma\u0107 ofert\u0119 bonusow\u0105. Inna sytuacja polega na aktywacji oferty bonusowej, dlatego nadal b\u0119dziesz musia\u0142 dokona\u0107 wp\u0142aty na konto do gry, ale w innym celu....","_links":{"self":[{"href":"https:\/\/rocketplay-game.com\/pl\/wp-json\/wp\/v2\/pages\/2141","targetHints":{"allow":["GET"]}}],"collection":[{"href":"https:\/\/rocketplay-game.com\/pl\/wp-json\/wp\/v2\/pages"}],"about":[{"href":"https:\/\/rocketplay-game.com\/pl\/wp-json\/wp\/v2\/types\/page"}],"author":[{"embeddable":true,"href":"https:\/\/rocketplay-game.com\/pl\/wp-json\/wp\/v2\/users\/1"}],"replies":[{"embeddable":true,"href":"https:\/\/rocketplay-game.com\/pl\/wp-json\/wp\/v2\/comments?post=2141"}],"version-history":[{"count":2,"href":"https:\/\/rocketplay-game.com\/pl\/wp-json\/wp\/v2\/pages\/2141\/revisions"}],"predecessor-version":[{"id":2143,"href":"https:\/\/rocketplay-game.com\/pl\/wp-json\/wp\/v2\/pages\/2141\/revisions\/2143"}],"wp:attachment":[{"href":"https:\/\/rocketplay-game.com\/pl\/wp-json\/wp\/v2\/media?parent=2141"}],"curies":[{"name":"wp","href":"https:\/\/api.w.org\/{rel}","templated":true}]}}