{"id":2145,"date":"2022-08-11T20:40:03","date_gmt":"2022-08-11T17:40:03","guid":{"rendered":"https:\/\/rocketplay-game.com\/free-spins\/"},"modified":"2022-10-29T12:02:25","modified_gmt":"2022-10-29T09:02:25","slug":"free-spins","status":"publish","type":"page","link":"https:\/\/rocketplay-game.com\/pl\/free-spins\/","title":{"rendered":"Skorzystaj z naszych darmowych obrot\u00f3w"},"content":{"rendered":"<p><img loading=\"lazy\" decoding=\"async\" class=\" wp-image-295 aligncenter\" src=\"https:\/\/rocketplay-game.com\/wp-content\/uploads\/2022\/08\/playamo-australia-review-why-should-you-play-on-playamo-casino-1-1-300x192.jpeg\" alt=\"free spins\" width=\"578\" height=\"370\" srcset=\"https:\/\/rocketplay-game.com\/wp-content\/uploads\/2022\/08\/playamo-australia-review-why-should-you-play-on-playamo-casino-1-1-300x192.jpeg 300w, https:\/\/rocketplay-game.com\/wp-content\/uploads\/2022\/08\/playamo-australia-review-why-should-you-play-on-playamo-casino-1-1-1024x656.jpeg 1024w, https:\/\/rocketplay-game.com\/wp-content\/uploads\/2022\/08\/playamo-australia-review-why-should-you-play-on-playamo-casino-1-1-768x492.jpeg 768w, https:\/\/rocketplay-game.com\/wp-content\/uploads\/2022\/08\/playamo-australia-review-why-should-you-play-on-playamo-casino-1-1-1536x983.jpeg 1536w, https:\/\/rocketplay-game.com\/wp-content\/uploads\/2022\/08\/playamo-australia-review-why-should-you-play-on-playamo-casino-1-1.jpeg 2048w\" sizes=\"auto, (max-width: 578px) 100vw, 578px\" \/><\/p>\n<p>Nowi u\u017cytkownicy darmowych spin\u00f3w w kasynie <a href=\"https:\/\/rocketplay-game.com\/pl\">RocketPlay<\/a> s\u0105 wspierani nie za dokonanie wp\u0142aty, ale tylko za przej\u015bcie przez procedur\u0119 <a href=\"https:\/\/rocketplay-game.com\/pl\/registration\/\">rejestracji<\/a> lub pobranie aplikacji mobilnej &#8211; i rozpocz\u0119cie gry na prawdziwe pieni\u0105dze. Do\u015b\u0107 cz\u0119sto mo\u017cna znale\u017a\u0107 du\u017c\u0105 list\u0119 bonus\u00f3w bez depozytu i depozyt\u00f3w na stronie kasyna online. Na stronie RocketPlay nie ma \u017cadnych bonus\u00f3w od depozytu, ale s\u0105 te\u017c bonusy bez depozytu. A bonus za pobranie aplikacji mobilnej i rejestracj\u0119 jest taki sam.<\/p>\n<p>Jednak nie tylko do rejestracji mo\u017cna uzyska\u0107. Stali u\u017cytkownicy strony kasyna online, stale graj\u0105cy w gry hazardowe online, kt\u00f3rzy s\u0105 w\u0142a\u015bcicielami tygodniowych i miesi\u0119cznych bonus\u00f3w. Te bonusy ponownie motywuj\u0105 u\u017cytkownik\u00f3w i wracaj\u0105 do witryny kasyna online po nowe wygrane. Ci u\u017cytkownicy, kt\u00f3rzy regularnie graj\u0105 w kasynie, mog\u0105 uzyska\u0107 nowy status gracza, taki jak status VIP. Wraz ze statusem VIP pojawi\u0142y si\u0119 nie tylko nowe obowi\u0105zki, ale tak\u017ce nowe, nie mniej przyjemne bonusy, opr\u00f3cz zwyk\u0142ych u\u017cytkownik\u00f3w kasyn online.<\/p>\n<h2>Jak zdoby\u0107 bonus darmowych spin\u00f3w?<\/h2>\n<p>Darmowe spiny RocketPlay s\u0105 dost\u0119pne do uko\u0144czenia standardowego procesu rejestracji. Je\u015bli chodzi o bonusy rejestracyjne, to naprawd\u0119 s\u0105 one bonusami rejestracyjnymi. Oznacza to, \u017ce po rejestracji u\u017cytkownicy mog\u0105 faktycznie gra\u0107 w automaty lub inne gry hazardowe online za darmo. Aby zdecydowa\u0107 si\u0119 na gr\u0119 na prawdziwe pieni\u0105dze, musisz najpierw zagra\u0107 z prawdziwymi bonusami, kt\u00f3re daje kasyno online.<\/p>\n<p>Co musz\u0119 zrobi\u0107, aby zako\u0144czy\u0107 proces rejestracji? Oczywi\u015bcie w formularzu rejestracyjnym konieczne jest podanie danych osobowych takich jak numer telefonu i adres e-mail. Na Tw\u00f3j osobisty adres e-mail zostanie wys\u0142any list z indywidualnym linkiem potwierdzaj\u0105cym procedur\u0119 rejestracji. Opr\u00f3cz rejestracji istnieje r\u00f3wnie\u017c procedura weryfikacji, kt\u00f3ra jest r\u00f3wnie\u017c prosta jak rejestracja, ale kasyno online wymaga przes\u0142ania kopii dokumentu potwierdzaj\u0105cego, \u017ce u\u017cytkownik jest prawdziw\u0105 osob\u0105, a nie botem itp.<\/p>\n<p>Chocia\u017c premi\u0119 mo\u017cna uzyska\u0107 poprzez prost\u0105 procedur\u0119 rejestracji, tak\u0105 jak premia 300%, zwana r\u00f3wnie\u017c premi\u0105 powitaln\u0105, mo\u017cliwe jest wp\u0142acenie kwoty 20 EUR na konto og\u00f3lne w celu jego aktywacji. Opr\u00f3cz bonusu 300% u\u017cytkownik otrzymuje 100 darmowych spin\u00f3w. Pami\u0119taj, aby zwr\u00f3ci\u0107 uwag\u0119 na to, \u017ce bonus powitalny mo\u017cna otrzyma\u0107 tylko raz i tylko przez niego. Bonusy r\u00f3\u017cni\u0105 si\u0119 nie tylko cechami ich aktywacji, ale tak\u017ce okresem wa\u017cno\u015bci.<\/p>\n<h2>Rodzaje darmowych spin\u00f3w<\/h2>\n<p>Darmowe spiny w kasynie RocketPlay to fajny bonus, chocia\u017c dzi\u0119ki takim bonusom mo\u017cesz gra\u0107 w automaty za darmo. Chocia\u017c wszystkie darmowe spiny to darmowe b\u0119bny w automatach, istniej\u0105 darmowe sposoby na ich zdobycie. R\u00f3\u017cni\u0105 si\u0119 one sposobami uzyskania darmowych spin\u00f3w. Wszystko jest dobre, proste i jasne.<\/p>\n<p>Wi\u0119c kto faktycznie otrzymuje bonusy w kasynie RocketPlay z darmowymi spinami?<\/p>\n<p>Mo\u017cesz otrzyma\u0107 bonusowe darmowe spiny za pobranie aplikacji mobilnej. Oznacza to, \u017ce u\u017cytkownicy aplikacji mobilnej kasyna online RocketPlay automatycznie pozostawiaj\u0105 w\u0142a\u015bcicielom przyjemny bonus za t\u0119 prost\u0105 czynno\u015b\u0107.<br \/>\nNowi u\u017cytkownicy, kt\u00f3rzy uko\u0144czyli procedur\u0119 rejestracji, automatycznie pozostaj\u0105 w\u0142a\u015bcicielami bonusu powitalnego z dodatkowymi 100 darmowymi spinami. Damy im sto darmowych spin\u00f3w za rejestracj\u0119 na stronie kasyna online!<br \/>\nNowi u\u017cytkownicy i regularni gracze RocketPlay Casino Darmowe spiny bez depozytu mog\u0105 zarobi\u0107 nie tylko na akcj\u0119, ale tak\u017ce na regularnej grze w kasynie online. Na stronie nie ma bonus\u00f3w od depozytu, a darmowe spiny s\u0105 jednym z takich bonus\u00f3w.<\/p>\n<p>Tak wi\u0119c darmowe spiny mog\u0105 by\u0107 jednorazowe, regularne i indywidualne. Jest to dobry hipotetyczny podzia\u0142 darmowych spin\u00f3w, aby zobaczy\u0107, \u017ce istnieje kilka sposob\u00f3w na zdobycie ich w witrynie kasyna online jako u\u017cytkownik RocketPlay.<\/p>\n<p><img loading=\"lazy\" decoding=\"async\" class=\" wp-image-296 aligncenter\" src=\"https:\/\/rocketplay-game.com\/wp-content\/uploads\/2022\/08\/freespin2-300x145.png\" alt=\"rocketplay freespin\" width=\"569\" height=\"275\" srcset=\"https:\/\/rocketplay-game.com\/wp-content\/uploads\/2022\/08\/freespin2-300x145.png 300w, https:\/\/rocketplay-game.com\/wp-content\/uploads\/2022\/08\/freespin2.png 516w\" sizes=\"auto, (max-width: 569px) 100vw, 569px\" \/><\/p>\n<h2>FAQ<\/h2>\n<h3>Czy darmowe spiny w kasynie RocketPlay s\u0105 indywidualne czy standardowe dla wszystkich nowych u\u017cytkownik\u00f3w i zwyk\u0142ych graczy?<\/h3>\n<p>Na stronie kasyna dost\u0119pnych jest wiele rodzaj\u00f3w bonus\u00f3w, w tym darmowe spiny. Te darmowe spiny mo\u017cna wykorzysta\u0107 do grania w darmowe gry hazardowe online. Chocia\u017c wi\u0119kszo\u015b\u0107 z tych bonus\u00f3w jest standardowa i mo\u017ce je otrzyma\u0107 ka\u017cdy zarejestrowany u\u017cytkownik, jest te\u017c taka, kt\u00f3ra b\u0119dzie obliczana indywidualnie dla indywidualnego osi\u0105gni\u0119cia w grze. Wszyscy zarejestrowani u\u017cytkownicy mog\u0105 zosta\u0107 w\u0142a\u015bcicielami zar\u00f3wno indywidualnego, jak i standardowego bonusu w postaci darmowych spin\u00f3w.<\/p>\n<h3>Kiedy mo\u017cesz otrzyma\u0107 100 darmowych spin\u00f3w za rejestracj\u0119?<\/h3>\n<p>Taka premia naliczana jest w formie premii powitalnej. Tylko nowi u\u017cytkownicy kasyna mog\u0105 zosta\u0107 w\u0142a\u015bcicielami takiego bonusu. Dodatkowo takie bonusy mo\u017cna otrzyma\u0107 tylko raz, dlatego lepiej w pe\u0142ni z nich skorzysta\u0107. Opr\u00f3cz wszystkich nowych darmowych spin\u00f3w do przyjemnej gry na automatach, gracz automatycznie staje si\u0119 w\u0142a\u015bcicielem 300% bonusu. Aby go aktywowa\u0107, wymagany jest depozyt. Kwota do wp\u0142aty na konto og\u00f3lne wynosi 20 PLN. Chocia\u017c bonus nie jest depozytem, \u200b\u200bu\u017cytkownik potrzebuje prawdziwych pieni\u0119dzy, aby dalej awansowa\u0107 w grze na prawdziwe pieni\u0105dze.<\/p>\n<h3>Bonus za rejestracj\u0119 i pobranie aplikacji mobilnej &#8211; czy s\u0105 to r\u00f3\u017cne bonusy?<\/h3>\n<p>Oczywi\u015bcie s\u0105 to dwa r\u00f3\u017cne bonusy. W ko\u0144cu u\u017cytkownicy, kt\u00f3rzy maj\u0105 konto osobiste na stronie kasyna online, mog\u0105 pobra\u0107 aplikacj\u0119 mobiln\u0105 &#8211; i otrzyma\u0107 premi\u0119 za pobranie. U\u017cytkownicy, kt\u00f3rzy nie przeszli jeszcze procesu rejestracji, mog\u0105 pobra\u0107 aplikacj\u0119 mobiln\u0105. Dlatego po pobraniu aplikacji mog\u0105 r\u00f3wnie\u017c otrzyma\u0107 bonus powitalny w wysoko\u015bci 300% za rejestracj\u0119. Nie przegap okazji, aby dobrze si\u0119 bawi\u0107 graj\u0105c w gry hazardowe online na prawdziwe pieni\u0105dze!<\/p>\n","protected":false},"excerpt":{"rendered":"<p>Nowi u\u017cytkownicy darmowych spin\u00f3w w kasynie RocketPlay s\u0105 wspierani nie za dokonanie wp\u0142aty, ale tylko za przej\u015bcie przez procedur\u0119 rejestracji lub pobranie aplikacji mobilnej &#8211; i rozpocz\u0119cie gry na prawdziwe pieni\u0105dze. Do\u015b\u0107 cz\u0119sto mo\u017cna znale\u017a\u0107 du\u017c\u0105 list\u0119 bonus\u00f3w bez depozytu i depozyt\u00f3w na stronie kasyna online. Na stronie RocketPlay nie ma \u017cadnych bonus\u00f3w od depozytu,&#8230;<\/p>\n","protected":false},"author":1,"featured_media":0,"parent":0,"menu_order":0,"comment_status":"closed","ping_status":"closed","template":"","meta":{"_acf_changed":false,"_kad_post_transparent":"default","_kad_post_title":"default","_kad_post_layout":"default","_kad_post_sidebar_id":"","_kad_post_content_style":"default","_kad_post_vertical_padding":"default","_kad_post_feature":"","_kad_post_feature_position":"","_kad_post_header":false,"_kad_post_footer":false,"footnotes":""},"class_list":["post-2145","page","type-page","status-publish","hentry"],"acf":[],"rttpg_featured_image_url":null,"rttpg_author":{"display_name":"Tom","author_link":"https:\/\/rocketplay-game.com\/pl\/author\/pemvas95n89x\/"},"rttpg_comment":0,"rttpg_category":null,"rttpg_excerpt":"Nowi u\u017cytkownicy darmowych spin\u00f3w w kasynie RocketPlay s\u0105 wspierani nie za dokonanie wp\u0142aty, ale tylko za przej\u015bcie przez procedur\u0119 rejestracji lub pobranie aplikacji mobilnej &#8211; i rozpocz\u0119cie gry na prawdziwe pieni\u0105dze. Do\u015b\u0107 cz\u0119sto mo\u017cna znale\u017a\u0107 du\u017c\u0105 list\u0119 bonus\u00f3w bez depozytu i depozyt\u00f3w na stronie kasyna online. Na stronie RocketPlay nie ma \u017cadnych bonus\u00f3w od depozytu,...","_links":{"self":[{"href":"https:\/\/rocketplay-game.com\/pl\/wp-json\/wp\/v2\/pages\/2145","targetHints":{"allow":["GET"]}}],"collection":[{"href":"https:\/\/rocketplay-game.com\/pl\/wp-json\/wp\/v2\/pages"}],"about":[{"href":"https:\/\/rocketplay-game.com\/pl\/wp-json\/wp\/v2\/types\/page"}],"author":[{"embeddable":true,"href":"https:\/\/rocketplay-game.com\/pl\/wp-json\/wp\/v2\/users\/1"}],"replies":[{"embeddable":true,"href":"https:\/\/rocketplay-game.com\/pl\/wp-json\/wp\/v2\/comments?post=2145"}],"version-history":[{"count":2,"href":"https:\/\/rocketplay-game.com\/pl\/wp-json\/wp\/v2\/pages\/2145\/revisions"}],"predecessor-version":[{"id":2150,"href":"https:\/\/rocketplay-game.com\/pl\/wp-json\/wp\/v2\/pages\/2145\/revisions\/2150"}],"wp:attachment":[{"href":"https:\/\/rocketplay-game.com\/pl\/wp-json\/wp\/v2\/media?parent=2145"}],"curies":[{"name":"wp","href":"https:\/\/api.w.org\/{rel}","templated":true}]}}