{"id":2153,"date":"2022-05-15T16:51:32","date_gmt":"2022-05-15T13:51:32","guid":{"rendered":"https:\/\/rocketplay-game.com\/vip\/"},"modified":"2025-11-25T20:46:38","modified_gmt":"2025-11-25T17:46:38","slug":"vip","status":"publish","type":"page","link":"https:\/\/rocketplay-game.com\/pl\/vip\/","title":{"rendered":"Program VIP w RocketPlay"},"content":{"rendered":"<div id=\"wppb-builder-container\" class=\"wppb-builder-container\">                <div  class=\"wppb-row-parent  wppb-row-1651149714946 \"  >\n\t\t\t\t\t\n\t\t\t\t\t\t\t\t\t\t\n\t\t\t\t\t\t\t\t\t\t\n\t\t\t\t\t<div class=\"wppb-container \">\n\t\t\t\t\t\t\t\t\t\t\t\t\t\n                        <div class=\"wppb-row\">\n\t\t\t\t\t\t\t                                    <div  class=\"wppb-column-parent wppb-column-parent-view wppb-col-1651149714949  \"  >\n                                        <div class=\"wppb-column\">\n\t\t\t\t\t\n\t\t\t\t\t\t\t\t\t\t\t\n                                            <div class=\"wppb-builder-addons\">\n\t\t\t\t\t\t\t\t\t\t\t\t<div class='wppb-builder-addon wppb-addon-1651150162258'  data-addon-id='1651150162258'><div class='wppb-addon'><div class=\"wppb-headline-addon\"><div class=\"wppb-headline-content\"><h1 class=\"wppb-addon-title\">Kasyno programu VIP RocketPlay<\/h1><\/div><\/div><\/div><\/div><div class='wppb-builder-addon wppb-addon-1651150171497'  data-addon-id='1651150171497'><div class='wppb-addon'><div class=\"wppb-text-block-addon\"><div class=\"wppb-text-block-content 0\"><p>W trudnych czasach, przed kt\u00f3rymi stoi \u015bwiat, jaki znamy, dla firm wa\u017cniejsze ni\u017c kiedykolwiek jest stworzenie \u015brodowiska dla swoich klient\u00f3w, kt\u00f3re sprawi, \u017ce poczuj\u0105 si\u0119 wa\u017cni i docenieni. Zazwyczaj kasyna online robi\u0105 to za po\u015brednictwem dedykowanych program\u00f3w dla graczy, kt\u00f3re obejmuj\u0105 wirtualne wydarzenia, loterie online i wiele innych kasynowych promocji i <a href=\"https:\/\/rocketplay-game.com\/pl\/bonus\/\">bonus\u00f3w<\/a>. Jedn\u0105 z tych ofert jest program VIP kasyna Rocket Play.<\/p><p>Dla wielu ta oferta jest czym\u015b, o czym ka\u017cdy s\u0142ysza\u0142, ale nigdy nie pr\u00f3bowa\u0142. Je\u015bli jeste\u015b prawdziwym fanem kasyn online, mo\u017cesz otrzyma\u0107 indywidualne nagrody. Program VIP Rocket Play w kasynie online daje wiele korzy\u015bci i prezent\u00f3w.<\/p><\/div><\/div><\/div><\/div><div class='wppb-builder-addon wppb-addon-1651149715158'  data-addon-id='1651149715158'><div class='wppb-addon'><div class=\"wppb-addon wppb-button-addon\"><div class=\"wppb-button-addon-content\"><a  href=\"\/go-casino\/\" target=_blank class=\"wppb-btn-addons  wppb-btn-custom wppb-btn-round wppb-btn-large wppb-btn-no\">ZAGRAJ TERAZ<\/a><\/div><\/div><\/div><\/div>                                            <\/div>\n                                        <\/div>\n                                    <\/div>\n\t\t\t\t\t\t\t\t\t                                    <div  class=\"wppb-column-parent wppb-column-parent-view wppb-col-1664789794734  \"  >\n                                        <div class=\"wppb-column\">\n\t\t\t\t\t\n\t\t\t\t\t\t\t\t\t\t\t\n                                            <div class=\"wppb-builder-addons\">\n\t\t\t\t\t\t\t\t\t\t\t\t<div class='wppb-builder-addon wppb-addon-1664791287457'  data-addon-id='1664791287457'><div class='wppb-addon'><div class=\"wppb-image-addon\"><figure class=\"wppb-image-addon-content-wrap\"><div class=\"wppb-image-addon-content wppb-imginlineblock\"><img decoding=\"async\" class=\"wppb-image-addon-img\" src=\"https:\/\/rocketplay-game.com\/wp-content\/uploads\/2022\/10\/rocketplay-vip.png\" alt=\"\"><\/div><\/figure><\/div><\/div><\/div>                                            <\/div>\n                                        <\/div>\n                                    <\/div>\n\t\t\t\t\t\t\t\t\t                        <\/div>\n\n                    <\/div>\n                <\/div>\n\t\t\t\t                <div  class=\"wppb-row-parent  wppb-row-1652449332574 \"  >\n\t\t\t\t\t\n\t\t\t\t\t\t\t\t\t\t\n\t\t\t\t\t\t\t\t\t\t\n\t\t\t\t\t<div class=\"wppb-container \">\n\t\t\t\t\t\t\t\t\t\t\t\t\t\n                        <div class=\"wppb-row\">\n\t\t\t\t\t\t\t                                    <div  class=\"wppb-column-parent wppb-column-parent-view wppb-col-1652449332575  \"  >\n                                        <div class=\"wppb-column\">\n\t\t\t\t\t\n\t\t\t\t\t\t\t\t\t\t\t\n                                            <div class=\"wppb-builder-addons\">\n\t\t\t\t\t\t\t\t\t\t\t\t<div class='wppb-builder-addon wppb-addon-1652449332580'  data-addon-id='1652449332580'><div class='wppb-addon'><div class=\"wppb-feature-box-addon\"><div class=\"wppb-feature-box-content\"><div class=\"wppb-feature-box-icon\"><i class=\"fas fa-gem\"><\/i><\/div><h3 class=\"wppb-feature-box-title\">U\u017cyj wersji demo<\/h3><div class=\"wppb-feature-box-intro\">Gra w trybie demo jest idealna dla niedo\u015bwiadczonych graczy, poniewa\u017c pozwala pozna\u0107 zasady gry i uchwyci\u0107 istot\u0119 hazardu bez zb\u0119dnego ryzyka finansowego. Gdy zdob\u0119dziesz niezb\u0119dn\u0105 wiedz\u0119, graj za darmo i przejd\u017a do trybu p\u0142atnego, aby wspi\u0105\u0107 si\u0119 po drabinie VIP w swoim kasynie online.<\/div><\/div><\/div><\/div><\/div><div class='wppb-builder-addon wppb-addon-1652449333084'  data-addon-id='1652449333084'><div class='wppb-addon'><div class=\"wppb-feature-box-addon\"><div class=\"wppb-feature-box-content\"><div class=\"wppb-feature-box-icon\"><i class=\"fas fa-gem\"><\/i><\/div><h3 class=\"wppb-feature-box-title\">Improve your skills<\/h3><div class=\"wppb-feature-box-intro\">Only professional players can climb up and get higher levels in the loyalty program. Therefore, it is important to work on your gambling skills every day, improving them. For this purpose it is necessary to run online casino slots, live games, TV games, card and table machines.<\/div><\/div><\/div><\/div><\/div><div class='wppb-builder-addon wppb-addon-1652449333106'  data-addon-id='1652449333106'><div class='wppb-addon'><div class=\"wppb-feature-box-addon\"><div class=\"wppb-feature-box-content\"><div class=\"feature-box-left\"><div class=\"feature-box-left-media\"><div class=\"wppb-feature-box-icon\"><i class=\"fas fa-gem\"><\/i><\/div><\/div><div class=\"feature-box-left-body\"><h3 class=\"wppb-feature-box-title\">Przeczytaj o nowych promocjach programu VIP<\/h3><div class=\"wppb-feature-box-intro\">Wiele nowoczesnych kasyn online ma blogi i strony w sieciach spo\u0142eczno\u015bciowych, na kt\u00f3rych mo\u017cna znale\u017a\u0107 obszern\u0105 list\u0119 informacji o nowym kasynie VIP RocketPlay bez depozytu oraz zasadach uczestnictwa w programie VIP. Czytaj cz\u0119\u015bciej wiadomo\u015bci o klubie hazardowym, aby\u015b m\u00f3g\u0142 awansowa\u0107 w programie VIP i uzyska\u0107 dost\u0119p do jeszcze wi\u0119kszej liczby bonus\u00f3w.<\/div><\/div><\/div><\/div><\/div><\/div><\/div>                                            <\/div>\n                                        <\/div>\n                                    <\/div>\n\t\t\t\t\t\t\t\t\t                                    <div  class=\"wppb-column-parent wppb-column-parent-view wppb-col-1652449333126  \"  >\n                                        <div class=\"wppb-column\">\n\t\t\t\t\t\n\t\t\t\t\t\t\t\t\t\t\t\n                                            <div class=\"wppb-builder-addons\">\n\t\t\t\t\t\t\t\t\t\t\t\t<div class='wppb-builder-addon wppb-addon-1652449333069'  data-addon-id='1652449333069'><div class='wppb-addon'><div class=\"wppb-feature-box-addon\"><div class=\"wppb-feature-box-content\"><div class=\"wppb-feature-box-icon\"><i class=\"fas fa-gem\"><\/i><\/div><h3 class=\"wppb-feature-box-title\">Graj na prawdziwe pieni\u0105dze<\/h3><div class=\"wppb-feature-box-intro\">W przeciwie\u0144stwie do trybu demo, tylko gra na prawdziwe pieni\u0105dze pozwoli Ci awansowa\u0107 w programie lojalno\u015bciowym i otrzymywa\u0107 prawdziwe wygrane pieni\u0119\u017cne. Wszystko, co musisz zrobi\u0107, to zarejestrowa\u0107 si\u0119 i wp\u0142aci\u0107 dowoln\u0105 z dost\u0119pnych metod.<\/div><\/div><\/div><\/div><\/div><div class='wppb-builder-addon wppb-addon-1652449333095'  data-addon-id='1652449333095'><div class='wppb-addon'><div class=\"wppb-feature-box-addon\"><div class=\"wppb-feature-box-content\"><div class=\"wppb-feature-box-icon\"><i class=\"fas fa-gem\"><\/i><\/div><h3 class=\"wppb-feature-box-title\">Use the new slot machines<\/h3><div class=\"wppb-feature-box-intro\">Novelty gambling industry have more bonuses and special effects, and therefore are more interesting to gamblers. Top slot machine developers such as Microgaming, Igrosoft, NetEnt working daily to create high-quality gaming software. For a quality game recommend to choose only safe licensed online casinos that carefully protect personal data users.<\/div><\/div><\/div><\/div><\/div><div class='wppb-builder-addon wppb-addon-1652449333117'  data-addon-id='1652449333117'><div class='wppb-addon'><div class=\"wppb-feature-box-addon\"><div class=\"wppb-feature-box-content\"><div class=\"wppb-feature-box-icon\"><i class=\"fas fa-gem\"><\/i><\/div><h3 class=\"wppb-feature-box-title\">D\u0105\u017c do wy\u017cszego statusu<\/h3><div class=\"wppb-feature-box-intro\">Wewn\u0119trzna motywacja do awansu w programie VIP b\u0119dzie dla Ciebie \u015bwietn\u0105 odskoczni\u0105 do uzyskania dost\u0119pu do wi\u0119kszej liczby promocji. Uwa\u017cnie przestudiuj zasady swojego klubu hazardowego, aby jak najszybciej dosta\u0107 si\u0119 na wysok\u0105 pozycj\u0119. Przestrzegaj\u0105c tych prostych zasad, mo\u017cesz \u0142atwo nie tylko zosta\u0107 cz\u0142onkiem programu lojalno\u015bciowego, ale tak\u017ce zaj\u0105\u0107 w nim najwy\u017csze pozycje.<\/div><\/div><\/div><\/div><\/div>                                            <\/div>\n                                        <\/div>\n                                    <\/div>\n\t\t\t\t\t\t\t\t\t                        <\/div>\n\n                    <\/div>\n                <\/div>\n\t\t\t\t                <div  class=\"wppb-row-parent  wppb-row-1652622719306 \"  >\n\t\t\t\t\t\n\t\t\t\t\t\t\t\t\t\t\n\t\t\t\t\t\t\t\t\t\t\n\t\t\t\t\t<div class=\"wppb-container \">\n\t\t\t\t\t\t\t\t\t\t\t\t\t\n                        <div class=\"wppb-row\">\n\t\t\t\t\t\t\t                                    <div  class=\"wppb-column-parent wppb-column-parent-view wppb-col-1652622719307  \"  >\n                                        <div class=\"wppb-column\">\n\t\t\t\t\t\n\t\t\t\t\t\t\t\t\t\t\t\n                                            <div class=\"wppb-builder-addons\">\n\t\t\t\t\t\t\t\t\t\t\t\t<div class='wppb-builder-addon wppb-addon-1652622719309'  data-addon-id='1652622719309'><div class='wppb-addon'><div class=\"wppb-text-block-addon\"><div class=\"wppb-text-block-content 0\"><h2>Zalety zostania VIP-em<\/h2><p>Program VIP kasyna Rocket Play Australia dzia\u0142a w taki spos\u00f3b, \u017ce instytucja daje u\u017cytkownikom bonus, dodatkowe rundy i wiele wi\u0119cej. Firmy, kt\u00f3re opracowuj\u0105 programy VIP dla swoich klient\u00f3w, maj\u0105 w\u0142asne kryteria, wed\u0142ug kt\u00f3rych gracz otrzymuje status VIP. Najcz\u0119\u015bciej opieraj\u0105 si\u0119 na systemie punktowym i regularnych lokatach w postaci cztero- lub pi\u0119ciocyfrowej. Zacznij obstawia\u0107 regularnie, zbieraj punkty gry, a mened\u017cer kasyna skontaktuje si\u0119 z Tob\u0105, aby zaprosi\u0107 Ci\u0119 do programu VIP.<\/p><p>Trudno znale\u017a\u0107 osob\u0119, kt\u00f3ra przychodzi do kasyna, aby przegra\u0107. Nawet je\u015bli powodem p\u00f3j\u015bcia do zak\u0142adu hazardowego jest po prostu dobra zabawa, cel, do kt\u00f3rego d\u0105\u017c\u0105 wszyscy gracze, jest tylko jeden \u2013 wygra\u0107. Niestety nie da si\u0119 zawsze wygrywa\u0107; w przeciwnym razie kasyna by\u0142yby zamkni\u0119te, je\u015bli nie codziennie, to co drugi dzie\u0144. Przegrana jest cz\u0119\u015bci\u0105 procesu gry, kt\u00f3r\u0105 nale\u017cy traktowa\u0107 w\u0142a\u015bciwie, zw\u0142aszcza bior\u0105c pod uwag\u0119 fakt, \u017ce kasyna zapewni\u0142y w tym przypadku doskona\u0142y bonus \u0142agodz\u0105cy - cashback.<\/p><p>W przeciwie\u0144stwie do innych bonus\u00f3w, kt\u00f3re s\u0105 przewidziane za rejestracj\u0119 lub kody promocyjne, ten bonus ma charakter kumulacyjny. To naprawd\u0119 fajny bonus, pokazuj\u0105cy, \u017ce kasyno stara si\u0119 z\u0142agodzi\u0107 ewentualny negatywny efekt przegranej. Jedyn\u0105 rzecz\u0105, o kt\u00f3rej musisz pami\u0119ta\u0107, aby si\u0119 nie zawie\u015b\u0107, jest zapoznanie si\u0119 z warunkami otrzymania tego bonusu na stronie kasyna.<\/p><\/div><\/div><\/div><\/div>                                            <\/div>\n                                        <\/div>\n                                    <\/div>\n\t\t\t\t\t\t\t\t\t                        <\/div>\n\n                    <\/div>\n                <\/div>\n\t\t\t\t                <div  class=\"wppb-row-parent  wppb-row-1664789794779 \"  >\n\t\t\t\t\t\n\t\t\t\t\t\t\t\t\t\t\n\t\t\t\t\t\t\t\t\t\t\n\t\t\t\t\t<div class=\"wppb-container \">\n\t\t\t\t\t\t\t\t\t\t\t\t\t\n                        <div class=\"wppb-row\">\n\t\t\t\t\t\t\t                                    <div  class=\"wppb-column-parent wppb-column-parent-view wppb-col-1664789794780  \"  >\n                                        <div class=\"wppb-column\">\n\t\t\t\t\t\n\t\t\t\t\t\t\t\t\t\t\t\n                                            <div class=\"wppb-builder-addons\">\n\t\t\t\t\t\t\t\t\t\t\t\t<div class='wppb-builder-addon wppb-addon-1664789794781'  data-addon-id='1664789794781'><div class='wppb-addon'><div class=\"wppb-headline-addon\"><div class=\"wppb-headline-content\"><h2 class=\"wppb-addon-title\">Cz\u0119sto zadawane pytania<\/h2><\/div><\/div><\/div><\/div><div class='wppb-builder-addon wppb-addon-1664789794782'  data-addon-id='1664789794782'><div class='wppb-addon'><div class=\"wppb-text-block-addon\"><div class=\"wppb-text-block-content 0\"><p>Oto najpopularniejsze pytania dotycz\u0105ce kasyna programu VIP<\/p><\/div><\/div><\/div><\/div><div class='wppb-builder-addon wppb-addon-1664789794783'  data-addon-id='1664789794783'><div class='wppb-addon'><div class=\"wppb-accordion-addon\"><div class=\"wppb-accordion-addon-content\"><div class=\"wppb-accordion-items\"><div class=\"wppb-accordion-item repeater-0\"><div class=\"wppb-accordion-title wppb-toggle-right \"><h3 class=\"wppb-accordion-title-content\" style=\"font-size:16px; font-weight:600;\">Jak zosta\u0107 cz\u0142onkiem oferty specjalnej?<\/h3<span class=\"wppb-toggle-direction wppb-toggle-right\"><i class=\"fas fas fa-plus\"><\/i><\/span><\/div><div class=\"wppb-panel-collapse\" style=\"display: none;\"><div class=\"wppb-accordion-content\"><p>W zale\u017cno\u015bci od poziomu klient kasyna otrzymuje prezenty. Na przyk\u0142ad odwrotno\u015b\u0107 funduszy. Jest na to specjalna oferta - najlepszy program VIP w kasynie Rocket Play. Ka\u017cdy zarejestrowany cz\u0142onek otrzymuje warto\u015b\u0107 \u017celaza. W sumie jest ich dziesi\u0119\u0107. To nowy poziom. Z ka\u017cdym z nich rozdawane s\u0105 kolejne prezenty.<\/p><\/div><\/div><\/div><div class=\"wppb-accordion-item repeater-1\"><div class=\"wppb-accordion-title wppb-toggle-right \"><h3 class=\"wppb-accordion-title-content\" style=\"font-size:16px; font-weight:600;\">Jakie s\u0105 oferty dla ka\u017cdego poziomu?<\/h3<span class=\"wppb-toggle-direction wppb-toggle-right\"><i class=\"fas fas fa-plus\"><\/i><\/span><\/div><div class=\"wppb-panel-collapse\" style=\"display: none;\"><div class=\"wppb-accordion-content\"><p>Drugi to 10 dodatkowych rund. Trzeciego - 15, w poniedzia\u0142ek odwrotno\u015b\u0107 wynosi 3 procent (x5). 4 - 50 rund, w poniedzia\u0142ek rewers - 5 procent (x5). 5 \u2013 75 rund, rewers \u2013 7 procent (x5). 6 \u2013 150 rund, w poniedzia\u0142ek rewers \u2013 9 procent (x5). 7. - 300 rund, rewers - 10 procent (x5). 8. - odwrotny 12 procent, bez depozytu - 2300. 9. rewers -13 procent (x5), bez depozytu - 9000. Najwy\u017csza - rewers - 15 proc., bez depozytu 22,5 tys. z\u0142<\/p><\/div><\/div><\/div><div class=\"wppb-accordion-item repeater-2\"><div class=\"wppb-accordion-title wppb-toggle-right \"><h3 class=\"wppb-accordion-title-content\" style=\"font-size:16px; font-weight:600;\">Jakie s\u0105 zasady odbioru?<\/h3<span class=\"wppb-toggle-direction wppb-toggle-right\"><i class=\"fas fas fa-plus\"><\/i><\/span><\/div><div class=\"wppb-panel-collapse\" style=\"display: none;\"><div class=\"wppb-accordion-content\"><p>Rundy s\u0105 wydawane tylko w niekt\u00f3rych maszynach. Na aktywacj\u0119 przewidziano pi\u0119\u0107 dni. Zak\u0142ad x20. Ka\u017cdy postawiony zak\u0142ad daje klientowi punkty. To oni pomagaj\u0105 osi\u0105gn\u0105\u0107 poziomy.<\/p><\/div><\/div><\/div><\/div><\/div><\/div><\/div><\/div>                                            <\/div>\n                                        <\/div>\n                                    <\/div>\n\t\t\t\t\t\t\t\t\t                        <\/div>\n\n                    <\/div>\n                <\/div>\n\t\t\t\t<\/div>","protected":false},"excerpt":{"rendered":"<p>Kasyno programu VIP RocketPlayW trudnych czasach, przed kt\u00f3rymi stoi \u015bwiat, jaki znamy, dla firm wa\u017cniejsze ni\u017c kiedykolwiek jest stworzenie \u015brodowiska dla swoich klient\u00f3w, kt\u00f3re sprawi, \u017ce poczuj\u0105 si\u0119 wa\u017cni i docenieni. Zazwyczaj kasyna online robi\u0105 to za po\u015brednictwem dedykowanych program\u00f3w dla graczy, kt\u00f3re obejmuj\u0105 wirtualne wydarzenia, loterie online i wiele innych kasynowych promocji i bonus\u00f3w&#8230;.<\/p>\n","protected":false},"author":1,"featured_media":0,"parent":0,"menu_order":0,"comment_status":"closed","ping_status":"closed","template":"","meta":{"_acf_changed":false,"_kad_post_transparent":"default","_kad_post_title":"default","_kad_post_layout":"default","_kad_post_sidebar_id":"","_kad_post_content_style":"default","_kad_post_vertical_padding":"default","_kad_post_feature":"","_kad_post_feature_position":"","_kad_post_header":false,"_kad_post_footer":false,"footnotes":""},"class_list":["post-2153","page","type-page","status-publish","hentry"],"acf":[],"rttpg_featured_image_url":null,"rttpg_author":{"display_name":"Tom","author_link":"https:\/\/rocketplay-game.com\/pl\/author\/pemvas95n89x\/"},"rttpg_comment":0,"rttpg_category":null,"rttpg_excerpt":"Kasyno programu VIP RocketPlayW trudnych czasach, przed kt\u00f3rymi stoi \u015bwiat, jaki znamy, dla firm wa\u017cniejsze ni\u017c kiedykolwiek jest stworzenie \u015brodowiska dla swoich klient\u00f3w, kt\u00f3re sprawi, \u017ce poczuj\u0105 si\u0119 wa\u017cni i docenieni. Zazwyczaj kasyna online robi\u0105 to za po\u015brednictwem dedykowanych program\u00f3w dla graczy, kt\u00f3re obejmuj\u0105 wirtualne wydarzenia, loterie online i wiele innych kasynowych promocji i bonus\u00f3w....","_links":{"self":[{"href":"https:\/\/rocketplay-game.com\/pl\/wp-json\/wp\/v2\/pages\/2153","targetHints":{"allow":["GET"]}}],"collection":[{"href":"https:\/\/rocketplay-game.com\/pl\/wp-json\/wp\/v2\/pages"}],"about":[{"href":"https:\/\/rocketplay-game.com\/pl\/wp-json\/wp\/v2\/types\/page"}],"author":[{"embeddable":true,"href":"https:\/\/rocketplay-game.com\/pl\/wp-json\/wp\/v2\/users\/1"}],"replies":[{"embeddable":true,"href":"https:\/\/rocketplay-game.com\/pl\/wp-json\/wp\/v2\/comments?post=2153"}],"version-history":[{"count":2,"href":"https:\/\/rocketplay-game.com\/pl\/wp-json\/wp\/v2\/pages\/2153\/revisions"}],"predecessor-version":[{"id":2158,"href":"https:\/\/rocketplay-game.com\/pl\/wp-json\/wp\/v2\/pages\/2153\/revisions\/2158"}],"wp:attachment":[{"href":"https:\/\/rocketplay-game.com\/pl\/wp-json\/wp\/v2\/media?parent=2153"}],"curies":[{"name":"wp","href":"https:\/\/api.w.org\/{rel}","templated":true}]}}