{"id":2161,"date":"2022-08-11T21:03:08","date_gmt":"2022-08-11T18:03:08","guid":{"rendered":"https:\/\/rocketplay-game.com\/welcome-offer\/"},"modified":"2022-10-29T12:24:29","modified_gmt":"2022-10-29T09:24:29","slug":"welcome-offer","status":"publish","type":"page","link":"https:\/\/rocketplay-game.com\/pl\/welcome-offer\/","title":{"rendered":"Co to jest oferta powitalna?"},"content":{"rendered":"<p>Najlepsza oferta powitalna kasyna <a href=\"https:\/\/rocketplay-game.com\/pl\">Rocket Play<\/a> to \u015bwietna perspektywa dla potencjalnych graczy, aby uzupe\u0142ni\u0107 sw\u00f3j depozyt, ale tak\u017ce uzyska\u0107 solidn\u0105 poda\u017c dodatkowych okres\u00f3w! \u017baden uczestnik rozgrywki nie przegapi\u0142by okazji do zgarni\u0119cia kilku dodatkowych spin\u00f3w w celu przed\u0142u\u017cenia przebiegu pojedynku w nadziei na otrzymanie rundy nagrody i upragnionego zysku.<\/p>\n<p>Praktycy internetowych zak\u0142ad\u00f3w hazardowych to temperamentni i gorliwi zwolennicy konkurs\u00f3w, kt\u00f3rzy z pasj\u0105 sp\u0119dzaj\u0105 wolny czas i chc\u0105 podnie\u015b\u0107 dobry wynik. Oferta powitalna Casino Rocket Play daje taki prezent: 100% + sto preferencyjnych obrot\u00f3w to \u015bwietny pocz\u0105tek. Dokonaj wp\u0142aty w wysoko\u015bci trzydziestu PLN i odbierz promocj\u0119. Wymogi motywacyjne:<\/p>\n<ul>\n<li>Wpisowe musi wynosi\u0107 co najmniej trzydzie\u015bci dolar\u00f3w, a Ty s\u0142usznie zas\u0142ugujesz na 100% nagrod\u0119.<\/li>\n<li>Sto preferencyjnych obrot\u00f3w na starcie jest wliczonych w konfiguracj\u0119 dwudziestu dziennych obrot\u00f3w w ci\u0105gu pi\u0119ciu dni.<\/li>\n<li>Marginalna nagroda to 300 PLN.<\/li>\n<li>Maksymalna kwota obecnego zak\u0142adu to 7,50PLN.<\/li>\n<li>Mno\u017cnik x40.<\/li>\n<\/ul>\n<p>Zysk w wysoko\u015bci trzech tysi\u0119cy prowadzi do ko\u0144ca gry. Obroty preferencyjne na starcie s\u0105 dodawane w zestawie na pi\u0119\u0107 dni, dwadzie\u015bcia na jeden \u2013 w sumie jest ich sto.<\/p>\n<p>Pierwsze dwadzie\u015bcia promocji bez inwestycji jest prezentowanych z udan\u0105 wp\u0142at\u0105 \u015brodk\u00f3w. Obr\u00f3t nast\u0119pnego dnia jest dost\u0119pny dok\u0142adnie w ci\u0105gu jednego dnia, pod warunkiem spe\u0142nienia warunku zemsty x1. Proces ten jest roz\u0142o\u017cony na cztery dni. Mo\u017cliwe jest skorzystanie z bonus\u00f3w powitalnych Rocket Play w kasynie online w ci\u0105gu pi\u0119ciu dni. Z preferencyjnego obrotu mo\u017cesz korzysta\u0107 tylko w ci\u0105gu pierwszych 24 godzin. Czas trwania wyniku FS si\u0119ga pi\u0119ciu dni.<\/p>\n<p style=\"text-align: center;\"><img loading=\"lazy\" decoding=\"async\" class=\"size-medium wp-image-311 aligncenter\" src=\"https:\/\/rocketplay-game.com\/wp-content\/uploads\/2022\/08\/vip_header_icon1-300x300.png\" alt=\"rocket play casino\" width=\"300\" height=\"300\" srcset=\"https:\/\/rocketplay-game.com\/wp-content\/uploads\/2022\/08\/vip_header_icon1-300x300.png 300w, https:\/\/rocketplay-game.com\/wp-content\/uploads\/2022\/08\/vip_header_icon1-150x150.png 150w, https:\/\/rocketplay-game.com\/wp-content\/uploads\/2022\/08\/vip_header_icon1.png 552w\" sizes=\"auto, (max-width: 300px) 100vw, 300px\" \/><\/p>\n<h2>Jak ubiega\u0107 si\u0119 o bonus powitalny<\/h2>\n<p>Istniej\u0105ce domy hazardu internetowego do\u0142\u0105czaj\u0105 do startera upominki z programu lojalno\u015bciowego lub inne wk\u0142ady do swoich niezb\u0119dnych wydarze\u0144. G\u0142\u00f3wn\u0105 funkcj\u0105 bonus\u00f3w powitalnych w najlepszym kasynie Rocket Play jest zmobilizowanie jak najwi\u0119kszej liczby uczestnik\u00f3w i zwi\u0119kszenie wyp\u0142aty got\u00f3wki za d\u0142ugoterminowe uczestnictwo w grze i realn\u0105 mo\u017cliwo\u015b\u0107 osi\u0105gni\u0119cia zysku.<\/p>\n<p>Te preferencyjne oferty dotycz\u0105 tylko rekrut\u00f3w, dlatego indywidualni gracze istniej\u0105 w ci\u0105g\u0142ej eksploracji nowo otwartych kasyn. Tam dokonuj\u0105 pierwszego wk\u0142adu, otrzymuj\u0105 lojalny pakiet nagr\u00f3d, ekstaz\u0119 z rozgrywki i cz\u0119sto wygrywaj\u0105. Nagrody z programu lojalno\u015bciowego kasyna pojawiaj\u0105 si\u0119 na maszynie po zaksi\u0119gowaniu i wp\u0142acie kwoty na konto. Czasami zwracaj\u0105 si\u0119 do wsparcia o nagrody. Przed utworzeniem konta osobistego zapoznaj si\u0119 z programem lojalno\u015bciowym.<\/p>\n<h2>Oferta ekskluzywna dla nowych graczy<\/h2>\n<p>Oferta powitalna Rocket Play na kolejn\u0105 rat\u0119 &#8211; 200% nagrody w drugiej racie. Dokonaj drugiej inwestycji w wysoko\u015bci co najmniej siedemdziesi\u0119ciu pi\u0119ciu dolar\u00f3w, a nagroda b\u0119dzie twoja. Wymagania do otrzymania nagrody:<\/p>\n<p>Po dokonaniu drugiego wk\u0142adu z siedemdziesi\u0119ciu pi\u0119ciu dolar\u00f3w gracz ma gwarancj\u0119 uzyskania 200% promocji.<br \/>\nTa nagroda mo\u017ce zosta\u0107 wykorzystana po dokonaniu pierwszej wp\u0142aty.<br \/>\nMarginalna zach\u0119ta to trzysta PLN.<br \/>\nPromocyjna stawka wynosi siedem dolar\u00f3w australijskich i pi\u0119\u0107dziesi\u0105t cent\u00f3w.<br \/>\nWsp\u00f3\u0142czynnik x40<\/p>\n<p>Gra ko\u0144czy si\u0119 na trzech tysi\u0105cach PLN.<\/p>\n<h3>FAQ<\/h3>\n<h3>Dlaczego kasyna oferuj\u0105 bonusy?<\/h3>\n<p>System nagr\u00f3d dla zak\u0142ad\u00f3w hazardowych nie pe\u0142ni ju\u017c funkcji widowiskowej, lecz reklamowej. W kt\u00f3rym uczestnicy procesu gry otrzymuj\u0105 dodatkowe tury w prezencie podczas gry. Wydarzenia te same w sobie maj\u0105 na celu przekonanie jak najwi\u0119kszej liczby fan\u00f3w do zarejestrowania si\u0119 w tym kasynie internetowym.<\/p>\n<h3>Czy mo\u017cna dwukrotnie skorzysta\u0107 z bonusu lojalno\u015bciowego?<\/h3>\n<p>Odpowied\u017a brzmi nie. Departament monitoruje te sytuacje. Kontrolowana jest r\u00f3wnie\u017c maksymalna ilo\u015b\u0107 wk\u0142adu w zach\u0119t\u0119 do zemsty, a to mo\u017ce uniemo\u017cliwi\u0107 ci uzyskanie odsetek. Jednocze\u015bnie presti\u017cowe platformy hazardowe przechowuj\u0105 informacje o prawid\u0142owym dzia\u0142aniu prezent\u00f3w i obrot\u00f3w bez inwestycji w domenie publicznej. Z regu\u0142y zapoznaj\u0105 si\u0119 z nim przed zarejestrowaniem si\u0119 na portalu kasyna.<\/p>\n<h3>Jakie s\u0105 instrukcje dotycz\u0105ce zakupu nagr\u00f3d?<\/h3>\n<p>Tak wi\u0119c, aby otrzyma\u0107 nagrod\u0119, musisz:<\/p>\n<ul>\n<li>pami\u0119taj, aby przej\u015b\u0107 przez ma\u0142\u0105 operacj\u0119 rejestracji;<\/li>\n<li>wskaza\u0107 swoje dane osobowe;<\/li>\n<li>u\u017cyj w\u0142a\u015bciwych klawiszy.<\/li>\n<\/ul>\n<p>We wszystkich zak\u0142adach hazardowych nagrody mo\u017cna wykorzysta\u0107 natychmiast po ich zgromadzeniu.<\/p>\n<p>Przeczytaj r\u00f3wnie\u017c o:<\/p>\n<ul>\n<li><a href=\"https:\/\/rocketplay-game.com\/pl\/bonus\/regular-bonuses\/\">Regular Bonuses<\/a><\/li>\n<li><a href=\"https:\/\/rocketplay-game.com\/bonus\/loyalty-program\/\">Loyalty Program<\/a><\/li>\n<\/ul>\n","protected":false},"excerpt":{"rendered":"<p>Najlepsza oferta powitalna kasyna Rocket Play to \u015bwietna perspektywa dla potencjalnych graczy, aby uzupe\u0142ni\u0107 sw\u00f3j depozyt, ale tak\u017ce uzyska\u0107 solidn\u0105 poda\u017c dodatkowych okres\u00f3w! \u017baden uczestnik rozgrywki nie przegapi\u0142by okazji do zgarni\u0119cia kilku dodatkowych spin\u00f3w w celu przed\u0142u\u017cenia przebiegu pojedynku w nadziei na otrzymanie rundy nagrody i upragnionego zysku. Praktycy internetowych zak\u0142ad\u00f3w hazardowych to temperamentni i&#8230;<\/p>\n","protected":false},"author":1,"featured_media":0,"parent":0,"menu_order":0,"comment_status":"closed","ping_status":"closed","template":"page-with-bonus.php","meta":{"_acf_changed":false,"_kad_post_transparent":"default","_kad_post_title":"default","_kad_post_layout":"default","_kad_post_sidebar_id":"","_kad_post_content_style":"default","_kad_post_vertical_padding":"default","_kad_post_feature":"","_kad_post_feature_position":"","_kad_post_header":false,"_kad_post_footer":false,"footnotes":""},"class_list":["post-2161","page","type-page","status-publish","hentry"],"acf":[],"rttpg_featured_image_url":null,"rttpg_author":{"display_name":"Tom","author_link":"https:\/\/rocketplay-game.com\/pl\/author\/pemvas95n89x\/"},"rttpg_comment":0,"rttpg_category":null,"rttpg_excerpt":"Najlepsza oferta powitalna kasyna Rocket Play to \u015bwietna perspektywa dla potencjalnych graczy, aby uzupe\u0142ni\u0107 sw\u00f3j depozyt, ale tak\u017ce uzyska\u0107 solidn\u0105 poda\u017c dodatkowych okres\u00f3w! \u017baden uczestnik rozgrywki nie przegapi\u0142by okazji do zgarni\u0119cia kilku dodatkowych spin\u00f3w w celu przed\u0142u\u017cenia przebiegu pojedynku w nadziei na otrzymanie rundy nagrody i upragnionego zysku. Praktycy internetowych zak\u0142ad\u00f3w hazardowych to temperamentni i...","_links":{"self":[{"href":"https:\/\/rocketplay-game.com\/pl\/wp-json\/wp\/v2\/pages\/2161","targetHints":{"allow":["GET"]}}],"collection":[{"href":"https:\/\/rocketplay-game.com\/pl\/wp-json\/wp\/v2\/pages"}],"about":[{"href":"https:\/\/rocketplay-game.com\/pl\/wp-json\/wp\/v2\/types\/page"}],"author":[{"embeddable":true,"href":"https:\/\/rocketplay-game.com\/pl\/wp-json\/wp\/v2\/users\/1"}],"replies":[{"embeddable":true,"href":"https:\/\/rocketplay-game.com\/pl\/wp-json\/wp\/v2\/comments?post=2161"}],"version-history":[{"count":3,"href":"https:\/\/rocketplay-game.com\/pl\/wp-json\/wp\/v2\/pages\/2161\/revisions"}],"predecessor-version":[{"id":2170,"href":"https:\/\/rocketplay-game.com\/pl\/wp-json\/wp\/v2\/pages\/2161\/revisions\/2170"}],"wp:attachment":[{"href":"https:\/\/rocketplay-game.com\/pl\/wp-json\/wp\/v2\/media?parent=2161"}],"curies":[{"name":"wp","href":"https:\/\/api.w.org\/{rel}","templated":true}]}}