{"id":2172,"date":"2022-06-13T18:32:40","date_gmt":"2022-06-13T15:32:40","guid":{"rendered":"https:\/\/rocketplay-game.com\/poker\/"},"modified":"2024-02-09T15:32:40","modified_gmt":"2024-02-09T12:32:40","slug":"poker","status":"publish","type":"page","link":"https:\/\/rocketplay-game.com\/pl\/poker\/","title":{"rendered":"Czym jest poker w RocketPlay Casino?"},"content":{"rendered":"<p>Istnieje wiele odmian pokera rozgrywanych taliami kart i obstawianie najlepszej kombinacji. Dok\u0142adne zasady b\u0119d\u0105 zale\u017ce\u0107 od tego, w jaki rodzaj gry zdecydujesz si\u0119 zagra\u0107. RocketPlay poker online zwykle u\u017cywa jednej standardowej talii 52 kart, ale pami\u0119taj, \u017ce dok\u0142adna liczba u\u017cywanych kart, otwartych lub zamkni\u0119tych, zale\u017cy od rodzaju gry, kt\u00f3r\u0105 wybierzesz.<\/p>\n<p>Poker pojawi\u0142 si\u0119 oko\u0142o XIX wieku w Stanach Zjednoczonych, gdzie szybko sta\u0142 si\u0119 popularn\u0105 rozrywk\u0105. Gra znacznie ewoluowa\u0142a na przestrzeni lat, a teraz, cz\u0119\u015bciowo dzi\u0119ki pokerowi online, jest jedn\u0105 z najwi\u0119kszych gier hazardowych na \u015bwiecie. Turnieje takie jak World Series of Poker odbywaj\u0105 si\u0119 corocznie od lat 70-tych. Podczas wydarze\u0144 rozgrywane s\u0105 miliony dolar\u00f3w.<\/p>\n<p>Najpopularniejszym typem pokera, z jakim spotkasz si\u0119 online, jest Texas Hold&#8217;em. Obowi\u0105zkowe zak\u0142ady s\u0105 dost\u0119pne w prawie wszystkich rodzajach gier pokerowych RocketPlay \u2013 m\u00f3wimy o du\u017cej ciemnej i ma\u0142ej ciemnej. Te zak\u0142ady s\u0105 dokonywane przed rozdaniem kart. Po dokonaniu obowi\u0105zkowych zak\u0142ad\u00f3w i rozdaniu kart, inni gracze r\u00f3wnie\u017c mog\u0105 obstawia\u0107 swoje zak\u0142ady.<\/p>\n<p><img loading=\"lazy\" decoding=\"async\" class=\"aligncenter wp-image-4733\" src=\"https:\/\/rocketplay-game.com\/wp-content\/uploads\/2024\/02\/poker-2.png\" alt=\" RocketPlay poker\" width=\"800\" height=\"324\" srcset=\"https:\/\/rocketplay-game.com\/wp-content\/uploads\/2024\/02\/poker-2.png 1015w, https:\/\/rocketplay-game.com\/wp-content\/uploads\/2024\/02\/poker-2-300x121.png 300w, https:\/\/rocketplay-game.com\/wp-content\/uploads\/2024\/02\/poker-2-768x311.png 768w\" sizes=\"auto, (max-width: 800px) 100vw, 800px\" \/><\/p>\n<p>W trakcie rozgrywki gracz mo\u017ce wykonywa\u0107 r\u00f3\u017cne akcje, w tym tzw. \u201esk\u0142adanie\u201d. Spasowanie karty oznacza, \u017ce \u200b\u200bnie zagrasz tej r\u0119ki i powr\u00f3cisz do gry dopiero po rozegraniu tej rundy. B\u0119dziesz m\u00f3g\u0142 wykona\u0107 akcj\u0119 zwan\u0105 &#8222;call&#8221; &#8211; r\u00f3wnanie zak\u0142ad\u00f3w z przeciwnikami. Wreszcie b\u0119dziesz m\u00f3g\u0142 podbi\u0107 lub zwi\u0119kszy\u0107 sw\u00f3j zak\u0142ad. Pozostali gracze przy stole musz\u0105 dopasowa\u0107 Tw\u00f3j zak\u0142ad, odpowiednio go podbijaj\u0105c lub obni\u017caj\u0105c.<\/p>\n<p>Krupier dodaje zwyk\u0142e karty, za pomoc\u0105 kt\u00f3rych gracze pr\u00f3buj\u0105 u\u0142o\u017cy\u0107 najkorzystniejsz\u0105 pi\u0119ciokartow\u0105 kombinacj\u0119 r\u0105k pokerowych. Zazwyczaj gry w pokera wykorzystuj\u0105 pi\u0119\u0107 wsp\u00f3lnych kart, a ka\u017cdy gracz u\u017cywa swoich dw\u00f3ch kart, aby stworzy\u0107 najlepsz\u0105 mo\u017cliw\u0105 kombinacj\u0119.<\/p>\n<p>Liczba kombinacji kart i pokera b\u0119dzie zale\u017ce\u0107 od rodzaju pokera, w kt\u00f3ry grasz. Najcz\u0119\u015bciej najpopularniejsze kombinacje to dwie identyczne karty, trzy identyczne karty, cztery identyczne karty, strit \u2013 pi\u0119\u0107 kolejnych kart lub kolor \u2013 kombinacja pi\u0119ciu kart tego samego koloru. Wi\u0119cej o wszystkich kombinacjach powiemy p\u00f3\u017aniej w naszym poradniku.<\/p>\n<p>Zwykle s\u0105 cztery rundy licytacji, wi\u0119c gracze maj\u0105 kilka opcji obstawiania i pr\u00f3bowania pokonania si\u0119 nawzajem. W pokerze najlepsza r\u0119ka nie zawsze wygrywa, poniewa\u017c inni gracze nie widz\u0105, jakie masz karty, wi\u0119c mo\u017cesz blefowa\u0107 i zmusza\u0107 przeciwnik\u00f3w do spasowania, nawet je\u015bli masz s\u0142absz\u0105 r\u0119k\u0119, kt\u00f3ra nie jest w stanie pokona\u0107 Twojej kombinacja przeciwnika. Istnieje r\u00f3wnie\u017c pok\u00f3j pokerowy RocketPlay.<\/p>\n<h2>Dlaczego gra\u0107 w pokera?<\/h2>\n<p>Bez w\u0105tpienia poker jest jedn\u0105 z najpopularniejszych gier karcianych na \u015bwiecie. Graj w pokera online RocketPlay to \u015bwietna zabawa i, w przeciwie\u0144stwie do innych gier kasynowych, liczy si\u0119 nie tylko szcz\u0119\u015bcie, ale tak\u017ce Twoje umiej\u0119tno\u015bci hazardowe. Oto kilka powod\u00f3w, dla kt\u00f3rych poker jest tak popularny i dlaczego tak bardzo go kochamy:<\/p>\n<p>Mn\u00f3stwo opcji &#8211; istniej\u0105 setki odmian pokera. Chocia\u017c mo\u017ce to by\u0107 myl\u0105ce dla nowicjusza, ta odmiana stanowi doskona\u0142y wyb\u00f3r dla tych, kt\u00f3rzy szukaj\u0105 czego\u015b nowego. Nawet graj\u0105c w ten sam rodzaj gry, gry w pokera nigdy nie b\u0119d\u0105 takie same ze wzgl\u0119du na r\u00f3\u017cnorodno\u015b\u0107 graczy, kombinacji i zasad.<\/p>\n<p>Gra opiera si\u0119 na umiej\u0119tno\u015bciach. W przeciwie\u0144stwie do automat\u00f3w czy sto\u0142\u00f3w do ruletki, poker wymaga umiej\u0119tno\u015bci gry. Oczywi\u015bcie du\u017co wi\u0119cej zale\u017cy od szcz\u0119\u015bcia, na przyk\u0142ad od rozdanych kart, ale pami\u0119taj, \u017ce najlepsze karty nie zawsze wygrywaj\u0105. Musisz wiedzie\u0107, jak wykorzysta\u0107 karty na swoj\u0105 korzy\u015b\u0107, u\u017cywaj\u0105c technik psychologicznych, takich jak blefowanie, kt\u00f3re pomog\u0105 Ci pokona\u0107 przeciwnik\u00f3w.<\/p>\n<p>Dost\u0119pno\u015b\u0107. Poker jest jedn\u0105 z najpopularniejszych gier karcianych, wi\u0119c jest dost\u0119pny w prawie ka\u017cdym kasynie online. Istniej\u0105 r\u00f3wnie\u017c setki wspania\u0142ych stron pokerowych po\u015bwi\u0119conych najlepszym sto\u0142om pokerowym dla graczy z ca\u0142ego \u015bwiata.<\/p>\n<p>Granie przeciwko innym graczom \u2014 Zamiast gra\u0107 przeciwko krupierowi, rywalizujesz z innymi graczami. To ekscytuje tych graczy, kt\u00f3rzy lubi\u0105 wyrzuca\u0107 przeciwnika z gry. Pozwala tak\u017ce na gr\u0119 w pokera z osobami o r\u00f3\u017cnych poziomach umiej\u0119tno\u015bci.<\/p>\n<p>Podniecenie. Darmowy poker online <a href=\"https:\/\/rocketplay-game.com\/pl\">RocketPlay<\/a> to jedna z najbardziej ekscytuj\u0105cych gier kasynowych z czterema rundami zak\u0142ad\u00f3w, w kt\u00f3rych mo\u017cesz zobaczy\u0107, jak graj\u0105 Twoi przeciwnicy. Gra w pokera mo\u017ce by\u0107 powolna w por\u00f3wnaniu z innymi grami, ale nigdy nie przestaje by\u0107 gr\u0105 o rosn\u0105cych oczekiwaniach.<\/p>\n<p>Du\u017ce nagrody &#8211; Wiele os\u00f3b gra w pokera, wi\u0119c nic dziwnego, \u017ce przy tak du\u017cej bazie graczy zarabiaj\u0105 ogromne pieni\u0105dze. Zazwyczaj naj\u0142atwiejsze strony oferuj\u0105 gry o do\u015b\u0107 wysokich stawkach. Wiele witryn oferuje r\u00f3wnie\u017c turnieje, w kt\u00f3rych zwyci\u0119zcom oferowane s\u0105 ogromne nagrody pieni\u0119\u017cne.<\/p>\n<h2>Wskaz\u00f3wki dotycz\u0105ce gry w pokera<\/h2>\n<p>Zanim zaczniesz gra\u0107 w pokera online, wa\u017cne jest, aby upewni\u0107 si\u0119, \u017ce rozumiesz gr\u0119. Ostatni\u0105 rzecz\u0105, kt\u00f3r\u0105 chcesz zrobi\u0107, to gra\u0107 przeciwko graczom, kt\u00f3rzy wiedz\u0105 o grze znacznie wi\u0119cej ni\u017c ty. Gracze zawsze mog\u0105 by\u0107 bardziej do\u015bwiadczeni, ale nigdy nie powiniene\u015b wchodzi\u0107 do gry wiedz\u0105c mniej ni\u017c Twoi przeciwnicy.<\/p>\n<p>W pokerze jest te\u017c element szcz\u0119\u015bcia, zw\u0142aszcza gdy rozdawane s\u0105 karty, ale to, jak obstawia\u0107 i jak gra\u0107 z otrzymanymi kartami, jest kwesti\u0105 strategii. Podamy informacje, kt\u00f3re kombinacje s\u0105 najkorzystniejsze, a tak\u017ce podzielimy si\u0119 og\u00f3lnymi wskaz\u00f3wkami.<\/p>\n<p>W wi\u0119kszo\u015bci przypadk\u00f3w te wskaz\u00f3wki dotycz\u0105 gry w pokera Texas Hold&#8217;em, kt\u00f3ra jest uwa\u017cana za najpopularniejsz\u0105 form\u0119 pokera.<\/p>\n<p><img loading=\"lazy\" decoding=\"async\" class=\"aligncenter wp-image-225\" src=\"https:\/\/rocketplay-game.com\/wp-content\/uploads\/2022\/06\/rocketplay-friday-reload-bonus-855x458-1.webp\" alt=\" RocketPlay poker 2\" width=\"800\" height=\"429\" srcset=\"https:\/\/rocketplay-game.com\/wp-content\/uploads\/2022\/06\/rocketplay-friday-reload-bonus-855x458-1.webp 855w, https:\/\/rocketplay-game.com\/wp-content\/uploads\/2022\/06\/rocketplay-friday-reload-bonus-855x458-1-300x161.webp 300w, https:\/\/rocketplay-game.com\/wp-content\/uploads\/2022\/06\/rocketplay-friday-reload-bonus-855x458-1-768x411.webp 768w\" sizes=\"auto, (max-width: 800px) 100vw, 800px\" \/><\/p>\n<h2>Kombinacje pokerowe<\/h2>\n<p>W pokerze celem gry jest u\u0142o\u017cenie najlepszej mo\u017cliwej kombinacji pi\u0119ciu kart przy u\u017cyciu twoich kart w r\u0119ku i wsp\u00f3lnych kart na stole. Mo\u017cesz \u0142\u0105czy\u0107 karty na r\u00f3\u017cne sposoby, u\u017cywaj\u0105c jednej lub obu istniej\u0105cych kart na r\u0119ce. Wi\u0119kszo\u015b\u0107 odmian pokera ma r\u00f3\u017cne zasady uzyskiwania najlepszych mo\u017cliwych kombinacji, wi\u0119c przyjrzymy si\u0119 niekt\u00f3rym kluczowym kombinacjom w zasadach Texas Hold&#8217;em Poker.<\/p>\n<p>Kombinacje s\u0105 opisane poni\u017cej, zaczynaj\u0105c od najkorzystniejszej kombinacji:<\/p>\n<ul>\n<li>Poker kr\u00f3lewski to najsilniejsza i jednocze\u015bnie najrzadsza kombinacja pokera. Jest to kombinacja asa, kr\u00f3la, damy, waleta i dziesi\u0105tek w tym samym kolorze.<\/li>\n<li>Poker \u2013 pi\u0119\u0107 kart w tym samym kolorze pod rz\u0105d.<\/li>\n<li>Kareta \u2014 jest to kombinacja czterech takich samych kart, na przyk\u0142ad czterech as\u00f3w lub czterech kr\u00f3li.<\/li>\n<li>Full House &#8211; Kombinacja sk\u0142adaj\u0105ca si\u0119 z zestawu (trzy karty) i pary.<\/li>\n<li>Kolor \u2014 kombinacja pi\u0119ciu kart w tym samym kolorze.<\/li>\n<li>Straight &#8211; kombinacja 5 kolejnych kart, ale niekoniecznie w tym samym kolorze.<\/li>\n<li>Dwie pary \u2014 kombinacja dw\u00f3ch par.<\/li>\n<li>Wysoka karta &#8211; najsilniejsza karta, gdy nie u\u0142o\u017cy\u0142e\u015b \u017cadnej kombinacji. W takim przypadku zostanie zagrana twoja najwy\u017csza karta.<\/li>\n<\/ul>\n<h2>Strategia pokera<\/h2>\n<p>Poniewa\u017c w pokerze nie chodzi tylko o szcz\u0119\u015bcie, masz mo\u017cliwo\u015b\u0107 odwr\u00f3cenia sytuacji na swoj\u0105 korzy\u015b\u0107:<\/p>\n<p>Powolny start &#8211; po rozpocz\u0119ciu gry zostaniesz uznany za pocz\u0105tkuj\u0105cego. Mo\u017ce to u\u0142atwi\u0107 innym graczom wyb\u00f3r, je\u015bli nie b\u0119dziesz ostro\u017cny. Zanim zaczniesz gra\u0107 w pokera online RocketPlay na prawdziwe pieni\u0105dze, zaleca si\u0119 \u0107wiczenie podstawowych umiej\u0119tno\u015bci pokerowych. Mo\u017cesz tak\u017ce zacz\u0105\u0107 od gier na niskie stawki, wi\u0119c maksymalna strata r\u00f3wnie\u017c b\u0119dzie mniejsza. Nie daj si\u0119 ponie\u015b\u0107 emocjom przez podnoszenie stawek, nawet je\u015bli uwa\u017casz, \u017ce masz \u015bwietn\u0105 r\u0119k\u0119. Poruszaj si\u0119 powoli i pewnie, aby dowiedzie\u0107 si\u0119 wi\u0119cej o swoich przeciwnikach. Gdy z czasem staniesz si\u0119 bardziej do\u015bwiadczony, b\u0119dziesz m\u00f3g\u0142 zwi\u0119ksza\u0107 swoje stawki i ostatecznie przej\u015b\u0107 do gier o wy\u017cszych stawkach i gier wielosto\u0142owych.<\/p>\n<p>Zrozumienie rodzaju gry. Wielu graczy jest podekscytowanych i traci kontrol\u0119, gdy po raz pierwszy zaczynaj\u0105 gra\u0107, wierz\u0105c, \u017ce zasady, kt\u00f3re znaj\u0105, maj\u0105 zastosowanie do wszystkich rodzaj\u00f3w gier pokerowych. Niestety tak nie jest i zdziwisz si\u0119, je\u015bli pospiesz si\u0119 bez zapoznania si\u0119 z zasadami. Zanim zaczniesz jak\u0105kolwiek gr\u0119, upewnij si\u0119, \u017ce wiesz, jakie s\u0105 najlepsze kombinacje, pami\u0119taj, \u017ce wi\u0119kszo\u015b\u0107 graczy b\u0119dzie bardziej do\u015bwiadczona ni\u017c ty, wi\u0119c upewnij si\u0119, \u017ce tw\u00f3j przeciwnik ma nad tob\u0105 mniejsz\u0105 przewag\u0119 na pocz\u0105tku gry!<\/p>\n<p>Skorzystaj z <a href=\"https:\/\/rocketplay-game.com\/pl\/bonus\/\">bonus\u00f3w<\/a> &#8211; RocketPlay online poker Australia oferuje wspania\u0142e promocje i bonusy dla nowych graczy. Wykorzystaj wszystkie te opcje, pozwol\u0105 ci rozegra\u0107 kilka rund z mniejszym ryzykiem. Zanim si\u0119 zarejestrujesz, koniecznie zapoznaj si\u0119 z warunkami gry, poniewa\u017c niekt\u00f3re z nich b\u0119d\u0105 mia\u0142y wymagania dotycz\u0105ce zak\u0142ad\u00f3w lub inne ograniczenia.<\/p>\n<p>Tworzenie dyskretnego obszaru gry &#8211; wa\u017cne jest, aby nie rozprasza\u0107 si\u0119 przed wznowieniem gry. Poker online do pobrania RocketPlay wymaga du\u017cej koncentracji i musisz uwa\u017ca\u0107, aby wygra\u0107. W\u0142\u0105cz relaksuj\u0105c\u0105 muzyk\u0119, prze\u0142\u0105cz smartfon w tryb cichy i zanurz si\u0119 w swojej strefie komfortu. R\u00f3\u017cnica mi\u0119dzy dobrymi graczami a \u015bwietnymi graczami cz\u0119sto polega na tym, jak powa\u017cnie traktuj\u0105 gr\u0119.<\/p>\n<p>Kontrola r\u00f3wnowagi. Twoje saldo to ilo\u015b\u0107 pieni\u0119dzy, kt\u00f3re mo\u017cesz postawi\u0107 w grze. B\u0119d\u0105 to pieni\u0105dze zdeponowane na koncie gracza w kasynie lub witrynie pokerowej. Upewnij si\u0119, \u017ce ustali\u0142e\u015b limit, ile mo\u017cesz gra\u0107 ka\u017cdego dnia i nie przekraczaj go. Je\u015bli ilo\u015b\u0107 pieni\u0119dzy spadnie, zagraj w pokerow\u0105 aplikacj\u0119 RocketPlay online z ni\u017cszymi stawkami. Je\u015bli ilo\u015b\u0107 pieni\u0119dzy wzro\u015bnie, mo\u017cesz podj\u0105\u0107 wi\u0119ksze ryzyko, graj\u0105c w pokera z wy\u017cszymi stawkami. Miej oko na saldo i przesta\u0144 gra\u0107, je\u015bli uwa\u017casz, \u017ce wydajesz za du\u017co.<\/p>\n<p>Limity strat i wygranych. Zanim zaczniesz gra\u0107, wa\u017cne jest, aby ustali\u0107, ile chcesz straci\u0107. Powiniene\u015b r\u00f3wnie\u017c okre\u015bli\u0107 maksymaln\u0105 kwot\u0119, jak\u0105 mo\u017cesz wygra\u0107, zanim sko\u0144czysz hazard tego dnia. Zawsze wskazane jest ustalenie limit\u00f3w hazardu, poniewa\u017c hazard mo\u017ce uzale\u017cnia\u0107. Zw\u0142aszcza podczas przegrywania, kiedy gracze maj\u0105 tendencj\u0119 do wygrywania, co zwykle prowadzi tylko do wi\u0119kszych strat. Podczas gry w pokera wa\u017cne jest, aby zachowa\u0107 spok\u00f3j, wi\u0119c powiniene\u015b unika\u0107 gry, gdy jeste\u015b zbyt pewny wygranej lub z\u0142y z powodu przegranej.<\/p>\n<p><img loading=\"lazy\" decoding=\"async\" class=\"aligncenter wp-image-4742\" src=\"https:\/\/rocketplay-game.com\/wp-content\/uploads\/2024\/02\/poker-1.png\" alt=\" RocketPlay poker 3\" width=\"600\" height=\"317\" srcset=\"https:\/\/rocketplay-game.com\/wp-content\/uploads\/2024\/02\/poker-1.png 766w, https:\/\/rocketplay-game.com\/wp-content\/uploads\/2024\/02\/poker-1-300x159.png 300w\" sizes=\"auto, (max-width: 600px) 100vw, 600px\" \/><\/p>\n<h2>FAQ<\/h2>\n<h3>Czy gra w pokera online jest bezpieczna?<\/h3>\n<p>Tak, oczywi\u015bcie, \u017ce tak. Strona RocketPlay jest bezpieczna i godna zaufania.<\/p>\n<h3>Jak mog\u0119 nauczy\u0107 si\u0119 gra\u0107 w pokera?<\/h3>\n<p>Poker dla nowych graczy mo\u017ce czasem wydawa\u0107 si\u0119 skomplikowany, poniewa\u017c istnieje wiele r\u00f3\u017cnych odmian gry i ich zasad. Jednak gdy zaczniesz gra\u0107 ponownie, przekonasz si\u0119, \u017ce jest to ca\u0142kiem \u0142atwe, trudniejsze do nauczenia.<\/p>\n<h3>Czy mog\u0119 zarabia\u0107 pieni\u0105dze graj\u0105c w pokera online?<\/h3>\n<p>Pewny. Jest wielu graczy, kt\u00f3rzy wykorzystuj\u0105 swoje umiej\u0119tno\u015bci i wiedz\u0119 w grze do zarabiania pieni\u0119dzy. Jednak zawsze nale\u017cy pami\u0119ta\u0107, \u017ce poker to gra losowa i ryzykujesz swoje pieni\u0105dze, aby wygra\u0107. Zawsze graj odpowiedzialnie i nie daj si\u0119 ponie\u015b\u0107 emocjom zarabiania pieni\u0119dzy. Poker online powinien by\u0107 przede wszystkim zabawn\u0105 gr\u0105.<\/p>\n","protected":false},"excerpt":{"rendered":"<p>Istnieje wiele odmian pokera rozgrywanych taliami kart i obstawianie najlepszej kombinacji. Dok\u0142adne zasady b\u0119d\u0105 zale\u017ce\u0107 od tego, w jaki rodzaj gry zdecydujesz si\u0119 zagra\u0107. RocketPlay poker online zwykle u\u017cywa jednej standardowej talii 52 kart, ale pami\u0119taj, \u017ce dok\u0142adna liczba u\u017cywanych kart, otwartych lub zamkni\u0119tych, zale\u017cy od rodzaju gry, kt\u00f3r\u0105 wybierzesz. Poker pojawi\u0142 si\u0119 oko\u0142o XIX&#8230;<\/p>\n","protected":false},"author":1,"featured_media":0,"parent":0,"menu_order":0,"comment_status":"closed","ping_status":"closed","template":"page-with-bonus.php","meta":{"_acf_changed":false,"_kad_post_transparent":"default","_kad_post_title":"default","_kad_post_layout":"default","_kad_post_sidebar_id":"","_kad_post_content_style":"default","_kad_post_vertical_padding":"default","_kad_post_feature":"","_kad_post_feature_position":"","_kad_post_header":false,"_kad_post_footer":false,"footnotes":""},"class_list":["post-2172","page","type-page","status-publish","hentry"],"acf":[],"rttpg_featured_image_url":null,"rttpg_author":{"display_name":"Tom","author_link":"https:\/\/rocketplay-game.com\/pl\/author\/pemvas95n89x\/"},"rttpg_comment":0,"rttpg_category":null,"rttpg_excerpt":"Istnieje wiele odmian pokera rozgrywanych taliami kart i obstawianie najlepszej kombinacji. Dok\u0142adne zasady b\u0119d\u0105 zale\u017ce\u0107 od tego, w jaki rodzaj gry zdecydujesz si\u0119 zagra\u0107. RocketPlay poker online zwykle u\u017cywa jednej standardowej talii 52 kart, ale pami\u0119taj, \u017ce dok\u0142adna liczba u\u017cywanych kart, otwartych lub zamkni\u0119tych, zale\u017cy od rodzaju gry, kt\u00f3r\u0105 wybierzesz. Poker pojawi\u0142 si\u0119 oko\u0142o XIX...","_links":{"self":[{"href":"https:\/\/rocketplay-game.com\/pl\/wp-json\/wp\/v2\/pages\/2172","targetHints":{"allow":["GET"]}}],"collection":[{"href":"https:\/\/rocketplay-game.com\/pl\/wp-json\/wp\/v2\/pages"}],"about":[{"href":"https:\/\/rocketplay-game.com\/pl\/wp-json\/wp\/v2\/types\/page"}],"author":[{"embeddable":true,"href":"https:\/\/rocketplay-game.com\/pl\/wp-json\/wp\/v2\/users\/1"}],"replies":[{"embeddable":true,"href":"https:\/\/rocketplay-game.com\/pl\/wp-json\/wp\/v2\/comments?post=2172"}],"version-history":[{"count":5,"href":"https:\/\/rocketplay-game.com\/pl\/wp-json\/wp\/v2\/pages\/2172\/revisions"}],"predecessor-version":[{"id":5224,"href":"https:\/\/rocketplay-game.com\/pl\/wp-json\/wp\/v2\/pages\/2172\/revisions\/5224"}],"wp:attachment":[{"href":"https:\/\/rocketplay-game.com\/pl\/wp-json\/wp\/v2\/media?parent=2172"}],"curies":[{"name":"wp","href":"https:\/\/api.w.org\/{rel}","templated":true}]}}