{"id":2242,"date":"2022-10-03T12:15:51","date_gmt":"2022-10-03T09:15:51","guid":{"rendered":"https:\/\/rocketplay-game.com\/bonus\/loyalty-program\/"},"modified":"2026-03-01T16:00:18","modified_gmt":"2026-03-01T13:00:18","slug":"loyalty-program","status":"publish","type":"page","link":"https:\/\/rocketplay-game.com\/pl\/bonus\/loyalty-program\/","title":{"rendered":"Program lojalno\u015bciowy w RocketPlay"},"content":{"rendered":"<p>Gracze s\u0105 podstaw\u0105 ka\u017cdego zak\u0142adu hazardowego. Aby klienci kasyn regularnie powracali do platformy internetowej, zak\u0142ady musz\u0105 zrozumie\u0107 swoich odbiorc\u00f3w i zbada\u0107, co motywuje graczy do ci\u0105g\u0142ego przychodzenia i grania. W tym celu prawie wszystkie kasyna tworz\u0105 programy lojalno\u015bciowe dla graczy, w kt\u00f3rych u\u017cytkownicy mog\u0105 liczy\u0107 na regularne promocje, specjalne oferty dedykowane dowolnym wydarzeniom oraz loterie, w kt\u00f3rych losowane s\u0105 prawdziwe nagrody.<\/p>\n<p>Warto zauwa\u017cy\u0107, \u017ce wszystkie korzystne oferty s\u0105 dost\u0119pne za po\u015brednictwem us\u0142ugi programu lojalno\u015bciowego, dlatego zaleca si\u0119 przyst\u0105pienie do takich program\u00f3w w momencie <a href=\"https:\/\/rocketplay-game.com\/pl\/registration\/\">rejestracji<\/a> nowego konta w celu usuni\u0119cia wszystkich krem\u00f3w bonusowych. Przygotowali\u015bmy dla Ciebie program lojalno\u015bciowy Rocket Play.<\/p>\n<p>Aby utrzyma\u0107 zainteresowanie u\u017cytkownik\u00f3w i stymulowa\u0107 graczy, kasyna regularnie aktualizuj\u0105 i ulepszaj\u0105 swoje programy lojalno\u015bciowe, podczas gdy zak\u0142ady hazardowe r\u00f3wnie\u017c regularnie przeprowadzaj\u0105 ankiety w\u015br\u00f3d swoich klient\u00f3w w celu oceny skuteczno\u015bci konkretnej promocji lub bonusu, kt\u00f3ry jest aktualny lub ju\u017c si\u0119 zako\u0144czy\u0142. Sugeruje to, \u017ce kasyno bierze pod uwag\u0119 opini\u0119 swoich odbiorc\u00f3w i upewnia si\u0119, \u017ce \u017caden gracz nie czuje si\u0119 pomini\u0119ty. Warto zauwa\u017cy\u0107, \u017ce najbardziej op\u0142acalne bonusy kasynowe s\u0105 zawarte w programach lojalno\u015bciowych.<\/p>\n<p style=\"text-align: center;\"><img loading=\"lazy\" decoding=\"async\" class=\"aligncenter wp-image-4672 size-full\" src=\"https:\/\/rocketplay-game.com\/wp-content\/uploads\/2024\/02\/lp1.png\" alt=\"Program lojalno\u015bciowy w RocketPlay\" width=\"1307\" height=\"437\" srcset=\"https:\/\/rocketplay-game.com\/wp-content\/uploads\/2024\/02\/lp1.png 1307w, https:\/\/rocketplay-game.com\/wp-content\/uploads\/2024\/02\/lp1-300x100.png 300w, https:\/\/rocketplay-game.com\/wp-content\/uploads\/2024\/02\/lp1-1024x342.png 1024w, https:\/\/rocketplay-game.com\/wp-content\/uploads\/2024\/02\/lp1-768x257.png 768w\" sizes=\"auto, (max-width: 1307px) 100vw, 1307px\" \/><\/p>\n<h2>Co otrzymujesz z programem lojalno\u015bciowym?<\/h2>\n<p>Program lojalno\u015bciowy kasyna online Rocket Play to odwrotno\u015b\u0107 bez wp\u0142acania konta w grach online. Odwrotna sytuacja w automatach do gier to pi\u0119tna\u015bcie procent. Ten prezent jest wr\u0119czany klientom w poniedzia\u0142ki. Zasady otrzymywania zach\u0119t:<\/p>\n<ul>\n<li>Otrzymujesz nagrod\u0119, obstawiaj\u0105c pieni\u0105dze w grach.<\/li>\n<li>Kwota zwr\u00f3conych \u015brodk\u00f3w odpowiada stopniowi gracza.<\/li>\n<li>Kasyno programu lojalno\u015bciowego Rocket Play automatycznie przyznaje odwrotno\u015b\u0107.<\/li>\n<li>Najwi\u0119ksza mo\u017cliwa rewers to 8000 PLN.<\/li>\n<li>Najmniejszy jest r\u00f3wny jednemu euro.<\/li>\n<li>Oferta: 5X.<\/li>\n<li>Promocja obowi\u0105zuje przez trzy dni.<\/li>\n<\/ul>\n<p>Aby program dzia\u0142a\u0142, nie musisz do\u0142adowywa\u0107 konta.<\/p>\n<p>W czwartki w trybie na \u017cywo mo\u017cliwe jest r\u00f3wnie\u017c cofni\u0119cie o dziesi\u0119\u0107 procent. Warunki tego s\u0105 takie same jak w poprzednim zdaniu. Najlepszy program lojalno\u015bciowy kasyna <a href=\"https:\/\/rocketplay-game.com\/pl\">Rocket Play<\/a>, obejmuje r\u00f3wnie\u017c wykonywanie zada\u0144 specjalnych. Aby to zrobi\u0107, wpisz sw\u00f3j adres e-mail i zawrzyj oferty. Za to masz prawo do nagr\u00f3d.<\/p>\n<h2>FAQ dotycz\u0105ce programu lojalno\u015bciowego<\/h2>\n<h3>Co to jest RTP?<\/h3>\n<p>RTP w kasynach online oznacza Return to Player. Jest to procent, teoretycznie sugeruj\u0105cy, ile pieni\u0119dzy mo\u017cesz zwr\u00f3ci\u0107 na koniec sesji gry. Og\u00f3lnie przyjmuje si\u0119, \u017ce \u015brednia wynosi 95%. 91% jest uwa\u017cane za niskie, 98% i wy\u017csze za wysokie. Im wy\u017csza warto\u015b\u0107 RTP, tym cz\u0119\u015bciej i wi\u0119ksze wygrane, cho\u0107 odpowiada za to inny wska\u017anik &#8211; zmienno\u015b\u0107.<\/p>\n<h3>Jaki jest zwi\u0105zek mi\u0119dzy RTP a bonusami?<\/h3>\n<p>Warto\u015b\u0107 zwrotu w niekt\u00f3rych grach bezpo\u015brednio wp\u0142ywa na bonusy. Oznacza to, \u017ce im wy\u017cszy RTP w automatach online, tym cz\u0119\u015bciej i tym wi\u0119ksze s\u0105 wygrane z gier bonusowych; jednak nie dzia\u0142a to ze wszystkimi automatami do gry. W niekt\u00f3rych grach premia odrzutu jest wy\u017csza ni\u017c odrzut gry podstawowej. Szczeg\u00f3\u0142owe informacje mo\u017cna znale\u017a\u0107 w zasadach ka\u017cdej gry.<\/p>\n<h3>Jak otrzyma\u0107 bonus w kasynie?<\/h3>\n<p>Aby otrzyma\u0107 bonus w kasynie, musisz si\u0119 zarejestrowa\u0107, a tylko za to uko\u0144czone dzia\u0142anie otrzymasz bonus. Ponadto na koncie osobistym ka\u017cdego zak\u0142adu hazardowego znajduje si\u0119 sekcja \u201eMoje bonusy\u201d, w kt\u00f3rej mo\u017cesz uzyska\u0107 szczeg\u00f3\u0142owe informacje o wszystkich dost\u0119pnych ofertach, a tak\u017ce wpisa\u0107 kod promocyjny otrzymany za po\u015brednictwem listy mailingowej lub w dowolnym innym legalny spos\u00f3b.<\/p>\n","protected":false},"excerpt":{"rendered":"<p>Gracze s\u0105 podstaw\u0105 ka\u017cdego zak\u0142adu hazardowego. Aby klienci kasyn regularnie powracali do platformy internetowej, zak\u0142ady musz\u0105 zrozumie\u0107 swoich odbiorc\u00f3w i zbada\u0107, co motywuje graczy do ci\u0105g\u0142ego przychodzenia i grania. W tym celu prawie wszystkie kasyna tworz\u0105 programy lojalno\u015bciowe dla graczy, w kt\u00f3rych u\u017cytkownicy mog\u0105 liczy\u0107 na regularne promocje, specjalne oferty dedykowane dowolnym wydarzeniom oraz loterie,&#8230;<\/p>\n","protected":false},"author":1,"featured_media":0,"parent":2220,"menu_order":0,"comment_status":"closed","ping_status":"closed","template":"page-with-bonus.php","meta":{"_acf_changed":false,"_kad_post_transparent":"default","_kad_post_title":"default","_kad_post_layout":"default","_kad_post_sidebar_id":"","_kad_post_content_style":"default","_kad_post_vertical_padding":"default","_kad_post_feature":"","_kad_post_feature_position":"","_kad_post_header":false,"_kad_post_footer":false,"footnotes":""},"class_list":["post-2242","page","type-page","status-publish","hentry"],"acf":[],"rttpg_featured_image_url":null,"rttpg_author":{"display_name":"Tom","author_link":"https:\/\/rocketplay-game.com\/pl\/author\/pemvas95n89x\/"},"rttpg_comment":0,"rttpg_category":null,"rttpg_excerpt":"Gracze s\u0105 podstaw\u0105 ka\u017cdego zak\u0142adu hazardowego. Aby klienci kasyn regularnie powracali do platformy internetowej, zak\u0142ady musz\u0105 zrozumie\u0107 swoich odbiorc\u00f3w i zbada\u0107, co motywuje graczy do ci\u0105g\u0142ego przychodzenia i grania. W tym celu prawie wszystkie kasyna tworz\u0105 programy lojalno\u015bciowe dla graczy, w kt\u00f3rych u\u017cytkownicy mog\u0105 liczy\u0107 na regularne promocje, specjalne oferty dedykowane dowolnym wydarzeniom oraz loterie,...","_links":{"self":[{"href":"https:\/\/rocketplay-game.com\/pl\/wp-json\/wp\/v2\/pages\/2242","targetHints":{"allow":["GET"]}}],"collection":[{"href":"https:\/\/rocketplay-game.com\/pl\/wp-json\/wp\/v2\/pages"}],"about":[{"href":"https:\/\/rocketplay-game.com\/pl\/wp-json\/wp\/v2\/types\/page"}],"author":[{"embeddable":true,"href":"https:\/\/rocketplay-game.com\/pl\/wp-json\/wp\/v2\/users\/1"}],"replies":[{"embeddable":true,"href":"https:\/\/rocketplay-game.com\/pl\/wp-json\/wp\/v2\/comments?post=2242"}],"version-history":[{"count":4,"href":"https:\/\/rocketplay-game.com\/pl\/wp-json\/wp\/v2\/pages\/2242\/revisions"}],"predecessor-version":[{"id":10307,"href":"https:\/\/rocketplay-game.com\/pl\/wp-json\/wp\/v2\/pages\/2242\/revisions\/10307"}],"up":[{"embeddable":true,"href":"https:\/\/rocketplay-game.com\/pl\/wp-json\/wp\/v2\/pages\/2220"}],"wp:attachment":[{"href":"https:\/\/rocketplay-game.com\/pl\/wp-json\/wp\/v2\/media?parent=2242"}],"curies":[{"name":"wp","href":"https:\/\/api.w.org\/{rel}","templated":true}]}}