{"id":2272,"date":"2022-09-30T17:30:34","date_gmt":"2022-09-30T14:30:34","guid":{"rendered":"https:\/\/rocketplay-game.com\/bonus\/regular-bonuses\/"},"modified":"2024-02-09T16:36:29","modified_gmt":"2024-02-09T13:36:29","slug":"regular-bonuses","status":"publish","type":"page","link":"https:\/\/rocketplay-game.com\/pl\/bonus\/regular-bonuses\/","title":{"rendered":"Regularne bonusy w RocketPlay"},"content":{"rendered":"<p>Kasyna internetowe stosuj\u0105 chwyt marketingowy, aby przyci\u0105gn\u0105\u0107 potencjalnych graczy, wyr\u00f3\u017cniaj\u0105c nagrody. Uczestnicy gry bonusowej w kasynie Rocket Play pomagaj\u0105 zrozumie\u0107 strategi\u0119 rozgrywki i uzyska\u0107 dodatkowe rundy przed pierwszym depozytem \u015brodk\u00f3w.<\/p>\n<p>Te nagrody s\u0105 zupe\u0142nie inne na ka\u017cdej platformie do gier. Po zapoznaniu si\u0119 z zasadami otrzymywania ka\u017cdej nagrody, wraz z zasadami obstawiania, b\u0119dziesz w stanie zrozumie\u0107, \u017ce w rzeczywisto\u015bci mo\u017cesz skorzysta\u0107 z tego prezentu. Aby go otrzyma\u0107, mo\u017cesz potrzebowa\u0107 kod\u00f3w bonusowych Rocket Play.<\/p>\n<p style=\"text-align: center;\"><img loading=\"lazy\" decoding=\"async\" class=\"aligncenter wp-image-4682\" src=\"https:\/\/rocketplay-game.com\/wp-content\/uploads\/2024\/02\/4362480_2302613-scaled-e1707309644661.jpg\" alt=\"Regularne bonusy w RocketPlay\" width=\"800\" height=\"448\" srcset=\"https:\/\/rocketplay-game.com\/wp-content\/uploads\/2024\/02\/4362480_2302613-scaled-e1707309644661.jpg 2560w, https:\/\/rocketplay-game.com\/wp-content\/uploads\/2024\/02\/4362480_2302613-scaled-e1707309644661-300x168.jpg 300w, https:\/\/rocketplay-game.com\/wp-content\/uploads\/2024\/02\/4362480_2302613-scaled-e1707309644661-1024x573.jpg 1024w, https:\/\/rocketplay-game.com\/wp-content\/uploads\/2024\/02\/4362480_2302613-scaled-e1707309644661-768x430.jpg 768w, https:\/\/rocketplay-game.com\/wp-content\/uploads\/2024\/02\/4362480_2302613-scaled-e1707309644661-1536x860.jpg 1536w, https:\/\/rocketplay-game.com\/wp-content\/uploads\/2024\/02\/4362480_2302613-scaled-e1707309644661-2048x1146.jpg 2048w\" sizes=\"auto, (max-width: 800px) 100vw, 800px\" \/><\/p>\n<h2>Rodzaje regularnych bonus\u00f3w w grze Rocket<\/h2>\n<p>Regularne bonusy:<\/p>\n<ul>\n<li>W pi\u0105tek promocja bez stawek.<\/li>\n<li>Pi\u0105tkowy restart ofert bonusowych.<\/li>\n<li>Dokonaj wpisu za trzydzie\u015bci AUD w pi\u0105tek, a dodatkowe okresy b\u0119d\u0105 twoje.<\/li>\n<\/ul>\n<p>Zasady otrzymywania zach\u0119t:<\/p>\n<ul>\n<li>Nagrod\u0119 mo\u017cna wykorzysta\u0107 w grze po 2 ratach.<\/li>\n<li>Nagrody s\u0105 dost\u0119pne w pi\u0105tki od 00:00 do 23:59.<\/li>\n<li>Wysoko\u015b\u0107 preferencyjnego obrotu: 20\/50\/100.<\/li>\n<li>Najprostszy wk\u0142ad wynosi od trzydziestu do stu pi\u0119\u0107dziesi\u0119ciu dolar\u00f3w.<\/li>\n<li>Maksymalny wpis promocyjny to siedem dolar\u00f3w i pi\u0119\u0107dziesi\u0105t cent\u00f3w.<\/li>\n<li>Op\u0142ata: 40X.<\/li>\n<\/ul>\n<p>Pod koniec gry, gdy zysk si\u0119ga trzech tysi\u0119cy dolar\u00f3w. Promocja wa\u017cna przez 24 godziny. Prezentacja na koniec tygodnia.<\/p>\n<p>50% wk\u0142adu \u015brodk\u00f3w do gry. Wp\u0142acaj\u0105c trzydzie\u015bci AUD pod koniec tygodnia, masz prawo do 50-procentowej promocji! Kody promocyjne Rocket Play s\u0105 nagradzane za du\u017c\u0105 zni\u017ck\u0119 przy wp\u0142acie. Wpisz kod HIGHROLLER w miejscu, w kt\u00f3rym otrzymujesz dywidendy i zarabiasz 50% nagrody. Zasady otrzymywania zach\u0119t:<\/p>\n<ul>\n<li>Mo\u017cesz skorzysta\u0107 z systemu nagr\u00f3d po 2 depozytach \u015brodk\u00f3w.<\/li>\n<li>Bonus w kasynie Rocket Play jest mo\u017cliwy dzi\u0119ki kodowi rabatowemu.<\/li>\n<li>Kod rabatowy mo\u017cna zastosowa\u0107 tylko raz na siedem dni.<\/li>\n<li>50% dodatek na wk\u0142ad z trzystu dolar\u00f3w australijskich.<\/li>\n<li>Ostateczna promocja: dwa i p\u00f3\u0142 tysi\u0105ca PLN.<\/li>\n<li>Maksymalny zak\u0142ad promocyjny to pi\u0119\u0107 euro, siedem i p\u00f3\u0142 dolara austriackiego i kanadyjskiego.<\/li>\n<li>Wej\u015bcie: 40X<\/li>\n<\/ul>\n<p>Gra trwa do 16 tys. euro lub 25 tys. dolar\u00f3w australijskich i kanadyjskich. Promocja dzia\u0142a 24 godziny<\/p>\n<h2>Jak ubiega\u0107 si\u0119?<\/h2>\n<p>Portal dowolnego kasyna internetowego ma zak\u0142adk\u0119 \u201eMoje bonusy\u201d, w kt\u00f3rej mo\u017cna zapozna\u0107 si\u0119 z aktualnymi momentami promocyjnymi lub wpisuj\u0105c kod otrzymany z platformy do gier. Mo\u017cesz znale\u017a\u0107 te informacje za po\u015brednictwem internetowej listy mailingowej. Istnieje wiele takich system\u00f3w nagr\u00f3d: 100% premia za wpisowe, darmowe spiny Rocket Play bez inwestycji itp. Ich zalety nale\u017cy szczeg\u00f3\u0142owo przeanalizowa\u0107.<\/p>\n<h2>FAQ<\/h2>\n<h3>Jak zdobywa\u0107 bonusy?<\/h3>\n<p>Potencjalny gracz musi przej\u015b\u0107 ma\u0142\u0105 rejestracj\u0119 na swojej ulubionej platformie do gier. Jest to konieczne, aby uzyska\u0107 zach\u0119ty i otrzyma\u0107 dywidendy. Musisz r\u00f3wnie\u017c przej\u015b\u0107 przez weryfikacj\u0119 to\u017csamo\u015bci, poniewa\u017c bez tego nie b\u0119dziesz mia\u0142 dost\u0119pu do systemu nagr\u00f3d, a co najwa\u017cniejsze, do wyp\u0142aty wygranych \u015brodk\u00f3w.<\/p>\n<h3>Czym s\u0105 prezenty na platformie internetowej?<\/h3>\n<p>Dla siebie wyznacz, \u017ce zak\u0142ady hazardowe maj\u0105 nie tylko funkcj\u0119 rozrywkow\u0105, ale tak\u017ce spos\u00f3b na osi\u0105gni\u0119cie zysku. Odnajduj\u0105c swoj\u0105 strategi\u0119 gry i okre\u015blaj\u0105c w\u0142a\u015bciwy kierunek, mo\u017cesz wygra\u0107. Zach\u0119ty z platformy gier mog\u0105 otrzymywa\u0107 tylko zarejestrowani subskrybenci. Zach\u0119ty z bazy hazardowej: promocyjne sumy pieni\u0119dzy, rundy bez inwestycji, zak\u0142ady bez inwestycji w zak\u0142ady bukmacherskie lub inne nagrody, kt\u00f3re b\u0119d\u0105 dost\u0119pne dla Ciebie po pierwszym wp\u0142acie \u015brodk\u00f3w na scenie hazardowej i aktywowaniu na portalu kasyna online .<\/p>\n<h3>Czy powinienem u\u017cywa\u0107 nagr\u00f3d?<\/h3>\n<p>W rzeczywisto\u015bci to, czy skorzysta\u0107 z nagrody ze strony z grami, zale\u017cy tylko od twojego pragnienia. Ka\u017cda promocja zawiera wiele sugestii, a wyb\u00f3r nale\u017cy do Ciebie, aby to rozgry\u017a\u0107 i zgodzi\u0107 si\u0119 lub nie.<\/p>\n<p>Przeczytaj r\u00f3wnie\u017c o:<\/p>\n<ul>\n<li><a href=\"https:\/\/rocketplay-game.com\/pl\/bonus\/loyalty-program\/\">Loyalty Program<\/a><\/li>\n<\/ul>\n","protected":false},"excerpt":{"rendered":"<p>Kasyna internetowe stosuj\u0105 chwyt marketingowy, aby przyci\u0105gn\u0105\u0107 potencjalnych graczy, wyr\u00f3\u017cniaj\u0105c nagrody. Uczestnicy gry bonusowej w kasynie Rocket Play pomagaj\u0105 zrozumie\u0107 strategi\u0119 rozgrywki i uzyska\u0107 dodatkowe rundy przed pierwszym depozytem \u015brodk\u00f3w. Te nagrody s\u0105 zupe\u0142nie inne na ka\u017cdej platformie do gier. Po zapoznaniu si\u0119 z zasadami otrzymywania ka\u017cdej nagrody, wraz z zasadami obstawiania, b\u0119dziesz w stanie&#8230;<\/p>\n","protected":false},"author":1,"featured_media":0,"parent":2220,"menu_order":0,"comment_status":"closed","ping_status":"closed","template":"page-with-bonus.php","meta":{"_acf_changed":false,"_kad_post_transparent":"default","_kad_post_title":"default","_kad_post_layout":"default","_kad_post_sidebar_id":"","_kad_post_content_style":"default","_kad_post_vertical_padding":"default","_kad_post_feature":"","_kad_post_feature_position":"","_kad_post_header":false,"_kad_post_footer":false,"footnotes":""},"class_list":["post-2272","page","type-page","status-publish","hentry"],"acf":[],"rttpg_featured_image_url":null,"rttpg_author":{"display_name":"Tom","author_link":"https:\/\/rocketplay-game.com\/pl\/author\/pemvas95n89x\/"},"rttpg_comment":0,"rttpg_category":null,"rttpg_excerpt":"Kasyna internetowe stosuj\u0105 chwyt marketingowy, aby przyci\u0105gn\u0105\u0107 potencjalnych graczy, wyr\u00f3\u017cniaj\u0105c nagrody. Uczestnicy gry bonusowej w kasynie Rocket Play pomagaj\u0105 zrozumie\u0107 strategi\u0119 rozgrywki i uzyska\u0107 dodatkowe rundy przed pierwszym depozytem \u015brodk\u00f3w. Te nagrody s\u0105 zupe\u0142nie inne na ka\u017cdej platformie do gier. Po zapoznaniu si\u0119 z zasadami otrzymywania ka\u017cdej nagrody, wraz z zasadami obstawiania, b\u0119dziesz w stanie...","_links":{"self":[{"href":"https:\/\/rocketplay-game.com\/pl\/wp-json\/wp\/v2\/pages\/2272","targetHints":{"allow":["GET"]}}],"collection":[{"href":"https:\/\/rocketplay-game.com\/pl\/wp-json\/wp\/v2\/pages"}],"about":[{"href":"https:\/\/rocketplay-game.com\/pl\/wp-json\/wp\/v2\/types\/page"}],"author":[{"embeddable":true,"href":"https:\/\/rocketplay-game.com\/pl\/wp-json\/wp\/v2\/users\/1"}],"replies":[{"embeddable":true,"href":"https:\/\/rocketplay-game.com\/pl\/wp-json\/wp\/v2\/comments?post=2272"}],"version-history":[{"count":3,"href":"https:\/\/rocketplay-game.com\/pl\/wp-json\/wp\/v2\/pages\/2272\/revisions"}],"predecessor-version":[{"id":5303,"href":"https:\/\/rocketplay-game.com\/pl\/wp-json\/wp\/v2\/pages\/2272\/revisions\/5303"}],"up":[{"embeddable":true,"href":"https:\/\/rocketplay-game.com\/pl\/wp-json\/wp\/v2\/pages\/2220"}],"wp:attachment":[{"href":"https:\/\/rocketplay-game.com\/pl\/wp-json\/wp\/v2\/media?parent=2272"}],"curies":[{"name":"wp","href":"https:\/\/api.w.org\/{rel}","templated":true}]}}