{"id":2276,"date":"2022-05-16T09:06:33","date_gmt":"2022-05-16T06:06:33","guid":{"rendered":"https:\/\/rocketplay-game.com\/casino\/"},"modified":"2025-11-25T23:03:49","modified_gmt":"2025-11-25T20:03:49","slug":"casino","status":"publish","type":"page","link":"https:\/\/rocketplay-game.com\/pl\/casino\/","title":{"rendered":"Kasyno"},"content":{"rendered":"<div id=\"wppb-builder-container\" class=\"wppb-builder-container\">                <div  class=\"wppb-row-parent  wppb-row-1651149714946 \"  >\n\t\t\t\t\t\n\t\t\t\t\t\t\t\t\t\t\n\t\t\t\t\t\t\t\t\t\t\n\t\t\t\t\t<div class=\"wppb-container \">\n\t\t\t\t\t\t\t\t\t\t\t\t\t\n                        <div class=\"wppb-row\">\n\t\t\t\t\t\t\t                                    <div  class=\"wppb-column-parent wppb-column-parent-view wppb-col-1651149714949  \"  >\n                                        <div class=\"wppb-column\">\n\t\t\t\t\t\n\t\t\t\t\t\t\t\t\t\t\t\n                                            <div class=\"wppb-builder-addons\">\n\t\t\t\t\t\t\t\t\t\t\t\t<div class='wppb-builder-addon wppb-addon-1651150162258'  data-addon-id='1651150162258'><div class='wppb-addon'><div class=\"wppb-headline-addon\"><div class=\"wppb-headline-content\"><h1 class=\"wppb-addon-title\">Przegl\u0105d kasyn online RocketPlay<\/h1><\/div><\/div><\/div><\/div><div class='wppb-builder-addon wppb-addon-1651150171497'  data-addon-id='1651150171497'><div class='wppb-addon'><div class=\"wppb-text-block-addon\"><div class=\"wppb-text-block-content 0\"><p><span style=\"font-family: var(--global-body-font-family)\"><a href=\"https:\/\/rocketplay-game.com\/pl\">Kasyno RocketPlay<\/a> jest najpopularniejszym kasynem w Polska w\u015br\u00f3d graczy, doskonale ugruntowa\u0142o si\u0119 na rynku, oferuje u\u017cytkownikom atrakcyjne warunki i kusi ich atmosfer\u0105, jasnymi obrazami i realnymi wygranymi.<\/span><\/p><p>W kasynie ka\u017cdy mo\u017ce znale\u017a\u0107 gr\u0119 dla siebie, podekscytowa\u0107 si\u0119 i zainspirowa\u0107 zanurzeniem si\u0119 w prawdziwym \u015bwiecie hazardu.<\/p><\/div><\/div><\/div><\/div><div class='wppb-builder-addon wppb-addon-1651149715158'  data-addon-id='1651149715158'><div class='wppb-addon'><div class=\"wppb-addon wppb-button-addon\"><div class=\"wppb-button-addon-content\"><a  href=\"\/go-casino\/\" target=_blank class=\"wppb-btn-addons  wppb-btn-custom wppb-btn-round wppb-btn-large wppb-btn-no\">ZAGRAJ TERAZ<\/a><\/div><\/div><\/div><\/div>                                            <\/div>\n                                        <\/div>\n                                    <\/div>\n\t\t\t\t\t\t\t\t\t                                    <div  class=\"wppb-column-parent wppb-column-parent-view wppb-col-1651149714947  \"  >\n                                        <div class=\"wppb-column\">\n\t\t\t\t\t\n\t\t\t\t\t\t\t\t\t\t\t\n                                            <div class=\"wppb-builder-addons\">\n\t\t\t\t\t\t\t\t\t\t\t\t<div class='wppb-builder-addon wppb-addon-1707724854272'  data-addon-id='1707724854272'><div class='wppb-addon'><div class=\"wppb-image-addon\"><figure class=\"wppb-image-addon-content-wrap\"><div class=\"wppb-image-addon-content wppb-imginlineblock\"><img decoding=\"async\" class=\"wppb-image-addon-img\" src=\"https:\/\/rocketplay-game.com\/wp-content\/uploads\/2024\/02\/cas1.jpg\" alt=\"RocketPlay\"><\/div><\/figure><\/div><\/div><\/div>                                            <\/div>\n                                        <\/div>\n                                    <\/div>\n\t\t\t\t\t\t\t\t\t                        <\/div>\n\n                    <\/div>\n                <\/div>\n\t\t\t\t                <div  class=\"wppb-row-parent  wppb-row-1651149715118 \"  >\n\t\t\t\t\t\n\t\t\t\t\t\t\t\t\t\t\n\t\t\t\t\t\t\t\t\t\t\n\t\t\t\t\t<div class=\"wppb-container \">\n\t\t\t\t\t\t\t\t\t\t\t\t\t\n                        <div class=\"wppb-row\">\n\t\t\t\t\t\t\t                                    <div  class=\"wppb-column-parent wppb-column-parent-view wppb-col-1651149715122  \"  >\n                                        <div class=\"wppb-column\">\n\t\t\t\t\t\n\t\t\t\t\t\t\t\t\t\t\t\n                                            <div class=\"wppb-builder-addons\">\n\t\t\t\t\t\t\t\t\t\t\t\t<div class='wppb-builder-addon wppb-addon-1707724854277'  data-addon-id='1707724854277'><div class='wppb-addon'><div class=\"wppb-image-addon\"><figure class=\"wppb-image-addon-content-wrap\"><div class=\"wppb-image-addon-content wppb-imginlineblock\"><img decoding=\"async\" class=\"wppb-image-addon-img\" src=\"https:\/\/rocketplay-game.com\/wp-content\/uploads\/2024\/02\/cas2.jpg\" alt=\"RocketPlay 2\"><\/div><\/figure><\/div><\/div><\/div>                                            <\/div>\n                                        <\/div>\n                                    <\/div>\n\t\t\t\t\t\t\t\t\t                                    <div  class=\"wppb-column-parent wppb-column-parent-view wppb-col-1651149715119  \"  >\n                                        <div class=\"wppb-column\">\n\t\t\t\t\t\n\t\t\t\t\t\t\t\t\t\t\t\n                                            <div class=\"wppb-builder-addons\">\n\t\t\t\t\t\t\t\t\t\t\t\t<div class='wppb-builder-addon wppb-addon-1651149715120'  data-addon-id='1651149715120'><div class='wppb-addon'><div class=\"wppb-headline-addon\"><div class=\"wppb-headline-content\"><h2 class=\"wppb-addon-title\">Oficjalna strona RocketPlay<\/h2><\/div><\/div><\/div><\/div><div class='wppb-builder-addon wppb-addon-1651149715121'  data-addon-id='1651149715121'><div class='wppb-addon'><div class=\"wppb-text-block-addon\"><div class=\"wppb-text-block-content 0\"><p>Wchodz\u0105c na stron\u0119 kasyna online, znajdziesz wygodny i przejrzysty interfejs - jasne obrazy, atmosfera gry i dyskretny d\u017awi\u0119k dodadz\u0105 grze dodatkowego uroku. Tw\u00f3rcy strony regularnie j\u0105 aktualizuj\u0105 i modernizuj\u0105, aby wszystkie procesy w kasynie by\u0142y zgodne z nowoczesnymi trendami. Co najwa\u017cniejsze - korzystanie ze strony kasyna nie jest trudne, aby zrozumie\u0107 interfejs b\u0119dzie m\u00f3g\u0142 ka\u017cdy.<\/p><p>Po wej\u015bciu na stron\u0119 u\u017cytkownikowi oferowane s\u0105 nast\u0119puj\u0105ce sekcje:<\/p><ul><li>pok\u00f3j gier, w kt\u00f3rym znajduj\u0105 si\u0119 <a href=\"https:\/\/rocketplay-game.com\/pl\/slots\/\">wszystkie automaty<\/a> do gier kasyna online;<\/li><li>poker sportowy;<\/li><li>premie;<\/li><li>hala s\u0142aw, w kt\u00f3rej znajduj\u0105 si\u0119 wygrane zarejestrowanych u\u017cytkownik\u00f3w automat\u00f3w do gier;<\/li><li>turnieje, w kt\u00f3rych zarejestrowani gracze maj\u0105 prawo bra\u0107 udzia\u0142, otrzymuj\u0105 bonusy i inne nagrody, a nast\u0119pnie wykorzystuj\u0105 je w automatach, zwi\u0119kszaj\u0105c swoje szanse na wygran\u0105;<\/li><li>questy, przej\u015bcie, kt\u00f3re mog\u0105 by\u0107 codziennymi darmowymi spinami, darmowymi spinami i innymi nagrodami pieni\u0119\u017cnymi, kt\u00f3re nast\u0119pnie mog\u0105 si\u0119 przyda\u0107 w kasynie;<\/li><li>pomoc, gdzie mo\u017cna znale\u017a\u0107 odpowiedzi na pytania najpopularniejszych graczy, bez konieczno\u015bci kontaktu z obs\u0142ug\u0105.<\/li><\/ul><\/div><\/div><\/div><\/div>                                            <\/div>\n                                        <\/div>\n                                    <\/div>\n\t\t\t\t\t\t\t\t\t                        <\/div>\n\n                    <\/div>\n                <\/div>\n\t\t\t\t                <div  class=\"wppb-row-parent  wppb-row-1652183192609 \"  >\n\t\t\t\t\t\n\t\t\t\t\t\t\t\t\t\t\n\t\t\t\t\t\t\t\t\t\t\n\t\t\t\t\t<div class=\"wppb-container \">\n\t\t\t\t\t\t\t\t\t\t\t\t\t\n                        <div class=\"wppb-row\">\n\t\t\t\t\t\t\t                                    <div  class=\"wppb-column-parent wppb-column-parent-view wppb-col-1652183192610  \"  >\n                                        <div class=\"wppb-column\">\n\t\t\t\t\t\n\t\t\t\t\t\t\t\t\t\t\t\n                                            <div class=\"wppb-builder-addons\">\n\t\t\t\t\t\t\t\t\t\t\t\t<div class='wppb-builder-addon wppb-addon-1652183192623'  data-addon-id='1652183192623'><div class='wppb-addon'><div class=\"wppb-headline-addon\"><div class=\"wppb-headline-content\"><h2 class=\"wppb-addon-title\">Rejestracja i logowanie do kasyna online<\/h2><\/div><\/div><\/div><\/div><div class='wppb-builder-addon wppb-addon-1652183192612'  data-addon-id='1652183192612'><div class='wppb-addon'><div class=\"wppb-text-block-addon\"><div class=\"wppb-text-block-content 0\"><p>Mo\u017cesz zarejestrowa\u0107 si\u0119 w zasobie w kilka sekund. Aby to zrobi\u0107, musisz wykona\u0107 podstawowe czynno\u015bci:<\/p><ul><li>Przejd\u017a na oficjaln\u0105 stron\u0119 kasyna online<\/li><li>RocketPlay;<\/li><li>Kliknij przycisk - \u201eRejestracja\u201d;<\/li><li>Wype\u0142nij standardowy kwestionariusz, w kt\u00f3rym musisz poda\u0107 adres e-mail, poda\u0107 nazw\u0119 u\u017cytkownika i has\u0142o oraz poda\u0107 prawdziwe informacje o sobie;<\/li><li>Nast\u0119pnym krokiem b\u0119dzie wyb\u00f3r waluty gry;<\/li><li>Po sprawdzeniu poprawno\u015bci wprowadzonych danych nale\u017cy zapozna\u0107 si\u0119 z regulaminem zak\u0142adu hazardowego Joycasino;<\/li><li>Na e-mail po wys\u0142aniu formularza przyjdzie potwierdzenie konta;<\/li><li>Przejd\u017a do hiper\u0142\u0105cza i teraz mo\u017cesz \u0142atwo zalogowa\u0107 si\u0119 do swojej osobistej szafki.<\/li><\/ul><p>Ponadto gracze mog\u0105 logowa\u0107 si\u0119 za po\u015brednictwem dowolnej sieci spo\u0142eczno\u015bciowej:<\/p><ul><li>Facebook;<\/li><li>Google+.<\/li><\/ul><p>Rejestracja jest uwa\u017cana za ca\u0142kowicie bezp\u0142atn\u0105 i nie wymaga \u017cadnych dodatkowych inwestycji. Poniewa\u017c tylko osoby pe\u0142noletnie mog\u0105 utworzy\u0107 profil w kasynie online, s\u0142u\u017cba bezpiecze\u0144stwa mo\u017ce za\u017c\u0105da\u0107 zdj\u0119cia Twojego dokumentu w celu identyfikacji. Ta procedura zapewni r\u00f3wnie\u017c p\u0142ynn\u0105 wyp\u0142at\u0119 pieni\u0119dzy z Twojego konta hazardowego.<\/p><\/div><\/div><\/div><\/div>                                            <\/div>\n                                        <\/div>\n                                    <\/div>\n\t\t\t\t\t\t\t\t\t                                    <div  class=\"wppb-column-parent wppb-column-parent-view wppb-col-1652183192613  \"  >\n                                        <div class=\"wppb-column\">\n\t\t\t\t\t\n\t\t\t\t\t\t\t\t\t\t\t\n                                            <div class=\"wppb-builder-addons\">\n\t\t\t\t\t\t\t\t\t\t\t\t<div class='wppb-builder-addon wppb-addon-1707724854282'  data-addon-id='1707724854282'><div class='wppb-addon'><div class=\"wppb-image-addon\"><figure class=\"wppb-image-addon-content-wrap\"><div class=\"wppb-image-addon-content wppb-imginlineblock\"><img decoding=\"async\" class=\"wppb-image-addon-img\" src=\"https:\/\/rocketplay-game.com\/wp-content\/uploads\/2024\/02\/cas3.jpg\" alt=\"RocketPlay 3\"><\/div><\/figure><\/div><\/div><\/div>                                            <\/div>\n                                        <\/div>\n                                    <\/div>\n\t\t\t\t\t\t\t\t\t                        <\/div>\n\n                    <\/div>\n                <\/div>\n\t\t\t\t                <div  class=\"wppb-row-parent  wppb-row-1652183192642 \"  >\n\t\t\t\t\t\n\t\t\t\t\t\t\t\t\t\t\n\t\t\t\t\t\t\t\t\t\t\n\t\t\t\t\t<div class=\"wppb-container \">\n\t\t\t\t\t\t\t\t\t\t\t\t\t\n                        <div class=\"wppb-row\">\n\t\t\t\t\t\t\t                                    <div  class=\"wppb-column-parent wppb-column-parent-view wppb-col-1652183192643  \"  >\n                                        <div class=\"wppb-column\">\n\t\t\t\t\t\n\t\t\t\t\t\t\t\t\t\t\t\n                                            <div class=\"wppb-builder-addons\">\n\t\t\t\t\t\t\t\t\t\t\t\t<div class='wppb-builder-addon wppb-addon-1707724854287'  data-addon-id='1707724854287'><div class='wppb-addon'><div class=\"wppb-image-addon\"><figure class=\"wppb-image-addon-content-wrap\"><div class=\"wppb-image-addon-content wppb-imginlineblock\"><img decoding=\"async\" class=\"wppb-image-addon-img\" src=\"https:\/\/rocketplay-game.com\/wp-content\/uploads\/2024\/02\/cas-4.jpg\" alt=\"RocketPlay 4\"><\/div><\/figure><\/div><\/div><\/div>                                            <\/div>\n                                        <\/div>\n                                    <\/div>\n\t\t\t\t\t\t\t\t\t                                    <div  class=\"wppb-column-parent wppb-column-parent-view wppb-col-1652183192645  \"  >\n                                        <div class=\"wppb-column\">\n\t\t\t\t\t\n\t\t\t\t\t\t\t\t\t\t\t\n                                            <div class=\"wppb-builder-addons\">\n\t\t\t\t\t\t\t\t\t\t\t\t<div class='wppb-builder-addon wppb-addon-1652183192646'  data-addon-id='1652183192646'><div class='wppb-addon'><div class=\"wppb-headline-addon\"><div class=\"wppb-headline-content\"><h2 class=\"wppb-addon-title\">Wsparcie techniczne<\/h2><\/div><\/div><\/div><\/div><div class='wppb-builder-addon wppb-addon-1652183192647'  data-addon-id='1652183192647'><div class='wppb-addon'><div class=\"wppb-text-block-addon\"><div class=\"wppb-text-block-content 0\"><p>Je\u015bli w cz\u0119sto zadawanych pytaniach gracz nie mo\u017ce znale\u017a\u0107 odpowiedzi na swoje pytanie - zawsze mo\u017ce zapyta\u0107 specjalist\u00f3w kasyna, kt\u00f3rzy pracuj\u0105 przez ca\u0142\u0105 dob\u0119 online bez przerw i weekend\u00f3w na nowej stronie kasyna RocketPlay.<\/p><p>Mo\u017cesz skontaktowa\u0107 si\u0119 z pomoc\u0105 techniczn\u0105 w nast\u0119puj\u0105cy spos\u00f3b:<\/p><ul><li>e-mail - wysy\u0142aj\u0105c odpowiedni e-mail;<\/li><li>telefon kontaktowy;<\/li><li>chatbot w Telegramie i Viberze.<\/li><\/ul><p>Najwa\u017cniejsze, \u017ce wszystkie te metody s\u0105 dost\u0119pne dla absolutnie wszystkich graczy i u\u017cytkownik\u00f3w, s\u0105 odpowiednie i dzia\u0142aj\u0105 bez ogranicze\u0144. Z kolei wesprzyj specjalist\u00f3w kasynowych, staraj si\u0119 dostarcza\u0107 niezb\u0119dne informacje i rozwi\u0105zywa\u0107 pytania tak szybko, jak to mo\u017cliwe.<\/p><\/div><\/div><\/div><\/div>                                            <\/div>\n                                        <\/div>\n                                    <\/div>\n\t\t\t\t\t\t\t\t\t                        <\/div>\n\n                    <\/div>\n                <\/div>\n\t\t\t\t                <div  class=\"wppb-row-parent  wppb-row-1652183192667 \"  >\n\t\t\t\t\t\n\t\t\t\t\t\t\t\t\t\t\n\t\t\t\t\t\t\t\t\t\t\n\t\t\t\t\t<div class=\"wppb-container \">\n\t\t\t\t\t\t\t\t\t\t\t\t\t\n                        <div class=\"wppb-row\">\n\t\t\t\t\t\t\t                                    <div  class=\"wppb-column-parent wppb-column-parent-view wppb-col-1652183192668  \"  >\n                                        <div class=\"wppb-column\">\n\t\t\t\t\t\n\t\t\t\t\t\t\t\t\t\t\t\n                                            <div class=\"wppb-builder-addons\">\n\t\t\t\t\t\t\t\t\t\t\t\t<div class='wppb-builder-addon wppb-addon-1652183192669'  data-addon-id='1652183192669'><div class='wppb-addon'><div class=\"wppb-headline-addon\"><div class=\"wppb-headline-content\"><h2 class=\"wppb-addon-title\">Jednor\u0119ki bandyta<\/h2><\/div><\/div><\/div><\/div><div class='wppb-builder-addon wppb-addon-1652183192670'  data-addon-id='1652183192670'><div class='wppb-addon'><div class=\"wppb-text-block-addon\"><div class=\"wppb-text-block-content 0\"><p>Witryna RocketPlay Casino Australia zaprezentowa\u0142a do\u015b\u0107 szerok\u0105 gam\u0119 wszelkiego rodzaju automat\u00f3w do gier od r\u00f3\u017cnych programist\u00f3w. Ka\u017cda maszyna jest wyj\u0105tkowa na sw\u00f3j spos\u00f3b, przyci\u0105ga w\u0142asne warunki, programy bonusowe i prawdziwie hazardow\u0105 atmosfer\u0119.<\/p><p>Istniej\u0105 zar\u00f3wno klasyczne gry, kt\u00f3re mo\u017cna znale\u017a\u0107 w innych kasynach, jak i te rzadsze.<\/p><p>Prawie wszystkie prezentowane gry charakteryzuj\u0105 si\u0119 nast\u0119puj\u0105cymi atrybutami:<\/p><ul><li>Ciekawa historia przygodowa, kt\u00f3r\u0105 mo\u017cna zaczerpn\u0105\u0107 z filmu lub ksi\u0105\u017cki;<\/li><li>Obecno\u015b\u0107 ko\u0142owrotk\u00f3w i \u017cy\u0142ek spinningowych;<\/li><li>Oferty bonusowe, darmowe spiny i darmowe spiny.<\/li><\/ul><p>Co wi\u0119cej, ka\u017cdy automat do gry ma dwie wersje: p\u0142atn\u0105 i darmow\u0105. Darmowy jest zwykle bardziej interesuj\u0105cy dla nowicjuszy w kasynach online, kt\u00f3rzy dopiero rozpoczynaj\u0105 swoj\u0105 przygod\u0119 z hazardem i chc\u0105 nauczy\u0107 si\u0119 podstaw gry. Wersja p\u0142atna jest przeznaczona dla bardziej do\u015bwiadczonych graczy, kt\u00f3rzy s\u0105 w stanie i chc\u0105 stawia\u0107 prawdziwe zak\u0142ady i wygrywa\u0107 prawdziwe pieni\u0105dze, wyp\u0142acaj\u0105c \u015brodki. Ale ka\u017cdy ma mo\u017cliwo\u015b\u0107 wyboru tego, co mu si\u0119 podoba, jaki wariant gry i jaki wynik wydarze\u0144.<\/p><\/div><\/div><\/div><\/div>                                            <\/div>\n                                        <\/div>\n                                    <\/div>\n\t\t\t\t\t\t\t\t\t                                    <div  class=\"wppb-column-parent wppb-column-parent-view wppb-col-1652183192671  \"  >\n                                        <div class=\"wppb-column\">\n\t\t\t\t\t\n\t\t\t\t\t\t\t\t\t\t\t\n                                            <div class=\"wppb-builder-addons\">\n\t\t\t\t\t\t\t\t\t\t\t\t<div class='wppb-builder-addon wppb-addon-1707724854292'  data-addon-id='1707724854292'><div class='wppb-addon'><div class=\"wppb-image-addon\"><figure class=\"wppb-image-addon-content-wrap\"><div class=\"wppb-image-addon-content wppb-imginlineblock\"><img decoding=\"async\" class=\"wppb-image-addon-img\" src=\"https:\/\/rocketplay-game.com\/wp-content\/uploads\/2024\/02\/cas-5.jpg\" alt=\"RocketPlay 5\"><\/div><\/figure><\/div><\/div><\/div>                                            <\/div>\n                                        <\/div>\n                                    <\/div>\n\t\t\t\t\t\t\t\t\t                        <\/div>\n\n                    <\/div>\n                <\/div>\n\t\t\t\t                <div  class=\"wppb-row-parent  wppb-row-1652449333680 \"  >\n\t\t\t\t\t\n\t\t\t\t\t\t\t\t\t\t\n\t\t\t\t\t\t\t\t\t\t\n\t\t\t\t\t<div class=\"wppb-container \">\n\t\t\t\t\t\t\t\t\t\t\t\t\t\n                        <div class=\"wppb-row\">\n\t\t\t\t\t\t\t                                    <div  class=\"wppb-column-parent wppb-column-parent-view wppb-col-1652449333681  \"  >\n                                        <div class=\"wppb-column\">\n\t\t\t\t\t\n\t\t\t\t\t\t\t\t\t\t\t\n                                            <div class=\"wppb-builder-addons\">\n\t\t\t\t\t\t\t\t\t\t\t\t<div class='wppb-builder-addon wppb-addon-1707724854297'  data-addon-id='1707724854297'><div class='wppb-addon'><div class=\"wppb-image-addon\"><figure class=\"wppb-image-addon-content-wrap\"><div class=\"wppb-image-addon-content wppb-imginlineblock\"><img decoding=\"async\" class=\"wppb-image-addon-img\" src=\"https:\/\/rocketplay-game.com\/wp-content\/uploads\/2024\/02\/cas6-1.jpg\" alt=\"RocketPlay 6\"><\/div><\/figure><\/div><\/div><\/div>                                            <\/div>\n                                        <\/div>\n                                    <\/div>\n\t\t\t\t\t\t\t\t\t                                    <div  class=\"wppb-column-parent wppb-column-parent-view wppb-col-1652449333683  \"  >\n                                        <div class=\"wppb-column\">\n\t\t\t\t\t\n\t\t\t\t\t\t\t\t\t\t\t\n                                            <div class=\"wppb-builder-addons\">\n\t\t\t\t\t\t\t\t\t\t\t\t<div class='wppb-builder-addon wppb-addon-1652449333684'  data-addon-id='1652449333684'><div class='wppb-addon'><div class=\"wppb-headline-addon\"><div class=\"wppb-headline-content\"><h2 class=\"wppb-addon-title\">Recenzje o kasynie w sieci<\/h2><\/div><\/div><\/div><\/div><div class='wppb-builder-addon wppb-addon-1652449333685'  data-addon-id='1652449333685'><div class='wppb-addon'><div class=\"wppb-text-block-addon\"><div class=\"wppb-text-block-content 0\"><p>R\u00f3\u017cni gracze, kt\u00f3rzy mieli czas na zapoznanie si\u0119 z us\u0142ugami placu zabaw, opowiadaj\u0105 o swoich do\u015bwiadczeniach w Internecie. Przede wszystkim jednak podkre\u015bla si\u0119 r\u00f3\u017cnorodno\u015b\u0107 slot\u00f3w i wygod\u0119 wyboru ciekawych osiedli. Zdobyte pozytywne recenzje i system <a href=\"https:\/\/rocketplay-game.com\/pl\/vip\/\">VIP<\/a>. Gracze m\u00f3wi\u0105 o ochronie \u015brodk\u00f3w i danych osobowych. Wygrane s\u0105 wyp\u0142acane terminowo, obs\u0142uga klienta szybko odpowiada na pytania. Aplikacja kasynowa RocketPlay dzia\u0142a bardzo dobrze.<\/p><\/div><\/div><\/div><\/div>                                            <\/div>\n                                        <\/div>\n                                    <\/div>\n\t\t\t\t\t\t\t\t\t                        <\/div>\n\n                    <\/div>\n                <\/div>\n\t\t\t\t                <div  class=\"wppb-row-parent  wppb-row-1651158175344 \"  >\n\t\t\t\t\t\n\t\t\t\t\t\t\t\t\t\t\n\t\t\t\t\t\t\t\t\t\t\n\t\t\t\t\t<div class=\"wppb-container \">\n\t\t\t\t\t\t\t\t\t\t\t\t\t\n                        <div class=\"wppb-row\">\n\t\t\t\t\t\t\t                                    <div  class=\"wppb-column-parent wppb-column-parent-view wppb-col-1651158175347  \"  >\n                                        <div class=\"wppb-column\">\n\t\t\t\t\t\n\t\t\t\t\t\t\t\t\t\t\t\n                                            <div class=\"wppb-builder-addons\">\n\t\t\t\t\t\t\t\t\t\t\t\t<div class='wppb-builder-addon wppb-addon-1651158175348'  data-addon-id='1651158175348'><div class='wppb-addon'><div class=\"wppb-headline-addon\"><div class=\"wppb-headline-content\"><h2 class=\"wppb-addon-title\">Rejestracja i bonus powitalny<\/h2><\/div><\/div><\/div><\/div><div class='wppb-builder-addon wppb-addon-1651158175349'  data-addon-id='1651158175349'><div class='wppb-addon'><div class=\"wppb-text-block-addon\"><div class=\"wppb-text-block-content 0\"><p>Rejestracja na oficjalnej stronie zajmuje tylko kilka minut - musisz wype\u0142ni\u0107 e-mail, wymy\u015bli\u0107 has\u0142o, aby si\u0119 zabezpieczy\u0107, a po wype\u0142nieniu formularza zweryfikowa\u0107 dane kontaktowe. Ka\u017cdy nowicjusz ma prawo do premii startowej za zaliczenie rejestracji. Bonus za rejestracj\u0119 w kasynie pojawi si\u0119 natychmiast, a nast\u0119pnie mo\u017cesz zacz\u0105\u0107 gra\u0107 na pieni\u0105dze. Wcze\u015bniej zalecano ponowne zapoznanie si\u0119 z list\u0105 zasad, zgodnie z kt\u00f3rymi rejestrowa\u0107 si\u0119 mog\u0105 tylko pe\u0142noletni gracze.<\/p><p>Wirtualne kasyna s\u0105 dost\u0119pne bez przerw i weekend\u00f3w, dzi\u0119ki czemu gracze maj\u0105 mo\u017cliwo\u015b\u0107 uruchamiania wirtualnych maszyn w ka\u017cdych okoliczno\u015bciach. Ta recenzja kasyna RocketPlay powinna pom\u00f3c zrozumie\u0107 wszystkie zawi\u0142o\u015bci pracy.<\/p><\/div><\/div><\/div><\/div>                                            <\/div>\n                                        <\/div>\n                                    <\/div>\n\t\t\t\t\t\t\t\t\t                                    <div  class=\"wppb-column-parent wppb-column-parent-view wppb-col-1651158175345  \"  >\n                                        <div class=\"wppb-column\">\n\t\t\t\t\t\n\t\t\t\t\t\t\t\t\t\t\t\n                                            <div class=\"wppb-builder-addons\">\n\t\t\t\t\t\t\t\t\t\t\t\t<div class='wppb-builder-addon wppb-addon-1707724854302'  data-addon-id='1707724854302'><div class='wppb-addon'><div class=\"wppb-image-addon\"><figure class=\"wppb-image-addon-content-wrap\"><div class=\"wppb-image-addon-content wppb-imginlineblock\"><img decoding=\"async\" class=\"wppb-image-addon-img\" src=\"https:\/\/rocketplay-game.com\/wp-content\/uploads\/2024\/02\/cas7.jpg\" alt=\"RocketPlay 7\"><\/div><\/figure><\/div><\/div><\/div>                                            <\/div>\n                                        <\/div>\n                                    <\/div>\n\t\t\t\t\t\t\t\t\t                        <\/div>\n\n                    <\/div>\n                <\/div>\n\t\t\t\t<\/div>","protected":false},"excerpt":{"rendered":"<p>Przegl\u0105d kasyn online RocketPlayKasyno RocketPlay jest najpopularniejszym kasynem w Polska w\u015br\u00f3d graczy, doskonale ugruntowa\u0142o si\u0119 na rynku, oferuje u\u017cytkownikom atrakcyjne warunki i kusi ich atmosfer\u0105, jasnymi obrazami i realnymi wygranymi.W kasynie ka\u017cdy mo\u017ce znale\u017a\u0107 gr\u0119 dla siebie, podekscytowa\u0107 si\u0119 i zainspirowa\u0107 zanurzeniem si\u0119 w prawdziwym \u015bwiecie hazardu.ZAGRAJ TERAZ Oficjalna strona RocketPlayWchodz\u0105c na stron\u0119 kasyna online,&#8230;<\/p>\n","protected":false},"author":1,"featured_media":0,"parent":0,"menu_order":0,"comment_status":"closed","ping_status":"closed","template":"wppb_theme_template","meta":{"_acf_changed":false,"_kad_post_transparent":"default","_kad_post_title":"default","_kad_post_layout":"default","_kad_post_sidebar_id":"","_kad_post_content_style":"default","_kad_post_vertical_padding":"default","_kad_post_feature":"","_kad_post_feature_position":"","_kad_post_header":false,"_kad_post_footer":false,"footnotes":""},"class_list":["post-2276","page","type-page","status-publish","hentry"],"acf":[],"rttpg_featured_image_url":null,"rttpg_author":{"display_name":"Tom","author_link":"https:\/\/rocketplay-game.com\/pl\/author\/pemvas95n89x\/"},"rttpg_comment":0,"rttpg_category":null,"rttpg_excerpt":"Przegl\u0105d kasyn online RocketPlayKasyno RocketPlay jest najpopularniejszym kasynem w Polska w\u015br\u00f3d graczy, doskonale ugruntowa\u0142o si\u0119 na rynku, oferuje u\u017cytkownikom atrakcyjne warunki i kusi ich atmosfer\u0105, jasnymi obrazami i realnymi wygranymi.W kasynie ka\u017cdy mo\u017ce znale\u017a\u0107 gr\u0119 dla siebie, podekscytowa\u0107 si\u0119 i zainspirowa\u0107 zanurzeniem si\u0119 w prawdziwym \u015bwiecie hazardu.ZAGRAJ TERAZ Oficjalna strona RocketPlayWchodz\u0105c na stron\u0119 kasyna online,...","_links":{"self":[{"href":"https:\/\/rocketplay-game.com\/pl\/wp-json\/wp\/v2\/pages\/2276","targetHints":{"allow":["GET"]}}],"collection":[{"href":"https:\/\/rocketplay-game.com\/pl\/wp-json\/wp\/v2\/pages"}],"about":[{"href":"https:\/\/rocketplay-game.com\/pl\/wp-json\/wp\/v2\/types\/page"}],"author":[{"embeddable":true,"href":"https:\/\/rocketplay-game.com\/pl\/wp-json\/wp\/v2\/users\/1"}],"replies":[{"embeddable":true,"href":"https:\/\/rocketplay-game.com\/pl\/wp-json\/wp\/v2\/comments?post=2276"}],"version-history":[{"count":2,"href":"https:\/\/rocketplay-game.com\/pl\/wp-json\/wp\/v2\/pages\/2276\/revisions"}],"predecessor-version":[{"id":2290,"href":"https:\/\/rocketplay-game.com\/pl\/wp-json\/wp\/v2\/pages\/2276\/revisions\/2290"}],"wp:attachment":[{"href":"https:\/\/rocketplay-game.com\/pl\/wp-json\/wp\/v2\/media?parent=2276"}],"curies":[{"name":"wp","href":"https:\/\/api.w.org\/{rel}","templated":true}]}}