{"id":2322,"date":"2022-06-17T16:45:32","date_gmt":"2022-06-17T13:45:32","guid":{"rendered":"https:\/\/rocketplay-game.com\/download\/"},"modified":"2024-02-09T16:30:27","modified_gmt":"2024-02-09T13:30:27","slug":"download","status":"publish","type":"page","link":"https:\/\/rocketplay-game.com\/pl\/download\/","title":{"rendered":"Pobierz kasyno online RocketPlay"},"content":{"rendered":"<p>W dzisiejszych czasach wiele os\u00f3b lubi pr\u00f3bowa\u0107 szcz\u0119\u015bcia i gra\u0107 na automatach, a do tego istnieje ogromna liczba instytucji. Na przyk\u0142ad mo\u017cesz pobra\u0107 kasyno online RocketPlay. Ale wielu zastanawia si\u0119, czy mo\u017cesz spr\u00f3bowa\u0107 gra\u0107 za darmo, nie trac\u0105c w\u0142asnych pieni\u0119dzy? Czy jest taka szansa? A my odpowiadamy z du\u017c\u0105 pewno\u015bci\u0105, \u017ce nie tylko istnieje, ale jest do\u015b\u0107 popularny! Szczeg\u00f3lnie pocz\u0105tkuj\u0105cy lubi\u0105 gra\u0107 bez pieni\u0119dzy. Pami\u0119taj, \u017ce w tym przypadku nie mo\u017cesz wyp\u0142aci\u0107 swojej wygranej, poniewa\u017c nie przynosisz w\u0142asnych, ale jest wiele innych zalet. O tym teraz porozmawiamy. Ale zacznijmy od kilku podstawowych informacji na temat hazardu online.<\/p>\n<p style=\"text-align: center;\"><img loading=\"lazy\" decoding=\"async\" class=\"aligncenter wp-image-4723\" src=\"https:\/\/rocketplay-game.com\/wp-content\/uploads\/2024\/02\/tytryew2.png\" alt=\"Download RocketPlay\" width=\"800\" height=\"388\" srcset=\"https:\/\/rocketplay-game.com\/wp-content\/uploads\/2024\/02\/tytryew2.png 1386w, https:\/\/rocketplay-game.com\/wp-content\/uploads\/2024\/02\/tytryew2-300x145.png 300w, https:\/\/rocketplay-game.com\/wp-content\/uploads\/2024\/02\/tytryew2-1024x496.png 1024w, https:\/\/rocketplay-game.com\/wp-content\/uploads\/2024\/02\/tytryew2-768x372.png 768w\" sizes=\"auto, (max-width: 800px) 100vw, 800px\" \/><\/p>\n<h2>Co to jest kasyno online: przydatne informacje<\/h2>\n<p>Ka\u017cdy gracz powinien mie\u0107 \u015bwiadomo\u015b\u0107, \u017ce prawie wszystkie dzisiejsze kluby stopniowo przechodz\u0105 na format online. Wirtualne kasyna oferuj\u0105 prawie tyle samo maszyn, co tradycyjne. W ten spos\u00f3b oferuj\u0105 szerok\u0105 gam\u0119 rozrywki dla graczy, w tym automaty online, gry karciane, <a href=\"https:\/\/rocketplay-game.com\/pl\/poker\/\">poker<\/a> i wiele innych. A wszystkie z nich s\u0105 dost\u0119pne dla absolutnie ka\u017cdego gracza, kt\u00f3ry zdecyduje si\u0119 odwiedzi\u0107 konkretn\u0105 stron\u0119 i dobrze si\u0119 tam bawi\u0107.<\/p>\n<p>W\u015br\u00f3d zalet ka\u017cdego kasyna w Internecie jest mo\u017cliwo\u015b\u0107 pobrania darmowych gier kasynowych RocketPlay. Ta opcja pozwala cieszy\u0107 si\u0119 ulubionym hobby nawet poza domem. A kiedy jeste\u015b w podr\u00f3\u017cy, b\u0119dziesz m\u00f3g\u0142 wej\u015b\u0107 na stron\u0119 i zagra\u0107 w automaty.<\/p>\n<h2>Przewodnik po pobieraniu kasyna<\/h2>\n<p>Za\u0142\u00f3\u017cmy, \u017ce zdecydujesz si\u0119 pobra\u0107 aplikacj\u0119 kasyna RocketPlay. W takim przypadku musisz post\u0119powa\u0107 w nast\u0119puj\u0105cy spos\u00f3b:<\/p>\n<ul>\n<li>Pobierz pliki kasyna. Zalecamy pobieranie kasyna wy\u0142\u0105cznie z jego oficjalnego portalu. W ten spos\u00f3b mo\u017cesz mie\u0107 pewno\u015b\u0107, \u017ce nie padniesz ofiar\u0105 oszust\u00f3w i uzyskasz dok\u0142adnie te pliki, kt\u00f3rych potrzebujesz &#8211; bez wirus\u00f3w, trojan\u00f3w i innego z\u0142o\u015bliwego oprogramowania;<\/li>\n<li>Uruchomienie klienta. Po pobraniu plik\u00f3w wystarczy je otworzy\u0107. Nie spiesz si\u0119 z klikaniem wszystkich przycisk\u00f3w &#8211; wkr\u00f3tce zostaniesz poproszony o przeczytanie warunk\u00f3w umowy u\u017cytkownika, wyb\u00f3r j\u0119zyka interfejsu i tak dalej;<\/li>\n<li>Je\u015bli nie masz profilu na \u201epe\u0142nej\u201d stronie kasyna, utw\u00f3rz nowe konto. Je\u015bli masz ju\u017c profil, po prostu zaloguj si\u0119 na swoje konto Live, u\u017cywaj\u0105c swojej starej nazwy u\u017cytkownika i has\u0142a. Je\u015bli z jakiegokolwiek powodu nie zgadzaj\u0105 si\u0119 one z Twoj\u0105 nazw\u0105 u\u017cytkownika i has\u0142em, popro\u015b o pomoc techniczn\u0105.<\/li>\n<\/ul>\n<p>Kasyna online w aplikacjach mobilnych oferuj\u0105 wyb\u00f3r gry na prawdziwe pieni\u0105dze lub za darmo. Zalecamy, aby najpierw wybra\u0107 darmow\u0105 wersj\u0119 demo z kasyna RocketPlay, a nast\u0119pnie pobra\u0107 gry kasynowe RocketPlay na prawdziwe pieni\u0105dze. Mo\u017cesz zapozna\u0107 si\u0119 z menu, rozmieszczeniem przycisk\u00f3w funkcyjnych, pozna\u0107 wszystkie cechy i mo\u017cliwo\u015bci rozgrywki. Ten ruch pozwala unikn\u0105\u0107 b\u0142\u0119d\u00f3w.<\/p>\n<h2>Kasyna mobilne \u2013 czy maj\u0105 jakie\u015b zalety?<\/h2>\n<p>Mobilne pobieranie kasyna RocketPlay na smartfony i tablety, kluby gier z automatami i grami karcianymi maj\u0105 kilka istotnych zalet:<\/p>\n<ul>\n<li>Zakres i r\u00f3\u017cnorodno\u015b\u0107 gier jest nie mniejsza ni\u017c to, co czeka na Ciebie w pe\u0142nej wersji kasyna;<\/li>\n<li>Interfejs aplikacji jest przyst\u0119pny i zrozumia\u0142y nawet dla nowicjuszy;<\/li>\n<li><a href=\"https:\/\/rocketplay-game.com\/pl\/mobile-version\/\">Aplikacje mobilne<\/a> maj\u0105 siln\u0105 ochron\u0119 przed z\u0142o\u015bliwym kodem;<\/li>\n<li>Wszystkie dane gracza (konto i saldo) s\u0105 przechowywane ze zwyk\u0142ej wersji kasyna;<\/li>\n<li>Gry maj\u0105 zwykle wy\u017csz\u0105 jako\u015b\u0107 grafiki i rzadziej si\u0119 zawieszaj\u0105;<\/li>\n<li>Wyb\u00f3r ustawie\u0144 jest szeroki;<\/li>\n<li>Do gry nie jest wymagane szybkie \u0142\u0105cze internetowe. Nawet przy wolnej sieci i minimalnym nat\u0119\u017ceniu ruchu mo\u017cesz si\u0119 \u015bwietnie bawi\u0107.<\/li>\n<\/ul>\n<p>Czy mog\u0119 bra\u0107 udzia\u0142 w turniejach w kasynie online, graj\u0105c na moim smartfonie? Odpowied\u017a brzmi tak. Wszystkie promocje i oferty specjalne klubu b\u0119d\u0105 dla Ciebie dost\u0119pne. Nie ma te\u017c limit\u00f3w wyp\u0142at nagr\u00f3d<\/p>\n<h2>Jak pobra\u0107 oprogramowanie kasyna?<\/h2>\n<p>Aby mie\u0107 dost\u0119p do automat\u00f3w RocketPlay przez ca\u0142y czas, musisz znale\u017a\u0107 i pobra\u0107 RocketPlay Casino Australia odpowiednie dla urz\u0105dzenia, z kt\u00f3rego zamierzasz uzyska\u0107 dost\u0119p do wirtualnych sal klubu gier.<\/p>\n<h2>Opcje oferowane przez administracj\u0119 RocketPlay<\/h2>\n<p>Poniewa\u017c zdecydowana wi\u0119kszo\u015b\u0107 internaut\u00f3w nie jest zaznajomiona z podstawami programowania, popularne aplikacje to takie, kt\u00f3re mo\u017cna zainstalowa\u0107 na \u201epodstawowych\u201d systemach operacyjnych:<\/p>\n<ul>\n<li>Windows od Microsoftu;<\/li>\n<li>Androida od Google;<\/li>\n<li>iOS firmy Apple.<\/li>\n<\/ul>\n<h2>Jak pobra\u0107 aplikacj\u0119 RocketPlay na Androida?<\/h2>\n<p>Pobranie pe\u0142nej wersji gier kasynowych RocketPlay mo\u017cna wykona\u0107, klikaj\u0105c odpowiedni przycisk na stronie pobierania tabletu lub smartfona z Androidem. Zwykle ten proces nie trwa d\u0142u\u017cej ni\u017c dwie do trzech minut przy normalnym po\u0142\u0105czeniu internetowym. Przed pobraniem pami\u0119taj o zaznaczeniu pola \u201eZezwalaj na instalacj\u0119 z nieznanych \u017ar\u00f3de\u0142\u201d w ustawieniach zabezpiecze\u0144 gad\u017cetu.<\/p>\n<p>Po pobraniu narz\u0119dzia RocketPlay uruchom je, autoryzuj\u0105c instalacj\u0119 programu. Po zainstalowaniu aplikacji na pulpicie smartfona lub tabletu pojawi si\u0119 skr\u00f3t RocketPlay.<\/p>\n<p>Nast\u0119pnie zaloguj si\u0119 do Bezpiecznej Strefy Klienta lub doko\u0144cz proces rejestracji, a stamt\u0105d b\u0119dziesz m\u00f3g\u0142 cieszy\u0107 si\u0119 wszystkimi korzy\u015bciami bycia pe\u0142noprawnym cz\u0142onkiem klubu RocketPlay.<\/p>\n<h2>Jak pobra\u0107 aplikacj\u0119 RocketPlay na Windows<\/h2>\n<p>Je\u015bli jeste\u015b przyzwyczajony do zabawy w zaciszu w\u0142asnego domu, RocketPlay dla Windows jest idealny. Zw\u0142aszcza, \u017ce \u200b\u200binstalacja na komputerze PC jest r\u00f3wnie \u0142atwa jak na smartfonie:<\/p>\n<ul>\n<li>pobierz aplikacj\u0119 i zapisz j\u0105 w wybranym folderze na swoim komputerze;<\/li>\n<li>Uruchom instalacj\u0119 narz\u0119dzia, wybieraj\u0105c folder, w kt\u00f3rym chcesz je zainstalowa\u0107;<\/li>\n<li>Kliknij przycisk \u201eZamknij\u201d, a\u017c instalacja zostanie zako\u0144czona.<\/li>\n<\/ul>\n<p>A wszystkie <a href=\"https:\/\/rocketplay-game.com\/pl\/bonus\/\">bonusy<\/a>, promocje i niespodzianki od administracji RocketPlay s\u0105 do Twojej dyspozycji!<\/p>\n<p style=\"text-align: center;\"><img loading=\"lazy\" decoding=\"async\" class=\"wp-image-4712 aligncenter\" src=\"https:\/\/rocketplay-game.com\/wp-content\/uploads\/2024\/02\/31244399_smartphone231-scaled.jpg\" alt=\"Download RocketPlay 2\" width=\"800\" height=\"400\" srcset=\"https:\/\/rocketplay-game.com\/wp-content\/uploads\/2024\/02\/31244399_smartphone231-scaled.jpg 2560w, https:\/\/rocketplay-game.com\/wp-content\/uploads\/2024\/02\/31244399_smartphone231-300x150.jpg 300w, https:\/\/rocketplay-game.com\/wp-content\/uploads\/2024\/02\/31244399_smartphone231-1024x512.jpg 1024w, https:\/\/rocketplay-game.com\/wp-content\/uploads\/2024\/02\/31244399_smartphone231-768x384.jpg 768w, https:\/\/rocketplay-game.com\/wp-content\/uploads\/2024\/02\/31244399_smartphone231-1536x768.jpg 1536w, https:\/\/rocketplay-game.com\/wp-content\/uploads\/2024\/02\/31244399_smartphone231-2048x1024.jpg 2048w\" sizes=\"auto, (max-width: 800px) 100vw, 800px\" \/><\/p>\n<h2>Funkcje dost\u0119pnego do pobrania lobby kasyna<\/h2>\n<p>Ka\u017cdy producent oprogramowania do gier hazardowych w Internecie implementuje swoje w\u0142asne cechy w oprogramowaniu do pobrania. Z regu\u0142y zawsze dost\u0119pne s\u0105 nast\u0119puj\u0105ce sekcje:<\/p>\n<ul>\n<li>Kasa fiskalna, w kt\u00f3rej przeprowadzane s\u0105 transakcje finansowe;<\/li>\n<li>Szafka z danymi klienta;<\/li>\n<li>Lobby z grami podzielonymi na sekcje tematyczne;<\/li>\n<li>Okno turniej\u00f3w;<\/li>\n<li>Strona z bonusami i promocjami;<\/li>\n<li>Sposoby kontaktu z przedstawicielami obs\u0142ugi klienta;<\/li>\n<li>Skrzynka pocztowa, do kt\u00f3rej przychodz\u0105 e-maile i tak dalej.<\/li>\n<\/ul>\n<p>Wszyscy producenci staraj\u0105 si\u0119, aby oprogramowanie klienta kasyna by\u0142o intuicyjne dla ka\u017cdego pocz\u0105tkuj\u0105cego i jak najbardziej wygodne dla wszystkich u\u017cytkownik\u00f3w. Zwykle dost\u0119pne s\u0105 r\u00f3\u017cne ustawienia i dodatkowe funkcje, z kt\u00f3rymi nale\u017cy si\u0119 zapozna\u0107 w ka\u017cdym przypadku z osobna.<\/p>\n<h2>Czy gry z krupierem na \u017cywo mo\u017cna pobra\u0107?<\/h2>\n<p>Wi\u0119kszo\u015b\u0107 g\u0142\u00f3wnych portali pozwala gra\u0107 w gry hazardowe z prawdziwymi krupierami. Je\u015bli instytucja oferuje program do pobrania, mo\u017cesz by\u0107 pewien, \u017ce kasyno na \u017cywo b\u0119dzie prezentowane w tym formacie.<\/p>\n<p>Ale wiele witryn hazardowych opartych na przegl\u0105darce pozwala gra\u0107 z prawdziwymi krupierami bez instalowania dodatkowego oprogramowania.<\/p>\n<h2>Australijskie kasyna online<\/h2>\n<p>Trzeba powiedzie\u0107, \u017ce Australijczycy maj\u0105 szcz\u0119\u015bcie do hazardu online. S\u0105 prawie zafascynowani prawie ka\u017cdym kasynem online, niezale\u017cnie od tego, jakiego oprogramowania u\u017cywaj\u0105, na podstawie czyjej licencji dzia\u0142aj\u0105 lub gdzie znajduj\u0105 si\u0119 ich serwery. Australijscy gracze maj\u0105 wi\u0119c szeroki wyb\u00f3r opcji.<\/p>\n<p>Co wi\u0119cej, wiele renomowanych kasyn online, takich jak RocketPlay, pozwala klientom z \u201eZielonego Kontynentu\u201d dokonywa\u0107 wp\u0142at i zak\u0142ad\u00f3w w dogodnych dolarach australijskich, a niekt\u00f3re oferuj\u0105 nawet bezp\u0142atne numery obs\u0142ugi klienta.<\/p>\n<p>W rzeczywisto\u015bci lista kasyn online dla graczy z Australii i Nowej Zelandii jest d\u0142uga. A je\u015bli mieszkaniec \u201eZielonego Kontynentu\u201d zgodzi si\u0119 na gr\u0119 w innych walutach i skorzystanie z mi\u0119dzynarodowego telefonu wsparcia, to zdecydowana wi\u0119kszo\u015b\u0107 takich plac\u00f3wek jest dla niego odpowiednia.<\/p>\n<p>Top 5 najlepszych kasyn online w Polska:<\/p>\n<ul>\n<li>RocketPlay;<\/li>\n<li>Rado\u015b\u0107 kasyna;<\/li>\n<li>Zagraj w Franka;<\/li>\n<li>Kasyno Grand Reef;<\/li>\n<li>Kasyno Jackpot City.<\/li>\n<\/ul>\n<h2>Najcz\u0119\u015bciej zadawane pytania dotycz\u0105ce pobierania z kasyna<\/h2>\n<h3>Czy kasyna do pobrania maj\u0105 wiele zalet w por\u00f3wnaniu z kasynami opartymi na przegl\u0105darce?<\/h3>\n<p>Maj\u0105 swoje zalety, ale kasyna online oparte na przegl\u0105darce maj\u0105 r\u00f3wnie\u017c wiele zalet. To po prostu kwestia osobistych preferencji gracza.<\/p>\n<h3>Czy kasyna mobilne musz\u0105 zosta\u0107 pobrane?<\/h3>\n<p>Coraz wi\u0119cej mobilnych kasyn online dzia\u0142a teraz w przegl\u0105darce.<\/p>\n<h3>Czy wszystkie kasyna wymagaj\u0105 instalacji oprogramowania do gry?<\/h3>\n<p>Nie, wi\u0119kszo\u015b\u0107 najlepszych kasyn online dzia\u0142a w przegl\u0105darce, wi\u0119c nie ma potrzeby instalowania oprogramowania.<\/p>\n","protected":false},"excerpt":{"rendered":"<p>W dzisiejszych czasach wiele os\u00f3b lubi pr\u00f3bowa\u0107 szcz\u0119\u015bcia i gra\u0107 na automatach, a do tego istnieje ogromna liczba instytucji. Na przyk\u0142ad mo\u017cesz pobra\u0107 kasyno online RocketPlay. Ale wielu zastanawia si\u0119, czy mo\u017cesz spr\u00f3bowa\u0107 gra\u0107 za darmo, nie trac\u0105c w\u0142asnych pieni\u0119dzy? Czy jest taka szansa? A my odpowiadamy z du\u017c\u0105 pewno\u015bci\u0105, \u017ce nie tylko istnieje, ale&#8230;<\/p>\n","protected":false},"author":1,"featured_media":0,"parent":0,"menu_order":0,"comment_status":"closed","ping_status":"closed","template":"page-with-bonus.php","meta":{"_acf_changed":false,"_kad_post_transparent":"default","_kad_post_title":"default","_kad_post_layout":"default","_kad_post_sidebar_id":"","_kad_post_content_style":"default","_kad_post_vertical_padding":"default","_kad_post_feature":"","_kad_post_feature_position":"","_kad_post_header":false,"_kad_post_footer":false,"footnotes":""},"class_list":["post-2322","page","type-page","status-publish","hentry"],"acf":[],"rttpg_featured_image_url":null,"rttpg_author":{"display_name":"Tom","author_link":"https:\/\/rocketplay-game.com\/pl\/author\/pemvas95n89x\/"},"rttpg_comment":0,"rttpg_category":null,"rttpg_excerpt":"W dzisiejszych czasach wiele os\u00f3b lubi pr\u00f3bowa\u0107 szcz\u0119\u015bcia i gra\u0107 na automatach, a do tego istnieje ogromna liczba instytucji. Na przyk\u0142ad mo\u017cesz pobra\u0107 kasyno online RocketPlay. Ale wielu zastanawia si\u0119, czy mo\u017cesz spr\u00f3bowa\u0107 gra\u0107 za darmo, nie trac\u0105c w\u0142asnych pieni\u0119dzy? Czy jest taka szansa? A my odpowiadamy z du\u017c\u0105 pewno\u015bci\u0105, \u017ce nie tylko istnieje, ale...","_links":{"self":[{"href":"https:\/\/rocketplay-game.com\/pl\/wp-json\/wp\/v2\/pages\/2322","targetHints":{"allow":["GET"]}}],"collection":[{"href":"https:\/\/rocketplay-game.com\/pl\/wp-json\/wp\/v2\/pages"}],"about":[{"href":"https:\/\/rocketplay-game.com\/pl\/wp-json\/wp\/v2\/types\/page"}],"author":[{"embeddable":true,"href":"https:\/\/rocketplay-game.com\/pl\/wp-json\/wp\/v2\/users\/1"}],"replies":[{"embeddable":true,"href":"https:\/\/rocketplay-game.com\/pl\/wp-json\/wp\/v2\/comments?post=2322"}],"version-history":[{"count":3,"href":"https:\/\/rocketplay-game.com\/pl\/wp-json\/wp\/v2\/pages\/2322\/revisions"}],"predecessor-version":[{"id":5292,"href":"https:\/\/rocketplay-game.com\/pl\/wp-json\/wp\/v2\/pages\/2322\/revisions\/5292"}],"wp:attachment":[{"href":"https:\/\/rocketplay-game.com\/pl\/wp-json\/wp\/v2\/media?parent=2322"}],"curies":[{"name":"wp","href":"https:\/\/api.w.org\/{rel}","templated":true}]}}