{"id":2414,"date":"2022-06-13T19:37:05","date_gmt":"2022-06-13T16:37:05","guid":{"rendered":"https:\/\/rocketplay-game.com\/table-games\/"},"modified":"2024-02-09T14:51:42","modified_gmt":"2024-02-09T11:51:42","slug":"table-games","status":"publish","type":"page","link":"https:\/\/rocketplay-game.com\/pl\/table-games\/","title":{"rendered":"Hazardowe gry sto\u0142owe online w RocketPlay Casino"},"content":{"rendered":"<p>Pomimo faktu, \u017ce obecnie najpopularniejsz\u0105 kategori\u0105 wirtualnego hazardu s\u0105 automaty wideo, wielu z tych mi\u0142o\u015bnik\u00f3w ryzyka i emocji woli gry sto\u0142owe online.<\/p>\n<p>Gry sto\u0142owe RocketPlay to jedna z najstarszych rozrywek ludzko\u015bci, kt\u00f3ra od wiek\u00f3w nie straci\u0142a na popularno\u015bci. Ta popularno\u015b\u0107 wynika z wielu powod\u00f3w, o kt\u00f3rych dowiesz si\u0119 tutaj, oficjalne kasyno online RocketPlay.<\/p>\n<p><img loading=\"lazy\" decoding=\"async\" class=\"aligncenter wp-image-244\" src=\"https:\/\/rocketplay-game.com\/wp-content\/uploads\/2022\/06\/rocketplay-site-300x114.png\" alt=\"Hazardowe gry sto\u0142owe online w RocketPlay Casino\" width=\"800\" height=\"303\" srcset=\"https:\/\/rocketplay-game.com\/wp-content\/uploads\/2022\/06\/rocketplay-site-300x114.png 300w, https:\/\/rocketplay-game.com\/wp-content\/uploads\/2022\/06\/rocketplay-site-768x291.png 768w, https:\/\/rocketplay-game.com\/wp-content\/uploads\/2022\/06\/rocketplay-site.png 930w\" sizes=\"auto, (max-width: 800px) 100vw, 800px\" \/><\/p>\n<h2>Popularne gry sto\u0142owe online w RocketPlay Casino<\/h2>\n<p>Zgodnie z obecnymi realiami wsp\u00f3\u0142czesnego \u017cycia wi\u0119kszo\u015b\u0107 rozrywki hazardowej przenios\u0142a si\u0119 do sfery online. Je\u015bli nale\u017cysz do grona os\u00f3b, kt\u00f3re nie odm\u00f3wi\u0105 skorzystania z \u0142ask fortuny przy stole do gier \u2013 specjalnie dla Ciebie RocketPlay to gry sto\u0142owe online od czo\u0142owych \u015bwiatowych dostawc\u00f3w.<\/p>\n<p>W tej sekcji mo\u017cesz gra\u0107 w pokera online za darmo bez rejestracji lub na prawdziwe pieni\u0105dze. Ponadto specjalnie dla Ciebie przygotowana jest gra karciana bakarat, europejska i ameryka\u0144ska wersja ruletki, gra karciana dwadzie\u015bcia jeden online (aka blackjack) i wiele innych. W tej sekcji zebrali\u015bmy najpopularniejsze najlepsze kasynowe gry sto\u0142owe RocketPlay, kt\u00f3re mo\u017cna znale\u017a\u0107 w salach gier na ca\u0142ym \u015bwiecie.<\/p>\n<h2>Gry sto\u0142owe RocketPlay<\/h2>\n<p>Graj\u0105c w wersji demo, pocz\u0105tkuj\u0105cy mog\u0105 dok\u0142adnie pozna\u0107 teoretyczne aspekty i charakterystyk\u0119 konkretnej maszyny, a bardziej do\u015bwiadczeni gracze \u2013 po\u0107wiczy\u0107 w\u0142asne umiej\u0119tno\u015bci i opracowa\u0107 indywidualne strategie wygrywania.<\/p>\n<p>Wszystkie zg\u0142oszone maszyny charakteryzuj\u0105 si\u0119 wysok\u0105 jako\u015bci\u0105, bardzo realistyczn\u0105 grafik\u0105, co przyczynia si\u0119 do stworzenia atmosfery prawdziwej obecno\u015bci gracza w sali kasyna.<\/p>\n<p>Z tego powodu przede wszystkim \u015bwiatowi dostawcy tacy jak Microgaming czy TomHorn Games &#8211; czo\u0142owi tw\u00f3rcy emulator\u00f3w gier sto\u0142owych, takich jak poker, ruletka online itp., zwracaj\u0105 uwag\u0119 na jako\u015b\u0107 grafiki, a tak\u017ce muzyki . Ponadto prezentowane na stronie RocketPlay darmowe gry sto\u0142owe kasynowe posiadaj\u0105 intuicyjny interfejs, kt\u00f3ry upraszcza proces nauki jako u\u017cytkownik.<\/p>\n<p>Ka\u017cdy gracz, kt\u00f3ry odwiedza wirtualny zak\u0142ad hazardowy, chce sp\u0119dzi\u0107 czas ciekawie i cieszy\u0107 si\u0119 atmosfer\u0105 ryzyka, i to jest to, co mo\u017ce robi\u0107 w gry sto\u0142owe w kasynie online RocketPlay na prawdziwe pieni\u0105dze. Stawiaj\u0105c prawdziwe zak\u0142ady, masz szans\u0119 sta\u0107 si\u0119 posiadaczem du\u017cej nagrody. Aby to zrobi\u0107, po prostu<a href=\"https:\/\/rocketplay-game.com\/pl\/registration\/\"> zarejestruj<\/a> si\u0119 na stronie RocketPlay i dokonaj wp\u0142aty w dowolny dogodny spos\u00f3b.<\/p>\n<h2>Przewaga gier sto\u0142owych nad automatami wideo<\/h2>\n<p>Pomimo tego, \u017ce ci, kt\u00f3rzy dopiero zapoznaj\u0105 si\u0119 ze \u015bwiatem wirtualnego hazardu, aplikacja gier sto\u0142owych RocketPlay wydaje si\u0119 zbyt skomplikowana i preferuj\u0105 jasne i kolorowe automaty wideo, ta decyzja jest troch\u0119 b\u0142\u0119dna.<\/p>\n<p>Ta kategoria oferuje graczom szerok\u0105 gam\u0119 rozrywek, w\u015br\u00f3d kt\u00f3rych mo\u017cna znale\u017a\u0107 opcje o skomplikowanych zasadach oraz proste gry, wymagaj\u0105ce jedynie postawienia zak\u0142adu i wci\u015bni\u0119cia przycisku start.<\/p>\n<p>Czo\u0142owi deweloperzy wyposa\u017cyli swoje produkty w szczeg\u00f3\u0142owe zasady, dzi\u0119ki kt\u00f3rym nawet gracz, kt\u00f3ry pierwszy raz zetknie si\u0119 z takimi grami, z \u0142atwo\u015bci\u0105 zrozumie zarz\u0105dzanie i wszystkie funkcje zarz\u0105dzania.<\/p>\n<h2>Gra sto\u0142owa w ruletk\u0119 w kasynie online RocketPlay<\/h2>\n<p>A kiedy wymy\u015blisz wszystkie zasady i zaczniesz gra\u0107 &#8211; proces ca\u0142kowicie Ci\u0119 poch\u0142onie. W przeciwie\u0144stwie do automat\u00f3w do gier, w kt\u00f3rych wynik jest w 100% zale\u017cny od dobrej woli Fortune, w grach sto\u0142owych przewaga le\u017cy po stronie gracza. I to nie jest fantazja tw\u00f3rc\u00f3w, ale naprawd\u0119 udowodniony fakt.<\/p>\n<p><img loading=\"lazy\" decoding=\"async\" class=\"aligncenter wp-image-4629\" src=\"https:\/\/rocketplay-game.com\/wp-content\/uploads\/2024\/02\/2222.png\" alt=\"Hazardowe gry sto\u0142owe online w RocketPlay Casino 2\" width=\"800\" height=\"431\" srcset=\"https:\/\/rocketplay-game.com\/wp-content\/uploads\/2024\/02\/2222.png 1343w, https:\/\/rocketplay-game.com\/wp-content\/uploads\/2024\/02\/2222-300x162.png 300w, https:\/\/rocketplay-game.com\/wp-content\/uploads\/2024\/02\/2222-1024x551.png 1024w, https:\/\/rocketplay-game.com\/wp-content\/uploads\/2024\/02\/2222-768x413.png 768w\" sizes=\"auto, (max-width: 800px) 100vw, 800px\" \/><\/p>\n<p>Wszyscy wiedz\u0105, \u017ce podstaw\u0105 ka\u017cdego automatu wideo jest generator liczb losowych &#8211; urz\u0105dzenie, kt\u00f3re tworzy losowy ci\u0105g liczb. Wynik jest wy\u015bwietlany jako kombinacja symboli na b\u0119bnach. W tym przypadku ka\u017cdy producent automat\u00f3w do gry pocz\u0105tkowo zadeklarowa\u0142 procentowy zwrot dla graczy. W najlepszych slotach, kt\u00f3re mo\u017cna znale\u017a\u0107 w odpowiedniej sekcji naszego serwisu, odsetek ten wynosi oko\u0142o 95%.<\/p>\n<p>Jednak w rozrywce tej kategorii i kasynie premium dla graczy jest znacznie ni\u017csza. Ponadto uczestnik mo\u017ce trzyma\u0107 w r\u0119kach absolutn\u0105 kontrol\u0119 nad procesem i gr\u0105. We wszystkich popularnych kasynach online z grami sto\u0142owymi wynik rozgrywki w du\u017cej mierze zale\u017cy nie tylko od szcz\u0119\u015bcia gracza, ale jest proporcjonalnie uzale\u017cniony od dokonywanych przez niego wybor\u00f3w.<\/p>\n<p>Proces, kt\u00f3rego wynik zale\u017cy od w\u0142asnych decyzji u\u017cytkownika, przynosi znacznie \u017cywsze i bogatsze doznania, nape\u0142niaj\u0105c krew adrenalin\u0105. Dlatego w\u0142a\u015bnie kasynowe gry sto\u0142owe kojarz\u0105 si\u0119 do\u015bwiadczonym graczom ze znacznie \u017cywszym poczuciem atmosfery ryzyka i podniecenia.<\/p>\n<h2>Odmiana gry w karty sto\u0142owe &#8211; poker wideo<\/h2>\n<p>Kolejn\u0105 wa\u017cn\u0105 zalet\u0105 jest czas trwania rozgrywki. Podczas gdy b\u0119bny cz\u0119sto kr\u0119c\u0105 si\u0119 przez kilka sekund, gra w karty w Three Card Poker mo\u017ce trwa\u0107 znacznie d\u0142u\u017cej. Mo\u017cesz wybra\u0107 w\u0142asne, dogodne dla w\u0142asnego tempa gry, na przyk\u0142ad w automacie Baccara (Baccarat).<\/p>\n<h2>Jak wybra\u0107 gr\u0119 planszow\u0105?<\/h2>\n<p>Wybieraj\u0105c odpowiedni\u0105 rozrywk\u0119, nale\u017cy zwr\u00f3ci\u0107 uwag\u0119 na nast\u0119puj\u0105ce kluczowe cechy:<\/p>\n<ul>\n<li>grafika wysokiej jako\u015bci;<\/li>\n<li>Mo\u017cliwo\u015b\u0107 grania z <a href=\"https:\/\/rocketplay-game.com\/pl\/mobile-version\/\">urz\u0105dzenia mobilnego<\/a>, co zapewnia wsparcie dla innowacyjnej technologii HTML5 &#8211; dzi\u0119ki czemu mo\u017cesz cieszy\u0107 si\u0119 ulubionymi grami w dowolnym momencie, w dowolnym dogodnym miejscu;<\/li>\n<li>stabilna praca \u2013 jako \u017ce w takiej rozrywce wynik w du\u017cej mierze zale\u017cy od taktyki zastosowanej przez gracza, ka\u017cda awaria lub przerwanie po\u0142\u0105czenia mo\u017ce by\u0107 fatalne;<\/li>\n<li>realistyczna mechanika rozgrywki, kt\u00f3ra pozwala uczestnikom w pe\u0142ni cieszy\u0107 si\u0119 procesem gry i tworzy prawdziw\u0105 atmosfer\u0119 obecno\u015bci w pokoju gier kasynowych;<\/li>\n<li>zgodno\u015b\u0107 z mi\u0119dzynarodowymi standardami hazardowymi pozwala u\u017cytkownikom z r\u00f3\u017cnych kraj\u00f3w bra\u0107 udzia\u0142 w grze, nie my\u015bl\u0105c o r\u00f3\u017cnicach w zasadach.<\/li>\n<\/ul>\n<p>Kasyno bonusowe bez depozytu do gier sto\u0142owych RocketPlay w pe\u0142ni spe\u0142nia wszystkie powy\u017csze cechy. Wi\u0119c po prostu otwierasz gr\u0119, kt\u00f3r\u0105 lubisz &#8211; i ciesz si\u0119 ekscytuj\u0105c\u0105 atmosfer\u0105 podniecenia i ryzyka w kasynie online RocketPlay!<\/p>\n<p><img loading=\"lazy\" decoding=\"async\" class=\"aligncenter wp-image-4638\" src=\"https:\/\/rocketplay-game.com\/wp-content\/uploads\/2024\/02\/33333.png\" alt=\"Hazardowe gry sto\u0142owe online w RocketPlay Casino 3\" width=\"800\" height=\"393\" srcset=\"https:\/\/rocketplay-game.com\/wp-content\/uploads\/2024\/02\/33333.png 1348w, https:\/\/rocketplay-game.com\/wp-content\/uploads\/2024\/02\/33333-300x147.png 300w, https:\/\/rocketplay-game.com\/wp-content\/uploads\/2024\/02\/33333-1024x503.png 1024w, https:\/\/rocketplay-game.com\/wp-content\/uploads\/2024\/02\/33333-768x377.png 768w\" sizes=\"auto, (max-width: 800px) 100vw, 800px\" \/><\/p>\n<h2>Cz\u0119sto zadawane pytania dotycz\u0105ce gier sto\u0142owych<\/h2>\n<h3>Czym s\u0105 gry sto\u0142owe w kasynie?<\/h3>\n<p>Gry sto\u0142owe to wirtualne emulatory najpopularniejszych gier karcianych i ruletki zaimplementowane z maksymalnym stopniem realizmu, a tak\u017ce gry na \u017cywo z \u017cywym krupierem. Tutaj gracz mo\u017ce wp\u0142ywa\u0107 na wynik rundy w\u0142asnymi decyzjami i umiej\u0119tno\u015bciami, a wysokiej jako\u015bci realizacja tworzy prawdziw\u0105 atmosfer\u0119 obecno\u015bci w prawdziwym pokoju gier.<\/p>\n<h3>W jakie gry sto\u0142owe mo\u017cna gra\u0107 w kasynie online RocketPlay?<\/h3>\n<p>Kasyno online RocketPlay oferuje wszystkie popularne rodzaje gier sto\u0142owych na pieni\u0105dze: karty (poker, blackjack i bakarat), ruletk\u0119 (francusk\u0105, ameryka\u0144sk\u0105 i europejsk\u0105), ko\u015bci, zdrapki i inne. Osobn\u0105 kategori\u0105 s\u0105 gry z krupierami na \u017cywo (Live Casino): ko\u015bci, bakarat, poker oraz loterie i ko\u0142o fortuny. Je\u015bli spojrzysz na poszczeg\u00f3lne gry, znajdziesz gry sto\u0142owe online od dostawc\u00f3w Tom Horn, Microgaming, Playtech, Playson, Amatic i BetGames TV.<\/p>\n<h3>Kt\u00f3r\u0105 gr\u0119 hazardow\u0105 na stole wybra\u0107, aby gra\u0107 na pieni\u0105dze?<\/h3>\n<p>Pytanie o wyb\u00f3r najlepszej gry sto\u0142owej online \u2013 w karty lub ruletk\u0119 \u2013 do gry na prawdziwe stawki jest kwesti\u0105 indywidualn\u0105. Poniewa\u017c w przeciwie\u0144stwie do automat\u00f3w wideo, w kt\u00f3rych rozgrywka jest w du\u017cej mierze identyczna, ka\u017cdy gatunek ma sw\u00f3j niepowtarzalny charakter. Zwr\u00f3\u0107 tak\u017ce uwag\u0119 na procent wyp\u0142at konkretnego modelu (dla wideo pokera i automat\u00f3w do gry z ruletk\u0105), wska\u017anik, kt\u00f3ry bezpo\u015brednio wp\u0142ywa na rentowno\u015b\u0107 Twojej gry. Do\u015bwiadczeni gracze najcz\u0119\u015bciej wybieraj\u0105 Aces and Faces Poker, French Roulette, Bet-on-Poker i Deuces Wild.<\/p>\n<h3>Kt\u00f3re gry sto\u0142owe w kasynie online s\u0105 lepsze: ruletka, karty czy ko\u015bci?<\/h3>\n<p>Nie da si\u0119 jednoznacznie odpowiedzie\u0107 na pytanie, kt\u00f3re gry sto\u0142owe w kasynie online s\u0105 lepsze, poniewa\u017c jest to kwestia indywidualnych preferencji. Je\u015bli wzi\u0105\u0107 pod uwag\u0119 og\u00f3ln\u0105 popularno\u015b\u0107 tego typu automat\u00f3w do gry w\u015br\u00f3d graczy, to najbardziej popularne s\u0105 karty, czyli video poker, od kt\u00f3rego wirtualny blackjack praktycznie dotrzymuje kroku. Ruletka r\u00f3wnie\u017c nie traci swojej pozycji w wirtualnym wcieleniu, uzasadnia sw\u00f3j \u201ekr\u00f3lewski tytu\u0142\u201d.<\/p>\n<h3>Czy mog\u0119 gra\u0107 w gry losowe za darmo?<\/h3>\n<p>Na oficjalnej stronie kasyna RocketPlay mo\u017cesz wypr\u00f3bowa\u0107 dowolny automat sto\u0142owy w darmowym trybie demo. Gra demonstracyjna nie wymaga rejestracji na stronie ani wp\u0142aty i jest dost\u0119pna dla ka\u017cdego odwiedzaj\u0105cego projekt, wystarczy wybra\u0107 odpowiedni model i przyst\u0105pi\u0107 do gry.<\/p>\n","protected":false},"excerpt":{"rendered":"<p>Pomimo faktu, \u017ce obecnie najpopularniejsz\u0105 kategori\u0105 wirtualnego hazardu s\u0105 automaty wideo, wielu z tych mi\u0142o\u015bnik\u00f3w ryzyka i emocji woli gry sto\u0142owe online. Gry sto\u0142owe RocketPlay to jedna z najstarszych rozrywek ludzko\u015bci, kt\u00f3ra od wiek\u00f3w nie straci\u0142a na popularno\u015bci. Ta popularno\u015b\u0107 wynika z wielu powod\u00f3w, o kt\u00f3rych dowiesz si\u0119 tutaj, oficjalne kasyno online RocketPlay. Popularne gry&#8230;<\/p>\n","protected":false},"author":1,"featured_media":0,"parent":0,"menu_order":0,"comment_status":"closed","ping_status":"closed","template":"page-with-bonus.php","meta":{"_acf_changed":false,"_kad_post_transparent":"default","_kad_post_title":"default","_kad_post_layout":"default","_kad_post_sidebar_id":"","_kad_post_content_style":"default","_kad_post_vertical_padding":"default","_kad_post_feature":"","_kad_post_feature_position":"","_kad_post_header":false,"_kad_post_footer":false,"footnotes":""},"class_list":["post-2414","page","type-page","status-publish","hentry"],"acf":[],"rttpg_featured_image_url":null,"rttpg_author":{"display_name":"Tom","author_link":"https:\/\/rocketplay-game.com\/pl\/author\/pemvas95n89x\/"},"rttpg_comment":0,"rttpg_category":null,"rttpg_excerpt":"Pomimo faktu, \u017ce obecnie najpopularniejsz\u0105 kategori\u0105 wirtualnego hazardu s\u0105 automaty wideo, wielu z tych mi\u0142o\u015bnik\u00f3w ryzyka i emocji woli gry sto\u0142owe online. Gry sto\u0142owe RocketPlay to jedna z najstarszych rozrywek ludzko\u015bci, kt\u00f3ra od wiek\u00f3w nie straci\u0142a na popularno\u015bci. Ta popularno\u015b\u0107 wynika z wielu powod\u00f3w, o kt\u00f3rych dowiesz si\u0119 tutaj, oficjalne kasyno online RocketPlay. Popularne gry...","_links":{"self":[{"href":"https:\/\/rocketplay-game.com\/pl\/wp-json\/wp\/v2\/pages\/2414","targetHints":{"allow":["GET"]}}],"collection":[{"href":"https:\/\/rocketplay-game.com\/pl\/wp-json\/wp\/v2\/pages"}],"about":[{"href":"https:\/\/rocketplay-game.com\/pl\/wp-json\/wp\/v2\/types\/page"}],"author":[{"embeddable":true,"href":"https:\/\/rocketplay-game.com\/pl\/wp-json\/wp\/v2\/users\/1"}],"replies":[{"embeddable":true,"href":"https:\/\/rocketplay-game.com\/pl\/wp-json\/wp\/v2\/comments?post=2414"}],"version-history":[{"count":3,"href":"https:\/\/rocketplay-game.com\/pl\/wp-json\/wp\/v2\/pages\/2414\/revisions"}],"predecessor-version":[{"id":5207,"href":"https:\/\/rocketplay-game.com\/pl\/wp-json\/wp\/v2\/pages\/2414\/revisions\/5207"}],"wp:attachment":[{"href":"https:\/\/rocketplay-game.com\/pl\/wp-json\/wp\/v2\/media?parent=2414"}],"curies":[{"name":"wp","href":"https:\/\/api.w.org\/{rel}","templated":true}]}}