{"id":2428,"date":"2022-06-13T18:04:06","date_gmt":"2022-06-13T15:04:06","guid":{"rendered":"https:\/\/rocketplay-game.com\/bingo\/"},"modified":"2022-10-29T18:47:01","modified_gmt":"2022-10-29T15:47:01","slug":"bingo","status":"publish","type":"page","link":"https:\/\/rocketplay-game.com\/pl\/bingo\/","title":{"rendered":"Jak gra\u0107 w Bingo w RocketPlay Casino"},"content":{"rendered":"<p>Je\u015bli nigdy wcze\u015bniej nie gra\u0142e\u015b w darmowe bingo online w <a href=\"https:\/\/rocketplay-game.com\/pl\">RocketPlay<\/a>, nadal mo\u017cesz \u0142atwo zrozumie\u0107 zasady gry, poniewa\u017c Bingo to prosta gra z jackpotem, w kt\u00f3rej wiele os\u00f3b konkuruje na ka\u017cdym koniu o jedn\u0105 (lub wi\u0119cej) wygran\u0105. Istnieje jednak kilka r\u00f3\u017cnych format\u00f3w, w kt\u00f3rych mo\u017cna gra\u0107 w t\u0119 gr\u0119, a ka\u017cdy z nich wykorzystuje nieco inne zasady.<\/p>\n<p>W tej grze gracze kupuj\u0105 karty z siatk\u0105 pi\u0119\u0107 na pi\u0119\u0107. Pi\u0119tna\u015bcie liczb odnosi si\u0119 do ka\u017cdej z pi\u0119ciu kolumn i zwykle ka\u017cda kolumna jest powi\u0105zana z jedn\u0105 z liter B-I-N-G-O. Np. B zawiera liczby 1-15, I liczby 16-30 itd. Karty zawieraj\u0105 losowo przyporz\u0105dkowane liczby w ka\u017cdej kolumnie z odpowiedniego zakresu. W wielu odmianach przegl\u0105du bingo online RocketPlay, pole \u015brodkowe jest udost\u0119pniane graczom na pocz\u0105tku gry jako \u201edarmowy kwadrat\u201d, kt\u00f3ry s\u0142u\u017cy g\u0142\u00f3wnie do przyspieszenia gry w pewien spos\u00f3b.<\/p>\n<p><img loading=\"lazy\" decoding=\"async\" class=\"aligncenter wp-image-220\" src=\"https:\/\/rocketplay-game.com\/wp-content\/uploads\/2022\/06\/rocketplaycasino-300x113.webp\" alt=\"\" width=\"800\" height=\"300\" srcset=\"https:\/\/rocketplay-game.com\/wp-content\/uploads\/2022\/06\/rocketplaycasino-300x113.webp 300w, https:\/\/rocketplay-game.com\/wp-content\/uploads\/2022\/06\/rocketplaycasino-1024x384.webp 1024w, https:\/\/rocketplay-game.com\/wp-content\/uploads\/2022\/06\/rocketplaycasino-768x288.webp 768w, https:\/\/rocketplay-game.com\/wp-content\/uploads\/2022\/06\/rocketplaycasino.webp 1140w\" sizes=\"auto, (max-width: 800px) 100vw, 800px\" \/><\/p>\n<p>Gospodarz og\u0142asza liczby, jeden po drugim, a gracze zaznaczaj\u0105 odpowiednie pola na swoich kartach, gdy te liczby si\u0119 zgadzaj\u0105. Celem gry jest bycie pierwszym graczem, kt\u00f3ry wpisze liczby wymagane do konkretnej gry. Najcz\u0119\u015bciej gracze musz\u0105 wype\u0142ni\u0107 poziomy, pionowy lub uko\u015bny rz\u0105d pi\u0119ciu p\u00f3l z rz\u0119du. Mo\u017cliwe s\u0105 r\u00f3wnie\u017c r\u00f3\u017cne inne elementy: romb, cztery rogi, ramki, litery, pe\u0142ne pokrycie p\u00f3l (tzw. \u201ezaciemnienie\u201d). Og\u00f3lnie rzecz bior\u0105c, mo\u017cna u\u017cy\u0107 dowolnego pionka, o ile gracze rozumiej\u0105, co jest wymagane do osi\u0105gni\u0119cia wygranej. Tradycyjnie, po tym, jak gracz zamknie sw\u00f3j kawa\u0142ek, musi krzykn\u0105\u0107 \u201eBINGO!\u201d, po czym gospodarz zweryfikuje bilet gracza, a gracz otrzyma nagrod\u0119 za t\u0119 gr\u0119 lub kawa\u0142ek.<\/p>\n<p>W du\u017cej cz\u0119\u015bci \u015bwiata, zw\u0142aszcza w Polska, odmiana gry zwana 90-Ball Bingo jest przede wszystkim powszechna. W tym przypadku gracze otrzymuj\u0105 karty z trzema rz\u0119dami i dziewi\u0119cioma kolumnami. Jednak w kolumnie b\u0119dzie tylko pi\u0119\u0107 liczb (pozosta\u0142e pola b\u0119d\u0105 puste), co oznacza, \u017ce \u200b\u200bkarta ka\u017cdego gracza b\u0119dzie zawiera\u0107 15 liczb. Liczby w ka\u017cdej kolumnie s\u0105 powi\u0105zane z r\u00f3\u017cnymi grupami oko\u0142o dziesi\u0119ciu liczb: pierwsza kolumna mo\u017ce zawiera\u0107 tylko liczby 1-9, druga kolumna mo\u017ce zawiera\u0107 liczby 10-19, a dziewi\u0105ta kolumna b\u0119dzie zawiera\u0107 liczby 80-90.<\/p>\n<p>W zwyk\u0142ej grze bonusowej RocketPlay online bingo przyznawane s\u0105 trzy r\u00f3\u017cne nagrody. Pierwsza, najmniejsza nagroda jest przyznawana zwyci\u0119zcy za \u201ejedn\u0105 lini\u0119\u201d, czyli pierwszy gracz, kt\u00f3ry odgadnie wszystkie pi\u0119\u0107 liczb w poziomej linii na swojej karcie. Drug\u0105 tymczasow\u0105 nagrod\u0119 otrzymuje gracz, kt\u00f3ry wype\u0142ni dwie linie (w sumie dziesi\u0119\u0107 p\u00f3l &#8211; tzw. spoty). Wreszcie, g\u0142\u00f3wna nagroda trafia do pierwszego gracza (lub graczy), kt\u00f3ry zdob\u0119dzie \u201efull\u201d poprzez prawid\u0142owe sprawdzenie wszystkich 15 liczb na swojej karcie.<\/p>\n<p>Inne wersje gry s\u0105 r\u00f3wnie\u017c powszechne, nawet je\u015bli s\u0105 mniej popularne ni\u017c dwie g\u0142\u00f3wne opcje. Karty 80-Ball RocketPlay do gier bingo online u\u017cywaj\u0105 liczby cztery na cztery, ale ta gra jest bardziej gr\u0105 75-ball, a celem graczy, kt\u00f3rzy chc\u0105 wygra\u0107 nagrod\u0119, jest cz\u0119sto pokrycie wszystkich linii lub element\u00f3w. Wersja tej gry, 30-Ball, jest \u201eszybk\u0105\u201d wersj\u0105 gry: gracze zwykle otrzymuj\u0105 kart\u0119 trzy na trzy, a pierwsza osoba, kt\u00f3ra wype\u0142ni ca\u0142\u0105 kart\u0119, wygrywa nagrod\u0119 w tym pacho\u0142ku.<\/p>\n<h2>Wype\u0142niam swoj\u0105 wirtualn\u0105 kart\u0119<\/h2>\n<p>RocketPlay play bingo online zosta\u0142o uruchomione pod koniec lat dziewi\u0119\u0107dziesi\u0105tych, a pierwsze wersje gry pojawi\u0142y si\u0119 w Internecie oko\u0142o 1996 roku. Wiele z tych gier by\u0142o darmowych, niekt\u00f3re zapewnia\u0142y nagrody (zwykle nie w formie pieni\u0119\u017cnej) dla zwyci\u0119zc\u00f3w. Prawdziwe pieni\u0105dze Bingo zacz\u0119\u0142o si\u0119 tak naprawd\u0119 rozprzestrzenia\u0107 online dopiero po wielu innych formach hazardu online, takich jak poker online, kt\u00f3re odnios\u0142y sukces w pierwszej dekadzie XXI wieku.<\/p>\n<p>Dzi\u015b gracze mog\u0105 wybiera\u0107 spo\u015br\u00f3d dziesi\u0105tek renomowanych, niezawodnych i popularnych stron, takich jak RocketPlay online bingo Polska.<\/p>\n<p>Najpopularniejsze formaty to 75 i 90 kulek. Dystrybucja poszczeg\u00f3lnych typ\u00f3w gier zale\u017cy od tego, do jakich region\u00f3w dana witryna jest skierowana: je\u015bli wi\u0119c g\u0142\u00f3wnymi odbiorcami witryny s\u0105 Amerykanie lub Kanadyjczycy, prawdopodobnie dominowa\u0107 b\u0119dzie format B-I-N-G-O.<\/p>\n<p>Wi\u0119kszo\u015b\u0107 system\u00f3w oprogramowania zawiera wsp\u00f3lne funkcje, kt\u00f3re gracze mog\u0105 wykorzysta\u0107 do lepszej organizacji gry. I chocia\u017c ka\u017cdy gracz zazwyczaj ma mo\u017cliwo\u015b\u0107 r\u0119cznego oznaczania kart (zbli\u017caj\u0105c gr\u0119 do trybu na \u017cywo), istnieje r\u00f3wnie\u017c funkcja \u201eautolabel\u201d, kt\u00f3ra dzia\u0142a automatycznie \u2013 funkcja, kt\u00f3ra jest szczeg\u00f3lnie przydatna podczas gry z du\u017c\u0105 ilo\u015bci\u0105 kart.<\/p>\n<p>M\u00f3wi\u0105c o tych, kt\u00f3rzy graj\u0105 ze zbyt du\u017c\u0105 liczb\u0105 kart i nie mog\u0105 \u015bledzi\u0107 ich wszystkich, istniej\u0105 strony, kt\u00f3re oferuj\u0105 sposoby oznaczania kluczowych dzia\u0142a\u0144 po wygraniu oszustwa. Zazwyczaj oferowany jest pewien mechanizm sortowania, kt\u00f3ry przesuwa najbardziej udane karty na g\u00f3r\u0119, co pozwala natychmiast zobaczy\u0107, jak blisko jeste\u015b uformowania zwyci\u0119skiego pionka.<\/p>\n<p><img loading=\"lazy\" decoding=\"async\" class=\"aligncenter wp-image-219\" src=\"https:\/\/rocketplay-game.com\/wp-content\/uploads\/2022\/06\/2832_rocketplay-game-selection-300x176.webp\" alt=\"\" width=\"800\" height=\"471\" srcset=\"https:\/\/rocketplay-game.com\/wp-content\/uploads\/2022\/06\/2832_rocketplay-game-selection-300x176.webp 300w, https:\/\/rocketplay-game.com\/wp-content\/uploads\/2022\/06\/2832_rocketplay-game-selection.webp 680w\" sizes=\"auto, (max-width: 800px) 100vw, 800px\" \/><\/p>\n<h2>Jak zacz\u0105\u0107?<\/h2>\n<p>Je\u015bli zdecydowa\u0142e\u015b si\u0119 spr\u00f3bowa\u0107 swoich si\u0142 w internetowym bingo RocketPlay, podj\u0105\u0142e\u015b w\u0142a\u015bciw\u0105 decyzj\u0119. Witryna oferuje gr\u0119 RocketPlay bingo online na prawdziwe pieni\u0105dze na Twoim terytorium.<\/p>\n<p>Po otwarciu konta b\u0119dziesz musia\u0142 znale\u017a\u0107 spos\u00f3b, aby dokona\u0107 na nim wp\u0142aty. W przypadku gry bingo online RocketPlay bez depozytu istniej\u0105 r\u00f3\u017cne opcje bankowe u\u017cywane do hazardu internetowego i s\u0105 one mniej wi\u0119cej takie same, jak te oferowane w <a href=\"https:\/\/rocketplay-game.com\/pl\/casino\/\">kasynach online<\/a>. Je\u015bli nie jeste\u015b z nimi zaznajomiony, oto wyja\u015bnienie metod najcz\u0119\u015bciej u\u017cywanych przez graczy:<\/p>\n<ul>\n<li>Karty kredytowe: Czy mog\u0119 u\u017cywa\u0107 w tym celu kart kredytowych? Visa i MasterCard s\u0105 powszechnie akceptowane w \u015bwiecie hazardu online, chocia\u017c to, czy chc\u0105, aby ich karty by\u0142y u\u017cywane na takich stronach, zale\u017cy od bank\u00f3w wydaj\u0105cych. Oznacza to, \u017ce mo\u017ce si\u0119 okaza\u0107, \u017ce niekt\u00f3re karty nie s\u0105 przetwarzane w niekt\u00f3rych witrynach, na kt\u00f3rych b\u0119dziesz chcia\u0142 gra\u0107.<\/li>\n<li>Portfele elektroniczne: Us\u0142ugi te umo\u017cliwiaj\u0105 przechowywanie pieni\u0119dzy w wirtualnym \u201eportfelu\u201d, kt\u00f3rego mo\u017cna u\u017cywa\u0107 do dokonywania wp\u0142at, przetwarzania wyp\u0142at lub wysy\u0142ania pieni\u0119dzy z powrotem na konto bankowe. Zazwyczaj e-portfel \u0142\u0105czy si\u0119 z Twoim kontem bankowym, kart\u0105 kredytow\u0105 lub innym \u017ar\u00f3d\u0142em finansowania, a nast\u0119pnie mo\u017cesz u\u017cy\u0107 e-portfela do koordynowania wszystkich transakcji bankowych. Skrill i Neteller to popularne e-portfele w \u015bwiecie gier, a PayPal (by\u0107 mo\u017ce najs\u0142ynniejszy e-portfel do cel\u00f3w og\u00f3lnych) jest r\u00f3wnie\u017c akceptowany na niekt\u00f3rych stronach.<\/li>\n<li>Przelewy bankowe: Je\u015bli nie chcesz mie\u0107 do czynienia z po\u015brednikami, zawsze mo\u017cesz po prostu przela\u0107 \u015brodki bezpo\u015brednio ze swojego banku na w\u0142a\u015bciw\u0105 stron\u0119.<\/li>\n<li>Kupony\/karty przedp\u0142acone: Mo\u017cesz chcie\u0107 sfinansowa\u0107 swoj\u0105 gr\u0119 got\u00f3wk\u0105, ale nie mo\u017cesz po prostu wzi\u0105\u0107 kilku dolar\u00f3w i wys\u0142a\u0107 ich na swoj\u0105 ulubion\u0105 stron\u0119. Zamiast tego mo\u017cesz kupi\u0107 przedp\u0142acony produkt, kt\u00f3ry otrzymasz wraz z kodem do wykorzystania w wybranej witrynie, aby zasili\u0107 swoje konto. \u015awietnym przyk\u0142adem jest Ukash. To kupon sprzedawany w tysi\u0105cach punkt\u00f3w sprzeda\u017cy detalicznej. PaySafeCard to kolejna popularna opcja dokonywania wp\u0142at przedp\u0142aconych.<\/li>\n<\/ul>\n<p>To tylko niekt\u00f3re z wielu sposob\u00f3w na zasilenie konta. Otrzymywanie wyp\u0142at zwykle odbywa si\u0119 w podobny spos\u00f3b &#8211; ponadto wi\u0119kszo\u015b\u0107 operator\u00f3w ch\u0119tnie wy\u015ble \u200b\u200bCi czek, je\u015bli by\u0142by to najlepszy spos\u00f3b na otrzymanie wygranych. Je\u015bli masz ju\u017c konto i masz saldo, aby je uzupe\u0142ni\u0107, b\u0119dziesz m\u00f3g\u0142 kupi\u0107 karty i zagra\u0107 w swoj\u0105 pierwsz\u0105 gr\u0119 w ci\u0105gu zaledwie kilku minut!<\/p>\n<p>Je\u015bli chodzi o oprogramowanie, RocketPlay jest obs\u0142ugiwany przez platformy p\u0142atno\u015bci natychmiastowych, do kt\u00f3rych mo\u017cna uzyska\u0107 dost\u0119p bezpo\u015brednio z przegl\u0105darki internetowej. W dzisiejszych czasach, podobnie jak w przypadku innych rodzaj\u00f3w hazardu internetowego, nast\u0105pi\u0142 znaczny wzrost zainteresowania mobilnym Bingo. RocketPlay Casino oferuje aplikacj\u0119, do kt\u00f3rej mo\u017cna uzyska\u0107 dost\u0119p bezpo\u015brednio ze <a href=\"https:\/\/rocketplay-game.com\/pl\/mobile-version\/\">smartfona<\/a> lub tabletu, co pozwala od razu wskoczy\u0107 i zagra\u0107 kilka stawek podczas po\u0142\u0105czenia z Internetem.<\/p>\n","protected":false},"excerpt":{"rendered":"<p>Je\u015bli nigdy wcze\u015bniej nie gra\u0142e\u015b w darmowe bingo online w RocketPlay, nadal mo\u017cesz \u0142atwo zrozumie\u0107 zasady gry, poniewa\u017c Bingo to prosta gra z jackpotem, w kt\u00f3rej wiele os\u00f3b konkuruje na ka\u017cdym koniu o jedn\u0105 (lub wi\u0119cej) wygran\u0105. Istnieje jednak kilka r\u00f3\u017cnych format\u00f3w, w kt\u00f3rych mo\u017cna gra\u0107 w t\u0119 gr\u0119, a ka\u017cdy z nich wykorzystuje nieco&#8230;<\/p>\n","protected":false},"author":1,"featured_media":0,"parent":0,"menu_order":0,"comment_status":"closed","ping_status":"closed","template":"page-with-bonus.php","meta":{"_acf_changed":false,"_kad_post_transparent":"default","_kad_post_title":"default","_kad_post_layout":"default","_kad_post_sidebar_id":"","_kad_post_content_style":"default","_kad_post_vertical_padding":"default","_kad_post_feature":"","_kad_post_feature_position":"","_kad_post_header":false,"_kad_post_footer":false,"footnotes":""},"class_list":["post-2428","page","type-page","status-publish","hentry"],"acf":[],"rttpg_featured_image_url":null,"rttpg_author":{"display_name":"Tom","author_link":"https:\/\/rocketplay-game.com\/pl\/author\/pemvas95n89x\/"},"rttpg_comment":0,"rttpg_category":null,"rttpg_excerpt":"Je\u015bli nigdy wcze\u015bniej nie gra\u0142e\u015b w darmowe bingo online w RocketPlay, nadal mo\u017cesz \u0142atwo zrozumie\u0107 zasady gry, poniewa\u017c Bingo to prosta gra z jackpotem, w kt\u00f3rej wiele os\u00f3b konkuruje na ka\u017cdym koniu o jedn\u0105 (lub wi\u0119cej) wygran\u0105. Istnieje jednak kilka r\u00f3\u017cnych format\u00f3w, w kt\u00f3rych mo\u017cna gra\u0107 w t\u0119 gr\u0119, a ka\u017cdy z nich wykorzystuje nieco...","_links":{"self":[{"href":"https:\/\/rocketplay-game.com\/pl\/wp-json\/wp\/v2\/pages\/2428","targetHints":{"allow":["GET"]}}],"collection":[{"href":"https:\/\/rocketplay-game.com\/pl\/wp-json\/wp\/v2\/pages"}],"about":[{"href":"https:\/\/rocketplay-game.com\/pl\/wp-json\/wp\/v2\/types\/page"}],"author":[{"embeddable":true,"href":"https:\/\/rocketplay-game.com\/pl\/wp-json\/wp\/v2\/users\/1"}],"replies":[{"embeddable":true,"href":"https:\/\/rocketplay-game.com\/pl\/wp-json\/wp\/v2\/comments?post=2428"}],"version-history":[{"count":3,"href":"https:\/\/rocketplay-game.com\/pl\/wp-json\/wp\/v2\/pages\/2428\/revisions"}],"predecessor-version":[{"id":2445,"href":"https:\/\/rocketplay-game.com\/pl\/wp-json\/wp\/v2\/pages\/2428\/revisions\/2445"}],"wp:attachment":[{"href":"https:\/\/rocketplay-game.com\/pl\/wp-json\/wp\/v2\/media?parent=2428"}],"curies":[{"name":"wp","href":"https:\/\/api.w.org\/{rel}","templated":true}]}}