{"id":2505,"date":"2022-08-11T20:51:13","date_gmt":"2022-08-11T17:51:13","guid":{"rendered":"https:\/\/rocketplay-game.com\/promo-code\/"},"modified":"2022-10-29T19:25:08","modified_gmt":"2022-10-29T16:25:08","slug":"promo-code","status":"publish","type":"page","link":"https:\/\/rocketplay-game.com\/pl\/promo-code\/","title":{"rendered":"Kod promocyjny RocketPlay 2023"},"content":{"rendered":"<p><img loading=\"lazy\" decoding=\"async\" class=\" wp-image-300 aligncenter\" src=\"https:\/\/rocketplay-game.com\/wp-content\/uploads\/2022\/08\/rocketplay-casino-bonuses-300x125.jpg\" alt=\"promo code\" width=\"624\" height=\"260\" srcset=\"https:\/\/rocketplay-game.com\/wp-content\/uploads\/2022\/08\/rocketplay-casino-bonuses-300x125.jpg 300w, https:\/\/rocketplay-game.com\/wp-content\/uploads\/2022\/08\/rocketplay-casino-bonuses.jpg 700w\" sizes=\"auto, (max-width: 624px) 100vw, 624px\" \/><\/p>\n<p>Kod promocyjny kasyna <a href=\"https:\/\/rocketplay-game.com\/pl\">RocketPlay<\/a> jest powszechn\u0105 praktyk\u0105 w\u015br\u00f3d bywalc\u00f3w australijskich kasyn online. Chocia\u017c wszyscy nowi u\u017cytkownicy mog\u0105 \u0142atwo zdecydowa\u0107 si\u0119 na rejestracj\u0119 w tym lub innym kasynie online, je\u015bli istnieje kod promocyjny z fajnymi bonusami na d\u0142ug\u0105 gr\u0119 na prawdziwe pieni\u0105dze.<\/p>\n<p>Kod promocyjny mo\u017cna znale\u017a\u0107 na oficjalnych stronach kasyna online w sieciach spo\u0142eczno\u015bciowych lub na oficjalnej stronie internetowej lub na stronach sieci spo\u0142eczno\u015bciowych i na stronach partner\u00f3w kasyn online. Zazwyczaj samo kasyno partnerskie rozszerza informacje o przyjemnych bonusach, zach\u0119caj\u0105c w ten spos\u00f3b u\u017cytkownik\u00f3w do zarejestrowania si\u0119 na stronie kasyna.<\/p>\n<h2>Jak zdoby\u0107 kod promocyjny?<\/h2>\n<p>Chocia\u017c kasyno rozdaje sporo kod\u00f3w promocyjnych dla nowych i sta\u0142ych u\u017cytkownik\u00f3w, wszystkie z nich mo\u017cna uzyska\u0107 w ten spos\u00f3b. Przede wszystkim musisz si\u0119 zarejestrowa\u0107 lub potwierdzi\u0107 obecno\u015b\u0107 wpisu na oficjalnej stronie kasyna online. Zanim otrzymasz ten lub inny bonus z kodem promocyjnym, upewnij si\u0119, \u017ce jest on odpowiedni dla gracza i naprawd\u0119 pomo\u017ce mu odnie\u015b\u0107 sukces w grze na wirtualne lub prawdziwe pieni\u0105dze.<\/p>\n<p>Jak zdoby\u0107 kod promocyjny RocketPlay 2023? Je\u015bli u\u017cytkownik si\u0119 zarejestrowa\u0142, musi poda\u0107 login i has\u0142o, aby wej\u015b\u0107 na w\u0142asne konto, przej\u015b\u0107 do profilu, a nast\u0119pnie do sekcji ofert bonusowych. Nast\u0119pnie nale\u017cy sprawdzi\u0107 interesuj\u0105cy Ci\u0119 bonus i potwierdzi\u0107 ch\u0119\u0107 wprowadzenia konkretnego has\u0142a.<\/p>\n<p>Ci u\u017cytkownicy, kt\u00f3rzy w\u0142a\u015bnie zarejestrowali w\u0142asne konto, mog\u0105 otrzyma\u0107 kod promocyjny RocketPlay bez depozytu i 25 darmowych spin\u00f3w. Aby zosta\u0107 w\u0142a\u015bcicielem takiej liczby darmowych spin\u00f3w, musisz w specjalnym polu wpisa\u0107 kod bonusowy RocketPlay ROCKET i potwierdzi\u0107 otrzymanie bonusu. Jednak nie trzeba d\u0142ugo czeka\u0107, aby otrzyma\u0107 bonus 50xV, poniewa\u017c u\u017cytkownik b\u0119dzie mia\u0142 tylko 1 dzie\u0144 na aktywacj\u0119 oferty bonusowej i tylko 5 dni na skorzystanie z 25 darmowych spin\u00f3w. Wydawa\u0142oby si\u0119, \u017ce zasady s\u0105 proste, ale nie wszystkim u\u017cytkownikom udaje si\u0119 aktywowa\u0107 i stworzy\u0107 bonus na czas.<\/p>\n<p>Je\u015bli chodzi o 25 darmowych spin\u00f3w za stworzenie nowego utworu muzycznego na stronie kasyna RocketPlay, gdzie mo\u017cna ich u\u017cy\u0107? Istnieje ograniczona lista automat\u00f3w, kt\u00f3re mog\u0105 wymaga\u0107 darmowych spin\u00f3w. Przede wszystkim m\u00f3wimy o jednym z popularnych automat\u00f3w od globalnego dostawcy oprogramowania do gier BGaming, a mianowicie West Town. Co wiadomo o tym automacie? Wska\u017anik RTP wynosi 96,95%. Jest to do\u015b\u0107 wysoki procent zak\u0142ad\u00f3w, kt\u00f3ry zwraca si\u0119 graczowi z konkretnego slotu. Je\u015bli gracz ma do\u015bwiadczenie w graniu na automatach na prawdziwe pieni\u0105dze, automat do gry West Town jest bardzo podobny do innego do\u015b\u0107 popularnego automatu w dziedzinie hazardu &#8211; Dead Or Alive.<\/p>\n<h2>Inne bonusy RocketPlay<\/h2>\n<p>Opr\u00f3cz kodu bonusowego bez depozytu RocketPlay bez depozytu, mo\u017cesz otrzyma\u0107 inne bonusy za rejestracj\u0119 lub pobranie aplikacji mobilnej na stronie RocketPlay. tylko nowi u\u017cytkownicy, kt\u00f3rzy wcze\u015bniej nie grali w automaty lub inne gry hazardowe online na stronie kasyna RocketPlay, mog\u0105 otrzyma\u0107 bonus po rejestracji, dzi\u0119ki czemu bonus za pobranie aplikacji mobilnej mog\u0105 otrzyma\u0107 wszyscy u\u017cytkownicy, kt\u00f3rzy wyrazili zgod\u0119 na jej pobranie. Oczywi\u015bcie mog\u0105 to by\u0107 zar\u00f3wno nowi u\u017cytkownicy, kt\u00f3rzy w\u0142a\u015bnie si\u0119 zarejestrowali, jak i gracze, kt\u00f3rzy graj\u0105 na automatach w witrynie kasyna od samego pocz\u0105tku.<\/p>\n<p>Pomimo faktu, \u017ce ca\u0142kiem sporo bonus\u00f3w kasynowych mo\u017cna uzyska\u0107 za wykonanie tej lub innej akcji, zamiast uzupe\u0142niania konta do gry, bez wp\u0142acania \u015brodk\u00f3w, u\u017cytkownik prawdopodobnie nie b\u0119dzie w stanie aktywowa\u0107 oferty bonusowej. Je\u015bli gracz zgodzi si\u0119 na ten lub inny bonus, powinien zobaczy\u0107, jakie s\u0105 warunki jego aktywacji. Wielko\u015b\u0107 depozytu r\u00f3\u017cni si\u0119 w zale\u017cno\u015bci od bonusu.<\/p>\n<p>W formie bonusu mo\u017cesz liczy\u0107 nie tylko darmowe spiny, darmowe spiny b\u0119bna, ale tak\u017ce prawdziwe pieni\u0105dze, kt\u00f3re nast\u0119pnie mo\u017cna zainwestowa\u0107 w gr\u0119 za prawdziwe pieni\u0105dze. Wielko\u015b\u0107 wygranych zale\u017cy od warunk\u00f3w otrzymania konkretnego bonusu oraz kwoty depozytu, jaki u\u017cytkownik b\u0119dzie mia\u0142 na koncie g\u0142\u00f3wnym, aby aktywowa\u0107 ofert\u0119 bonusow\u0105.<\/p>\n<p><img loading=\"lazy\" decoding=\"async\" class=\" wp-image-301 aligncenter\" src=\"https:\/\/rocketplay-game.com\/wp-content\/uploads\/2022\/08\/b5cafdb1ad0027f89a28ea8aa9901b83-300x144.jpg\" alt=\"promo code rocketplay\" width=\"652\" height=\"313\" srcset=\"https:\/\/rocketplay-game.com\/wp-content\/uploads\/2022\/08\/b5cafdb1ad0027f89a28ea8aa9901b83-300x144.jpg 300w, https:\/\/rocketplay-game.com\/wp-content\/uploads\/2022\/08\/b5cafdb1ad0027f89a28ea8aa9901b83-768x370.jpg 768w, https:\/\/rocketplay-game.com\/wp-content\/uploads\/2022\/08\/b5cafdb1ad0027f89a28ea8aa9901b83.jpg 800w\" sizes=\"auto, (max-width: 652px) 100vw, 652px\" \/><\/p>\n<h2>FAQ<\/h2>\n<h3>Czy u\u017cytkownik kodu bonusowego kasyna online RocketPlay mo\u017ce utworzy\u0107 tylko nowy rekord muzyczny?<\/h3>\n<p>Na stronach partnerskich kasyna online oferuj\u0105 wiele innych ofert, kt\u00f3re mog\u0105 by\u0107 odpowiednie dla tych u\u017cytkownik\u00f3w, kt\u00f3rzy przeszli ju\u017c proces rejestracji, wi\u0119c nie musz\u0105 si\u0119 ponownie rejestrowa\u0107. Istniej\u0105 kody promocyjne, kt\u00f3re aktywuj\u0105 bonusy dla okre\u015blonej liczby darmowych spin\u00f3w, na przyk\u0142ad 20 dodatkowych darmowych spin\u00f3w do gry na prawdziwe pieni\u0105dze w okre\u015blonym slocie kasyna online. Ponadto mo\u017cesz ubiega\u0107 si\u0119 o bonus w wysoko\u015bci 125%, je\u015bli wpiszesz specjalny kod bonusowy. Istnieje r\u00f3wnie\u017c kod promocyjny do aktywacji 100% bonusu od pierwszego depozytu. 100 darmowych zakr\u0119ce\u0144 lub darmowe zakr\u0119cenia b\u0119bna w automatach s\u0105 dodawane do 100% bonusu.<\/p>\n<h3>Jakie bonusy s\u0105 dost\u0119pne na stronie kasyna RocketPlay?<\/h3>\n<p>Na stronie Polska kasyna online mo\u017cna znale\u017a\u0107 wiele przydatnych i przyjemnych bonus\u00f3w dla nowych i sta\u0142ych u\u017cytkownik\u00f3w, koneser\u00f3w hazardu online. Og\u00f3lnie wszystkie bonusy mo\u017cna podzieli\u0107 na dwie grupy &#8211; depozytow\u0105 i bez depozytu. Jest to do\u015b\u0107 wygodna dystrybucja, szczeg\u00f3lnie dla nowych u\u017cytkownik\u00f3w. W ko\u0144cu s\u0105 bonusy, kt\u00f3re mo\u017cna uzyska\u0107 tylko za rejestracj\u0119, pobranie aplikacji mobilnej, a tak\u017ce bonusy za dokonanie pierwszej, drugiej lub trzeciej wp\u0142aty. Zalet\u0105 bonus\u00f3w bez depozytu jest to, \u017ce mo\u017cesz gra\u0107 w automaty na prawdziwe pieni\u0105dze bez korzystania z funduszy depozytowych. Chocia\u017c \u015brodki z depozytu b\u0119d\u0105 nadal potrzebne, aby aktywowa\u0107 t\u0119 lub inn\u0105 ofert\u0119 bonusow\u0105.<\/p>\n","protected":false},"excerpt":{"rendered":"<p>Kod promocyjny kasyna RocketPlay jest powszechn\u0105 praktyk\u0105 w\u015br\u00f3d bywalc\u00f3w australijskich kasyn online. Chocia\u017c wszyscy nowi u\u017cytkownicy mog\u0105 \u0142atwo zdecydowa\u0107 si\u0119 na rejestracj\u0119 w tym lub innym kasynie online, je\u015bli istnieje kod promocyjny z fajnymi bonusami na d\u0142ug\u0105 gr\u0119 na prawdziwe pieni\u0105dze. Kod promocyjny mo\u017cna znale\u017a\u0107 na oficjalnych stronach kasyna online w sieciach spo\u0142eczno\u015bciowych lub na&#8230;<\/p>\n","protected":false},"author":1,"featured_media":0,"parent":0,"menu_order":0,"comment_status":"closed","ping_status":"closed","template":"","meta":{"_acf_changed":false,"_kad_post_transparent":"default","_kad_post_title":"default","_kad_post_layout":"default","_kad_post_sidebar_id":"","_kad_post_content_style":"default","_kad_post_vertical_padding":"default","_kad_post_feature":"","_kad_post_feature_position":"","_kad_post_header":false,"_kad_post_footer":false,"footnotes":""},"class_list":["post-2505","page","type-page","status-publish","hentry"],"acf":[],"rttpg_featured_image_url":null,"rttpg_author":{"display_name":"Tom","author_link":"https:\/\/rocketplay-game.com\/pl\/author\/pemvas95n89x\/"},"rttpg_comment":0,"rttpg_category":null,"rttpg_excerpt":"Kod promocyjny kasyna RocketPlay jest powszechn\u0105 praktyk\u0105 w\u015br\u00f3d bywalc\u00f3w australijskich kasyn online. Chocia\u017c wszyscy nowi u\u017cytkownicy mog\u0105 \u0142atwo zdecydowa\u0107 si\u0119 na rejestracj\u0119 w tym lub innym kasynie online, je\u015bli istnieje kod promocyjny z fajnymi bonusami na d\u0142ug\u0105 gr\u0119 na prawdziwe pieni\u0105dze. Kod promocyjny mo\u017cna znale\u017a\u0107 na oficjalnych stronach kasyna online w sieciach spo\u0142eczno\u015bciowych lub na...","_links":{"self":[{"href":"https:\/\/rocketplay-game.com\/pl\/wp-json\/wp\/v2\/pages\/2505","targetHints":{"allow":["GET"]}}],"collection":[{"href":"https:\/\/rocketplay-game.com\/pl\/wp-json\/wp\/v2\/pages"}],"about":[{"href":"https:\/\/rocketplay-game.com\/pl\/wp-json\/wp\/v2\/types\/page"}],"author":[{"embeddable":true,"href":"https:\/\/rocketplay-game.com\/pl\/wp-json\/wp\/v2\/users\/1"}],"replies":[{"embeddable":true,"href":"https:\/\/rocketplay-game.com\/pl\/wp-json\/wp\/v2\/comments?post=2505"}],"version-history":[{"count":2,"href":"https:\/\/rocketplay-game.com\/pl\/wp-json\/wp\/v2\/pages\/2505\/revisions"}],"predecessor-version":[{"id":2511,"href":"https:\/\/rocketplay-game.com\/pl\/wp-json\/wp\/v2\/pages\/2505\/revisions\/2511"}],"wp:attachment":[{"href":"https:\/\/rocketplay-game.com\/pl\/wp-json\/wp\/v2\/media?parent=2505"}],"curies":[{"name":"wp","href":"https:\/\/api.w.org\/{rel}","templated":true}]}}