{"id":2521,"date":"2022-10-03T13:29:24","date_gmt":"2022-10-03T10:29:24","guid":{"rendered":"https:\/\/rocketplay-game.com\/slots\/cash-pig\/"},"modified":"2026-03-01T15:51:55","modified_gmt":"2026-03-01T12:51:55","slug":"cash-pig","status":"publish","type":"page","link":"https:\/\/rocketplay-game.com\/pl\/slots\/cash-pig\/","title":{"rendered":"Cash Pig w RocketPlay"},"content":{"rendered":"<p>Automat Rocket Play Cash Pig to nowo powsta\u0142y plac zabaw stworzony przez zesp\u00f3\u0142 deweloperski Booming Games. Zacz\u0119\u0142a w 2021 roku. Platforma ta zawiera mo\u017cliwo\u015b\u0107 gry szkoleniowej bez \u017cadnych zobowi\u0105za\u0144. Ten plac zabaw charakteryzuje si\u0119 ekstremaln\u0105 zmienno\u015bci\u0105 cen. Zawiera 5 dysk\u00f3w i 4 kierunki. Ma a\u017c trzydzie\u015bci dochodowych schemat\u00f3w i wyg\u00f3rowany mno\u017cnik \u2013 8 tys.<\/p>\n<p>Niedawne pojawienie si\u0119 internetowego automatu Rocket Play Cash Pig nie przeszkadza w rozwoju jego popularno\u015bci. Tym, kt\u00f3rzy lubi\u0105 przechowywa\u0107 wszystko w dzbanku, spodoba si\u0119 ta rozrywka. Op\u0142acalne finansowanie wszelkiego rodzaju obiekt\u00f3w. Oczywi\u015bcie istnieje mo\u017cliwo\u015b\u0107 poniesienia straty, ale mo\u017cna te\u017c zdoby\u0107 du\u017cy jackpot, czyli pi\u0119\u0107dziesi\u0105t pi\u0119\u0107dziesi\u0105t.<\/p>\n<p>Po podj\u0119ciu decyzji znajdziesz w sobie si\u0142\u0119, aby zwi\u0119kszy\u0107 wielko\u015b\u0107 swoich wk\u0142ad\u00f3w, dzi\u0119ki zwi\u0119kszonej zmienno\u015bci polityki cenowej dla przedmiot\u00f3w, kt\u00f3re zgromadzi\u0142e\u015b w pude\u0142ku. Tak wi\u0119c im wi\u0119cej zgromadzi\u0142e\u015b, tym bardziej op\u0142acalny jest Tw\u00f3j zysk. Twoja maksymalna dywidenda to w tym przypadku wysoko\u015b\u0107 wp\u0142aty z mno\u017cnikiem 8 tys. W ko\u0144cu najwy\u017cszy zak\u0142ad to 54 monety. Ale dla minimalnego zak\u0142adu (0,3 monety) &#8211; to r\u00f3wnie\u017c dobry doch\u00f3d.<\/p>\n<p style=\"text-align: center;\"><img loading=\"lazy\" decoding=\"async\" class=\"aligncenter wp-image-500 size-full\" src=\"https:\/\/rocketplay-game.com\/wp-content\/uploads\/2022\/10\/cash-pig.jpeg\" alt=\"cash pig\" width=\"730\" height=\"500\" srcset=\"https:\/\/rocketplay-game.com\/wp-content\/uploads\/2022\/10\/cash-pig.jpeg 730w, https:\/\/rocketplay-game.com\/wp-content\/uploads\/2022\/10\/cash-pig-300x205.jpeg 300w\" sizes=\"auto, (max-width: 730px) 100vw, 730px\" \/><\/p>\n<h2>Jak gra\u0107 w Cash Pig<\/h2>\n<p>Je\u015bli przeprowadzany jest przegl\u0105d automatu Rocket Play Cash Pig, pole gry zosta\u0142o zaprojektowane w dyskretnej kolorystyce. Wyrazisty rysunek nie pozostawi niezauwa\u017conym \u017cadnego elementu. Elementy rotacji czekaj\u0105 na Ciebie w najbardziej niezwyk\u0142ych miejscach: na dachu szczytu chmur, na szczycie Wie\u017cy Eiffla, w koszu szybuj\u0105cego balonu i wok\u00f3\u0142 krajobrazu solidnej metropolii. Oto platforma do zarabiania pieni\u0119dzy. Obstawiaj, kr\u0119\u0107 i podejmuj ryzyko. Wygodna konsola koordynacyjna pomo\u017ce Ci:<\/p>\n<ul>\n<li>Obraz okr\u0105g\u0142ej strza\u0142ki na zielonym przycisku oznacza rozpocz\u0119cie darmowych spin\u00f3w Rocket Play Cash Pig.<\/li>\n<li>Poni\u017cej znajduje si\u0119 ekran ze szczeg\u00f3\u0142ami Twojego konta.<\/li>\n<li>W pobli\u017cu znajduje si\u0119 znak plus, kt\u00f3ry odpowiada za d\u017awi\u0119k, zaprzestanie akompaniamentu muzycznego, maksymalny depozyt \u015brodk\u00f3w jednym klikni\u0119ciem oraz wprowadzenie do gry pi\u0119\u0107dziesi\u0119ciu automatycznych obrot\u00f3w.<\/li>\n<li>Nieco dalej znajduje si\u0119 tarcza do regulacji ilo\u015bci danych wej\u015bciowych.<\/li>\n<li>Na g\u00f3rze platformy do gier znajduje si\u0119 ikona wiadomo\u015bci, aby zapozna\u0107 si\u0119 z warunkami gry, rozmiarami danych wej\u015bciowych itp.<\/li>\n<li>Instaluj\u0105c aplikacj\u0119 mobiln\u0105 na platform\u0119 do gier, mo\u017cesz wzi\u0105\u0107 udzia\u0142 w rozgrywce z dowolnego posiadanego gad\u017cetu w dogodnej dla Ciebie lokalizacji.<\/li>\n<li>Funkcje bonusowe Cash Pig<\/li>\n<\/ul>\n<p>Baza gry ma trzydzie\u015bci op\u0142acalnych opcji. Mog\u0105 by\u0107 ustawione nie tylko w jakim\u015b kierunku, ale te\u017c tworzy\u0107 dowoln\u0105 form\u0119. Aby uzyska\u0107 op\u0142acaln\u0105 opcj\u0119, musisz zebra\u0107 od 3 do 5 r\u00f3wnowa\u017cnych znak\u00f3w. Symbole, na kt\u00f3re nale\u017cy uwa\u017ca\u0107:<\/p>\n<ul>\n<li>Znak \u015bwinki to skarbonka, co oznacza, \u017ce \u200b\u200bpoprzednie oszcz\u0119dno\u015bci monety s\u0105 przekazywane na Tw\u00f3j depozyt.<\/li>\n<li>Butelka szampana na jednej lub pi\u0119ciu p\u0142ytach daje dodatkowe obroty.<\/li>\n<li>Znak Wild to solidny diament, kt\u00f3ry mo\u017ce zast\u0105pi\u0107 ka\u017cdy obraz, tworz\u0105c dochodowy schemat.<\/li>\n<\/ul>\n<p>Jest dla Ciebie bonus Rocket Play Cash Pig. Ten plac zabaw ma trzy rundy motywacyjne:<\/p>\n<ul>\n<li>Du\u017ce ulepszenie. Wchodzi do gry niespodziewanie, przekszta\u0142caj\u0105c proste znaki w warto\u015bciowe.<\/li>\n<li>Pomniejszy eliminator. Pojawia si\u0119 te\u017c nieoczekiwanie i eliminuje z placu zabaw napisy o bud\u017cecie.<\/li>\n<li>\u015awinka skarbonka. Wchodzi do gry, gdy wypadnie sze\u015b\u0107 lub wi\u0119cej monet. Nast\u0119pnie zaczynaj\u0105 si\u0119 zakorzenia\u0107 3 okresy, z kolei, gdy pojawia si\u0119 nast\u0119pna moneta. Ciesz\u0119 si\u0119, \u017ce osobna moneta przynosi zysk.<\/li>\n<\/ul>\n<h2>Cz\u0119sto zadawane pytania dotycz\u0105ce automatu Cash Pig<\/h2>\n<h3>Jak wygra\u0107 pieni\u0105dze?<\/h3>\n<p>Aby do\u0142\u0105czy\u0107 do gry slotowej Rocket Play Cash Pig, musisz aktywowa\u0107 swoje konto i dokona\u0107 wp\u0142aty.<\/p>\n<h3>Jak gra\u0107 w Cash Pig bez inwestycji?<\/h3>\n<p>Na tej platformie do gier odbywaj\u0105 si\u0119 rundy szkoleniowe bez \u017cadnych zobowi\u0105za\u0144.<\/p>\n<h3>Czy ta platforma ma du\u017cy bank i czy mo\u017cna go wyp\u0142aci\u0107?<\/h3>\n<p>Na tej stronie jest dobry jackpot z mno\u017cnikiem 8 tys.<\/p>\n<h3>Jaka jest stopa zwrotu z tej rozrywki?<\/h3>\n<p>Perspektywy zysku s\u0105 do\u015b\u0107 du\u017ce. Wska\u017anik rewersji tego placu zabaw jest bardzo wysoki &#8211; 96,03%.<\/p>\n","protected":false},"excerpt":{"rendered":"<p>Automat Rocket Play Cash Pig to nowo powsta\u0142y plac zabaw stworzony przez zesp\u00f3\u0142 deweloperski Booming Games. Zacz\u0119\u0142a w 2021 roku. Platforma ta zawiera mo\u017cliwo\u015b\u0107 gry szkoleniowej bez \u017cadnych zobowi\u0105za\u0144. Ten plac zabaw charakteryzuje si\u0119 ekstremaln\u0105 zmienno\u015bci\u0105 cen. Zawiera 5 dysk\u00f3w i 4 kierunki. Ma a\u017c trzydzie\u015bci dochodowych schemat\u00f3w i wyg\u00f3rowany mno\u017cnik \u2013 8 tys. Niedawne&#8230;<\/p>\n","protected":false},"author":1,"featured_media":0,"parent":2073,"menu_order":0,"comment_status":"closed","ping_status":"closed","template":"page-with-slot.php","meta":{"_acf_changed":false,"_kad_post_transparent":"default","_kad_post_title":"default","_kad_post_layout":"default","_kad_post_sidebar_id":"","_kad_post_content_style":"default","_kad_post_vertical_padding":"default","_kad_post_feature":"","_kad_post_feature_position":"","_kad_post_header":false,"_kad_post_footer":false,"footnotes":""},"class_list":["post-2521","page","type-page","status-publish","hentry"],"acf":[],"rttpg_featured_image_url":null,"rttpg_author":{"display_name":"Tom","author_link":"https:\/\/rocketplay-game.com\/pl\/author\/pemvas95n89x\/"},"rttpg_comment":0,"rttpg_category":null,"rttpg_excerpt":"Automat Rocket Play Cash Pig to nowo powsta\u0142y plac zabaw stworzony przez zesp\u00f3\u0142 deweloperski Booming Games. Zacz\u0119\u0142a w 2021 roku. Platforma ta zawiera mo\u017cliwo\u015b\u0107 gry szkoleniowej bez \u017cadnych zobowi\u0105za\u0144. Ten plac zabaw charakteryzuje si\u0119 ekstremaln\u0105 zmienno\u015bci\u0105 cen. Zawiera 5 dysk\u00f3w i 4 kierunki. Ma a\u017c trzydzie\u015bci dochodowych schemat\u00f3w i wyg\u00f3rowany mno\u017cnik \u2013 8 tys. Niedawne...","_links":{"self":[{"href":"https:\/\/rocketplay-game.com\/pl\/wp-json\/wp\/v2\/pages\/2521","targetHints":{"allow":["GET"]}}],"collection":[{"href":"https:\/\/rocketplay-game.com\/pl\/wp-json\/wp\/v2\/pages"}],"about":[{"href":"https:\/\/rocketplay-game.com\/pl\/wp-json\/wp\/v2\/types\/page"}],"author":[{"embeddable":true,"href":"https:\/\/rocketplay-game.com\/pl\/wp-json\/wp\/v2\/users\/1"}],"replies":[{"embeddable":true,"href":"https:\/\/rocketplay-game.com\/pl\/wp-json\/wp\/v2\/comments?post=2521"}],"version-history":[{"count":3,"href":"https:\/\/rocketplay-game.com\/pl\/wp-json\/wp\/v2\/pages\/2521\/revisions"}],"predecessor-version":[{"id":10301,"href":"https:\/\/rocketplay-game.com\/pl\/wp-json\/wp\/v2\/pages\/2521\/revisions\/10301"}],"up":[{"embeddable":true,"href":"https:\/\/rocketplay-game.com\/pl\/wp-json\/wp\/v2\/pages\/2073"}],"wp:attachment":[{"href":"https:\/\/rocketplay-game.com\/pl\/wp-json\/wp\/v2\/media?parent=2521"}],"curies":[{"name":"wp","href":"https:\/\/api.w.org\/{rel}","templated":true}]}}