{"id":2526,"date":"2022-10-03T13:39:15","date_gmt":"2022-10-03T10:39:15","guid":{"rendered":"https:\/\/rocketplay-game.com\/slots\/elvis-frog-vegas\/"},"modified":"2023-01-17T22:32:24","modified_gmt":"2023-01-17T19:32:24","slug":"elvis-frog-vegas","status":"publish","type":"page","link":"https:\/\/rocketplay-game.com\/pl\/slots\/elvis-frog-vegas\/","title":{"rendered":"Elvis \u017baba w Vegas"},"content":{"rendered":"<p><img loading=\"lazy\" decoding=\"async\" class=\"alignleft wp-image-503 size-medium\" src=\"https:\/\/rocketplay-game.com\/wp-content\/uploads\/2022\/10\/elvis-frog-rocketplay-202x300.png\" alt=\"Elvis Frog Rocketplay\" width=\"202\" height=\"300\" srcset=\"https:\/\/rocketplay-game.com\/wp-content\/uploads\/2022\/10\/elvis-frog-rocketplay-202x300.png 202w, https:\/\/rocketplay-game.com\/wp-content\/uploads\/2022\/10\/elvis-frog-rocketplay.png 389w\" sizes=\"auto, (max-width: 202px) 100vw, 202px\" \/><\/p>\n<p>Mo\u017cesz spr\u00f3bowa\u0107 gry na automacie Rocket Play Elvis Frog in Vegas bez inwestycji. Gra slotowa Rocket Play Elvis Frog in Vegas znana jest z 96-procentowej stopy zwrotu. Posiada r\u00f3wnie\u017c pi\u0119\u0107 kr\u0105\u017c\u0105cych dysk\u00f3w i dwadzie\u015bcia pi\u0119\u0107 kierunk\u00f3w kompensacji. Jest gra premium, preferencyjne obroty oraz symbole Wild i Scatter, ale bez mno\u017cnika.<\/p>\n<p>Plac zabaw posiada tryb automatyczny oraz aktywny mechanizm promocji. W symulatorze g\u0142\u00f3wnym bohaterem jest \u017caba. Zanurzaj\u0105c si\u0119 w t\u0119 gr\u0119, odwiedzisz Las Vegas, podczas wyst\u0119pu \u017caby Elvisa, wykonuj\u0105cego rock and rolla. Bawi\u0105c si\u0119 z g\u0142\u0119bi serca, mo\u017cesz zebra\u0107 porz\u0105dn\u0105 sum\u0119, kt\u00f3ra pomno\u017cy Tw\u00f3j wk\u0142ad dwa i p\u00f3\u0142 tysi\u0105ca razy.<\/p>\n<h2>RTP i zmienno\u015b\u0107<\/h2>\n<p>Po recenzji automatu Rocket Play Elvis Frog in Vegas, pole ma 5 wiruj\u0105cych dysk\u00f3w i 25 linii zysku. Aby wygra\u0107, musisz ustawi\u0107 si\u0119 w kolejno\u015bci punktacji od 3 lub wi\u0119cej r\u00f3wnowa\u017cnych znak\u00f3w. Po dokonaniu wk\u0142adu od dw\u00f3ch i p\u00f3\u0142 do dwudziestu pi\u0119ciu euro na promocj\u0119, mo\u017cesz do\u0142\u0105czy\u0107 do gry na dowolnym gad\u017cecie. Symulator ma niski stopie\u0144 ryzyka finansowego; procent zwrotu wynosi 96, a maksymalna wyp\u0142ata za jedn\u0105 promocj\u0119 mo\u017ce by\u0107 dwa i p\u00f3\u0142 tysi\u0105ca razy wi\u0119ksza ni\u017c Tw\u00f3j depozyt.<\/p>\n<h2>Jak gra\u0107<\/h2>\n<p>G\u0142\u00f3wnym znakiem internetowego symulatora gry Rocket Play Elvis Frog in Vegas jest Elvis Frog, kt\u00f3ry zast\u0119puje wszystkie inne znaki, aby zebra\u0107 zwyci\u0119ski plan. Je\u015bli to zadzia\u0142a w jednej promocji, otrzymasz dodatkowe wycieczki. Znak Monety (z\u0142ota moneta) znika w grze g\u0142\u00f3wnej oraz podczas cykli prolongaty. Po utworzeniu wymaganej liczby tych znak\u00f3w dost\u0119pna jest jedna gwarantowana nagroda.<\/p>\n<p>Dost\u0119pnych jest pi\u0119\u0107 dodatkowych cykli bez zak\u0142ad\u00f3w, kt\u00f3re mo\u017cna ponownie wprowadzi\u0107 do gry, gdy pojawi\u0105 si\u0119 kolejne 3 znaki zodiaku. W dodatkowych cyklach pojawia si\u0119 opcja Blazing Reels, co oznacza pojawienie si\u0119 jednego du\u017cego symbolu przy \u0142\u0105czeniu 2,3 \u200b\u200bi 4 rolek. Mo\u017ce przynie\u015b\u0107 ci dobry zysk. Coin Respin &#8211; ta funkcja jest uruchamiana, gdy na polu gry pojawi si\u0119 co najmniej 6 monet got\u00f3wkowych, kt\u00f3re zajm\u0105 ich miejsca. A inne okna s\u0105 puste. Z biegiem czasu dost\u0119pne b\u0119d\u0105 trzy restarty, aby wype\u0142ni\u0107 puste okna monetami.<\/p>\n<p>W momencie, gdy moneta wpada do okna, ponowna pr\u00f3ba wraca do swoich pozycji wyj\u015bciowych. Ten proces trwa, dop\u00f3ki wszystkie puste pola nie zostan\u0105 wype\u0142nione. Na koniec kwota wszystkich monet jest przekazywana na Tw\u00f3j depozyt. Podczas tej pozycji mo\u017cesz mie\u0107 szcz\u0119\u015bcie i wygra\u0107 jedn\u0105 z nagr\u00f3d, z kt\u00f3rych g\u0142\u00f3wn\u0105 jest Mega. Mo\u017cesz go odzyska\u0107, je\u015bli wszystkie puste okienka zostan\u0105 wype\u0142nione z\u0142otymi monetami. To zabawna platforma do zabawy z przyzwoitym projektem strony internetowej, \u015bwietnymi funkcjami i satysfakcjonuj\u0105cymi wyp\u0142atami.<\/p>\n<p style=\"text-align: center;\"><img loading=\"lazy\" decoding=\"async\" class=\"aligncenter wp-image-504 size-full\" src=\"https:\/\/rocketplay-game.com\/wp-content\/uploads\/2022\/10\/elvis-frog-in-vegas.jpeg\" alt=\"Elvis Frog In Vegas\" width=\"736\" height=\"248\" srcset=\"https:\/\/rocketplay-game.com\/wp-content\/uploads\/2022\/10\/elvis-frog-in-vegas.jpeg 736w, https:\/\/rocketplay-game.com\/wp-content\/uploads\/2022\/10\/elvis-frog-in-vegas-300x101.jpeg 300w\" sizes=\"auto, (max-width: 736px) 100vw, 736px\" \/><\/p>\n<h2>FAQ<\/h2>\n<h3>Jakie bonusy oferuje automat?<\/h3>\n<p>Darmowe spiny w Rocket Play Elvis Frog in Vegas to oferta specjalna. Polega na uzyskaniu przez gracza szansy na rozegranie dodatkowych rund za darmo. Na podstawie wszystkich zwyci\u0119skich kombinacji sumuje si\u0119 ostateczne wygrane. Otrzymane pieni\u0105dze mo\u017cesz wykorzysta\u0107 wed\u0142ug w\u0142asnego uznania &#8211; po\u0142\u00f3\u017c je na wyp\u0142at\u0119 lub kontynuuj stawianie zak\u0142ad\u00f3w.<\/p>\n<h3>Jakie s\u0105 korzy\u015bci z bonus\u00f3w?<\/h3>\n<p>Automaty do gry z niespodziankami s\u0105 popularne zar\u00f3wno w\u015br\u00f3d pocz\u0105tkuj\u0105cych, jak i profesjonalnych graczy. Ich zapotrzebowanie wynika z wielu zalet. Pierwszym z nich jest wprowadzenie do rozgrywki rado\u015bci. To staje si\u0119 bardziej ekscytuj\u0105ce. Drug\u0105 zalet\u0105 jest zwi\u0119kszenie szans na otrzymanie du\u017cej kwoty. Na przyk\u0142ad w premii Rocket Play Elvis Frog in Vegas, w\u015br\u00f3d darmowych spin\u00f3w, mo\u017ce wypa\u015b\u0107 kilka zwyci\u0119skich kombinacji z du\u017c\u0105 wygran\u0105.<\/p>\n<p>Przeczytaj r\u00f3wnie\u017c o:<\/p>\n<ul>\n<li><a href=\"https:\/\/rocketplay-game.com\/pl\/slots\/hit-gold-hold-and-win\/\">Hit Gold! Hold And Win<\/a><\/li>\n<li><a href=\"https:\/\/rocketplay-game.com\/pl\/slots\/queen-and-dragons\/\">Queen and the Dragons<\/a><\/li>\n<\/ul>\n","protected":false},"excerpt":{"rendered":"<p>Mo\u017cesz spr\u00f3bowa\u0107 gry na automacie Rocket Play Elvis Frog in Vegas bez inwestycji. Gra slotowa Rocket Play Elvis Frog in Vegas znana jest z 96-procentowej stopy zwrotu. Posiada r\u00f3wnie\u017c pi\u0119\u0107 kr\u0105\u017c\u0105cych dysk\u00f3w i dwadzie\u015bcia pi\u0119\u0107 kierunk\u00f3w kompensacji. Jest gra premium, preferencyjne obroty oraz symbole Wild i Scatter, ale bez mno\u017cnika. Plac zabaw posiada tryb automatyczny&#8230;<\/p>\n","protected":false},"author":1,"featured_media":0,"parent":2073,"menu_order":0,"comment_status":"closed","ping_status":"closed","template":"page-with-slot.php","meta":{"_acf_changed":false,"_kad_post_transparent":"default","_kad_post_title":"default","_kad_post_layout":"default","_kad_post_sidebar_id":"","_kad_post_content_style":"default","_kad_post_vertical_padding":"default","_kad_post_feature":"","_kad_post_feature_position":"","_kad_post_header":false,"_kad_post_footer":false,"footnotes":""},"class_list":["post-2526","page","type-page","status-publish","hentry"],"acf":[],"rttpg_featured_image_url":null,"rttpg_author":{"display_name":"Tom","author_link":"https:\/\/rocketplay-game.com\/pl\/author\/pemvas95n89x\/"},"rttpg_comment":0,"rttpg_category":null,"rttpg_excerpt":"Mo\u017cesz spr\u00f3bowa\u0107 gry na automacie Rocket Play Elvis Frog in Vegas bez inwestycji. Gra slotowa Rocket Play Elvis Frog in Vegas znana jest z 96-procentowej stopy zwrotu. Posiada r\u00f3wnie\u017c pi\u0119\u0107 kr\u0105\u017c\u0105cych dysk\u00f3w i dwadzie\u015bcia pi\u0119\u0107 kierunk\u00f3w kompensacji. Jest gra premium, preferencyjne obroty oraz symbole Wild i Scatter, ale bez mno\u017cnika. Plac zabaw posiada tryb automatyczny...","_links":{"self":[{"href":"https:\/\/rocketplay-game.com\/pl\/wp-json\/wp\/v2\/pages\/2526","targetHints":{"allow":["GET"]}}],"collection":[{"href":"https:\/\/rocketplay-game.com\/pl\/wp-json\/wp\/v2\/pages"}],"about":[{"href":"https:\/\/rocketplay-game.com\/pl\/wp-json\/wp\/v2\/types\/page"}],"author":[{"embeddable":true,"href":"https:\/\/rocketplay-game.com\/pl\/wp-json\/wp\/v2\/users\/1"}],"replies":[{"embeddable":true,"href":"https:\/\/rocketplay-game.com\/pl\/wp-json\/wp\/v2\/comments?post=2526"}],"version-history":[{"count":2,"href":"https:\/\/rocketplay-game.com\/pl\/wp-json\/wp\/v2\/pages\/2526\/revisions"}],"predecessor-version":[{"id":2528,"href":"https:\/\/rocketplay-game.com\/pl\/wp-json\/wp\/v2\/pages\/2526\/revisions\/2528"}],"up":[{"embeddable":true,"href":"https:\/\/rocketplay-game.com\/pl\/wp-json\/wp\/v2\/pages\/2073"}],"wp:attachment":[{"href":"https:\/\/rocketplay-game.com\/pl\/wp-json\/wp\/v2\/media?parent=2526"}],"curies":[{"name":"wp","href":"https:\/\/api.w.org\/{rel}","templated":true}]}}