{"id":2673,"date":"2022-10-03T13:50:30","date_gmt":"2022-10-03T10:50:30","guid":{"rendered":"https:\/\/rocketplay-game.com\/slots\/hit-gold-hold-and-win\/"},"modified":"2022-10-30T09:54:52","modified_gmt":"2022-10-30T06:54:52","slug":"hit-gold-hold-and-win","status":"publish","type":"page","link":"https:\/\/rocketplay-game.com\/pl\/slots\/hit-gold-hold-and-win\/","title":{"rendered":"Hit Z\u0142oto! Trzymaj i wygrywaj"},"content":{"rendered":"<p><img loading=\"lazy\" decoding=\"async\" class=\"size-medium wp-image-507 alignleft\" src=\"https:\/\/rocketplay-game.com\/wp-content\/uploads\/2022\/10\/hit-the-gold-hold-and-win-300x232.png\" alt=\"Hit The Gold! Hold And Win\" width=\"300\" height=\"232\" srcset=\"https:\/\/rocketplay-game.com\/wp-content\/uploads\/2022\/10\/hit-the-gold-hold-and-win-300x232.png 300w, https:\/\/rocketplay-game.com\/wp-content\/uploads\/2022\/10\/hit-the-gold-hold-and-win.png 320w\" sizes=\"auto, (max-width: 300px) 100vw, 300px\" \/><\/p>\n<p>Symulator rakiety Zagraj Hit the Gold! Automat typu Hold and Win to ekscytuj\u0105ca koncepcja wprowadzona w \u017cycie przez \u015bwiatowej s\u0142awy tw\u00f3rc\u0119 technologii gier, Booongo, w czerwcu 2021 roku. Tw\u00f3rcy gry zbadali proces wydobywania z\u0142ota. G\u0142\u00f3wnymi bohaterami scenariusza s\u0105 g\u00f3rnik i jego pies, kt\u00f3rzy szukaj\u0105 kopalni z\u0142ota. Uczestnicy rozgrywki staraj\u0105 si\u0119 pom\u00f3c g\u0142\u00f3wnemu bohaterowi za pomoc\u0105 centralnych znak\u00f3w gry. Sprawd\u017a zasady gry bukmacherskiej i spr\u00f3buj zagra\u0107 w gr\u0119 pr\u00f3bn\u0105, nie ryzykuj\u0105c pieni\u0119dzy.<\/p>\n<h2>Procent zwrotu i wariancja<\/h2>\n<p>Rocket Play Hit the Gold! Automat online Hold and Win przyci\u0105ga wieloma parametrami. Gra ma 95,66 procent zwrotu. Symulator od Booongo zawiera pi\u0119\u0107 okr\u0119g\u00f3w obiegowych i dwadzie\u015bcia pi\u0119\u0107 kierunk\u00f3w kompensacji. Maksymalny limit zysku to kwota depozytu x2000. Dla <a href=\"https:\/\/rocketplay-game.com\/pl\/mobile-version\/\">aplikacji mobilnych<\/a> opracowano odmian\u0119 HTML5, kt\u00f3ra umo\u017cliwia uczestniczenie w grze z dowolnego urz\u0105dzenia przeno\u015bnego.<\/p>\n<p>Rocket Play Hit the Gold! Gra typu Hold and Win powinna zainteresowa\u0107 potencjalnych graczy w Internecie. Platforma posiada szereg znak\u00f3w, kt\u00f3re pomog\u0105 wygra\u0107 u\u017cytkownikowi. Pozna\u0107 ich:<\/p>\n<ul>\n<li>Pies, przyjaciel i obro\u0144ca g\u0142\u00f3wnego bohatera.<\/li>\n<li>Worek z piaskiem.<\/li>\n<li>Z\u0142ote fragmenty.<\/li>\n<li>Kylo do wydobywania z\u0142ota;<\/li>\n<li>Litery \u0142aci\u0144skie A, K, Q i J!<\/li>\n<\/ul>\n<p>Uczestnik akcji gry sporz\u0105dza schemat z tych oznacze\u0144, aby uzyska\u0107 mno\u017cniki. Aby uzyska\u0107 dobry zysk z tego placu zabaw, u\u017cyj g\u0142\u00f3wnych znak\u00f3w automat\u00f3w do gier. Takich znak\u00f3w jest wiele:<\/p>\n<ul>\n<li>Obraz rozproszony &#8211; szyny kolejowe;<\/li>\n<li>Dziki znak &#8211; poszukiwacz z\u0142ota;<\/li>\n<li>Znak Bonus to z\u0142oty \u017ceton.<\/li>\n<\/ul>\n<p>Symbol Scatter pojawia si\u0119 na \u015brodkowych trzech b\u0119bnach, kt\u00f3re obejmuj\u0105 wydarzenie do wyodr\u0119bniania cykli rotacji bez zak\u0142ad\u00f3w (Rocket Play Hit the Gold! Hold and Win bonus) w rozgrywce.<\/p>\n<h2>Cechy rozgrywki<\/h2>\n<p>Aby zagra\u0107 w gr\u0119 na symulatorach, aktywacja nie jest wymagana. W tym celu na pocz\u0105tku jest runda treningowa stosowana przez pocz\u0105tkuj\u0105cych. W tej rundzie nowo przybyli gracze w ko\u0144cu dokonuj\u0105 wyboru, czy chc\u0105 gra\u0107, czy nie. Potencjalni gracze, kt\u00f3rzy chc\u0105 skorzysta\u0107 z procedury gry, musz\u0105 aktywowa\u0107 i wpisa\u0107 kwot\u0119 na swoje konto. Nast\u0119pnie wchodzimy w powa\u017cn\u0105 gr\u0119 bukmachersk\u0105.<\/p>\n<p>Restart jest otwierany, gdy na platformie do gier znajduj\u0105 si\u0119 trzy z\u0142ote sztabki. Teraz masz osiem dodatkowych rund. Gdy w to samo miejsce dotrze jeszcze sze\u015b\u0107 sztuk z\u0142ota, rozpoczyna si\u0119 gra bonusowa z trzema ponownymi pr\u00f3bami. To gra rakietowa Hit the Gold! Trzymaj i wygraj <a href=\"https:\/\/rocketplay-game.com\/pl\/bonus\/\">bonus<\/a> wrzutowy. Pojedyncza sztabka z\u0142ota jest r\u00f3wnoznaczna z ponownym uruchomieniem b\u0119bna. W rundzie premium na polu gry pojawia si\u0119 szyfr nagrody, kt\u00f3ry wprowadza do gry du\u017c\u0105 nagrod\u0119. Po zebraniu pi\u0119tnastu bonusowych hieroglif\u00f3w naprawd\u0119 mo\u017cliwe jest zgarni\u0119cie skandalicznego jackpota.<\/p>\n<p style=\"text-align: center;\"><img loading=\"lazy\" decoding=\"async\" class=\"aligncenter wp-image-508 size-full\" src=\"https:\/\/rocketplay-game.com\/wp-content\/uploads\/2022\/10\/hit-the-gold-hold-and-win.jpeg\" alt=\"Hit The Gold! Hold And Win\" width=\"730\" height=\"487\" srcset=\"https:\/\/rocketplay-game.com\/wp-content\/uploads\/2022\/10\/hit-the-gold-hold-and-win.jpeg 730w, https:\/\/rocketplay-game.com\/wp-content\/uploads\/2022\/10\/hit-the-gold-hold-and-win-300x200.jpeg 300w\" sizes=\"auto, (max-width: 730px) 100vw, 730px\" \/><\/p>\n<h2>Opinia eksperta<\/h2>\n<p>Jednor\u0119ki bandyta zosta\u0142 wymy\u015blony i powo\u0142any do \u017cycia przez znan\u0105 firm\u0119 Booongo. Kontynuuje temat poszukiwaczy z\u0142ota i fan\u00f3w platformy do gier Aztec Gold. Kr\u0119c\u0105c b\u0119bnem na boisku Strike Gold, istnieje mo\u017cliwo\u015b\u0107 uzyskania dobrego zysku. Ten symulator jest znany z dobrych st\u00f3p zwrotu, ekscytuj\u0105cych nagr\u00f3d i pot\u0119\u017cnych mno\u017cnik\u00f3w.<\/p>\n<p>Je\u015bli wydasz Rocket Play Hit the Gold! Przegl\u0105d automat\u00f3w Hold and Win, projekt strony internetowej symulatora robi \u017cywe wra\u017cenie, a ostre obrazy przyci\u0105gaj\u0105 graczy. Intryguj\u0105cy scenariusz, przyst\u0119pna rozgrywka i kusz\u0105ce systemy punktacji przyci\u0105gaj\u0105 zainteresowanie potencjalnych graczy.<\/p>\n<p>Je\u015bli nie chcesz ryzykowa\u0107 swoich finans\u00f3w, mo\u017cesz wypr\u00f3bowa\u0107 wersj\u0119 demo. W ten spos\u00f3b przestudiujesz dzia\u0142anie urz\u0105dzenia i zrozumiesz specyfik\u0119 gry. Dopiero gdy poczujesz si\u0119 pewnie, mo\u017cesz obstawia\u0107 zak\u0142ady i walczy\u0107 o wygrane na prawdziwe pieni\u0105dze.<\/p>\n","protected":false},"excerpt":{"rendered":"<p>Symulator rakiety Zagraj Hit the Gold! Automat typu Hold and Win to ekscytuj\u0105ca koncepcja wprowadzona w \u017cycie przez \u015bwiatowej s\u0142awy tw\u00f3rc\u0119 technologii gier, Booongo, w czerwcu 2021 roku. Tw\u00f3rcy gry zbadali proces wydobywania z\u0142ota. G\u0142\u00f3wnymi bohaterami scenariusza s\u0105 g\u00f3rnik i jego pies, kt\u00f3rzy szukaj\u0105 kopalni z\u0142ota. Uczestnicy rozgrywki staraj\u0105 si\u0119 pom\u00f3c g\u0142\u00f3wnemu bohaterowi za pomoc\u0105&#8230;<\/p>\n","protected":false},"author":1,"featured_media":0,"parent":2073,"menu_order":0,"comment_status":"closed","ping_status":"closed","template":"page-with-slot.php","meta":{"_acf_changed":false,"_kad_post_transparent":"default","_kad_post_title":"default","_kad_post_layout":"default","_kad_post_sidebar_id":"","_kad_post_content_style":"default","_kad_post_vertical_padding":"default","_kad_post_feature":"","_kad_post_feature_position":"","_kad_post_header":false,"_kad_post_footer":false,"footnotes":""},"class_list":["post-2673","page","type-page","status-publish","hentry"],"acf":[],"rttpg_featured_image_url":null,"rttpg_author":{"display_name":"Tom","author_link":"https:\/\/rocketplay-game.com\/pl\/author\/pemvas95n89x\/"},"rttpg_comment":0,"rttpg_category":null,"rttpg_excerpt":"Symulator rakiety Zagraj Hit the Gold! Automat typu Hold and Win to ekscytuj\u0105ca koncepcja wprowadzona w \u017cycie przez \u015bwiatowej s\u0142awy tw\u00f3rc\u0119 technologii gier, Booongo, w czerwcu 2021 roku. Tw\u00f3rcy gry zbadali proces wydobywania z\u0142ota. G\u0142\u00f3wnymi bohaterami scenariusza s\u0105 g\u00f3rnik i jego pies, kt\u00f3rzy szukaj\u0105 kopalni z\u0142ota. Uczestnicy rozgrywki staraj\u0105 si\u0119 pom\u00f3c g\u0142\u00f3wnemu bohaterowi za pomoc\u0105...","_links":{"self":[{"href":"https:\/\/rocketplay-game.com\/pl\/wp-json\/wp\/v2\/pages\/2673","targetHints":{"allow":["GET"]}}],"collection":[{"href":"https:\/\/rocketplay-game.com\/pl\/wp-json\/wp\/v2\/pages"}],"about":[{"href":"https:\/\/rocketplay-game.com\/pl\/wp-json\/wp\/v2\/types\/page"}],"author":[{"embeddable":true,"href":"https:\/\/rocketplay-game.com\/pl\/wp-json\/wp\/v2\/users\/1"}],"replies":[{"embeddable":true,"href":"https:\/\/rocketplay-game.com\/pl\/wp-json\/wp\/v2\/comments?post=2673"}],"version-history":[{"count":4,"href":"https:\/\/rocketplay-game.com\/pl\/wp-json\/wp\/v2\/pages\/2673\/revisions"}],"predecessor-version":[{"id":2687,"href":"https:\/\/rocketplay-game.com\/pl\/wp-json\/wp\/v2\/pages\/2673\/revisions\/2687"}],"up":[{"embeddable":true,"href":"https:\/\/rocketplay-game.com\/pl\/wp-json\/wp\/v2\/pages\/2073"}],"wp:attachment":[{"href":"https:\/\/rocketplay-game.com\/pl\/wp-json\/wp\/v2\/media?parent=2673"}],"curies":[{"name":"wp","href":"https:\/\/api.w.org\/{rel}","templated":true}]}}