{"id":2678,"date":"2022-10-03T13:58:41","date_gmt":"2022-10-03T10:58:41","guid":{"rendered":"https:\/\/rocketplay-game.com\/slots\/queen-and-dragons\/"},"modified":"2022-10-30T09:52:25","modified_gmt":"2022-10-30T06:52:25","slug":"queen-and-dragons","status":"publish","type":"page","link":"https:\/\/rocketplay-game.com\/pl\/slots\/queen-and-dragons\/","title":{"rendered":"Recenzja automatu Queen and the Dragons"},"content":{"rendered":"<p><img loading=\"lazy\" decoding=\"async\" class=\"size-medium wp-image-511 alignleft\" src=\"https:\/\/rocketplay-game.com\/wp-content\/uploads\/2022\/10\/queenandthedragons-223x300.jpeg\" alt=\"Queen And The Dragons\" width=\"223\" height=\"300\" srcset=\"https:\/\/rocketplay-game.com\/wp-content\/uploads\/2022\/10\/queenandthedragons-223x300.jpeg 223w, https:\/\/rocketplay-game.com\/wp-content\/uploads\/2022\/10\/queenandthedragons.jpeg 432w\" sizes=\"auto, (max-width: 223px) 100vw, 223px\" \/><\/p>\n<p>Mechaniczny gangster Rocket Play Queen and the Dragons od dewelopera IGT daje mo\u017cliwo\u015b\u0107 grania w gr\u0119 treningow\u0105 bez zak\u0142ad\u00f3w.<\/p>\n<p>Internetowy symulator gry Rocket Play Queen and the Dragons ma nast\u0119puj\u0105ce parametry: 96,47 procent zwrotu, pi\u0119\u0107 kr\u0105\u017c\u0105cych dysk\u00f3w, 25 kierunk\u00f3w wyp\u0142at, zmienno\u015b\u0107 cen gry jest nieznana. W slocie nie ma dodatkowych rund, nie ma mno\u017cnik\u00f3w ani nagr\u00f3d. W rozgrywce u\u017cywane s\u0105 obrazy Wild i Scatter. Jednor\u0119ki bandyta Queen and the Dragons ma automatyczne i natychmiastowe obroty. Liczba depozyt\u00f3w waha si\u0119 od 0,25 do 125 PLN.<\/p>\n<p>Dostawca us\u0142ug gier, IG Tech, zach\u0119ca uczestnik\u00f3w do wej\u015bcia do magicznego \u015bwiata wyobra\u017ani za pomoc\u0105 symulacji Queen and the Dragons, kt\u00f3rej towarzysz\u0105 wspania\u0142e filmy. Ta osobliwa maszyna do gier zachwyci Ci\u0119 obecno\u015bci\u0105 fantastycznych smok\u00f3w, okresem preferencyjnych obrot\u00f3w i znacznymi dochodami.<\/p>\n<h2>Funkcje i symbole slot\u00f3w<\/h2>\n<p>Automat Rocket Play Queen and the Dragons ma banaln\u0105 konfiguracj\u0119 &#8211; pole gry 5&#215;3 i 25 gwarantowanych kierunk\u00f3w wyp\u0142at. Mechaniczny bandyta obs\u0142uguje wk\u0142ady od 0,25 do 125 monet lub w r\u00f3wnowa\u017cnej walucie dogodnej dla gracza. Tworz\u0105c schemat pi\u0119ciu dzikich obrazk\u00f3w, mo\u017cna uzyska\u0107 maksymalny zysk za ten slot \u2013 x16 z kwoty wej\u015bciowej. 96,47% to procent zwrotu.<\/p>\n<p>Automat do gier ma okres treningowy, brak zak\u0142ad\u00f3w na \u017cywo i w\u0142asn\u0105 <a href=\"https:\/\/rocketplay-game.com\/pl\/mobile-version\/\">aplikacj\u0119 mobiln\u0105<\/a>. Bohaterami tego \u015bwiata fantasy s\u0105 cesarzowa o rudych w\u0142osach i smoczych \u017arenicach. Aby aktywowa\u0107 akcj\u0119 gry, zdecyduj o wysoko\u015bci depozytu i kliknij \u201eStart\u201d.<\/p>\n<p>Je\u015bli przytrzymasz palec na tym klawiszu przez kilka sekund, uruchomi si\u0119 automatyczny mechanizm gry. P\u0142atno\u015bci s\u0105 pobierane ju\u017c od pierwszych obrot\u00f3w, je\u015bli masz zamiar mie\u0107 2 drogie (kr\u00f3lowa i smoki) lub 3 bud\u017cetowe (kolory kart) znaki obok siebie na jednej dynamicznej linii.<\/p>\n<p>Po przeprowadzeniu przegl\u0105du automat\u00f3w Rocket Play Queen and the Dragons widzimy, \u017ce projekt platformy do gry jest bezpretensjonalny; s\u0105 na nim tylko szpule. Ale obrazy i towarzysz\u0105ce im elementy s\u0105 przedstawione artystycznie, co robi niezatarte wra\u017cenie.<\/p>\n<p>Aran\u017cacja muzyczna wspiera magiczny kierunek gry. Podczas tworzenia zwyci\u0119skiego schematu wszystkie jego cz\u0119\u015bci s\u0105 reinkarnowane w jedn\u0105 kresk\u00f3wkow\u0105 kopi\u0119, co pozwala lepiej pozna\u0107 postacie. Dowiedzieli\u015bmy si\u0119, \u017ce w wodzie \u017cyje niebieski smok, a w g\u00f3rach zielony smok.<\/p>\n<h2>Rundy bonusowe Queen and the Dragons<\/h2>\n<p>W Queen and the Dragons, a tak\u017ce w innych automatach, wyst\u0119puj\u0105 symbole Wild i Scatter. Dziki znak ma tendencj\u0119 do zast\u0119powania wszystkich innych postaci w dochodowych schematach. A je\u015bli trafi\u0105 3 scattery, rozpocznie si\u0119 pi\u0119\u0107 darmowych <a href=\"https:\/\/rocketplay-game.com\/pl\/free-spins\/\">spin\u00f3w<\/a> Rocket Play Queen and the Dragons, kt\u00f3re s\u0105 jedyn\u0105 nagrod\u0105 tego jednor\u0119kiego bandyty.<\/p>\n<p>Mo\u017cna to jednak zrekompensowa\u0107 faktem, \u017ce przed darmowymi cyklami uczestnik mo\u017ce poszuka\u0107 dla siebie jednej promocji \u2013 mno\u017cnik\u00f3w dochodu od x1 do x5. Im wy\u017cszy wska\u017anik, tym mniejsze prawdopodobie\u0144stwo wyst\u0105pienia. Ka\u017cdy rozproszony freelancer na boisku wprowadza do gry trzy bardziej ograniczone obroty; ich liczba nie jest ograniczona.<\/p>\n<p>Queen and the Dragons to stereotypowy mechaniczny gangster z pi\u0119cioma obracaj\u0105cymi si\u0119 kr\u0119gami, magiczn\u0105 fabu\u0142\u0105 i bezpretensjonaln\u0105 sceneri\u0105. Nie ma w nim wystarczaj\u0105cej ilo\u015bci zach\u0119t, ale mno\u017cniki pomog\u0105 w preferencyjnym obrocie. Nowoczesne automaty do gier s\u0105 wykonane z fajnymi dodatkami, kt\u00f3re s\u0105 nu\u017c\u0105ce, a Queen and Dragons to prosta gra rozrywkowa, kt\u00f3ra daje mo\u017cliwo\u015b\u0107 relaksu.<\/p>\n<p style=\"text-align: center;\"><img loading=\"lazy\" decoding=\"async\" class=\"aligncenter wp-image-512 size-full\" src=\"https:\/\/rocketplay-game.com\/wp-content\/uploads\/2022\/10\/queen_and_dragons.jpeg\" alt=\"queen and dragons\" width=\"680\" height=\"511\" srcset=\"https:\/\/rocketplay-game.com\/wp-content\/uploads\/2022\/10\/queen_and_dragons.jpeg 680w, https:\/\/rocketplay-game.com\/wp-content\/uploads\/2022\/10\/queen_and_dragons-300x225.jpeg 300w, https:\/\/rocketplay-game.com\/wp-content\/uploads\/2022\/10\/queen_and_dragons-600x450.jpeg 600w\" sizes=\"auto, (max-width: 680px) 100vw, 680px\" \/><\/p>\n<h2>FAQ<\/h2>\n<h3>Czy gra jest darmowa?<\/h3>\n<p>Oczywi\u015bcie ten symulator ma tras\u0119 szkoleniow\u0105, w kt\u00f3r\u0105 mo\u017cesz gra\u0107 bez \u017cadnych zobowi\u0105za\u0144. Dla Twojej informacji, studio internetowe IGT zapewnia dost\u0119p do gier szkoleniowych na wszystkich stronach.<\/p>\n<h3>Czy mo\u017cesz gra\u0107 na telefonie kom\u00f3rkowym?<\/h3>\n<p>Pobieraj\u0105c aplikacj\u0119 mobiln\u0105 \u201eQueen and Dragons\u201d, gra staje si\u0119 dost\u0119pna na wszystkich gad\u017cetach.<\/p>\n<h3>Co to jest RTP?<\/h3>\n<p>Procent rekompensaty z gry nazywa si\u0119 RTP. Platforma do gier Queen and the Dragons ma 96,47% zwrotu; w niedalekiej przysz\u0142o\u015bci ten jednor\u0119ki gangster przejmie 3,53 procent wszystkich depozyt\u00f3w got\u00f3wkowych gracza.<\/p>\n<h3>Czym jest zmienno\u015b\u0107?<\/h3>\n<p>Zmienno\u015b\u0107 slotu to parametr, kt\u00f3ry pokazuje, jak cz\u0119sto i ile mo\u017cna wygra\u0107 na konkretnym symulatorze. Mechaniczni gangsterzy o niskim poziomie zmienno\u015bci pozwalaj\u0105 graczom na skromne, ale sta\u0142e dywidendy.<\/p>\n","protected":false},"excerpt":{"rendered":"<p>Mechaniczny gangster Rocket Play Queen and the Dragons od dewelopera IGT daje mo\u017cliwo\u015b\u0107 grania w gr\u0119 treningow\u0105 bez zak\u0142ad\u00f3w. Internetowy symulator gry Rocket Play Queen and the Dragons ma nast\u0119puj\u0105ce parametry: 96,47 procent zwrotu, pi\u0119\u0107 kr\u0105\u017c\u0105cych dysk\u00f3w, 25 kierunk\u00f3w wyp\u0142at, zmienno\u015b\u0107 cen gry jest nieznana. W slocie nie ma dodatkowych rund, nie ma mno\u017cnik\u00f3w ani&#8230;<\/p>\n","protected":false},"author":1,"featured_media":0,"parent":2073,"menu_order":0,"comment_status":"closed","ping_status":"closed","template":"page-with-slot.php","meta":{"_acf_changed":false,"_kad_post_transparent":"default","_kad_post_title":"default","_kad_post_layout":"default","_kad_post_sidebar_id":"","_kad_post_content_style":"default","_kad_post_vertical_padding":"default","_kad_post_feature":"","_kad_post_feature_position":"","_kad_post_header":false,"_kad_post_footer":false,"footnotes":""},"class_list":["post-2678","page","type-page","status-publish","hentry"],"acf":[],"rttpg_featured_image_url":null,"rttpg_author":{"display_name":"Tom","author_link":"https:\/\/rocketplay-game.com\/pl\/author\/pemvas95n89x\/"},"rttpg_comment":0,"rttpg_category":null,"rttpg_excerpt":"Mechaniczny gangster Rocket Play Queen and the Dragons od dewelopera IGT daje mo\u017cliwo\u015b\u0107 grania w gr\u0119 treningow\u0105 bez zak\u0142ad\u00f3w. Internetowy symulator gry Rocket Play Queen and the Dragons ma nast\u0119puj\u0105ce parametry: 96,47 procent zwrotu, pi\u0119\u0107 kr\u0105\u017c\u0105cych dysk\u00f3w, 25 kierunk\u00f3w wyp\u0142at, zmienno\u015b\u0107 cen gry jest nieznana. W slocie nie ma dodatkowych rund, nie ma mno\u017cnik\u00f3w ani...","_links":{"self":[{"href":"https:\/\/rocketplay-game.com\/pl\/wp-json\/wp\/v2\/pages\/2678","targetHints":{"allow":["GET"]}}],"collection":[{"href":"https:\/\/rocketplay-game.com\/pl\/wp-json\/wp\/v2\/pages"}],"about":[{"href":"https:\/\/rocketplay-game.com\/pl\/wp-json\/wp\/v2\/types\/page"}],"author":[{"embeddable":true,"href":"https:\/\/rocketplay-game.com\/pl\/wp-json\/wp\/v2\/users\/1"}],"replies":[{"embeddable":true,"href":"https:\/\/rocketplay-game.com\/pl\/wp-json\/wp\/v2\/comments?post=2678"}],"version-history":[{"count":2,"href":"https:\/\/rocketplay-game.com\/pl\/wp-json\/wp\/v2\/pages\/2678\/revisions"}],"predecessor-version":[{"id":2685,"href":"https:\/\/rocketplay-game.com\/pl\/wp-json\/wp\/v2\/pages\/2678\/revisions\/2685"}],"up":[{"embeddable":true,"href":"https:\/\/rocketplay-game.com\/pl\/wp-json\/wp\/v2\/pages\/2073"}],"wp:attachment":[{"href":"https:\/\/rocketplay-game.com\/pl\/wp-json\/wp\/v2\/media?parent=2678"}],"curies":[{"name":"wp","href":"https:\/\/api.w.org\/{rel}","templated":true}]}}