{"id":2694,"date":"2022-08-18T17:57:39","date_gmt":"2022-08-18T14:57:39","guid":{"rendered":"https:\/\/rocketplay-game.com\/slots\/book-of-ra-deluxe\/"},"modified":"2023-01-17T22:28:10","modified_gmt":"2023-01-17T19:28:10","slug":"book-of-ra-deluxe","status":"publish","type":"page","link":"https:\/\/rocketplay-game.com\/pl\/slots\/book-of-ra-deluxe\/","title":{"rendered":"Recenzja Book of Ra Deluxe Slot"},"content":{"rendered":"<p>Automat Book of Ra Deluxe sta\u0142 si\u0119 klasycznym przyk\u0142adem tego, jak bardzo u\u017cytkownicy mog\u0105 pokocha\u0107 gr\u0119. Temat i fabu\u0142a przenosz\u0105 u\u017cytkownik\u00f3w do staro\u017cytnego Egiptu. Kolorystyka, akompaniament muzyczny i design s\u0105 tworzone z uwzgl\u0119dnieniem wszystkich drobiazg\u00f3w, kt\u00f3re w pe\u0142ni oddaj\u0105 styl i nastr\u00f3j tamtej epoki i miejsca akcji. Zwracamy uwag\u0119 na kr\u00f3tk\u0105 recenzj\u0119 Book of Ra Deluxe, kt\u00f3ra pomo\u017ce Ci zrozumie\u0107 istot\u0119 procesu.<\/p>\n<p style=\"text-align: center;\"><img loading=\"lazy\" decoding=\"async\" class=\"aligncenter wp-image-368 size-full\" src=\"https:\/\/rocketplay-game.com\/wp-content\/uploads\/2022\/08\/book-of-ra-deluxe-logo.jpeg\" alt=\"Book of Ra Deluxe logo\" width=\"770\" height=\"462\" srcset=\"https:\/\/rocketplay-game.com\/wp-content\/uploads\/2022\/08\/book-of-ra-deluxe-logo.jpeg 770w, https:\/\/rocketplay-game.com\/wp-content\/uploads\/2022\/08\/book-of-ra-deluxe-logo-300x180.jpeg 300w, https:\/\/rocketplay-game.com\/wp-content\/uploads\/2022\/08\/book-of-ra-deluxe-logo-768x461.jpeg 768w\" sizes=\"auto, (max-width: 770px) 100vw, 770px\" \/><\/p>\n<h2>Book of Ra Deluxe Slot RTP, szczeg\u00f3\u0142y i limity zak\u0142ad\u00f3w<\/h2>\n<p>Maksymalny zak\u0142ad na zwyci\u0119sk\u0105 kombinacj\u0119 wynosi 18 GBP. W automacie dost\u0119pna jest r\u00f3wnie\u017c \u201egra losowa\u201d, kt\u00f3ra pozwala na podj\u0119cie pe\u0142nego ryzyka. W tym celu dost\u0119pna jest dowolna kwota zak\u0142adu &#8211; od minimum do maksimum.<\/p>\n<p>Kolejn\u0105 zalet\u0105 automatu jest zapewnienie darmowych spin\u00f3w. Wcze\u015bniej posta\u0107 zostanie wybrana losowo. Bez wzgl\u0119du na to, w jakiej pozycji wypadnie, wygrana zostanie zaksi\u0119gowana.<\/p>\n<table border=\"0\" cellspacing=\"0\" cellpadding=\"0\">\n<colgroup>\n<col \/>\n<col \/> <\/colgroup>\n<tbody>\n<tr>\n<td>Charakterystyka<\/td>\n<td>Detale<\/td>\n<\/tr>\n<tr>\n<td>Ilo\u015b\u0107 k\u00f3\u0142<\/td>\n<td>5<\/td>\n<\/tr>\n<tr>\n<td>Ilo\u015b\u0107 rz\u0119d\u00f3w<\/td>\n<td>3<\/td>\n<\/tr>\n<tr>\n<td>Linie wyp\u0142at<\/td>\n<td>9<\/td>\n<\/tr>\n<tr>\n<td>Minimalny zak\u0142ad<\/td>\n<td>0,20 monety<\/td>\n<\/tr>\n<tr>\n<td>Maksymalny zak\u0142ad<\/td>\n<td>18 banknot\u00f3w<\/td>\n<\/tr>\n<tr>\n<td><i>Maksymalne nagrody<\/i><\/td>\n<td>wsp\u00f3\u0142czynnik 10014,1<\/td>\n<\/tr>\n<tr>\n<td>Wersja mobilna<\/td>\n<td>+<\/td>\n<\/tr>\n<tr>\n<td>Zmienno\u015b\u0107<\/td>\n<td>wysoki<\/td>\n<\/tr>\n<tr>\n<td>Deweloper<\/td>\n<td>Novomatic<\/td>\n<\/tr>\n<tr>\n<td>RTP<\/td>\n<td>92,13%<\/td>\n<\/tr>\n<\/tbody>\n<\/table>\n<p>Kasyno online oferuje dwie metody uruchamiania \u2014 demo Book of Ra Deluxe i na prawdziwe pieni\u0105dze.<\/p>\n<p>Wersja demo to \u015bwietna opcja do zapoznania si\u0119 z procesem gry, zag\u0142\u0119bienia si\u0119 w jej istot\u0119, poznania zasad i subtelno\u015bci oraz opracowania w\u0142asnej strategii. Ani grosza nie zostanie wydany, nawet je\u015bli przegrasz. Darmowa gra online Book of Ra Deluxe jest odpowiednia dla pocz\u0105tkuj\u0105cych i dla tych, kt\u00f3rzy dopiero rozpoczynaj\u0105 proces hazardu. Idealny do wprowadzenia, ale niewystarczaj\u0105cy do rozwoju i d\u0142ugoterminowej perspektywy.<\/p>\n<h2>Temat \u2013 odkryj prawdziwe skarby faraon\u00f3w<\/h2>\n<p>Book of Ra gra\u0107 online jest mo\u017cliwe z dowolnego dost\u0119pnego gad\u017cetu z dost\u0119pem do Internetu. Book of Ra Deluxe na Androida, Windows lub iOS jest r\u00f3wnie odpowiedni dla bezb\u0142\u0119dnej gry. Na ekranie roboczym maszyny gracz widzi pole z 5 b\u0119bnami w 3 rz\u0119dach. Mo\u017cliwe jest uruchomienie 9 zwyci\u0119skich linii. Kombinacja sk\u0142ada si\u0119 z r\u00f3\u017cnych postaci. W zasadzie gra prezentuje typowe egipskie obrazki. Ale szczeg\u00f3lnym znakiem jest Odkrywca w kapeluszu. Linia z 2-5 takimi obrazami da wysoki koszt. Ka\u017cdy u\u017cytkownik mo\u017ce obliczy\u0107 szanse, ile mo\u017cesz zarobi\u0107 w Book of Ra online, patrz\u0105c na tabel\u0119 wynik\u00f3w:<\/p>\n<ul>\n<li>Je\u015bli na tej samej linii pojawi si\u0119 jednocze\u015bnie 5 Odkrywc\u00f3w, kwota wyp\u0142aty zostanie pomno\u017cona przez 5000-krotno\u015b\u0107 pocz\u0105tkowego zak\u0142adu;<\/li>\n<li>W przypadku 5 faraon\u00f3w gracz zwi\u0119kszy kwot\u0119 zak\u0142adu o 2000 razy;<\/li>\n<li>5 Horus przyniesie wygran\u0105 750 razy wi\u0119ksz\u0105 ni\u017c to, co jest na linii;<\/li>\n<li>W przypadku zebrania 5 kolor\u00f3w kart, zak\u0142ad zostanie pomno\u017cony 100-150 razy;<\/li>\n<li>Obecno\u015b\u0107 rozrzutu (dzikiego symbolu) na linii w ilo\u015bci 5 sztuk podniesie wydan\u0105 kaucj\u0119 1800 razy!<\/li>\n<\/ul>\n<p>Dziki symbol mo\u017ce wyl\u0105dowa\u0107 na dowolnej linii. W tym przypadku przyjmuje rol\u0119 jokera i mo\u017ce zast\u0105pi\u0107 ka\u017cdy inny znak. Tak wi\u0119c o wiele \u0142atwiej jest zebra\u0107 zwyci\u0119sk\u0105 kombinacj\u0119 i mo\u017cesz wzi\u0105\u0107 na to wi\u0119cej kurs\u00f3w. Ikona ksi\u0105\u017cki w Ksi\u0119dze Baran\u00f3w pe\u0142ni rol\u0119 dzikiego i jednocze\u015bnie rozproszonego. Gracz wygrywa tak d\u0142ugo, jak co najmniej 3 symbole pojawi\u0105 si\u0119 na b\u0119bnie w dowolnej pozycji w jednym obrocie.<\/p>\n<p>Cecha \u0142\u0105czenia scatter i wild w jednym znaku pozwala unikn\u0105\u0107 zablokowania zwyci\u0119skiej kombinacji. Ponadto, dzi\u0119ki funkcji \u201epodw\u00f3jnej szansy\u201d automatu, mo\u017cesz podwoi\u0107 wysoko\u015b\u0107 jackpota. Ale jednocze\u015bnie istnieje du\u017ca szansa na przegran\u0105.<\/p>\n<p style=\"text-align: center;\"><img loading=\"lazy\" decoding=\"async\" class=\"aligncenter wp-image-369 size-full\" src=\"https:\/\/rocketplay-game.com\/wp-content\/uploads\/2022\/08\/book-of-ra-deluxe-slot.jpeg\" alt=\"Book of Ra Deluxe slot\" width=\"770\" height=\"462\" srcset=\"https:\/\/rocketplay-game.com\/wp-content\/uploads\/2022\/08\/book-of-ra-deluxe-slot.jpeg 770w, https:\/\/rocketplay-game.com\/wp-content\/uploads\/2022\/08\/book-of-ra-deluxe-slot-300x180.jpeg 300w, https:\/\/rocketplay-game.com\/wp-content\/uploads\/2022\/08\/book-of-ra-deluxe-slot-768x461.jpeg 768w\" sizes=\"auto, (max-width: 770px) 100vw, 770px\" \/><\/p>\n<h2>Dodatkowe funkcje Book of Ra Deluxe<\/h2>\n<p>Maszyna posiada op\u0142acalne bonusy i promocje, kt\u00f3re pomog\u0105 przybli\u017cy\u0107 wygrane. Po pierwsze, s\u0105 to darmowe spiny Book of Ra Deluxe bez depozytu. Przed rozpocz\u0119ciem darmowych spin\u00f3w gracze proszeni s\u0105 o wybranie symbolu bonusu, kt\u00f3ry jest ustalany automatycznie. Dzia\u0142a r\u00f3wnie\u017c jako standardowy symbol bazowy, gdy aktywowana jest dowolna linia.<\/p>\n<p>Po drugie, po otrzymaniu dowolnej zwyci\u0119skiej kombinacji, u\u017cytkownicy mog\u0105 skorzysta\u0107 z ryzykownych rund, kt\u00f3re podwoj\u0105 ich wygrane w przypadku pomy\u015blnego wyniku. Aby to zrobi\u0107, gracze musz\u0105 wybra\u0107 odpowiedni kolor koloru karty.<\/p>\n<h2>Cz\u0119sto zadawane pytania dotycz\u0105ce Book of Ra Deluxe<\/h2>\n<h3>Czy s\u0105 gry bonusowe?<\/h3>\n<p>Przewiduje zapewnienie gry bonusowej. Dzieje si\u0119 tak, je\u015bli gracz ma co najmniej 3 symbole rozproszone w jednym obrocie.<\/p>\n<h3>Czy istnieje wersja mobilna?<\/h3>\n<p>Tak, wersja mobilna jest dost\u0119pna dla wszystkich graczy. Aby z niego skorzysta\u0107, musisz posiada\u0107 smartfon z dost\u0119pem do Internetu. Z telefonu kom\u00f3rkowego mo\u017cesz odwiedzi\u0107 slot przez przegl\u0105dark\u0119 lub aplikacj\u0119.<\/p>\n<h3>Jak odnie\u015b\u0107 zwyci\u0119stwo w grze?<\/h3>\n<p>Jak w ka\u017cdej innej podobnej grze losowej, aby wygra\u0107, musisz mie\u0107 szcz\u0119\u015bcie. Ale opr\u00f3cz tego uwa\u017cno\u015b\u0107 i rozwaga stan\u0105 si\u0119 wa\u017cnymi czynnikami. Dobrze poznaj zasady, wypr\u00f3buj darmow\u0105 wersj\u0119 i b\u0105d\u017a aktywny.<\/p>\n<p>Recenzje o automatach:<\/p>\n<ul>\n<li><a href=\"https:\/\/rocketplay-game.com\/pl\/slots\/king-of-the-nile\/\">King Of The Nile<\/a><\/li>\n<li><a href=\"https:\/\/rocketplay-game.com\/pl\/slots\/wolf-treasure\/\">Wolf Treasure<\/a><\/li>\n<\/ul>\n","protected":false},"excerpt":{"rendered":"<p>Automat Book of Ra Deluxe sta\u0142 si\u0119 klasycznym przyk\u0142adem tego, jak bardzo u\u017cytkownicy mog\u0105 pokocha\u0107 gr\u0119. Temat i fabu\u0142a przenosz\u0105 u\u017cytkownik\u00f3w do staro\u017cytnego Egiptu. Kolorystyka, akompaniament muzyczny i design s\u0105 tworzone z uwzgl\u0119dnieniem wszystkich drobiazg\u00f3w, kt\u00f3re w pe\u0142ni oddaj\u0105 styl i nastr\u00f3j tamtej epoki i miejsca akcji. Zwracamy uwag\u0119 na kr\u00f3tk\u0105 recenzj\u0119 Book of Ra&#8230;<\/p>\n","protected":false},"author":1,"featured_media":0,"parent":2073,"menu_order":0,"comment_status":"closed","ping_status":"closed","template":"page-with-slot.php","meta":{"_acf_changed":false,"_kad_post_transparent":"default","_kad_post_title":"default","_kad_post_layout":"default","_kad_post_sidebar_id":"","_kad_post_content_style":"default","_kad_post_vertical_padding":"default","_kad_post_feature":"","_kad_post_feature_position":"","_kad_post_header":false,"_kad_post_footer":false,"footnotes":""},"class_list":["post-2694","page","type-page","status-publish","hentry"],"acf":[],"rttpg_featured_image_url":null,"rttpg_author":{"display_name":"Tom","author_link":"https:\/\/rocketplay-game.com\/pl\/author\/pemvas95n89x\/"},"rttpg_comment":0,"rttpg_category":null,"rttpg_excerpt":"Automat Book of Ra Deluxe sta\u0142 si\u0119 klasycznym przyk\u0142adem tego, jak bardzo u\u017cytkownicy mog\u0105 pokocha\u0107 gr\u0119. Temat i fabu\u0142a przenosz\u0105 u\u017cytkownik\u00f3w do staro\u017cytnego Egiptu. Kolorystyka, akompaniament muzyczny i design s\u0105 tworzone z uwzgl\u0119dnieniem wszystkich drobiazg\u00f3w, kt\u00f3re w pe\u0142ni oddaj\u0105 styl i nastr\u00f3j tamtej epoki i miejsca akcji. Zwracamy uwag\u0119 na kr\u00f3tk\u0105 recenzj\u0119 Book of Ra...","_links":{"self":[{"href":"https:\/\/rocketplay-game.com\/pl\/wp-json\/wp\/v2\/pages\/2694","targetHints":{"allow":["GET"]}}],"collection":[{"href":"https:\/\/rocketplay-game.com\/pl\/wp-json\/wp\/v2\/pages"}],"about":[{"href":"https:\/\/rocketplay-game.com\/pl\/wp-json\/wp\/v2\/types\/page"}],"author":[{"embeddable":true,"href":"https:\/\/rocketplay-game.com\/pl\/wp-json\/wp\/v2\/users\/1"}],"replies":[{"embeddable":true,"href":"https:\/\/rocketplay-game.com\/pl\/wp-json\/wp\/v2\/comments?post=2694"}],"version-history":[{"count":2,"href":"https:\/\/rocketplay-game.com\/pl\/wp-json\/wp\/v2\/pages\/2694\/revisions"}],"predecessor-version":[{"id":2701,"href":"https:\/\/rocketplay-game.com\/pl\/wp-json\/wp\/v2\/pages\/2694\/revisions\/2701"}],"up":[{"embeddable":true,"href":"https:\/\/rocketplay-game.com\/pl\/wp-json\/wp\/v2\/pages\/2073"}],"wp:attachment":[{"href":"https:\/\/rocketplay-game.com\/pl\/wp-json\/wp\/v2\/media?parent=2694"}],"curies":[{"name":"wp","href":"https:\/\/api.w.org\/{rel}","templated":true}]}}