{"id":2703,"date":"2022-08-18T16:13:45","date_gmt":"2022-08-18T13:13:45","guid":{"rendered":"https:\/\/rocketplay-game.com\/slots\/indian-dreaming\/"},"modified":"2022-12-23T23:35:54","modified_gmt":"2022-12-23T20:35:54","slug":"indian-dreaming","status":"publish","type":"page","link":"https:\/\/rocketplay-game.com\/pl\/slots\/indian-dreaming\/","title":{"rendered":"Recenzja Indian Dreaming Slot"},"content":{"rendered":"<p>Indian Dreaming pokie machine zosta\u0142a zainspirowana kultur\u0105 i tradycjami rdzennych Amerykan\u00f3w. Jest to automat wideo uruchomiony przez Aristocrat Studio, tw\u00f3rc\u0119 gier i oprogramowania z Polska.<\/p>\n<p>Gra posiada 9 linii, kt\u00f3re pomog\u0105 Ci wygra\u0107. Sam automat zosta\u0142 wydany w 1999 roku i nadal cieszy si\u0119 du\u017c\u0105 popularno\u015bci\u0105 i mi\u0142o\u015bci\u0105 w\u015br\u00f3d graczy. Wszystko dzi\u0119ki cz\u0119stym i wysokim wyp\u0142atom oraz funkcji darmowych spin\u00f3w, kt\u00f3ra mo\u017ce da\u0107 nawet 45 bonus\u00f3w.<\/p>\n<p>Mo\u017cesz do\u0142\u0105czy\u0107 do plemienia i sta\u0107 rami\u0119 w rami\u0119 z wodzem w tej przygodzie. Staraj si\u0119 wygrywa\u0107 podw\u00f3jne wyp\u0142aty, gdy okre\u015blony symbol jest osadzony w Twojej kombinacji na b\u0119bnach.<\/p>\n<p>Grafika mo\u017ce wydawa\u0107 si\u0119 nieco przestarza\u0142a, ale dla fan\u00f3w retro ten automat jest dok\u0142adnie tym, czego potrzebujesz. Dodatkowo automat mo\u017ce zaoferowa\u0107 sta\u0142y jackpot w wysoko\u015bci 9000 monet. Dlatego zalecamy pobieranie Indian Dreaming.<\/p>\n<p style=\"text-align: center;\"><img loading=\"lazy\" decoding=\"async\" class=\"aligncenter wp-image-335 size-full\" src=\"https:\/\/rocketplay-game.com\/wp-content\/uploads\/2022\/08\/indian-dreaming-logo.png\" alt=\"indian dreaming logo\" width=\"730\" height=\"564\" srcset=\"https:\/\/rocketplay-game.com\/wp-content\/uploads\/2022\/08\/indian-dreaming-logo.png 730w, https:\/\/rocketplay-game.com\/wp-content\/uploads\/2022\/08\/indian-dreaming-logo-300x232.png 300w\" sizes=\"auto, (max-width: 730px) 100vw, 730px\" \/><\/p>\n<h2>Symbole i warto\u015bci indyjskich sn\u00f3w<\/h2>\n<p>Graj\u0105c w darmowe automaty Indian Dreaming, natkniesz si\u0119 na dwie kategorie symboli. Pierwsza kategoria obejmuje symbole takie jak top\u00f3r, totem, baw\u00f3\u0142 i w\u00f3dz. Lider to najcenniejszy symbol w tej kategorii. Wyp\u0142ata jackpota w wysoko\u015bci 9000 monet b\u0119dzie na Ciebie czeka\u0142a, je\u015bli zbierzesz naraz 5 lider\u00f3w na b\u0119bnie.<\/p>\n<p>Nast\u0119pna kategoria to postacie niskiego poziomu. S\u0105 one reprezentowane przez pokerowe warto\u015bci A, Q, K oraz liczby 10 i 9. Najdro\u017cszy symbol tej kategorii, as, przynosi do 200 monet, je\u015bli uda si\u0119 zebra\u0107 pi\u0105tk\u0119. Oczywi\u015bcie zale\u017cy to od tego, czy linia wyp\u0142at by\u0142a w tym momencie aktywna.<\/p>\n<h2>Je\u015bli m\u00f3wimy o symbolu Scatter, jego wizerunek jest \u0142apaczem sn\u00f3w.<\/h2>\n<p>Utrata trzech symboli rozproszonych da graczowi 10 darmowych spin\u00f3w. Cztery symbole daj\u0105 ju\u017c 15 darmowych zakr\u0119ce\u0144, a je\u015bli masz szcz\u0119\u015bcie i pi\u0119\u0107 symboli wypadnie, czeka na Ciebie 20 zakr\u0119ce\u0144.<\/p>\n<p>Dodatkowo otrzymasz kolejny mno\u017cnik 3x za ka\u017cd\u0105 wygran\u0105 w serii bonusowych spin\u00f3w, je\u015bli znajdziesz trzy symbole scatter. Ta funkcja mo\u017ce zosta\u0107 zwi\u0119kszona do mno\u017cnika 15x, je\u015bli zdob\u0119dziesz pi\u0119\u0107 symboli rozproszonych.<\/p>\n<h2>Indian Dreaming Slot RTP\/zmienno\u015b\u0107<\/h2>\n<p>Automat ma do\u015b\u0107 dobry procent wyp\u0142at. Mo\u017cesz znale\u017a\u0107 opcje zak\u0142ad\u00f3w z ni\u017cszym procentem, a tak\u017ce z wy\u017cszym. Automat do gry Indian Dreaming na Androida zadowoli Ci\u0119 RTP na poziomie 94%, co da Ci du\u017c\u0105 szans\u0119 na wygranie zak\u0142ad\u00f3w. Ponadto istnieje wiele symboli i darmowych spin\u00f3w, kt\u00f3re dodatkowo pomog\u0105 ci zbli\u017cy\u0107 si\u0119 do d\u0142ugo oczekiwanej nagrody.<\/p>\n<p>Przy tym wszystkim warto zauwa\u017cy\u0107, \u017ce zmienno\u015b\u0107 na tym automacie jest uwa\u017cana za \u015bredni\u0105, wi\u0119c ka\u017cdy gracz mo\u017ce spr\u00f3bowa\u0107 szcz\u0119\u015bcia. W po\u0142\u0105czeniu z tak\u0105 zmienno\u015bci\u0105 i wska\u017anikami RTP b\u0119dziesz mia\u0142 wszelkie szanse, a nawet wi\u0119cej, na dobr\u0105 i przyjemn\u0105 wyp\u0142at\u0119, kt\u00f3ra z pewno\u015bci\u0105 dostarczy Ci nie tylko pozytywnych emocji, ale tak\u017ce zablokuje Twoje zak\u0142ady.<\/p>\n<p style=\"text-align: center;\"><img loading=\"lazy\" decoding=\"async\" class=\"aligncenter wp-image-338 size-large\" src=\"https:\/\/rocketplay-game.com\/wp-content\/uploads\/2022\/08\/indian-dreaming-1024x576.png\" alt=\"indian dreaming\" width=\"1024\" height=\"576\" srcset=\"https:\/\/rocketplay-game.com\/wp-content\/uploads\/2022\/08\/indian-dreaming-1024x576.png 1024w, https:\/\/rocketplay-game.com\/wp-content\/uploads\/2022\/08\/indian-dreaming-300x169.png 300w, https:\/\/rocketplay-game.com\/wp-content\/uploads\/2022\/08\/indian-dreaming-768x432.png 768w, https:\/\/rocketplay-game.com\/wp-content\/uploads\/2022\/08\/indian-dreaming-1536x864.png 1536w, https:\/\/rocketplay-game.com\/wp-content\/uploads\/2022\/08\/indian-dreaming.png 1920w\" sizes=\"auto, (max-width: 1024px) 100vw, 1024px\" \/><\/p>\n<h2>Zagraj w Indian Dreaming na urz\u0105dzeniu mobilnym<\/h2>\n<p>Wraz z rosn\u0105c\u0105 popularno\u015bci\u0105 gier mobilnych w kasynach online, firmy coraz cz\u0119\u015bciej wypuszczaj\u0105 swoje gry nie tylko na komputery stacjonarne, ale tak\u017ce dla klient\u00f3w korzystaj\u0105cych z telefonu lub tabletu. Je\u015bli gra zosta\u0142a wydana od razu tylko na komputer, w tym przypadku studia pracuj\u0105 nad adaptacj\u0105 gry, poniewa\u017c du\u017cy procent wszystkich graczy to gracze mobilni.<\/p>\n<p>Studio Aristocrat zrobi\u0142o to samo, wi\u0119c mo\u017cesz \u0142atwo zagra\u0107 w Indian Dreaming online w ten automat z mobilnej wersji strony na prawdziwe pieni\u0105dze. Wygodnie dopasuje si\u0119 do ekranu Twojego telefonu o dowolnym rozmiarze. Dzi\u0119ki temu b\u0119dziesz m\u00f3g\u0142 sp\u0119dzi\u0107 czas w swoim ulubionym slocie w dogodnym dla Ciebie momencie.<\/p>\n<h2>Cz\u0119sto zadawane pytania dotycz\u0105ce indyjskich sn\u00f3w<\/h2>\n<h3>Czy mo\u017cna gra\u0107 na automacie za darmo?<\/h3>\n<p>Firma Aristocrat dodaje tryb demo w wielu swoich automatach, poniewa\u017c dzi\u0119ki niemu wielu graczy mo\u017ce zapozna\u0107 si\u0119 ze wszystkimi funkcjami i rozgrywk\u0105, nie ryzykuj\u0105c w\u0142asnymi pieni\u0119dzmi i do\u015bwiadczaj\u0105c nie mniej przyjemnych emocji. Po trybie demo zawsze mo\u017cesz przej\u015b\u0107 do trybu pe\u0142noprawnego z prawdziwymi zak\u0142adami i wygranymi.<\/p>\n<h3>Czy ten automat jest progresywny?<\/h3>\n<p>Automat na prawdziwe pieni\u0105dze Indian Dreaming ma sw\u00f3j w\u0142asny jackpot, kt\u00f3ry obliczany jest na 9000 monet i jest aktywowany dzi\u0119ki 5 symbolom lidera na b\u0119bnach. Warto jednak zauwa\u017cy\u0107, \u017ce nie jest to progresywny jackpot. Dlatego automat nie mo\u017ce by\u0107 uwa\u017cany za progresywny. Jackpot jest tutaj ustalony i masz wiele szans na jego zdobycie.<\/p>\n<h3>Jaka jest odmiana zak\u0142ad\u00f3w w automacie?<\/h3>\n<p>Automat ma zakres kwot, kt\u00f3re mo\u017cesz postawi\u0107, zaczynaj\u0105c od 0,09 monety, a ko\u0144cz\u0105c na maksymalnym zak\u0142adzie 90 monet. W grze s\u0105 te\u017c mno\u017cniki. Dlatego pomimo ma\u0142ych zak\u0142ad\u00f3w mo\u017cesz uzyska\u0107 dobre wyp\u0142aty, gdy b\u0119bny sko\u0144cz\u0105 swoj\u0105 rotacj\u0119.<\/p>\n<p>Recenzje o automatach:<\/p>\n<ul>\n<li><a href=\"https:\/\/rocketplay-game.com\/pl\/slots\/book-of-ra-deluxe\/\">Book Of Ra Deluxe<\/a><\/li>\n<li><a href=\"https:\/\/rocketplay-game.com\/pl\/slots\/king-of-the-nile\/\">King Of The Nile<\/a><\/li>\n<li><a href=\"https:\/\/rocketplay-game.com\/pl\/slots\/hit-gold-hold-and-win\/\">Hit Gold! Hold and Win<\/a><\/li>\n<\/ul>\n","protected":false},"excerpt":{"rendered":"<p>Indian Dreaming pokie machine zosta\u0142a zainspirowana kultur\u0105 i tradycjami rdzennych Amerykan\u00f3w. Jest to automat wideo uruchomiony przez Aristocrat Studio, tw\u00f3rc\u0119 gier i oprogramowania z Polska. Gra posiada 9 linii, kt\u00f3re pomog\u0105 Ci wygra\u0107. Sam automat zosta\u0142 wydany w 1999 roku i nadal cieszy si\u0119 du\u017c\u0105 popularno\u015bci\u0105 i mi\u0142o\u015bci\u0105 w\u015br\u00f3d graczy. Wszystko dzi\u0119ki cz\u0119stym i wysokim&#8230;<\/p>\n","protected":false},"author":1,"featured_media":0,"parent":2073,"menu_order":0,"comment_status":"closed","ping_status":"closed","template":"page-with-slot.php","meta":{"_acf_changed":false,"_kad_post_transparent":"default","_kad_post_title":"default","_kad_post_layout":"default","_kad_post_sidebar_id":"","_kad_post_content_style":"default","_kad_post_vertical_padding":"default","_kad_post_feature":"","_kad_post_feature_position":"","_kad_post_header":false,"_kad_post_footer":false,"footnotes":""},"class_list":["post-2703","page","type-page","status-publish","hentry"],"acf":[],"rttpg_featured_image_url":null,"rttpg_author":{"display_name":"Tom","author_link":"https:\/\/rocketplay-game.com\/pl\/author\/pemvas95n89x\/"},"rttpg_comment":0,"rttpg_category":null,"rttpg_excerpt":"Indian Dreaming pokie machine zosta\u0142a zainspirowana kultur\u0105 i tradycjami rdzennych Amerykan\u00f3w. Jest to automat wideo uruchomiony przez Aristocrat Studio, tw\u00f3rc\u0119 gier i oprogramowania z Polska. Gra posiada 9 linii, kt\u00f3re pomog\u0105 Ci wygra\u0107. Sam automat zosta\u0142 wydany w 1999 roku i nadal cieszy si\u0119 du\u017c\u0105 popularno\u015bci\u0105 i mi\u0142o\u015bci\u0105 w\u015br\u00f3d graczy. Wszystko dzi\u0119ki cz\u0119stym i wysokim...","_links":{"self":[{"href":"https:\/\/rocketplay-game.com\/pl\/wp-json\/wp\/v2\/pages\/2703","targetHints":{"allow":["GET"]}}],"collection":[{"href":"https:\/\/rocketplay-game.com\/pl\/wp-json\/wp\/v2\/pages"}],"about":[{"href":"https:\/\/rocketplay-game.com\/pl\/wp-json\/wp\/v2\/types\/page"}],"author":[{"embeddable":true,"href":"https:\/\/rocketplay-game.com\/pl\/wp-json\/wp\/v2\/users\/1"}],"replies":[{"embeddable":true,"href":"https:\/\/rocketplay-game.com\/pl\/wp-json\/wp\/v2\/comments?post=2703"}],"version-history":[{"count":2,"href":"https:\/\/rocketplay-game.com\/pl\/wp-json\/wp\/v2\/pages\/2703\/revisions"}],"predecessor-version":[{"id":2708,"href":"https:\/\/rocketplay-game.com\/pl\/wp-json\/wp\/v2\/pages\/2703\/revisions\/2708"}],"up":[{"embeddable":true,"href":"https:\/\/rocketplay-game.com\/pl\/wp-json\/wp\/v2\/pages\/2073"}],"wp:attachment":[{"href":"https:\/\/rocketplay-game.com\/pl\/wp-json\/wp\/v2\/media?parent=2703"}],"curies":[{"name":"wp","href":"https:\/\/api.w.org\/{rel}","templated":true}]}}