{"id":2722,"date":"2022-08-18T17:46:19","date_gmt":"2022-08-18T14:46:19","guid":{"rendered":"https:\/\/rocketplay-game.com\/slots\/king-of-the-nile\/"},"modified":"2022-10-30T10:39:34","modified_gmt":"2022-10-30T07:39:34","slug":"king-of-the-nile","status":"publish","type":"page","link":"https:\/\/rocketplay-game.com\/pl\/slots\/king-of-the-nile\/","title":{"rendered":"Recenzja King of The Nile Slot"},"content":{"rendered":"<p>Pokies King of the Nile istnieje od 1997 roku i do dzi\u015b jest ulubie\u0144cem wielu graczy. Po raz pierwszy automat sta\u0142 si\u0119 dost\u0119pny dla graczy zwyk\u0142ych kasyn w Polska. Wkr\u00f3tce automat pojawi\u0142 si\u0119 w wersji online i trafi\u0142 do kasyn na ca\u0142ym \u015bwiecie.<\/p>\n<p>Je\u015bli spojrzysz dzi\u015b na aplikacj\u0119 King of the Nile, grafika i animacje b\u0119d\u0105 szczerze przestarza\u0142e. Niemniej jednak automat pozostaje doskona\u0142ym klasykiem dla graczy kasynowych, kt\u00f3rzy tak naprawd\u0119 nie wol\u0105 gra\u0107 w nowoczesne gry przepe\u0142nione grafik\u0105 i efektami 3D. Rozgrywka w tym automacie b\u0119dzie prosta i zrelaksowana.<\/p>\n<p>Podobnie jak w przypadku wielu automat\u00f3w z tamtych czas\u00f3w, pole gry sk\u0142ada si\u0119 z 5 na 3 b\u0119bny. T\u0142o w odcieniach br\u0105zu dope\u0142nia pustynny klimat, bo to jest motyw przewodni automatu.<\/p>\n<p style=\"text-align: center;\"><img loading=\"lazy\" decoding=\"async\" class=\"aligncenter wp-image-365 size-full\" src=\"https:\/\/rocketplay-game.com\/wp-content\/uploads\/2022\/08\/king-of-the-nile-logo.jpeg\" alt=\"king of the nile logo\" width=\"625\" height=\"416\" srcset=\"https:\/\/rocketplay-game.com\/wp-content\/uploads\/2022\/08\/king-of-the-nile-logo.jpeg 625w, https:\/\/rocketplay-game.com\/wp-content\/uploads\/2022\/08\/king-of-the-nile-logo-300x200.jpeg 300w\" sizes=\"auto, (max-width: 625px) 100vw, 625px\" \/><\/p>\n<h2>Symbole i warto\u015bci kr\u00f3la Nilu<\/h2>\n<p>Automat do gry King of the Nile ma 8 dodatkowych funkcji bonusowych, w tym jokery i darmowe spiny. Ten automat posiada ikon\u0119 Scatter, kt\u00f3ra uruchomi rund\u0119 bonusow\u0105. I chocia\u017c gra ma tylko zwyk\u0142\u0105 seri\u0119 darmowych spin\u00f3w, gra przyci\u0105gnie i b\u0119dzie w stanie zainteresowa\u0107 wielu graczy, kt\u00f3rzy naprawd\u0119 kochaj\u0105 hazard.<\/p>\n<p>Wszystkie osiem funkcji automatu demonstracyjnego King of the Nile jest \u015bci\u015ble ze sob\u0105 powi\u0105zanych podczas gry. Oczywi\u015bcie istnieje dziki symbol, kt\u00f3ry dzia\u0142a jak ikona faraona; swoim dzia\u0142aniem zast\u0119puje wszystkie pozosta\u0142e ikony, ale tylko z wyj\u0105tkiem piramidy, poniewa\u017c dzia\u0142a jak symbol rozproszenia.<\/p>\n<p>W przypadku, gdy u\u017cytkownik znajdzie co najmniej 3 scattery, automatycznie uruchamiana jest runda darmowych spin\u00f3w. W zale\u017cno\u015bci od tego, ile rozproszonych uda\u0142o Ci si\u0119 zebra\u0107 w jednej kombinacji, liczba otrzymanych spin\u00f3w r\u00f3wnie\u017c b\u0119dzie si\u0119 r\u00f3\u017cni\u0107. Z 3 symbolami scatter b\u0119dziesz mie\u0107 seri\u0119 15 spin\u00f3w, 4 symbole b\u0119d\u0105 ju\u017c w stanie uruchomi\u0107 20 spin\u00f3w, a zatem 25 spin\u00f3w, co daje kompletn\u0105 kombinacj\u0119 5 jednocze\u015bnie zebranych symboli scatter na b\u0119bnach.<\/p>\n<h2>King of the Nile Slot RTP\/zmienno\u015b\u0107<\/h2>\n<p>Je\u015bli zadasz pytanie dotycz\u0105ce wska\u017anika RTP, czekasz na rozmyte wska\u017aniki informacji w Internecie. W rzeczywisto\u015bci wynika to z faktu, \u017ce procent zwrotu dla gracza stale si\u0119 zmienia, zmienia si\u0119 w zale\u017cno\u015bci od liczby i zale\u017cy od tego, jakie p\u0142atno\u015bci gracze otrzymuj\u0105 w grze King of the Nile online za darmo.<\/p>\n<p>Ten czynnik mo\u017ce odstraszy\u0107 wielu wsp\u00f3\u0142czesnych graczy, kt\u00f3rzy s\u0105 przyzwyczajeni do konkret\u00f3w i wiedz\u0105 na pewno, czy mog\u0105 liczy\u0107 na przyjemne wyp\u0142aty lub na przyk\u0142ad jackpoty, patrz\u0105c tylko na procent RTP.<\/p>\n<p>Mimo to gracze, kt\u00f3rzy s\u0105 zaznajomieni z automatem i maj\u0105 do\u015bwiadczenie w graniu na nim, lub ci, kt\u00f3rzy nie boj\u0105 si\u0119 podejmowa\u0107 ryzyka i regularnie zapoznaj\u0105 si\u0119 z nowymi automatami do gry, a tak\u017ce klasykami, pozostaj\u0105 po grze zadowoleni i uzupe\u0142niaj\u0105 sw\u00f3j bankroll.<\/p>\n<h2>Graj w Kr\u00f3la Nilu na urz\u0105dzeniach mobilnych<\/h2>\n<p>Wcze\u015bniej, poniewa\u017c automat by\u0142 do\u015b\u0107 stary, nie mo\u017cna by\u0142o gra\u0107 na urz\u0105dzeniach mobilnych i nie by\u0142o wielkiej potrzeby. Teraz wielu graczy chce gra\u0107 za darmo z telefonu lub tabletu, wi\u0119c mo\u017cesz \u0142atwo znale\u017a\u0107 kasyno online, w kt\u00f3rym ten automat b\u0119dzie dost\u0119pny w wersji dostosowanej do urz\u0105dze\u0144 mobilnych. Warto wzi\u0105\u0107 pod uwag\u0119, \u017ce aby m\u00f3c gra\u0107, nie trzeba pobiera\u0107 pokie King of the Nile i instalowa\u0107 dodatkowego oprogramowania. Wystarczy otworzy\u0107 przegl\u0105dark\u0119 i klikn\u0105\u0107 przycisk \u201eOdtw\u00f3rz\u201d.<\/p>\n<h2>Najcz\u0119\u015bciej zadawane pytania dotycz\u0105ce kr\u00f3la Nilu<\/h2>\n<h3>Jak zagra\u0107 w slot King of The Nile za darmo?<\/h3>\n<p>Dost\u0119pna jest wersja demonstracyjna automatu, dzi\u0119ki kt\u00f3rej mo\u017cesz zapozna\u0107 si\u0119 z funkcjami i przebiegiem gry. Nie b\u0119dziesz musia\u0142 traci\u0107 i ryzykowa\u0107 w\u0142asnych prawdziwych pieni\u0119dzy. W tym samym czasie otrzymasz pe\u0142noprawne do\u015bwiadczenie, Z\u0142oty Pier\u015bcie\u0144 i wszystko, co ma do zaoferowania automat. Jednak wyp\u0142aty b\u0119d\u0105 tylko wirtualne i nadal b\u0119dziesz musia\u0142 stawia\u0107 prawdziwe zak\u0142ady dla prawdziwego zysku.<\/p>\n<h3>Jaka jest stawka w grze Kr\u00f3l Nilu?<\/h3>\n<p>Ten automat nie wymaga du\u017cych zak\u0142ad\u00f3w w King of the Nile Australia, a mo\u017cesz zacz\u0105\u0107 kr\u0119ci\u0107 b\u0119bnami za jedyne 0,02 centa za lini\u0119, a maksymalna dopuszczalna warto\u015b\u0107 to zak\u0142ad 120 kredyt\u00f3w. To dobry wyb\u00f3r zak\u0142ad\u00f3w, poniewa\u017c zar\u00f3wno mali gracze, jak i do\u015bwiadczeni z du\u017cym bankrollem b\u0119d\u0105 mogli gra\u0107.<\/p>\n<h3>Jak gra\u0107 na automacie Mega Moolah Polska?<\/h3>\n<p>Automat nie ma skomplikowanej mechaniki, wi\u0119c aby rozpocz\u0105\u0107 gr\u0119, musisz tylko zdecydowa\u0107, o jakie kwoty chcesz gra\u0107. Wybierz pocz\u0105tkowo, ile linii wyp\u0142at b\u0119dzie zaanga\u017cowanych; w jednej grze mo\u017ce by\u0107 maksymalnie 20 linii. Nast\u0119pnie powiniene\u015b zdecydowa\u0107 i postawi\u0107 zak\u0142ad, kt\u00f3ry zostanie zrealizowany w Twoim spinie. Na koniec, aby uruchomi\u0107 b\u0119bny, naci\u015bnij przycisk Spin.<\/p>\n<p>Recenzje o automatach:<\/p>\n<ul>\n<li><a href=\"https:\/\/rocketplay-game.com\/pl\/slots\/mega-moolah\/\">Mega Moolah<\/a><\/li>\n<li><a href=\"https:\/\/rocketplay-game.com\/pl\/slots\/money-train-2\/\">Money Train 2<\/a><\/li>\n<\/ul>\n","protected":false},"excerpt":{"rendered":"<p>Pokies King of the Nile istnieje od 1997 roku i do dzi\u015b jest ulubie\u0144cem wielu graczy. Po raz pierwszy automat sta\u0142 si\u0119 dost\u0119pny dla graczy zwyk\u0142ych kasyn w Polska. Wkr\u00f3tce automat pojawi\u0142 si\u0119 w wersji online i trafi\u0142 do kasyn na ca\u0142ym \u015bwiecie. Je\u015bli spojrzysz dzi\u015b na aplikacj\u0119 King of the Nile, grafika i animacje&#8230;<\/p>\n","protected":false},"author":1,"featured_media":0,"parent":2073,"menu_order":0,"comment_status":"closed","ping_status":"closed","template":"page-with-slot.php","meta":{"_acf_changed":false,"_kad_post_transparent":"default","_kad_post_title":"default","_kad_post_layout":"default","_kad_post_sidebar_id":"","_kad_post_content_style":"default","_kad_post_vertical_padding":"default","_kad_post_feature":"","_kad_post_feature_position":"","_kad_post_header":false,"_kad_post_footer":false,"footnotes":""},"class_list":["post-2722","page","type-page","status-publish","hentry"],"acf":[],"rttpg_featured_image_url":null,"rttpg_author":{"display_name":"Tom","author_link":"https:\/\/rocketplay-game.com\/pl\/author\/pemvas95n89x\/"},"rttpg_comment":0,"rttpg_category":null,"rttpg_excerpt":"Pokies King of the Nile istnieje od 1997 roku i do dzi\u015b jest ulubie\u0144cem wielu graczy. Po raz pierwszy automat sta\u0142 si\u0119 dost\u0119pny dla graczy zwyk\u0142ych kasyn w Polska. Wkr\u00f3tce automat pojawi\u0142 si\u0119 w wersji online i trafi\u0142 do kasyn na ca\u0142ym \u015bwiecie. Je\u015bli spojrzysz dzi\u015b na aplikacj\u0119 King of the Nile, grafika i animacje...","_links":{"self":[{"href":"https:\/\/rocketplay-game.com\/pl\/wp-json\/wp\/v2\/pages\/2722","targetHints":{"allow":["GET"]}}],"collection":[{"href":"https:\/\/rocketplay-game.com\/pl\/wp-json\/wp\/v2\/pages"}],"about":[{"href":"https:\/\/rocketplay-game.com\/pl\/wp-json\/wp\/v2\/types\/page"}],"author":[{"embeddable":true,"href":"https:\/\/rocketplay-game.com\/pl\/wp-json\/wp\/v2\/users\/1"}],"replies":[{"embeddable":true,"href":"https:\/\/rocketplay-game.com\/pl\/wp-json\/wp\/v2\/comments?post=2722"}],"version-history":[{"count":2,"href":"https:\/\/rocketplay-game.com\/pl\/wp-json\/wp\/v2\/pages\/2722\/revisions"}],"predecessor-version":[{"id":2726,"href":"https:\/\/rocketplay-game.com\/pl\/wp-json\/wp\/v2\/pages\/2722\/revisions\/2726"}],"up":[{"embeddable":true,"href":"https:\/\/rocketplay-game.com\/pl\/wp-json\/wp\/v2\/pages\/2073"}],"wp:attachment":[{"href":"https:\/\/rocketplay-game.com\/pl\/wp-json\/wp\/v2\/media?parent=2722"}],"curies":[{"name":"wp","href":"https:\/\/api.w.org\/{rel}","templated":true}]}}