{"id":3754,"date":"2023-01-10T16:01:48","date_gmt":"2023-01-10T13:01:48","guid":{"rendered":"https:\/\/rocketplay-game.com\/live-betting\/"},"modified":"2024-02-09T16:16:30","modified_gmt":"2024-02-09T13:16:30","slug":"live-betting","status":"publish","type":"page","link":"https:\/\/rocketplay-game.com\/pl\/live-betting\/","title":{"rendered":"Szczeg\u00f3\u0142owy przewodnik po zak\u0142adach sportowych na \u017cywo"},"content":{"rendered":"<p>Zak\u0142ady na \u017cywo w Polsce to wyb\u00f3r tych, kt\u00f3rzy wol\u0105 obstawia\u0107 wydarzenia sportowe w czasie rzeczywistym. Obstawiaj\u0105cy stawia zak\u0142ady nie przed rozpocz\u0119ciem meczu, ale w trakcie gry.\u00a0Daje szanse na wygran\u0105 i zwi\u0119ksza prawdopodobie\u0144stwo, \u017ce uda si\u0119 przewidzie\u0107 zwyci\u0119zc\u0119.<\/p>\n<p><img loading=\"lazy\" decoding=\"async\" class=\"aligncenter wp-image-4765\" src=\"https:\/\/rocketplay-game.com\/wp-content\/uploads\/2024\/02\/soccer-players-action-professional-stadium.jpg\" alt=\"Live Sports Betting\" width=\"800\" height=\"492\" srcset=\"https:\/\/rocketplay-game.com\/wp-content\/uploads\/2024\/02\/soccer-players-action-professional-stadium.jpg 1000w, https:\/\/rocketplay-game.com\/wp-content\/uploads\/2024\/02\/soccer-players-action-professional-stadium-300x185.jpg 300w, https:\/\/rocketplay-game.com\/wp-content\/uploads\/2024\/02\/soccer-players-action-professional-stadium-768x472.jpg 768w\" sizes=\"auto, (max-width: 800px) 100vw, 800px\" \/><\/p>\n<h2>Co to s\u0105 zak\u0142ady na \u017cywo?<\/h2>\n<p>Wielu obstawiaj\u0105cych woli obstawia\u0107 na \u017cywo, aby maksymalnie zwi\u0119kszy\u0107 prawdopodobie\u0144stwo wygranej.\u00a0Istnieje wiele powod\u00f3w:<\/p>\n<ol>\n<li aria-level=\"1\">Dzi\u0119ki serwisom z zak\u0142adami sportowymi na \u017cywo mo\u017cna szybko, bez wysi\u0142ku fizycznego, zwi\u0119kszy\u0107 swoje dochody finansowe.<\/li>\n<li aria-level=\"1\">Podczas meczu wszystko mo\u017ce si\u0119 zdarzy\u0107.\u00a0A je\u015bli nagle mecz Twojej ulubionej dru\u017cyny nie b\u0119dzie dobry, mo\u017cesz obstawi\u0107 nie zgodnie z planem.<\/li>\n<li aria-level=\"1\">Mo\u017cliwe jest zawieranie zak\u0142ad\u00f3w z wy\u017cszymi kursami.<\/li>\n<li aria-level=\"1\">W linii pod napi\u0119ciem jest wi\u0119cej rozwidle\u0144 ni\u017c w normalnej.\u00a0A to zwi\u0119ksza szanse obstawiaj\u0105cych na jasne i op\u0142acalne zwyci\u0119stwo.<\/li>\n<li aria-level=\"1\">Dzi\u0119ki zak\u0142adom na \u017cywo mo\u017cliwe jest minimalizowanie strat poprzez obstawianie przeciwnego wyniku wydarze\u0144.<\/li>\n<\/ol>\n<p>To nie wszystkie powody, dla kt\u00f3rych obstawiaj\u0105cy wybieraj\u0105 aplikacj\u0119 do zak\u0142ad\u00f3w sportowych na \u017cywo.\u00a0Jest ich znacznie wi\u0119cej.\u00a0I ka\u017cdy nie b\u0119dzie \u017ca\u0142owa\u0142 takiego wyboru.<\/p>\n<h2>Rodzaje zak\u0142ad\u00f3w na \u017cywo<\/h2>\n<p>Istnieje wiele rodzaj\u00f3w zak\u0142ad\u00f3w sportowych na \u017cywo, kt\u00f3re uwielbia wiele os\u00f3b.\u00a0A ka\u017cdy zak\u0142ad jest na sw\u00f3j spos\u00f3b atrakcyjny:<\/p>\n<ol>\n<li aria-level=\"1\">g\u0142\u00f3wny wynik.\u00a0Ten zak\u0142ad umo\u017cliwia przewidzenie zwyci\u0119stwa niekt\u00f3rych uczestnik\u00f3w meczu lub remisu.<\/li>\n<li aria-level=\"1\">podw\u00f3jna szansa.\u00a0Taki zak\u0142ad mo\u017cna postawi\u0107, je\u015bli istnieje pewno\u015b\u0107, \u017ce jedna z dru\u017cyn lub konkretny zawodnik nie przegra podczas meczu.<\/li>\n<li aria-level=\"1\">Wytypuj, ile bramek padnie w meczu.\u00a0Mo\u017cna wybra\u0107 taki typ zak\u0142ad\u00f3w jak Suma, mniej wi\u0119cej.<\/li>\n<\/ol>\n<p>Wielu obstawiaj\u0105cych lubi obstawia\u0107 mecze, kt\u00f3re ju\u017c si\u0119 rozpocz\u0119\u0142y.\u00a0Staje si\u0119 mo\u017cliwe postawienie zak\u0142adu na wydarzenie, kt\u00f3re ju\u017c si\u0119 rozpocz\u0119\u0142o.<\/p>\n<h2>Korzy\u015bci z zak\u0142ad\u00f3w na \u017cywo<\/h2>\n<p>Wielu profesjonalnych graczy obstawia zak\u0142ady na \u017cywo.\u00a0W ten spos\u00f3b mo\u017cliwe jest zwi\u0119kszenie kapita\u0142u finansowego, zawieranie kilku zak\u0142ad\u00f3w w jednej macie i przewidywanie wyniku wydarze\u0144.\u00a0Ten typ zak\u0142ad\u00f3w ma wiele zalet:<\/p>\n<ol>\n<li>\n<ol>\n<li aria-level=\"1\">Staje si\u0119 mo\u017cliwe ogl\u0105danie gry osobi\u015bcie i bezpo\u015brednio podczas meczu w celu obstawiania.<\/li>\n<li aria-level=\"1\">Istnieje realna szansa na znaczne zwi\u0119kszenie zarobk\u00f3w na wynikach pojedynczej gry.<\/li>\n<li aria-level=\"1\">Warte podkre\u015blenia s\u0105 r\u00f3wnie\u017c wysokie kursy, kt\u00f3re mog\u0105 rosn\u0105\u0107 wraz z post\u0119pem meczu.\u00a0Prawdopodobie\u0144stwo z\u0142apania doskona\u0142ego kursu w przypadku, gdy prawdopodobie\u0144stwo spasowania jest wystarczaj\u0105co wysokie, wzrasta.<\/li>\n<\/ol>\n<\/li>\n<\/ol>\n<p>Korzy\u015bci oczywi\u015bcie na tym si\u0119 nie ko\u0144cz\u0105.\u00a0I ka\u017cdy ch\u0119tnie obstawia sport, wybieraj\u0105c rozwi\u0105zania zak\u0142ad\u00f3w sportowych na \u017cywo.<\/p>\n<p><img loading=\"lazy\" decoding=\"async\" class=\"aligncenter wp-image-4774\" src=\"https:\/\/rocketplay-game.com\/wp-content\/uploads\/2024\/02\/sports-betting-american-football-player-appearing-from-smartphone-field-money-shower.jpg\" alt=\"Live Sports Betting 2\" width=\"800\" height=\"534\" srcset=\"https:\/\/rocketplay-game.com\/wp-content\/uploads\/2024\/02\/sports-betting-american-football-player-appearing-from-smartphone-field-money-shower.jpg 1000w, https:\/\/rocketplay-game.com\/wp-content\/uploads\/2024\/02\/sports-betting-american-football-player-appearing-from-smartphone-field-money-shower-300x200.jpg 300w, https:\/\/rocketplay-game.com\/wp-content\/uploads\/2024\/02\/sports-betting-american-football-player-appearing-from-smartphone-field-money-shower-768x512.jpg 768w\" sizes=\"auto, (max-width: 800px) 100vw, 800px\" \/><\/p>\n<h2>Strategia zak\u0142ad\u00f3w na \u017cywo<\/h2>\n<p>Strategia zak\u0142ad\u00f3w na \u017cywo to gra w czasie rzeczywistym.\u00a0Istnieje mo\u017cliwo\u015b\u0107 znacznego zwi\u0119kszenia prawdopodobie\u0144stwa, \u017ce \u200b\u200bzak\u0142ad b\u0119dzie gra\u0142.\u00a0Wystarczy \u015bledzi\u0107 przebieg meczu, aby dok\u0142adniej okre\u015bli\u0107, kto wyjdzie jako zwyci\u0119zca w konkursie, na kt\u00f3ry stawiasz.<\/p>\n<p>Analiza tego, co widzisz i znajomo\u015b\u0107 sk\u0142adu dru\u017cyny znacznie zwi\u0119ksza prawdopodobie\u0144stwo, \u017ce wygrasz, obstawiaj\u0105c.\u00a0W takim przypadku b\u0119dziesz m\u00f3g\u0142 \u0142atwo, szybko i bezpiecznie wyp\u0142aci\u0107 ca\u0142\u0105 kwot\u0119, wybieraj\u0105c dogodn\u0105 metod\u0119 p\u0142atno\u015bci.<\/p>\n<h2>Wniosek<\/h2>\n<p>Forma zak\u0142ad\u00f3w sportowych na \u017cywo jest powszechna w r\u00f3\u017cnych dyscyplinach sportowych.\u00a0Jest preferowany przez wielu tych, kt\u00f3rzy lubi\u0105 obstawia\u0107 cybersporty.\u00a0Pi\u0142ka no\u017cna i tenis, a tak\u017ce hokej, ulubione sporty wielu obstawiaj\u0105cych, mo\u017cna r\u00f3wnie\u017c ogl\u0105da\u0107, obstawiaj\u0105c podczas meczu.<\/p>\n<p>Dzi\u0119ki r\u00f3\u017cnorodno\u015bci rodzaj\u00f3w zak\u0142ad\u00f3w na \u017cywo, ka\u017cdy obstawiaj\u0105cy ma mo\u017cliwo\u015b\u0107 dokonania w\u0142a\u015bciwego wyboru.\u00a0Ka\u017cdy b\u0119dzie si\u0119 dobrze bawi\u0142 ogl\u0105daj\u0105c gr\u0119, jednocze\u015bnie znacznie poprawiaj\u0105c swoje samopoczucie finansowe \u2013 bez wysi\u0142ku fizycznego.<\/p>\n<h2>Cz\u0119sto zadawane pytania<\/h2>\n<p>Dla wszystkich, kt\u00f3rzy lubi\u0105 obstawia\u0107 sport w czasie rzeczywistym, pomocne i ekscytuj\u0105ce b\u0119dzie poznanie odpowiedzi na pytania cz\u0119sto zadawane przez graczy.\u00a0Tutaj s\u0105 niekt\u00f3re z nich.<\/p>\n<h3>Na czym polega atrakcyjno\u015b\u0107 zak\u0142ad\u00f3w na \u017cywo?<\/h3>\n<p>Jest wystarczaj\u0105co du\u017co powod\u00f3w, dla kt\u00f3rych obstawiaj\u0105cy cz\u0119sto wybieraj\u0105 zak\u0142ady na \u017cywo:<\/p>\n<ol>\n<li aria-level=\"1\">Istnieje mo\u017cliwo\u015b\u0107 obstawiania w trakcie meczu.<\/li>\n<li aria-level=\"1\">Mo\u017cliwo\u015b\u0107 obstawiania w trakcie gry zwi\u0119ksza prawdopodobie\u0144stwo trafniejszych przewidywa\u0144.<\/li>\n<li aria-level=\"1\">Obserwuj\u0105c rozw\u00f3j wydarze\u0144, mo\u017cna dok\u0142adniej przewidzie\u0107, kto zwyci\u0119\u017cy w tym meczu.<\/li>\n<\/ol>\n<p>Oczywi\u015bcie to nie wszystkie zalety typ\u00f3w bukmacherskich na \u017cywo.<\/p>\n<h3>Jak zmieniaj\u0105 si\u0119 kursy w zak\u0142adach na \u017cywo?<\/h3>\n<p>Stawiaj\u0105c dowolny zak\u0142ad na wydarzenie, kt\u00f3re ju\u017c si\u0119 rozpocz\u0119\u0142o, kursy zmieniaj\u0105 si\u0119 proporcjonalnie do przebiegu gry.\u00a0Dotyczy to zdobytych bramek, rzut\u00f3w karnych i innych element\u00f3w gry.\u00a0zak\u0142ady na \u017cywo daj\u0105 wi\u0119ksz\u0105 pewno\u015b\u0107 wygranej.<\/p>\n<h3>Jak wygra\u0107, obstawiaj\u0105c na \u017cywo?<\/h3>\n<p>Aby wygra\u0107, obstawiaj\u0105cy musi:<\/p>\n<ul>\n<li aria-level=\"1\">koncentracja i rozpi\u0119to\u015b\u0107 uwagi;<\/li>\n<li aria-level=\"1\">umiej\u0119tno\u015b\u0107 kontrolowania emocji;<\/li>\n<li aria-level=\"1\">wybranie odpowiedniej strategii, najlepszej z najbardziej zamkni\u0119tych, gdzie strata jest zminimalizowana;<\/li>\n<li aria-level=\"1\">uwa\u017cnie ogl\u0105daj transmisj\u0119 online, aby jak najdok\u0142adniej oceni\u0107 sytuacj\u0119 w trakcie meczu, aby przewidzie\u0107 moment, w kt\u00f3rym gra b\u0119dzie punktem zwrotnym.<\/li>\n<\/ul>\n<p><span class=\"\">Obserwuj\u0105c uwa\u017cnie rozw\u00f3j wydarze\u0144, istnieje du\u017ca szansa na wygran\u0105.<\/span><\/p>\n","protected":false},"excerpt":{"rendered":"<p>Zak\u0142ady na \u017cywo w Polsce to wyb\u00f3r tych, kt\u00f3rzy wol\u0105 obstawia\u0107 wydarzenia sportowe w czasie rzeczywistym. Obstawiaj\u0105cy stawia zak\u0142ady nie przed rozpocz\u0119ciem meczu, ale w trakcie gry.\u00a0Daje szanse na wygran\u0105 i zwi\u0119ksza prawdopodobie\u0144stwo, \u017ce uda si\u0119 przewidzie\u0107 zwyci\u0119zc\u0119. Co to s\u0105 zak\u0142ady na \u017cywo? Wielu obstawiaj\u0105cych woli obstawia\u0107 na \u017cywo, aby maksymalnie zwi\u0119kszy\u0107 prawdopodobie\u0144stwo wygranej.\u00a0Istnieje&#8230;<\/p>\n","protected":false},"author":1,"featured_media":0,"parent":0,"menu_order":0,"comment_status":"closed","ping_status":"closed","template":"page-with-bonus.php","meta":{"_acf_changed":false,"_kad_post_transparent":"default","_kad_post_title":"default","_kad_post_layout":"default","_kad_post_sidebar_id":"","_kad_post_content_style":"default","_kad_post_vertical_padding":"default","_kad_post_feature":"","_kad_post_feature_position":"","_kad_post_header":false,"_kad_post_footer":false,"footnotes":""},"class_list":["post-3754","page","type-page","status-publish","hentry"],"acf":[],"rttpg_featured_image_url":null,"rttpg_author":{"display_name":"Tom","author_link":"https:\/\/rocketplay-game.com\/pl\/author\/pemvas95n89x\/"},"rttpg_comment":0,"rttpg_category":null,"rttpg_excerpt":"Zak\u0142ady na \u017cywo w Polsce to wyb\u00f3r tych, kt\u00f3rzy wol\u0105 obstawia\u0107 wydarzenia sportowe w czasie rzeczywistym. Obstawiaj\u0105cy stawia zak\u0142ady nie przed rozpocz\u0119ciem meczu, ale w trakcie gry.\u00a0Daje szanse na wygran\u0105 i zwi\u0119ksza prawdopodobie\u0144stwo, \u017ce uda si\u0119 przewidzie\u0107 zwyci\u0119zc\u0119. Co to s\u0105 zak\u0142ady na \u017cywo? Wielu obstawiaj\u0105cych woli obstawia\u0107 na \u017cywo, aby maksymalnie zwi\u0119kszy\u0107 prawdopodobie\u0144stwo wygranej.\u00a0Istnieje...","_links":{"self":[{"href":"https:\/\/rocketplay-game.com\/pl\/wp-json\/wp\/v2\/pages\/3754","targetHints":{"allow":["GET"]}}],"collection":[{"href":"https:\/\/rocketplay-game.com\/pl\/wp-json\/wp\/v2\/pages"}],"about":[{"href":"https:\/\/rocketplay-game.com\/pl\/wp-json\/wp\/v2\/types\/page"}],"author":[{"embeddable":true,"href":"https:\/\/rocketplay-game.com\/pl\/wp-json\/wp\/v2\/users\/1"}],"replies":[{"embeddable":true,"href":"https:\/\/rocketplay-game.com\/pl\/wp-json\/wp\/v2\/comments?post=3754"}],"version-history":[{"count":3,"href":"https:\/\/rocketplay-game.com\/pl\/wp-json\/wp\/v2\/pages\/3754\/revisions"}],"predecessor-version":[{"id":5275,"href":"https:\/\/rocketplay-game.com\/pl\/wp-json\/wp\/v2\/pages\/3754\/revisions\/5275"}],"wp:attachment":[{"href":"https:\/\/rocketplay-game.com\/pl\/wp-json\/wp\/v2\/media?parent=3754"}],"curies":[{"name":"wp","href":"https:\/\/api.w.org\/{rel}","templated":true}]}}