{"id":3758,"date":"2023-01-11T22:15:12","date_gmt":"2023-01-11T19:15:12","guid":{"rendered":"https:\/\/rocketplay-game.com\/?page_id=3758"},"modified":"2025-11-25T22:46:51","modified_gmt":"2025-11-25T19:46:51","slug":"live-games","status":"publish","type":"page","link":"https:\/\/rocketplay-game.com\/pl\/live-games\/","title":{"rendered":"Rocket Play Recenzja gier kasynowych na \u017cywo"},"content":{"rendered":"<p><span class=\"\">Kasyna online s\u0105 teraz bardziej aktualne ni\u017c kiedykolwiek.\u00a0<\/span>Wiele os\u00f3b uwielbia sp\u0119dza\u0107 wieczory graj\u0105c w kasynach online.\u00a0A kasyna nieustannie trzepocz\u0105.\u00a0Rozwijany wraz z rozwojem technologii i coraz bardziej dost\u0119pnym Internetem.<\/p>\n<p>Tak pojawi\u0142y si\u0119 gry kasynowe na \u017cywo w 2000 roku.\u00a0Ale wtedy nie by\u0142o to wygodne, po\u0142\u0105czenie pozostawia\u0142o wiele do \u017cyczenia, a strona techniczna nie by\u0142a dobrze zrobiona.\u00a0Od tego czasu min\u0119\u0142o du\u017co czasu i wiele si\u0119 poprawi\u0142o.<\/p>\n<p><img loading=\"lazy\" decoding=\"async\" class=\"aligncenter wp-image-4825\" src=\"https:\/\/rocketplay-game.com\/wp-content\/uploads\/2024\/02\/live-cas.png\" alt=\"Rocket Play Live Casino\" width=\"800\" height=\"661\" srcset=\"https:\/\/rocketplay-game.com\/wp-content\/uploads\/2024\/02\/live-cas.png 886w, https:\/\/rocketplay-game.com\/wp-content\/uploads\/2024\/02\/live-cas-300x248.png 300w, https:\/\/rocketplay-game.com\/wp-content\/uploads\/2024\/02\/live-cas-768x635.png 768w\" sizes=\"auto, (max-width: 800px) 100vw, 800px\" \/><\/p>\n<h2>Rodzaje gier na \u017cywo<\/h2>\n<p>W Internecie mo\u017cna znale\u017a\u0107 wiele r\u00f3\u017cnych gier kasynowych na \u017cywo.\u00a0Cz\u0119sto s\u0105 to gry karciane, kt\u00f3re wszyscy kochaj\u0105.\u00a0W\u015br\u00f3d najlepszych gier kasynowych na \u017cywo s\u0105 poker, blackjack i loterie.<\/p>\n<h2>Jak zacz\u0105\u0107 gra\u0107?<\/h2>\n<p>Je\u015bli zaczynasz poznawa\u0107 \u015bwiat hazardu, mo\u017cesz mie\u0107 pytanie, jak zacz\u0105\u0107 gra\u0107.\u00a0Aby rozpocz\u0105\u0107 gr\u0119 w kasynie online na \u017cywo, musisz przej\u015b\u0107 do oficjalnej strony internetowej kasyna online.\u00a0Pami\u0119taj, aby si\u0119 zalogowa\u0107.\u00a0W przeciwnym razie nie b\u0119dziesz m\u00f3g\u0142 rozpocz\u0105\u0107 gry.\u00a0Nast\u0119pnie wybierz element, aby gra\u0107 w gry kasynowe na \u017cywo z g\u00f3rnej cz\u0119\u015bci menu.\u00a0Lista gier dost\u0119pnych w formacie na \u017cywo pojawi si\u0119 przed tob\u0105.<\/p>\n<p>Gry na \u017cywo r\u00f3\u017cni\u0105 si\u0119 od zwyk\u0142ych gier, poniewa\u017c krupier gra z tob\u0105.\u00a0Pokazuje twoje karty do pokera, przyjmuje zak\u0142ady i komunikuje si\u0119 z graczami.\u00a0Stwarza to niezapomniane emocje i atmosfer\u0119 zbli\u017con\u0105 do tej, kt\u00f3r\u0105 mo\u017cna spotka\u0107 w kasynach naziemnych.<\/p>\n<h2>Bonusy<\/h2>\n<p>W\u015br\u00f3d bonus\u00f3w w kasynach z formatem gry na \u017cywo mo\u017cna znale\u017a\u0107 takie bonusy:<\/p>\n<ul>\n<li aria-level=\"1\">bonus powitalny \u2013 bonus powitalny, kt\u00f3ry mo\u017cesz odebra\u0107, gdy tylko odwiedzisz stron\u0119 kasyna online.\u00a0Ma to na celu zach\u0119cenie nowych u\u017cytkownik\u00f3w;<\/li>\n<li aria-level=\"1\">bonus za rejestracj\u0119 \u2013 otrzymasz bonus za rejestracj\u0119, gdy zarejestrujesz si\u0119 i potwierdzisz rejestracj\u0119 konta w wiadomo\u015bci e-mail, kt\u00f3ra przyjdzie na adres e-mail podany podczas rejestracji;<\/li>\n<li aria-level=\"1\">bonus programu polece\u0144 \u2013 ka\u017cde kasyno online ma system polece\u0144.\u00a0Cz\u0119sto jest to kod, kt\u00f3ry ju\u017c zarejestrowany u\u017cytkownik mo\u017ce przekaza\u0107 niezarejestrowanemu u\u017cytkownikowi.\u00a0Po podaniu tego kodu podczas rejestracji \u2013 obaj u\u017cytkownicy otrzymuj\u0105 bonus;<\/li>\n<li aria-level=\"1\">promocje og\u00f3lne \u2013 ka\u017cde kasyno regularnie udost\u0119pnia oferty promocyjne, kt\u00f3re mo\u017cna znale\u017a\u0107 na stronie g\u0142\u00f3wnej kasyna.\u00a0Uwa\u017cnie przeczytaj warunki bonusu;<\/li>\n<li aria-level=\"1\">indywidualne oferty \u2013 takie oferty przychodz\u0105 na post, kt\u00f3ry u\u017cytkownik poda\u0142 podczas rejestracji, wi\u0119c nie zapomnij go sprawdzi\u0107;<\/li>\n<li aria-level=\"1\">bonus lojalno\u015bciowy \u2013 Ten rodzaj bonusu jest dost\u0119pny dla wielu do\u015bwiadczonych graczy za lojalno\u015b\u0107 wobec kasyna i czas sp\u0119dzony na graniu w gry.<\/li>\n<\/ul>\n<p>Wszystkie te bonusy zawsze maj\u0105 inny wype\u0142niacz, ale powiniene\u015b zwr\u00f3ci\u0107 uwag\u0119 na mno\u017cnik bonusu od depozytu, kt\u00f3ry mo\u017cesz uzyska\u0107.\u00a0Nie zaniedbuj r\u00f3wnie\u017c darmowego czasu gry, kt\u00f3ry mo\u017cesz otrzyma\u0107 jako bonus.<\/p>\n<p><img loading=\"lazy\" decoding=\"async\" class=\"aligncenter wp-image-4834\" src=\"https:\/\/rocketplay-game.com\/wp-content\/uploads\/2024\/02\/live-cas-24-e1707316963692.png\" alt=\"Rocket Play Live Casino 2\" width=\"800\" height=\"501\" srcset=\"https:\/\/rocketplay-game.com\/wp-content\/uploads\/2024\/02\/live-cas-24-e1707316963692.png 1112w, https:\/\/rocketplay-game.com\/wp-content\/uploads\/2024\/02\/live-cas-24-e1707316963692-300x188.png 300w, https:\/\/rocketplay-game.com\/wp-content\/uploads\/2024\/02\/live-cas-24-e1707316963692-1024x642.png 1024w, https:\/\/rocketplay-game.com\/wp-content\/uploads\/2024\/02\/live-cas-24-e1707316963692-768x481.png 768w\" sizes=\"auto, (max-width: 800px) 100vw, 800px\" \/><\/p>\n<h2>Oprogramowanie<\/h2>\n<p>W \u015bwietle rosn\u0105cej popularno\u015bci najlepszych gier kasynowych na \u017cywo, wielu programist\u00f3w traktuje priorytetowo tworzenie oprogramowania do gier z \u017cywym krupierem.\u00a0Spo\u015br\u00f3d wiod\u0105cych tw\u00f3rc\u00f3w takiego oprogramowania mog\u0119 wyr\u00f3\u017cni\u0107:<\/p>\n<ul>\n<li aria-level=\"1\">Blueprint jest liderem pod wzgl\u0119dem liczby tworzonych gier live-action.\u00a0A ilo\u015b\u0107 nie r\u00f3wna si\u0119 jako\u015bci, ale tu nie chodzi o tych go\u015bci.\u00a0Robi\u0105 przyzwoite gry;<\/li>\n<li aria-level=\"1\">SoftBet \u2013 ci tw\u00f3rcy gier, mimo \u017ce nie mog\u0105 pochwali\u0107 si\u0119 tak wieloma grami, s\u0105 warci uwagi, cho\u0107by dlatego, \u017ce ich oprogramowanie jest wyj\u0105tkowe.<\/li>\n<li aria-level=\"1\">NetEnt to jedni z najbardziej uczciwych tw\u00f3rc\u00f3w oprogramowania w \u015bwiecie hazardu, wi\u0119c wspaniale jest ogl\u0105da\u0107 ich gry z \u017cywym krupierem.\u00a0Zawsze mia\u0142y najwy\u017cszy mo\u017cliwy RTP, a ich u\u017cytkownicy nigdy nie narzekali na jako\u015b\u0107 oprogramowania.<\/li>\n<\/ul>\n<p>Oczywi\u015bcie mo\u017cesz tak\u017ce wypr\u00f3bowa\u0107 nowe gry w kasynie na \u017cywo od innych dostawc\u00f3w oprogramowania.\u00a0I b\u0119dzie to poprawne, poniewa\u017c zawsze wa\u017cne jest, aby znale\u017a\u0107 co\u015b, co Ci odpowiada.<\/p>\n<h2>Wp\u0142ata i wyp\u0142ata<\/h2>\n<p>Istotne jest r\u00f3wnie\u017c, aby kasyno online mia\u0142o dogodne sposoby wp\u0142acania i wyp\u0142acania wygranych.\u00a0I to kasyno online je ma.\u00a0Minimalna kwota depozytu w Rocket Play wynosi 20 $.\u00a0Kwota wyp\u0142aty jest wy\u017csza &#8211; 50 $.\u00a0Kwota wyp\u0142aty jest wy\u017csza ni\u017c minimalna kwota depozytu we wszystkich kasynach.\u00a0Ma to na celu uniemo\u017cliwienie u\u017cytkownikom oszukiwania i czerpania zysk\u00f3w z samych bonus\u00f3w.\u00a0Mo\u017cesz uzupe\u0142ni\u0107 saldo na nast\u0119puj\u0105ce sposoby:<\/p>\n<ul>\n<li aria-level=\"1\">za po\u015brednictwem karty bankowej, Visa, MasterCard lub American Express;<\/li>\n<li aria-level=\"1\">za po\u015brednictwem us\u0142ugi p\u0142atno\u015bci online PayPal, Payoneer lub Payeer<\/li>\n<li aria-level=\"1\">z portfela kryptowalut.<\/li>\n<\/ul>\n<p>Mo\u017cesz r\u00f3wnie\u017c u\u017cy\u0107 tych metod, aby wyp\u0142aci\u0107 \u015brodki z powrotem.<\/p>\n<h2>Cz\u0119sto zadawane pytania<\/h2>\n<p>Naszym g\u0142\u00f3wnym celem zawsze by\u0142a pomoc naszym u\u017cytkownikom.\u00a0Dlatego zebrali\u015bmy i odpowiedzieli\u015bmy na najpopularniejsze pytania od pocz\u0105tkuj\u0105cych u\u017cytkownik\u00f3w.<\/p>\n<h3>Czy mog\u0119 gra\u0107 na prawdziwe pieni\u0105dze z mojego urz\u0105dzenia mobilnego?<\/h3>\n<p>Tak, mo\u017cesz gra\u0107 z urz\u0105dzenia mobilnego na prawdziwe pieni\u0105dze.\u00a0Aby to zrobi\u0107, musisz przej\u015b\u0107 do oficjalnej strony kasyna i pobra\u0107 aplikacj\u0119 kasyna online.\u00a0Lub, je\u015bli masz iPhone&#8217;a, musisz zalogowa\u0107 si\u0119 na stronie, aby do\u0142adowa\u0107 swoje saldo i obstawia\u0107 prawdziwe pieni\u0105dze.<\/p>\n<h3>W jakim wieku mog\u0119 dokona\u0107 wp\u0142aty?<\/h3>\n<p>Mo\u017cesz zarejestrowa\u0107 si\u0119 w kasynie online tylko wtedy, gdy masz co najmniej 18 lat.\u00a0follow, mo\u017cesz dokona\u0107 wp\u0142aty dopiero po rejestracji, co oznacza, \u017ce \u200b\u200bmasz uko\u0144czone 18 lat.<\/p>\n<h3>Czy mog\u0119 spr\u00f3bowa\u0107 gra\u0107 w kasynie bez pieni\u0119dzy?<\/h3>\n<p>Tak, zawsze mo\u017cesz gra\u0107 w trybie demonstracyjnym.\u00a0Tam b\u0119dziesz mie\u0107 dost\u0119p do swojego konta depozytowego.\u00a0Pami\u0119taj jednak, \u017ce pieni\u0105dze, kt\u00f3re zarobisz w trybie demonstracyjnym i tam pozostaj\u0105.<\/p>\n","protected":false},"excerpt":{"rendered":"<p>Kasyna online s\u0105 teraz bardziej aktualne ni\u017c kiedykolwiek.\u00a0Wiele os\u00f3b uwielbia sp\u0119dza\u0107 wieczory graj\u0105c w kasynach online.\u00a0A kasyna nieustannie trzepocz\u0105.\u00a0Rozwijany wraz z rozwojem technologii i coraz bardziej dost\u0119pnym Internetem. Tak pojawi\u0142y si\u0119 gry kasynowe na \u017cywo w 2000 roku.\u00a0Ale wtedy nie by\u0142o to wygodne, po\u0142\u0105czenie pozostawia\u0142o wiele do \u017cyczenia, a strona techniczna nie by\u0142a dobrze zrobiona.\u00a0Od&#8230;<\/p>\n","protected":false},"author":1,"featured_media":0,"parent":0,"menu_order":0,"comment_status":"closed","ping_status":"closed","template":"page-with-bonus.php","meta":{"_acf_changed":false,"_kad_post_transparent":"default","_kad_post_title":"default","_kad_post_layout":"default","_kad_post_sidebar_id":"","_kad_post_content_style":"default","_kad_post_vertical_padding":"default","_kad_post_feature":"","_kad_post_feature_position":"","_kad_post_header":false,"_kad_post_footer":false,"footnotes":""},"class_list":["post-3758","page","type-page","status-publish","hentry"],"acf":[],"rttpg_featured_image_url":null,"rttpg_author":{"display_name":"Tom","author_link":"https:\/\/rocketplay-game.com\/pl\/author\/pemvas95n89x\/"},"rttpg_comment":0,"rttpg_category":null,"rttpg_excerpt":"Kasyna online s\u0105 teraz bardziej aktualne ni\u017c kiedykolwiek.\u00a0Wiele os\u00f3b uwielbia sp\u0119dza\u0107 wieczory graj\u0105c w kasynach online.\u00a0A kasyna nieustannie trzepocz\u0105.\u00a0Rozwijany wraz z rozwojem technologii i coraz bardziej dost\u0119pnym Internetem. Tak pojawi\u0142y si\u0119 gry kasynowe na \u017cywo w 2000 roku.\u00a0Ale wtedy nie by\u0142o to wygodne, po\u0142\u0105czenie pozostawia\u0142o wiele do \u017cyczenia, a strona techniczna nie by\u0142a dobrze zrobiona.\u00a0Od...","_links":{"self":[{"href":"https:\/\/rocketplay-game.com\/pl\/wp-json\/wp\/v2\/pages\/3758","targetHints":{"allow":["GET"]}}],"collection":[{"href":"https:\/\/rocketplay-game.com\/pl\/wp-json\/wp\/v2\/pages"}],"about":[{"href":"https:\/\/rocketplay-game.com\/pl\/wp-json\/wp\/v2\/types\/page"}],"author":[{"embeddable":true,"href":"https:\/\/rocketplay-game.com\/pl\/wp-json\/wp\/v2\/users\/1"}],"replies":[{"embeddable":true,"href":"https:\/\/rocketplay-game.com\/pl\/wp-json\/wp\/v2\/comments?post=3758"}],"version-history":[{"count":3,"href":"https:\/\/rocketplay-game.com\/pl\/wp-json\/wp\/v2\/pages\/3758\/revisions"}],"predecessor-version":[{"id":5249,"href":"https:\/\/rocketplay-game.com\/pl\/wp-json\/wp\/v2\/pages\/3758\/revisions\/5249"}],"wp:attachment":[{"href":"https:\/\/rocketplay-game.com\/pl\/wp-json\/wp\/v2\/media?parent=3758"}],"curies":[{"name":"wp","href":"https:\/\/api.w.org\/{rel}","templated":true}]}}