{"id":3763,"date":"2023-01-10T11:36:33","date_gmt":"2023-01-10T08:36:33","guid":{"rendered":"https:\/\/rocketplay-game.com\/live-games\/blackjck\/"},"modified":"2024-02-09T15:49:41","modified_gmt":"2024-02-09T12:49:41","slug":"blackjck","status":"publish","type":"page","link":"https:\/\/rocketplay-game.com\/pl\/live-games\/blackjck\/","title":{"rendered":"Przewodnik po blackjacku na \u017cywo"},"content":{"rendered":"<p>Blackjack to jedna z najstarszych karcianych gier hazardowych w kasynach.\u00a0Wed\u0142ug niekt\u00f3rych bada\u0144 blackjack rozpocz\u0105\u0142 si\u0119 w XVII wieku, ale wtedy nazywa\u0142 si\u0119 \u201e21\u201d, ale istota gry pozosta\u0142a ta sama.<\/p>\n<p>Z biegiem czasu wszystko si\u0119 zmienia, zmiany w dost\u0119pno\u015bci hazardu, zmiany w hazardzie i zmiany w miejscach, w kt\u00f3rych ludzie uprawiaj\u0105 hazard.\u00a0Zacz\u0119\u0142y pojawia\u0107 si\u0119 kasyna, a wraz z pojawieniem si\u0119 dost\u0119pnego Internetu ludzie zacz\u0119li gra\u0107 r\u00f3wnie\u017c w kasynach online.\u00a0Dlatego oferujemy Ci nasz\u0105 recenzj\u0119 zawsze popularnej nowoczesnej formy gry w Blackjacka na \u017cywo.<\/p>\n<p><img loading=\"lazy\" decoding=\"async\" class=\"aligncenter wp-image-4846\" src=\"https:\/\/rocketplay-game.com\/wp-content\/uploads\/2024\/02\/blckjk.png\" alt=\"Live Blackjack \" width=\"800\" height=\"392\" srcset=\"https:\/\/rocketplay-game.com\/wp-content\/uploads\/2024\/02\/blckjk.png 1340w, https:\/\/rocketplay-game.com\/wp-content\/uploads\/2024\/02\/blckjk-300x147.png 300w, https:\/\/rocketplay-game.com\/wp-content\/uploads\/2024\/02\/blckjk-1024x502.png 1024w, https:\/\/rocketplay-game.com\/wp-content\/uploads\/2024\/02\/blckjk-768x377.png 768w\" sizes=\"auto, (max-width: 800px) 100vw, 800px\" \/><\/p>\n<h2>Zalety blackjacka na \u017cywo w Rocket Play<\/h2>\n<p>Blackjack na \u017cywo online ma wiele zalet w por\u00f3wnaniu z innymi grami kasynowymi.\u00a0Dlatego proponujemy zastanowi\u0107 si\u0119, jakie korzy\u015bci mog\u0105 Ci\u0119 zainteresowa\u0107:<\/p>\n<ul>\n<li aria-level=\"1\">prostota zasad \u2013 przez wiele lat istnienia Live Blackjack Wszyscy grali w blackjacka, zanim po raz pierwszy odwiedzili kasyno.\u00a0Mo\u017ce to by\u0107 w domu z rodzin\u0105, mo\u017ce to by\u0107 impreza z przyjaci\u00f3\u0142mi, ale wszyscy znaj\u0105 zasady gry;<\/li>\n<li aria-level=\"1\">pr\u0119dko\u015b\u0107 imprezy \u2013 por\u00f3wnuj\u0105c kasyno Live Blackjack z innymi grami, od razu zauwa\u017cysz, \u017ce \u015bredni czas trwania imprezy w grach kasynowych online w Live Blackjack Poland jest oko\u0142o 2,5 razy kr\u00f3tszy. Ale to nie jest zaskakuj\u0105ce, poniewa\u017c po prostu nie ma w co gra\u0107 przez d\u0142ugi czas;<\/li>\n<li aria-level=\"1\">krupier na \u017cywo \u2013 oczywi\u015bcie nie jest to ju\u017c niczym wyj\u0105tkowym, a pierwsi krupierzy na \u017cywo w grach kasynowych pojawili si\u0119 w 2000 roku.\u00a0Dealerzy na \u017cywo stali si\u0119 popularni, gdy ludzie zacz\u0119li mie\u0107 dost\u0119p do wysokiej jako\u015bci internetu.\u00a0Krupier na \u017cywo to wyj\u0105tkowa interakcja, gwarancja uczciwo\u015bci i po prostu dobra atmosfera, kt\u00f3ra przenosi Ci\u0119 do sal kasyn naziemnych z ich przestronno\u015bci\u0105, charyzm\u0105 i emocjami unosz\u0105cymi si\u0119 w tym pokoju.<\/li>\n<\/ul>\n<p>Znaj\u0105c wszystkie zalety gry, mo\u017cesz spokojnie rozpocz\u0105\u0107 zabaw\u0119.\u00a0I zdob\u0105d\u017a du\u017ce wygrane.<\/p>\n<h2>Popularne rodzaje gry w blackjacka na \u017cywo<\/h2>\n<p>Podczas swojego istnienia powsta\u0142o wiele r\u00f3\u017cnych odmian tej gry.\u00a0I ka\u017cdy z nich ma ogromn\u0105 liczb\u0119 fan\u00f3w.\u00a0Zapraszamy wi\u0119c do rozwa\u017cenia pi\u0119ciu najpopularniejszych z nich w kr\u00f3tkim formacie bez wchodzenia w zawi\u0142o\u015bci zasad ka\u017cdego z nich:<\/p>\n<ul>\n<li aria-level=\"1\">American blackjack \u2013 Ten blackjack jest g\u0142\u00f3wnie nazywany klasycznym blackjackiem.\u00a0I jest to jeden z najpopularniejszych rodzaj\u00f3w blackjacka.<\/li>\n<li aria-level=\"1\">Blackjack Perfect Pairs \u2013 Jedn\u0105 z g\u0142\u00f3wnych r\u00f3\u017cnic mi\u0119dzy tym rodzajem blackjacka a klasycznym blackjackiem jest to, \u017ce wiod\u0105c\u0105 rol\u0119 odgrywaj\u0105 tutaj zak\u0142ady poboczne i pierwsze dobranie kart;<\/li>\n<li aria-level=\"1\">European Blackjack \u2013 Ten rodzaj blackjacka r\u00f3\u017cni si\u0119 kilkoma znacz\u0105cymi r\u00f3\u017cnicami od klasycznego blackjacka, co nie jest zaskakuj\u0105ce, poniewa\u017c blackjack narodzi\u0142 si\u0119 na kontynencie europejskim;<\/li>\n<li aria-level=\"1\">Blackjack Switch \u2013 g\u0142\u00f3wna r\u00f3\u017cnica w tym wariancie blackjacka jest doskonale odzwierciedlona w nazwie gry.\u00a0Specyfika tego blackjacka polega na tym, \u017ce masz jednocze\u015bnie dwie r\u0119ce i mo\u017cesz wymienia\u0107 drugie karty rozdane w ka\u017cdym rozdaniu mi\u0119dzy dwoma graczami.<\/li>\n<li aria-level=\"1\">Vegas Strip Blackjack to klasyczna forma rozbieranego blackjacka, ten rodzaj blackjacka ma wielu fan\u00f3w na ca\u0142ym \u015bwiecie, a jego pocz\u0105tki si\u0119gaj\u0105 po\u0142udnia Las Vegas.<\/li>\n<\/ul>\n<p>Mo\u017cesz przeczyta\u0107 wi\u0119cej o zasadach i funkcjach ka\u017cdego z tych blackjack\u00f3w na oficjalnej stronie internetowej kasyna online.<\/p>\n<h2>Oprogramowanie<\/h2>\n<p>Na rynku dostawc\u00f3w oprogramowania panuje du\u017ca konkurencja.\u00a0Dlatego ka\u017cdy programista stara si\u0119 stworzy\u0107 wiele r\u00f3\u017cnych gier dla ka\u017cdego u\u017cytkownika.\u00a0Nic wi\u0119c dziwnego, \u017ce prawie wszystkie oferuj\u0105 r\u00f3\u017cne warianty blackjacka.\u00a0Sugerujemy zwr\u00f3cenie uwagi na takich tw\u00f3rc\u00f3w z najlepszym Blackjackiem na \u017cywo online online, kt\u00f3re mo\u017cna znale\u017a\u0107 w kasynach online:<\/p>\n<ul>\n<li aria-level=\"1\">PGSoft;<\/li>\n<li aria-level=\"1\">Microgaming;<\/li>\n<li aria-level=\"1\">Play&#8217;n&#8217;Go;<\/li>\n<\/ul>\n<p>Mo\u017cemy Ci poleci\u0107 ka\u017cdego z tych tw\u00f3rc\u00f3w oprogramowania, poniewa\u017c udowodnili swoje umiej\u0119tno\u015bci przez lata pracy na tym rynku i dziesi\u0105tki odmian gry w Blackjacka na \u017cywo.<\/p>\n<h2>obs\u0142uga klienta<\/h2>\n<p>Nie bez znaczenia jest r\u00f3wnie\u017c obs\u0142uga u\u017cytkownik\u00f3w, poniewa\u017c ka\u017cdy u\u017cytkownik mo\u017ce mie\u0107 trudno\u015bci lub pytania.\u00a0Dlatego w prawie ka\u017cdej odmianie blackjacka mo\u017cesz zwr\u00f3ci\u0107 si\u0119 do specjalist\u00f3w, kt\u00f3rzy udziel\u0105 Ci jako\u015bciowej i kompleksowej pomocy, kt\u00f3ra rozwi\u0105\u017ce ka\u017cde Twoje pytanie.<\/p>\n<p><img loading=\"lazy\" decoding=\"async\" class=\"aligncenter wp-image-4856 size-full\" src=\"https:\/\/rocketplay-game.com\/wp-content\/uploads\/2024\/02\/bot.png\" alt=\"Live Blackjack 2\" width=\"443\" height=\"626\" srcset=\"https:\/\/rocketplay-game.com\/wp-content\/uploads\/2024\/02\/bot.png 443w, https:\/\/rocketplay-game.com\/wp-content\/uploads\/2024\/02\/bot-212x300.png 212w\" sizes=\"auto, (max-width: 443px) 100vw, 443px\" \/><\/p>\n<h2>Wniosek<\/h2>\n<p>Blackjack ma ogromn\u0105 histori\u0119 rozwoju, kt\u00f3r\u0105 stworzyli sami ludzie.\u00a0Blackjack by\u0142 uwielbiany przez r\u00f3\u017cnych ludzi w r\u00f3\u017cnych momentach.\u00a0Je\u015bli jeszcze nie pr\u00f3bowa\u0142e\u015b gra\u0107 w blackjacka, odwied\u017a strony Live Blackjack, a jeste\u015bmy pewni, \u017ce ta gra mo\u017ce Ci\u0119 urzec na wiele wieczor\u00f3w.<\/p>\n<h2>Cz\u0119sto zadawane pytania<\/h2>\n<p>Cz\u0119sto dostajemy mn\u00f3stwo pyta\u0144.\u00a0Pisz\u0105 do nas do\u015bwiadczeni gracze i pocz\u0105tkuj\u0105cy.\u00a0Zebrali\u015bmy kilka popularnych i wyczerpuj\u0105co na nie odpowiedzieli\u015bmy.<\/p>\n<h3>Czy mog\u0119 gra\u0107 w blackjacka za darmo?<\/h3>\n<p>Tak, mo\u017cesz zacz\u0105\u0107 gra\u0107 w blackjacka bez \u017cadnych inwestycji.\u00a0Aby to zrobi\u0107, musisz skorzysta\u0107 z naszego trybu demonstracyjnego, kt\u00f3ry posiada ka\u017cda gra.<\/p>\n<h3>Czy mog\u0119 gra\u0107 w blackjacka z telefonu kom\u00f3rkowego?<\/h3>\n<p>Nasi programi\u015bci robi\u0105 wszystko, co mo\u017cliwe, aby nasi u\u017cytkownicy mogli gra\u0107 tak, jak chc\u0105 i gdzie b\u0119dzie to dla nich wygodne.\u00a0Dlatego mamy doskonale zoptymalizowan\u0105 mobiln\u0105 wersj\u0119 naszej strony.\u00a0Koniecznie wypr\u00f3buj.<\/p>\n<h3>Czy mog\u0119 do\u0142adowa\u0107 saldo z portfela kryptowalut?<\/h3>\n<p>Tak, nasze kasyno zapewnia mo\u017cliwo\u015b\u0107 zdeponowania salda w kryptowalucie.\u00a0Mo\u017cesz tak\u017ce wyp\u0142aci\u0107 swoje wygrane do portfela kryptowalut lub karty bankowej.<\/p>\n","protected":false},"excerpt":{"rendered":"<p>Blackjack to jedna z najstarszych karcianych gier hazardowych w kasynach.\u00a0Wed\u0142ug niekt\u00f3rych bada\u0144 blackjack rozpocz\u0105\u0142 si\u0119 w XVII wieku, ale wtedy nazywa\u0142 si\u0119 \u201e21\u201d, ale istota gry pozosta\u0142a ta sama. Z biegiem czasu wszystko si\u0119 zmienia, zmiany w dost\u0119pno\u015bci hazardu, zmiany w hazardzie i zmiany w miejscach, w kt\u00f3rych ludzie uprawiaj\u0105 hazard.\u00a0Zacz\u0119\u0142y pojawia\u0107 si\u0119 kasyna, a&#8230;<\/p>\n","protected":false},"author":1,"featured_media":0,"parent":3758,"menu_order":0,"comment_status":"closed","ping_status":"closed","template":"page-with-bonus.php","meta":{"_acf_changed":false,"_kad_post_transparent":"default","_kad_post_title":"default","_kad_post_layout":"default","_kad_post_sidebar_id":"","_kad_post_content_style":"default","_kad_post_vertical_padding":"default","_kad_post_feature":"","_kad_post_feature_position":"","_kad_post_header":false,"_kad_post_footer":false,"footnotes":""},"class_list":["post-3763","page","type-page","status-publish","hentry"],"acf":[],"rttpg_featured_image_url":null,"rttpg_author":{"display_name":"Tom","author_link":"https:\/\/rocketplay-game.com\/pl\/author\/pemvas95n89x\/"},"rttpg_comment":0,"rttpg_category":null,"rttpg_excerpt":"Blackjack to jedna z najstarszych karcianych gier hazardowych w kasynach.\u00a0Wed\u0142ug niekt\u00f3rych bada\u0144 blackjack rozpocz\u0105\u0142 si\u0119 w XVII wieku, ale wtedy nazywa\u0142 si\u0119 \u201e21\u201d, ale istota gry pozosta\u0142a ta sama. Z biegiem czasu wszystko si\u0119 zmienia, zmiany w dost\u0119pno\u015bci hazardu, zmiany w hazardzie i zmiany w miejscach, w kt\u00f3rych ludzie uprawiaj\u0105 hazard.\u00a0Zacz\u0119\u0142y pojawia\u0107 si\u0119 kasyna, a...","_links":{"self":[{"href":"https:\/\/rocketplay-game.com\/pl\/wp-json\/wp\/v2\/pages\/3763","targetHints":{"allow":["GET"]}}],"collection":[{"href":"https:\/\/rocketplay-game.com\/pl\/wp-json\/wp\/v2\/pages"}],"about":[{"href":"https:\/\/rocketplay-game.com\/pl\/wp-json\/wp\/v2\/types\/page"}],"author":[{"embeddable":true,"href":"https:\/\/rocketplay-game.com\/pl\/wp-json\/wp\/v2\/users\/1"}],"replies":[{"embeddable":true,"href":"https:\/\/rocketplay-game.com\/pl\/wp-json\/wp\/v2\/comments?post=3763"}],"version-history":[{"count":4,"href":"https:\/\/rocketplay-game.com\/pl\/wp-json\/wp\/v2\/pages\/3763\/revisions"}],"predecessor-version":[{"id":5241,"href":"https:\/\/rocketplay-game.com\/pl\/wp-json\/wp\/v2\/pages\/3763\/revisions\/5241"}],"up":[{"embeddable":true,"href":"https:\/\/rocketplay-game.com\/pl\/wp-json\/wp\/v2\/pages\/3758"}],"wp:attachment":[{"href":"https:\/\/rocketplay-game.com\/pl\/wp-json\/wp\/v2\/media?parent=3763"}],"curies":[{"name":"wp","href":"https:\/\/api.w.org\/{rel}","templated":true}]}}