{"id":3767,"date":"2023-01-10T15:42:17","date_gmt":"2023-01-10T12:42:17","guid":{"rendered":"https:\/\/rocketplay-game.com\/live-games\/blackjck\/free\/"},"modified":"2024-02-09T15:43:37","modified_gmt":"2024-02-09T12:43:37","slug":"free","status":"publish","type":"page","link":"https:\/\/rocketplay-game.com\/pl\/live-games\/blackjck\/free\/","title":{"rendered":"Zagraj w darmowego blackjacka na \u017cywo w Rocket Play Casino"},"content":{"rendered":"<p>Wiele os\u00f3b lubi sp\u0119dza\u0107 wieczory w kasynach online.\u00a0W ko\u0144cu zawsze jest ciekawie.\u00a0To wiele r\u00f3\u017cnych emocji.\u00a0Ale wiele os\u00f3b boi si\u0119 wydawa\u0107 swoje pieni\u0105dze.<\/p>\n<p>Niekt\u00f3rzy my\u015bl\u0105, \u017ce mo\u017cna ich oszuka\u0107.\u00a0Kto\u015b nie jest do\u015bwiadczonym graczem.\u00a0Nie musisz od razu gra\u0107 na prawdziwe pieni\u0105dze, poniewa\u017c istnieje darmowy blackjack na \u017cywo.\u00a0Nie musisz wydawa\u0107 ani grosza, aby cieszy\u0107 si\u0119 blackjackiem.\u00a0Przyjrzyjmy si\u0119, jak to zrobi\u0107.<\/p>\n<p><img loading=\"lazy\" decoding=\"async\" class=\"aligncenter wp-image-4866\" src=\"https:\/\/rocketplay-game.com\/wp-content\/uploads\/2024\/02\/blckfejwfw-12132123.png\" alt=\"Rocket Play Blackjack\" width=\"800\" height=\"423\" srcset=\"https:\/\/rocketplay-game.com\/wp-content\/uploads\/2024\/02\/blckfejwfw-12132123.png 1348w, https:\/\/rocketplay-game.com\/wp-content\/uploads\/2024\/02\/blckfejwfw-12132123-300x159.png 300w, https:\/\/rocketplay-game.com\/wp-content\/uploads\/2024\/02\/blckfejwfw-12132123-1024x542.png 1024w, https:\/\/rocketplay-game.com\/wp-content\/uploads\/2024\/02\/blckfejwfw-12132123-768x406.png 768w\" sizes=\"auto, (max-width: 800px) 100vw, 800px\" \/><\/p>\n<h2>Wprowadzenie do darmowego blackjacka na \u017cywo<\/h2>\n<p>Blackjack to jedna z najstarszych gier karcianych.\u00a0Historia blackjacka si\u0119ga XVII wieku.\u00a0Ale przez ca\u0142y ten czas blackjack tylko zyska\u0142 na popularno\u015bci i nigdy nie by\u0142 prze\u0142adowany zasadami.\u00a0W darmowym blackjacku na \u017cywo online w kasynach online mo\u017cna znale\u017a\u0107 dziesi\u0105tki odmian.\u00a0I zawsze mo\u017cesz skorzysta\u0107 z darmowego blackjacka na \u017cywo, poniewa\u017c nie wymaga inwestycji, jest interesuj\u0105cy i wystarczaj\u0105co szybki.<\/p>\n<h2>Jak gra\u0107 w darmowego blackjacka na \u017cywo<\/h2>\n<p>Zawsze mo\u017cesz znale\u017a\u0107 darmowe gry w blackjacka na \u017cywo w kasynie online w specjalnej sekcji.\u00a0Aby rozpocz\u0105\u0107 gr\u0119 za darmo, musisz wybra\u0107 gr\u0119 w trybie demonstracyjnym.\u00a0Konto zostanie automatycznie uzupe\u0142nione, je\u015bli stracisz wszystko, ale nie mo\u017cesz zatrzyma\u0107 na nim swoich wygranych.\u00a0A zasady gry w klasycznego blackjacka s\u0105 elementarne:<\/p>\n<ol>\n<li aria-level=\"1\">Mo\u017cesz zobaczy\u0107 krupiera graj\u0105cego w karty w formacie na \u017cywo na ekranie przed tob\u0105.\u00a0Mo\u017cesz tak\u017ce zobaczy\u0107 sw\u00f3j zak\u0142ad i karty, kt\u00f3re masz na r\u0119ce.<\/li>\n<li aria-level=\"1\">Po postawieniu zak\u0142adu krupier powie dobrze znan\u0105 fraz\u0119 \u201eZak\u0142ady zosta\u0142y zrobione, koniec zak\u0142ad\u00f3w\u201d i rozda karty wszystkim uczestnikom imprezy.<\/li>\n<li aria-level=\"1\">W pierwszym rozdaniu otrzymujesz dwie karty.\u00a0Aby wygra\u0107, \u0142\u0105czna warto\u015b\u0107 kart musi wynosi\u0107 21 lub by\u0107 jak najbardziej zbli\u017cona do tej liczby, nie przekraczaj\u0105c jej.\u00a0Zawsze mo\u017cesz znale\u017a\u0107 wag\u0119 ka\u017cdej karty na ekranie.<\/li>\n<li aria-level=\"1\">W ko\u0144cu uczestnicy otrzymali swoje karty, ka\u017cdy uczestnik zastanawia si\u0119, czy wzi\u0105\u0107 kolejn\u0105 kart\u0119, czy ju\u017c przesta\u0107.\u00a0Je\u017celi uczestnik bierze kolejn\u0105 kart\u0119, a waga jego karty jest mniejsza lub r\u00f3wna 21 \u2013 uczestnik pozostaje w grze.\u00a0Je\u015bli wi\u0119cej, uczestnik odpada.\u00a0Ka\u017cdy uczestnik mo\u017ce wzi\u0105\u0107 tyle dodatkowych kart, ile potrzebuje.<\/li>\n<li aria-level=\"1\">Po tym, jak ka\u017cdy uczestnik we\u017amie tyle kart, ile potrzeba, wszyscy gracze pokazuj\u0105 swoje r\u0119ce.\u00a0Zwyci\u0119zc\u0105 jest zwyci\u0119zca z wag\u0105 kart r\u00f3wn\u0105 lub bli\u017csz\u0105 21. Przegrany nie otrzymuje nic.<\/li>\n<\/ol>\n<p>Znaj\u0105c te proste zasady, zawsze mo\u017cesz zagra\u0107 w jedn\u0105 lub wi\u0119cej gier w blackjacka w kasynie online.\u00a0Ale aby regularnie wygrywa\u0107, musisz dok\u0142adnie przestudiowa\u0107 gr\u0119, pozna\u0107 wskaz\u00f3wki profesjonalist\u00f3w i opracowa\u0107 strategi\u0119 wygrywania.\u00a0Wszystko to jest niezwykle wa\u017cne, zw\u0142aszcza je\u015bli planujesz p\u00f3\u017aniej gra\u0107 na prawdziwe pieni\u0105dze.<\/p>\n<p><img loading=\"lazy\" decoding=\"async\" class=\"aligncenter wp-image-4875\" src=\"https:\/\/rocketplay-game.com\/wp-content\/uploads\/2024\/02\/blckfejwfw-12132123323.png\" alt=\"Rocket Play Blackjack 2\" width=\"800\" height=\"428\" srcset=\"https:\/\/rocketplay-game.com\/wp-content\/uploads\/2024\/02\/blckfejwfw-12132123323.png 1352w, https:\/\/rocketplay-game.com\/wp-content\/uploads\/2024\/02\/blckfejwfw-12132123323-300x160.png 300w, https:\/\/rocketplay-game.com\/wp-content\/uploads\/2024\/02\/blckfejwfw-12132123323-1024x548.png 1024w, https:\/\/rocketplay-game.com\/wp-content\/uploads\/2024\/02\/blckfejwfw-12132123323-768x411.png 768w\" sizes=\"auto, (max-width: 800px) 100vw, 800px\" \/><\/p>\n<h2>Dlaczego warto gra\u0107 w darmowego blackjacka na \u017cywo<\/h2>\n<p>Istnieje wiele powod\u00f3w, dla kt\u00f3rych warto gra\u0107 w Blackjacka na \u017cywo online za darmo, kt\u00f3re z pewno\u015bci\u0105 rozwa\u017cymy razem z Tob\u0105:<\/p>\n<ul>\n<li aria-level=\"1\">blackjack jest fascynuj\u0105cy \u2013 trudno dyskutowa\u0107 z tym faktem, poniewa\u017c blackjack jest uznawany przez wielu za jedn\u0105 z najbardziej ekscytuj\u0105cych gier karcianych.\u00a0Oczywi\u015bcie zagorzali fani pokera mog\u0105 si\u0119 z tym spiera\u0107, ale nic nie stoi na przeszkodzie, aby gra\u0107 w pokera i blackjacka.<\/li>\n<li aria-level=\"1\">Jest bezpieczny \u2013 dla tych, kt\u00f3rzy boj\u0105 si\u0119, \u017ce graj\u0105c w karty mog\u0105 straci\u0107 wszystkie swoje oszcz\u0119dno\u015bci.\u00a0Albo \u017ce nie mo\u017cesz zatrzyma\u0107 si\u0119 w czasie.\u00a0Nie musz\u0105 wydawa\u0107 ani grosza, graj\u0105c w tryb demonstracyjny blackjacka online.\u00a0Graj\u0105c w trybie demo, nie wydajesz swoich oszcz\u0119dno\u015bci.\u00a0Grasz za wirtualne pieni\u0105dze, kt\u00f3re znajduj\u0105 si\u0119 na wirtualnym koncie.\u00a0To konto jest uzupe\u0142niane, je\u015bli stracisz z niego wszystkie pieni\u0105dze.\u00a0Ale nie mo\u017cesz wyp\u0142aci\u0107 swoich wygranych z tego konta.\u00a0Zapamietaj to.<\/li>\n<li aria-level=\"1\">interakcja \u2013 kiedy grasz w blackjacka na \u017cywo, zawsze widzisz przed sob\u0105 \u017cywego krupiera, kt\u00f3ry rozmawia z graczami przy stole w czasie rzeczywistym, rozdaje karty i sprawdza zwyci\u0119zc\u0119.\u00a0Ogl\u0105danie tego jest po prostu niewiarygodne.<\/li>\n<li aria-level=\"1\">to s\u0105 emocje na \u017cywo \u2013 kiedy grasz w gry hazardowe, aw szczeg\u00f3lno\u015bci w blackjacka, dostajesz ogromn\u0105 dawk\u0119 emocji, kt\u00f3ra jest jedn\u0105 z najsilniejszych emocji, jakie ludzie odczuwaj\u0105.\u00a0Ale mo\u017cesz bezpiecznie realizowa\u0107 te emocje, graj\u0105c w darmowego blackjacka.\u00a0Nie marnujesz swojej inwestycji i nie ryzykujesz jej utraty.<\/li>\n<\/ul>\n<p>Kiedy spr\u00f3bujesz zagra\u0107 w blackjacka, z pewno\u015bci\u0105 odkryjesz w\u0142asne, niepowtarzalne emocje, kt\u00f3re wywo\u0142uje ta gra, i to jest \u015bwietne.\u00a0Wi\u0119c koniecznie wejd\u017a i spr\u00f3buj zagra\u0107 za darmo.<\/p>\n<h2>Wniosek<\/h2>\n<p>Blackjack ma miliony fan\u00f3w na ca\u0142ym \u015bwiecie.\u00a0Kasyna online mog\u0105 gra\u0107 w blackjacka z \u017cywym krupierem.\u00a0Nie zapomnij o darmowym bonusie w blackjacka na \u017cywo.\u00a0Umo\u017cliwi zarabianie prawdziwych pieni\u0119dzy bez inwestycji.<\/p>\n<h2>Cz\u0119sto zadawane pytania<\/h2>\n<p>Wielu u\u017cytkownik\u00f3w cz\u0119sto pisze do nas z pytaniami.\u00a0I zawsze znajdujemy czas, aby na nie odpowiedzie\u0107.\u00a0Dlatego zebrali\u015bmy kilka najpopularniejszych pyta\u0144, aby\u015b zawsze m\u00f3g\u0142 szybciej znale\u017a\u0107 odpowiedzi, kt\u00f3re Ci\u0119 interesuj\u0105.<\/p>\n<h3>Co to jest bonus powitalny?<\/h3>\n<p>Jest to bonus, kt\u00f3ry otrzymuje ka\u017cdy u\u017cytkownik, kt\u00f3ry po raz pierwszy wejdzie na oficjaln\u0105 stron\u0119 kasyna online.\u00a0Aby odebra\u0107 ten bonus, u\u017cytkownik musi dokona\u0107 prostej rejestracji i odebra\u0107 bonus w swoim gabinecie.<\/p>\n<h3>Czy mog\u0119 gra\u0107 za darmo z mojego telefonu?<\/h3>\n<p>Tak, mo\u017cesz gra\u0107 w blackjacka za darmo, nie tylko z telefonu kom\u00f3rkowego.\u00a0Musisz pobra\u0107 nasz\u0105 aplikacj\u0119 kasyna na swoje urz\u0105dzenie z Androidem na oficjaln\u0105 stron\u0119 internetow\u0105.<\/p>\n<h3>W jakim wieku mog\u0119 gra\u0107 w blackjacka za darmo?<\/h3>\n<p>Zgodnie z prawem w kasynie mo\u017cna zarejestrowa\u0107 si\u0119 dopiero od 18 roku \u017cycia. Niestety nie mo\u017cna gra\u0107 nawet za darmo bez osi\u0105gni\u0119cia tego wieku.<\/p>\n","protected":false},"excerpt":{"rendered":"<p>Wiele os\u00f3b lubi sp\u0119dza\u0107 wieczory w kasynach online.\u00a0W ko\u0144cu zawsze jest ciekawie.\u00a0To wiele r\u00f3\u017cnych emocji.\u00a0Ale wiele os\u00f3b boi si\u0119 wydawa\u0107 swoje pieni\u0105dze. Niekt\u00f3rzy my\u015bl\u0105, \u017ce mo\u017cna ich oszuka\u0107.\u00a0Kto\u015b nie jest do\u015bwiadczonym graczem.\u00a0Nie musisz od razu gra\u0107 na prawdziwe pieni\u0105dze, poniewa\u017c istnieje darmowy blackjack na \u017cywo.\u00a0Nie musisz wydawa\u0107 ani grosza, aby cieszy\u0107 si\u0119 blackjackiem.\u00a0Przyjrzyjmy si\u0119, jak&#8230;<\/p>\n","protected":false},"author":1,"featured_media":0,"parent":3763,"menu_order":0,"comment_status":"closed","ping_status":"closed","template":"page-with-bonus.php","meta":{"_acf_changed":false,"_kad_post_transparent":"default","_kad_post_title":"default","_kad_post_layout":"default","_kad_post_sidebar_id":"","_kad_post_content_style":"default","_kad_post_vertical_padding":"default","_kad_post_feature":"","_kad_post_feature_position":"","_kad_post_header":false,"_kad_post_footer":false,"footnotes":""},"class_list":["post-3767","page","type-page","status-publish","hentry"],"acf":[],"rttpg_featured_image_url":null,"rttpg_author":{"display_name":"Tom","author_link":"https:\/\/rocketplay-game.com\/pl\/author\/pemvas95n89x\/"},"rttpg_comment":0,"rttpg_category":null,"rttpg_excerpt":"Wiele os\u00f3b lubi sp\u0119dza\u0107 wieczory w kasynach online.\u00a0W ko\u0144cu zawsze jest ciekawie.\u00a0To wiele r\u00f3\u017cnych emocji.\u00a0Ale wiele os\u00f3b boi si\u0119 wydawa\u0107 swoje pieni\u0105dze. Niekt\u00f3rzy my\u015bl\u0105, \u017ce mo\u017cna ich oszuka\u0107.\u00a0Kto\u015b nie jest do\u015bwiadczonym graczem.\u00a0Nie musisz od razu gra\u0107 na prawdziwe pieni\u0105dze, poniewa\u017c istnieje darmowy blackjack na \u017cywo.\u00a0Nie musisz wydawa\u0107 ani grosza, aby cieszy\u0107 si\u0119 blackjackiem.\u00a0Przyjrzyjmy si\u0119, jak...","_links":{"self":[{"href":"https:\/\/rocketplay-game.com\/pl\/wp-json\/wp\/v2\/pages\/3767","targetHints":{"allow":["GET"]}}],"collection":[{"href":"https:\/\/rocketplay-game.com\/pl\/wp-json\/wp\/v2\/pages"}],"about":[{"href":"https:\/\/rocketplay-game.com\/pl\/wp-json\/wp\/v2\/types\/page"}],"author":[{"embeddable":true,"href":"https:\/\/rocketplay-game.com\/pl\/wp-json\/wp\/v2\/users\/1"}],"replies":[{"embeddable":true,"href":"https:\/\/rocketplay-game.com\/pl\/wp-json\/wp\/v2\/comments?post=3767"}],"version-history":[{"count":3,"href":"https:\/\/rocketplay-game.com\/pl\/wp-json\/wp\/v2\/pages\/3767\/revisions"}],"predecessor-version":[{"id":5232,"href":"https:\/\/rocketplay-game.com\/pl\/wp-json\/wp\/v2\/pages\/3767\/revisions\/5232"}],"up":[{"embeddable":true,"href":"https:\/\/rocketplay-game.com\/pl\/wp-json\/wp\/v2\/pages\/3763"}],"wp:attachment":[{"href":"https:\/\/rocketplay-game.com\/pl\/wp-json\/wp\/v2\/media?parent=3767"}],"curies":[{"name":"wp","href":"https:\/\/api.w.org\/{rel}","templated":true}]}}