{"id":3770,"date":"2023-01-09T19:25:29","date_gmt":"2023-01-09T16:25:29","guid":{"rendered":"https:\/\/rocketplay-game.com\/live-casino\/"},"modified":"2026-03-01T18:24:04","modified_gmt":"2026-03-01T15:24:04","slug":"live-casino","status":"publish","type":"page","link":"https:\/\/rocketplay-game.com\/pl\/live-casino\/","title":{"rendered":"Recenzja kasyna na \u017cywo Rocket Play"},"content":{"rendered":"<p>Uwa\u017ca si\u0119, \u017ce pierwsze kasyna pojawi\u0142y si\u0119 w Europie w XVII wieku.\u00a0Wydawa\u0142o si\u0119, \u017ce kontroluj\u0105 hazard.\u00a0W tamtych czasach hazard by\u0142 ju\u017c powszechny w\u015br\u00f3d ludzi.\u00a0Oczywi\u015bcie nie ka\u017cdy m\u00f3g\u0142 si\u0119 tam dosta\u0107, ale tylko cz\u0142onkowie szlachty i arystokracji, a po\u015brodku nich czeka\u0142y bardzo wysokie ceny za gry.\u00a0I grali g\u0142\u00f3wnie w gry karciane, takie jak blackjack czy bryd\u017c, a tak\u017ce lubili gra\u0107 w loterie.<\/p>\n<p>Wraz z rozwojem kasyna ceny sta\u0142y si\u0119 przyst\u0119pne, a ludzie mogli gra\u0107.\u00a0Potem przyszed\u0142 internet.\u00a0I tak pojawi\u0142a si\u0119 poni\u017cej najlepsza recenzja kasyna na \u017cywo!<\/p>\n<p><img loading=\"lazy\" decoding=\"async\" class=\"aligncenter wp-image-4785\" src=\"https:\/\/rocketplay-game.com\/wp-content\/uploads\/2024\/02\/live-2.png\" alt=\"Live Casino Rocket Play \" width=\"800\" height=\"391\" srcset=\"https:\/\/rocketplay-game.com\/wp-content\/uploads\/2024\/02\/live-2.png 1355w, https:\/\/rocketplay-game.com\/wp-content\/uploads\/2024\/02\/live-2-300x147.png 300w, https:\/\/rocketplay-game.com\/wp-content\/uploads\/2024\/02\/live-2-1024x501.png 1024w, https:\/\/rocketplay-game.com\/wp-content\/uploads\/2024\/02\/live-2-768x376.png 768w\" sizes=\"auto, (max-width: 800px) 100vw, 800px\" \/><\/p>\n<h2>Oprogramowanie<\/h2>\n<p>Na pocz\u0105tek sp\u00f3jrzmy na dostawc\u00f3w oprogramowania.\u00a0Jak wsz\u0119dzie indziej, na rynku dostawc\u00f3w oprogramowania istnieje ogromna konkurencja.\u00a0Dlatego kasyno online na \u017cywo w Poland mo\u017ce wybra\u0107 kilka najlepszych.<\/p>\n<p>Wyb\u00f3r dostawcy oprogramowania to istotna czynno\u015b\u0107.\u00a0Wp\u0142ywa to na jako\u015b\u0107 gier kasyna, wsparcie, aktualizacj\u0119 gry, komfort graczy i to, ile mog\u0105 zarobi\u0107.\u00a0Najlepsze kasyno online na \u017cywo to odpowiedzialne podej\u015bcie do tej kwestii.\u00a0Dlatego mo\u017cesz spotka\u0107 takich lider\u00f3w rynku:<\/p>\n<ul>\n<li>\n<ul>\n<li aria-level=\"1\">NetEnt;<\/li>\n<li aria-level=\"1\">BetSoft;<\/li>\n<li aria-level=\"1\">projekt;<\/li>\n<\/ul>\n<\/li>\n<\/ul>\n<p>I to nie wszystko;\u00a0wi\u0119cej znajdziesz na stronie internetowej kasyna na \u017cywo w Poland, koniecznie sprawd\u017a ich dostawc\u00f3w i wybierz tego, kt\u00f3ry najbardziej Ci odpowiada.<\/p>\n<h2>Bonusy i promocje<\/h2>\n<p>Bonusy i promocje s\u0105 tym, co najbardziej urzeka u\u017cytkownika, a kasyno online na \u017cywo to rozumie.\u00a0Dlatego podczas gry mo\u017cesz natkn\u0105\u0107 si\u0119 na wiele r\u00f3\u017cnych ofert bonusowych.\u00a0Przyjrzyjmy si\u0119, czym one s\u0105:<\/p>\n<p><img loading=\"lazy\" decoding=\"async\" class=\"aligncenter wp-image-4795\" src=\"https:\/\/rocketplay-game.com\/wp-content\/uploads\/2024\/02\/live.png\" alt=\"Live Casino Rocket Play 2\" width=\"800\" height=\"490\" srcset=\"https:\/\/rocketplay-game.com\/wp-content\/uploads\/2024\/02\/live.png 1007w, https:\/\/rocketplay-game.com\/wp-content\/uploads\/2024\/02\/live-300x184.png 300w, https:\/\/rocketplay-game.com\/wp-content\/uploads\/2024\/02\/live-768x471.png 768w\" sizes=\"auto, (max-width: 800px) 100vw, 800px\" \/><\/p>\n<ul>\n<li aria-level=\"1\">bonus powitalny to bonus, kt\u00f3ry ka\u017cdy gracz mo\u017ce otrzyma\u0107, gdy tylko wejdzie na oficjaln\u0105 stron\u0119 kasyna.\u00a0Ma to na celu zach\u0119cenie nowych u\u017cytkownik\u00f3w;<\/li>\n<li aria-level=\"1\">bonus rejestracyjny to bonus przyznawany ka\u017cdemu u\u017cytkownikowi po zarejestrowaniu si\u0119 i potwierdzeniu adresu e-mail.\u00a0Odbywa si\u0119 to po to, aby nowi u\u017cytkownicy mogli znale\u017a\u0107 co\u015b do roboty w kasynie i spr\u00f3bowa\u0107 dokona\u0107 pierwszych zak\u0142ad\u00f3w i inwestycji;<\/li>\n<li aria-level=\"1\">bonus za polecenie \u2013 ten bonus mo\u017cna uzyska\u0107 tylko wtedy, gdy podczas rejestracji podasz kod gracza, kt\u00f3ry zaprosi\u0142 ci\u0119 do kasyna na \u017cywo.\u00a0Ten gracz r\u00f3wnie\u017c otrzyma swoj\u0105 cz\u0119\u015b\u0107 bonusu.\u00a0Jest stworzony, aby ludzie zapraszali swoich przyjaci\u00f3\u0142 do kasyna;<\/li>\n<li aria-level=\"1\">bonus od pierwszego depozytu to bonus, kt\u00f3ry jest dodawany do Twojego salda, gdy tylko dokonasz pierwszej inwestycji w kasynie online.\u00a0Dzieje si\u0119 tak, aby nowi u\u017cytkownicy mieli wi\u0119ksz\u0105 motywacj\u0119 do inwestowania w kasynie;<\/li>\n<li aria-level=\"1\">regularne promocje \u2013 zawsze znajdziesz je na stronie g\u0142\u00f3wnej kasyna online.\u00a0To s\u0105 zupe\u0142nie inne bonusy.\u00a0Przeczytaj uwa\u017cnie warunki, jak je zdoby\u0107.\u00a0Ma to na celu urozmaicenie gry ju\u017c do\u015bwiadczonych u\u017cytkownik\u00f3w kasyn online;<\/li>\n<li aria-level=\"1\">oferty osobiste to promocje, kt\u00f3re otrzymujesz poczt\u0105.\u00a0Uwa\u017cnie przeczytaj warunki, jak je zdoby\u0107.\u00a0S\u0105 one przeznaczone g\u0142\u00f3wnie do aktywowania pasywnych graczy, ale czasami kasyno chce ci\u0119 zadowoli\u0107.<\/li>\n<li aria-level=\"1\">bonus lojalno\u015bciowy to bonus, kt\u00f3ry otrzymuj\u0105 do\u015bwiadczeni u\u017cytkownicy kasyna.\u00a0Ten bonus istnieje, wi\u0119c do\u015bwiadczeni gracze zostaj\u0105 w kasynie tak cz\u0119sto, jak to mo\u017cliwe.<\/li>\n<\/ul>\n<p>Jak wida\u0107, kasyno ma ogromn\u0105 r\u00f3\u017cnorodno\u015b\u0107 ofert bonusowych.\u00a0Ich zawarto\u015b\u0107 mo\u017ce si\u0119 r\u00f3\u017cni\u0107, wi\u0119c odwied\u017a witryn\u0119 kasyna online, aby dowiedzie\u0107 si\u0119, co zawiera bonus, na kt\u00f3ry liczysz.<\/p>\n<h2>Wp\u0142ata i wyp\u0142ata<\/h2>\n<p>Wa\u017cn\u0105 cz\u0119\u015bci\u0105 jest r\u00f3wnie\u017c wygoda, w jaki spos\u00f3b mo\u017cesz zdeponowa\u0107 swoje saldo i jak mo\u017cesz wyp\u0142aci\u0107 swoje wygrane.\u00a0Najlepsza witryna kasyna na \u017cywo oferuje swoim u\u017cytkownikom wiele r\u00f3\u017cnych sposob\u00f3w.\u00a0Przyjrzyjmy si\u0119 wi\u0119c, jak mo\u017cesz dokona\u0107 wp\u0142aty.\u00a0Mo\u017cesz dokona\u0107 wp\u0142aty za pomoc\u0105:<\/p>\n<ul>\n<li aria-level=\"1\">Twoja karta bankowa Visa, MasterCard, American Express;<\/li>\n<li aria-level=\"1\">bankowo\u015b\u0107 internetowa PayPal, Payoneer, P\u0142atnik;<\/li>\n<li aria-level=\"1\">r\u00f3\u017cne portfele kryptowalut.<\/li>\n<\/ul>\n<p>Kasyno oferuje wiele opcji wp\u0142aty salda.\u00a0Mo\u017cesz dokona\u0107 depozytu w wysoko\u015bci 20 $.\u00a0Mo\u017cesz wyp\u0142aci\u0107 swoje wygrane ze swojego salda.\u00a0Niestety, nie mo\u017cesz wyp\u0142aci\u0107 salda na kart\u0119 bankow\u0105, ale nadal mo\u017cesz korzysta\u0107 z bankowo\u015bci internetowej lub portfela kryptowalut.<\/p>\n<h2>obs\u0142uga klienta<\/h2>\n<p>Bardzo istotn\u0105 cz\u0119\u015bci\u0105 ka\u017cdego kasyna jest wsparcie u\u017cytkownika.\u00a0W ko\u0144cu od ka\u017cdego w ka\u017cdej chwili mog\u0105 pojawi\u0107 si\u0119 pytania i trudno\u015bci.\u00a0A to kasyno online jest na najwy\u017cszym poziomie.\u00a0Mo\u017cesz poprosi\u0107 o pomoc 24\/7, a na pewno pomo\u017cesz, poniewa\u017c tutaj, z twoj\u0105 pro\u015bb\u0105 zrozumie wysoko wykwalifikowany zesp\u00f3\u0142 profesjonalist\u00f3w.<\/p>\n<h2>Wniosek<\/h2>\n<p>Po przeczytaniu naszych recenzji kasyn online na \u017cywo, id\u017a i zarejestruj si\u0119 od razu w kasynie online.\u00a0Ale zanim to zrobisz, koniecznie przeczytaj zalecenia profesjonalist\u00f3w, jak gra\u0107 w kasynie na \u017cywo.\u00a0To z pewno\u015bci\u0105 ci pomo\u017ce.<\/p>\n<h2>Cz\u0119sto zadawane pytania<\/h2>\n<p>Poprosili\u015bmy nasz zesp\u00f3\u0142 pomocy technicznej o podanie trzech najcz\u0119stszych pyta\u0144, aby\u015bmy mogli pom\u00f3c Ci znale\u017a\u0107 odpowied\u017a tak szybko, jak to mo\u017cliwe.\u00a0A znajdziecie je poni\u017cej.<\/p>\n<h3>W jakim wieku mog\u0119 gra\u0107 w kasynie online?<\/h3>\n<p>W prawie jest napisane, \u017ce hazard mo\u017cna uprawia\u0107 wy\u0142\u0105cznie od 18 roku \u017cycia. I nie mo\u017cemy k\u0142\u00f3ci\u0107 si\u0119 z prawem.<\/p>\n<h3>Jak gra\u0107 za darmo?<\/h3>\n<p>Na oficjalnej stronie kasyna online mo\u017cesz znale\u017a\u0107 wersj\u0119 demonstracyjn\u0105 dowolnej gry, kt\u00f3ra Ci\u0119 interesuje i spr\u00f3bowa\u0107 swoich si\u0142 w niej.<\/p>\n<h3>Czy mog\u0119 gra\u0107 z telefonu kom\u00f3rkowego?<\/h3>\n<p>Tak, mo\u017cesz pobra\u0107 nasz\u0105 aplikacj\u0119 z oficjalnej strony internetowej kasyna online lub gra\u0107 bezpo\u015brednio z niej.\u00a0W ko\u0144cu jest doskonale zoptymalizowany pod k\u0105tem urz\u0105dze\u0144 mobilnych.<\/p>\n","protected":false},"excerpt":{"rendered":"<p>Uwa\u017ca si\u0119, \u017ce pierwsze kasyna pojawi\u0142y si\u0119 w Europie w XVII wieku.\u00a0Wydawa\u0142o si\u0119, \u017ce kontroluj\u0105 hazard.\u00a0W tamtych czasach hazard by\u0142 ju\u017c powszechny w\u015br\u00f3d ludzi.\u00a0Oczywi\u015bcie nie ka\u017cdy m\u00f3g\u0142 si\u0119 tam dosta\u0107, ale tylko cz\u0142onkowie szlachty i arystokracji, a po\u015brodku nich czeka\u0142y bardzo wysokie ceny za gry.\u00a0I grali g\u0142\u00f3wnie w gry karciane, takie jak blackjack czy bryd\u017c,&#8230;<\/p>\n","protected":false},"author":1,"featured_media":0,"parent":0,"menu_order":0,"comment_status":"closed","ping_status":"closed","template":"page-with-bonus.php","meta":{"_acf_changed":false,"_kad_post_transparent":"default","_kad_post_title":"default","_kad_post_layout":"default","_kad_post_sidebar_id":"","_kad_post_content_style":"default","_kad_post_vertical_padding":"default","_kad_post_feature":"","_kad_post_feature_position":"","_kad_post_header":false,"_kad_post_footer":false,"footnotes":""},"class_list":["post-3770","page","type-page","status-publish","hentry"],"acf":[],"rttpg_featured_image_url":null,"rttpg_author":{"display_name":"Tom","author_link":"https:\/\/rocketplay-game.com\/pl\/author\/pemvas95n89x\/"},"rttpg_comment":0,"rttpg_category":null,"rttpg_excerpt":"Uwa\u017ca si\u0119, \u017ce pierwsze kasyna pojawi\u0142y si\u0119 w Europie w XVII wieku.\u00a0Wydawa\u0142o si\u0119, \u017ce kontroluj\u0105 hazard.\u00a0W tamtych czasach hazard by\u0142 ju\u017c powszechny w\u015br\u00f3d ludzi.\u00a0Oczywi\u015bcie nie ka\u017cdy m\u00f3g\u0142 si\u0119 tam dosta\u0107, ale tylko cz\u0142onkowie szlachty i arystokracji, a po\u015brodku nich czeka\u0142y bardzo wysokie ceny za gry.\u00a0I grali g\u0142\u00f3wnie w gry karciane, takie jak blackjack czy bryd\u017c,...","_links":{"self":[{"href":"https:\/\/rocketplay-game.com\/pl\/wp-json\/wp\/v2\/pages\/3770","targetHints":{"allow":["GET"]}}],"collection":[{"href":"https:\/\/rocketplay-game.com\/pl\/wp-json\/wp\/v2\/pages"}],"about":[{"href":"https:\/\/rocketplay-game.com\/pl\/wp-json\/wp\/v2\/types\/page"}],"author":[{"embeddable":true,"href":"https:\/\/rocketplay-game.com\/pl\/wp-json\/wp\/v2\/users\/1"}],"replies":[{"embeddable":true,"href":"https:\/\/rocketplay-game.com\/pl\/wp-json\/wp\/v2\/comments?post=3770"}],"version-history":[{"count":4,"href":"https:\/\/rocketplay-game.com\/pl\/wp-json\/wp\/v2\/pages\/3770\/revisions"}],"predecessor-version":[{"id":5266,"href":"https:\/\/rocketplay-game.com\/pl\/wp-json\/wp\/v2\/pages\/3770\/revisions\/5266"}],"wp:attachment":[{"href":"https:\/\/rocketplay-game.com\/pl\/wp-json\/wp\/v2\/media?parent=3770"}],"curies":[{"name":"wp","href":"https:\/\/api.w.org\/{rel}","templated":true}]}}