{"id":3774,"date":"2023-01-09T19:46:20","date_gmt":"2023-01-09T16:46:20","guid":{"rendered":"https:\/\/rocketplay-game.com\/live-casino\/real-money\/"},"modified":"2024-02-09T16:02:32","modified_gmt":"2024-02-09T13:02:32","slug":"real-money","status":"publish","type":"page","link":"https:\/\/rocketplay-game.com\/pl\/live-casino\/real-money\/","title":{"rendered":"Recenzja kasyna na \u017cywo na prawdziwe pieni\u0105dze w Rocket Play Casino"},"content":{"rendered":"<p>Wiele os\u00f3b szuka miejsca, w kt\u00f3rym mo\u017cna mi\u0142o sp\u0119dzi\u0107 czas, a wielu chce dorobi\u0107.\u00a0A wszystko to jest mo\u017cliwe podczas gry na \u017cywo w kasynie online na prawdziwe pieni\u0105dze.\u00a0Tutaj mo\u017cesz, przy minimalnej inwestycji, zarobi\u0107 kwot\u0119 dwa lub wi\u0119cej ni\u017c inwestycja, a wyj\u0105tkowi szcz\u0119\u015bciarze maj\u0105 mo\u017cliwo\u015b\u0107 zdobycia pierwszego jackpota.\u00a0Przeczytaj wi\u0119cej w naszej recenzji kasyna na \u017cywo na prawdziwe pieni\u0105dze, jak to zrobi\u0107.<\/p>\n<h2>Bonusy i promocje<\/h2>\n<p>Aby w pe\u0142ni wykorzysta\u0107 swoje saldo, nale\u017cy koniecznie \u015bledzi\u0107 systemy bonusowe i oferty promocyjne.\u00a0Mo\u017cesz otrzyma\u0107 darmowe spiny lub darmowy czas gry.\u00a0Cz\u0119sto mo\u017cesz otrzyma\u0107 rosn\u0105cy mno\u017cnik swojego depozytu i wiele innych doskona\u0142ych bonus\u00f3w.<\/p>\n<p><img loading=\"lazy\" decoding=\"async\" class=\"aligncenter wp-image-4805\" src=\"https:\/\/rocketplay-game.com\/wp-content\/uploads\/2024\/02\/promoc-2.png\" alt=\"Live casino real money\" width=\"800\" height=\"491\" srcset=\"https:\/\/rocketplay-game.com\/wp-content\/uploads\/2024\/02\/promoc-2.png 1012w, https:\/\/rocketplay-game.com\/wp-content\/uploads\/2024\/02\/promoc-2-300x184.png 300w, https:\/\/rocketplay-game.com\/wp-content\/uploads\/2024\/02\/promoc-2-768x471.png 768w\" sizes=\"auto, (max-width: 800px) 100vw, 800px\" \/><\/p>\n<p>Wszystkie te doskona\u0142e bonusy mo\u017cna uzyska\u0107 z system\u00f3w bonusowych, takich jak:<\/p>\n<ul>\n<li aria-level=\"1\">bonus powitalny \u2013 Jest to bonus, kt\u00f3ry oferuje ka\u017cdemu u\u017cytkownikowi, kt\u00f3ry po raz pierwszy odwiedzi oficjaln\u0105 stron\u0119 kasyna;<\/li>\n<li aria-level=\"1\">bonus rejestracyjny \u2013 ten bonus jest przyznawany ka\u017cdemu u\u017cytkownikowi, kt\u00f3ry zarejestruje si\u0119 i potwierdzi sw\u00f3j adres e-mail;<\/li>\n<li aria-level=\"1\">bonus za polecenie \u2013 aby otrzyma\u0107 ten bonus, musisz poda\u0107 kod zaproszenia w momencie rejestracji.\u00a0Bonus jest przyznawany temu, kto go poda\u0142, i temu, kt\u00f3ry poda\u0142 ten kod;<\/li>\n<li aria-level=\"1\">bonus od pierwszego depozytu \u2013 ten bonus jest przyznawany przy pierwszej inwestycji w kasynie online;<\/li>\n<li aria-level=\"1\">promocje og\u00f3lne to najcz\u0119stsze promocje, kt\u00f3re mo\u017cna znale\u017a\u0107 na stronie g\u0142\u00f3wnej kasyna online.\u00a0Takie promocje s\u0105 regularnie aktualizowane.\u00a0Uwa\u017cnie przestrzegaj warunk\u00f3w, aby jak najlepiej wykorzysta\u0107 te promocje.<\/li>\n<li aria-level=\"1\">indywidualne oferty to bonusy, kt\u00f3re mog\u0105 trafi\u0107 do ka\u017cdego u\u017cytkownika kasyna na wskazanym przez niego stanowisku.<\/li>\n<li aria-level=\"1\">bonus lojalno\u015bciowy to bonus, kt\u00f3ry wszyscy do\u015bwiadczeni gracze regularnie otrzymuj\u0105 za lojalno\u015b\u0107 wobec tego kasyna online.<\/li>\n<\/ul>\n<p>Wszystkie te bonusy pomog\u0105 Ci w pe\u0142ni wykorzysta\u0107 swoj\u0105 inwestycj\u0119 i zarobi\u0107 jak najwi\u0119cej pieni\u0119dzy na prawdziwe pieni\u0105dze w najlepszym kasynie na \u017cywo.<\/p>\n<p><img loading=\"lazy\" decoding=\"async\" class=\"aligncenter wp-image-4814\" src=\"https:\/\/rocketplay-game.com\/wp-content\/uploads\/2024\/02\/promro-23.png\" alt=\"Live casino real money 2\" width=\"800\" height=\"365\" srcset=\"https:\/\/rocketplay-game.com\/wp-content\/uploads\/2024\/02\/promro-23.png 1157w, https:\/\/rocketplay-game.com\/wp-content\/uploads\/2024\/02\/promro-23-300x137.png 300w, https:\/\/rocketplay-game.com\/wp-content\/uploads\/2024\/02\/promro-23-1024x467.png 1024w, https:\/\/rocketplay-game.com\/wp-content\/uploads\/2024\/02\/promro-23-768x350.png 768w\" sizes=\"auto, (max-width: 800px) 100vw, 800px\" \/><\/p>\n<h2>Oprogramowanie<\/h2>\n<p>R\u00f3wnie\u017c firma, kt\u00f3ra dostarcza oprogramowanie, odgrywa znacz\u0105c\u0105 rol\u0119 w wygranych.\u00a0W ko\u0144cu \u015bwiat hazardu ma wielu pozbawionych skrupu\u0142\u00f3w programist\u00f3w.\u00a0Ale wi\u0119kszo\u015b\u0107 kasyn online na \u017cywo na prawdziwe pieni\u0105dze wci\u0105\u017c stara si\u0119 wybra\u0107 najlepsze.\u00a0Wszystko to ma na celu wzbudzenie wi\u0119kszego zaufania do kasyna.\u00a0Dlatego stworzyli\u015bmy kr\u00f3tk\u0105 list\u0119 3 programist\u00f3w, kt\u00f3rych mo\u017cemy Ci poleci\u0107:<\/p>\n<ul>\n<li aria-level=\"1\">NetEnt;<\/li>\n<li aria-level=\"1\">BetSoft;<\/li>\n<li aria-level=\"1\">projekt.<\/li>\n<\/ul>\n<p>Wszyscy ci tw\u00f3rcy oprogramowania od dawna ugruntowali swoj\u0105 pozycj\u0119 jako niezawodni.\u00a0Mog\u0105 zadowoli\u0107 nawet najbardziej wyrafinowanego gracza.\u00a0RTP stale przekracza 95%.<\/p>\n<h2>Jak wygra\u0107 pieni\u0105dze?<\/h2>\n<p>W Internecie mo\u017cna znale\u017a\u0107 setki r\u00f3\u017cnych poradnik\u00f3w, jak wygra\u0107 pieni\u0105dze w grze na prawdziwe pieni\u0105dze w kasynie na \u017cywo.\u00a0Ale w wi\u0119kszo\u015bci s\u0105 fa\u0142szywe.\u00a0Je\u015bli zaoferowano Ci gr\u0119 na okre\u015blonym automacie i postawienie zak\u0142adu w okre\u015blonej kolejno\u015bci \u2013 pr\u00f3bujesz oszukiwa\u0107.\u00a0Mo\u017cemy da\u0107 Ci og\u00f3lne wskaz\u00f3wki, kt\u00f3re pomog\u0105 Ci nie straci\u0107 wszystkiego, a je\u015bli w\u0142o\u017cysz wystarczaj\u0105co du\u017co wysi\u0142ku, wygrasz du\u017co pieni\u0119dzy.<\/p>\n<ul>\n<li aria-level=\"1\">nie gra\u0107 w stanie nietrze\u017awym;<\/li>\n<li aria-level=\"1\">nie pr\u00f3buj odzyska\u0107 pieni\u0119dzy z kasyna;<\/li>\n<li aria-level=\"1\">nie zapomnij robi\u0107 sobie przerwy co kilka godzin.\u00a0To przywr\u00f3ci tw\u00f3j umys\u0142 do zmys\u0142\u00f3w i usunie nadmierne podniecenie.<\/li>\n<\/ul>\n<p>Post\u0119puj\u0105c zgodnie z tymi podstawowymi wskaz\u00f3wkami, mo\u017cesz zarobi\u0107 wi\u0119cej, nawet je\u015bli przechodzisz trudny okres.<\/p>\n<h2>P\u0142atno\u015b\u0107 i wyp\u0142ata<\/h2>\n<p>Wiele kasyn oferuje r\u00f3\u017cne sposoby wp\u0142at i wyp\u0142at z salda.\u00a0Mo\u017cesz u\u017cy\u0107 swojej karty bankowej lub PayPal, a nawet kasyno mo\u017ce akceptowa\u0107 portfele kryptowalutowe.\u00a0Minimalny depozyt to 20 $, a minimalna wyp\u0142ata to 50 $.<\/p>\n<h2>Cz\u0119sto zadawane pytania<\/h2>\n<p>Wielu pocz\u0105tkuj\u0105cych u\u017cytkownik\u00f3w kasyn online cz\u0119sto pisze do nas z pytaniami.\u00a0I nie mo\u017cemy si\u0119 powstrzyma\u0107 przed udzieleniem odpowiedzi.\u00a0Zebrali\u015bmy wi\u0119c 3 najpopularniejsze z nich i udzielili\u015bmy odpowiedzi.<\/p>\n<h3>Czy mog\u0119 gra\u0107 w kasynie za darmo?<\/h3>\n<p>Tak, mo\u017cesz wypr\u00f3bowa\u0107 swoje strategie wygrywania w trybie demonstracyjnym.\u00a0Ka\u017cdy automat, kt\u00f3ry znajdziesz, ma tryb demonstracyjny.<\/p>\n<h3>Czy mog\u0119 gra\u0107 w kasynach online, je\u015bli nie mam uko\u0144czonych 18 lat?<\/h3>\n<p>Nie, przepisy stanowi\u0105, \u017ce hazard jest dozwolony wy\u0142\u0105cznie od 18 roku \u017cycia.<\/p>\n<h3>Czy mog\u0119 zarabia\u0107 na telefonie?<\/h3>\n<p>Tak, mo\u017cesz korzysta\u0107 z naszej mobilnej wersji serwisu.\u00a0Lub, je\u015bli masz smartfon z Androidem, mo\u017cesz pobra\u0107 aplikacj\u0119.<\/p>\n","protected":false},"excerpt":{"rendered":"<p>Wiele os\u00f3b szuka miejsca, w kt\u00f3rym mo\u017cna mi\u0142o sp\u0119dzi\u0107 czas, a wielu chce dorobi\u0107.\u00a0A wszystko to jest mo\u017cliwe podczas gry na \u017cywo w kasynie online na prawdziwe pieni\u0105dze.\u00a0Tutaj mo\u017cesz, przy minimalnej inwestycji, zarobi\u0107 kwot\u0119 dwa lub wi\u0119cej ni\u017c inwestycja, a wyj\u0105tkowi szcz\u0119\u015bciarze maj\u0105 mo\u017cliwo\u015b\u0107 zdobycia pierwszego jackpota.\u00a0Przeczytaj wi\u0119cej w naszej recenzji kasyna na \u017cywo na&#8230;<\/p>\n","protected":false},"author":1,"featured_media":0,"parent":3770,"menu_order":0,"comment_status":"closed","ping_status":"closed","template":"page-with-bonus.php","meta":{"_acf_changed":false,"_kad_post_transparent":"default","_kad_post_title":"default","_kad_post_layout":"default","_kad_post_sidebar_id":"","_kad_post_content_style":"default","_kad_post_vertical_padding":"default","_kad_post_feature":"","_kad_post_feature_position":"","_kad_post_header":false,"_kad_post_footer":false,"footnotes":""},"class_list":["post-3774","page","type-page","status-publish","hentry"],"acf":[],"rttpg_featured_image_url":null,"rttpg_author":{"display_name":"Tom","author_link":"https:\/\/rocketplay-game.com\/pl\/author\/pemvas95n89x\/"},"rttpg_comment":0,"rttpg_category":null,"rttpg_excerpt":"Wiele os\u00f3b szuka miejsca, w kt\u00f3rym mo\u017cna mi\u0142o sp\u0119dzi\u0107 czas, a wielu chce dorobi\u0107.\u00a0A wszystko to jest mo\u017cliwe podczas gry na \u017cywo w kasynie online na prawdziwe pieni\u0105dze.\u00a0Tutaj mo\u017cesz, przy minimalnej inwestycji, zarobi\u0107 kwot\u0119 dwa lub wi\u0119cej ni\u017c inwestycja, a wyj\u0105tkowi szcz\u0119\u015bciarze maj\u0105 mo\u017cliwo\u015b\u0107 zdobycia pierwszego jackpota.\u00a0Przeczytaj wi\u0119cej w naszej recenzji kasyna na \u017cywo na...","_links":{"self":[{"href":"https:\/\/rocketplay-game.com\/pl\/wp-json\/wp\/v2\/pages\/3774","targetHints":{"allow":["GET"]}}],"collection":[{"href":"https:\/\/rocketplay-game.com\/pl\/wp-json\/wp\/v2\/pages"}],"about":[{"href":"https:\/\/rocketplay-game.com\/pl\/wp-json\/wp\/v2\/types\/page"}],"author":[{"embeddable":true,"href":"https:\/\/rocketplay-game.com\/pl\/wp-json\/wp\/v2\/users\/1"}],"replies":[{"embeddable":true,"href":"https:\/\/rocketplay-game.com\/pl\/wp-json\/wp\/v2\/comments?post=3774"}],"version-history":[{"count":4,"href":"https:\/\/rocketplay-game.com\/pl\/wp-json\/wp\/v2\/pages\/3774\/revisions"}],"predecessor-version":[{"id":3775,"href":"https:\/\/rocketplay-game.com\/pl\/wp-json\/wp\/v2\/pages\/3774\/revisions\/3775"}],"up":[{"embeddable":true,"href":"https:\/\/rocketplay-game.com\/pl\/wp-json\/wp\/v2\/pages\/3770"}],"wp:attachment":[{"href":"https:\/\/rocketplay-game.com\/pl\/wp-json\/wp\/v2\/media?parent=3774"}],"curies":[{"name":"wp","href":"https:\/\/api.w.org\/{rel}","templated":true}]}}