{"id":3778,"date":"2023-01-10T15:54:18","date_gmt":"2023-01-10T12:54:18","guid":{"rendered":"https:\/\/rocketplay-game.com\/sports-betting\/"},"modified":"2024-02-09T15:23:41","modified_gmt":"2024-02-09T12:23:41","slug":"sports-betting","status":"publish","type":"page","link":"https:\/\/rocketplay-game.com\/pl\/sports-betting\/","title":{"rendered":"Przegl\u0105d zak\u0142ad\u00f3w sportowych"},"content":{"rendered":"<p>Kluczow\u0105 zalet\u0105 zak\u0142ad\u00f3w sportowych jest szybka i skuteczna zabawa oraz wygrywanie du\u017cych nagr\u00f3d pieni\u0119\u017cnych.\u00a0Mo\u017cesz tak\u017ce wypr\u00f3bowa\u0107 zak\u0142ady sportowe za darmo, poniewa\u017c firma hazardowa ch\u0119tnie pomo\u017ce Ci uzyska\u0107 dodatkowe bonusy.\u00a0Zdob\u0105d\u017a reputacj\u0119 szcz\u0119\u015bliwego gracza i zacznij codziennie zarabia\u0107 dzi\u0119ki naszej recenzji.\u00a0Opowiemy Ci o wszystkich funkcjach zak\u0142ad\u00f3w online.<\/p>\n<p><img loading=\"lazy\" decoding=\"async\" class=\"aligncenter wp-image-4653\" src=\"https:\/\/rocketplay-game.com\/wp-content\/uploads\/2024\/02\/soccer-ball-dollar-banknotes-keyboard-sport-gambling-bet-concept.jpg\" alt=\"Przegl\u0105d zak\u0142ad\u00f3w sportowych\" width=\"800\" height=\"534\" srcset=\"https:\/\/rocketplay-game.com\/wp-content\/uploads\/2024\/02\/soccer-ball-dollar-banknotes-keyboard-sport-gambling-bet-concept.jpg 1000w, https:\/\/rocketplay-game.com\/wp-content\/uploads\/2024\/02\/soccer-ball-dollar-banknotes-keyboard-sport-gambling-bet-concept-300x200.jpg 300w, https:\/\/rocketplay-game.com\/wp-content\/uploads\/2024\/02\/soccer-ball-dollar-banknotes-keyboard-sport-gambling-bet-concept-768x512.jpg 768w\" sizes=\"auto, (max-width: 800px) 100vw, 800px\" \/><\/p>\n<h2>Jak obstawia\u0107 sport?<\/h2>\n<p>Pierwsz\u0105 rzecz\u0105, kt\u00f3rej potrzebuje pocz\u0105tkuj\u0105cy, jest odpowiednia strona z zak\u0142adami sportowymi.\u00a0Mo\u017ce to by\u0107 klasyczne kasyno lub projekt specjalizuj\u0105cy si\u0119 w zak\u0142adach.\u00a0Zach\u0119camy jednak do skorzystania z wyj\u0105tkowych ofert naszego portalu.\u00a0Specjalnie dla Ciebie stworzyli\u015bmy dziesi\u0105tki recenzji z najlepszymi rozwi\u0105zaniami dla fan\u00f3w hazardu.<\/p>\n<p>Aby rozpocz\u0105\u0107 obstawianie, musisz zarejestrowa\u0107 si\u0119 na platformie:<\/p>\n<ol>\n<li aria-level=\"1\">Przejd\u017a do oficjalnej strony gier i zarejestruj konto osobiste, wprowadzaj\u0105c dane osobowe.\u00a0Dok\u0142adnie sprawd\u017a informacje, poniewa\u017c nie b\u0119dzie mo\u017cliwo\u015bci ich zmiany, a cz\u0119sto trudniej przej\u015b\u0107 weryfikacj\u0119.<\/li>\n<li aria-level=\"1\">Nast\u0119pnie potwierd\u017a swoje konto mailem lub SMS-em i zacznij korzysta\u0107 z unikalnego systemu kasjerskiego.\u00a0Do\u0142aduj swoje konto za pomoc\u0105 jednego z sugerowanych system\u00f3w p\u0142atno\u015bci.\u00a0Dost\u0119pne s\u0105 r\u00f3wnie\u017c kryptowaluty.\u00a0Ograniczenia dotycz\u0105ce kwot i prowizji s\u0105 r\u00f3\u017cne.<\/li>\n<li aria-level=\"1\">Nast\u0119pnie mo\u017cesz przyst\u0105pi\u0107 do wyboru odpowiedniego dopasowania. Nowoczesne polskie zak\u0142ady sportowe wymagaj\u0105 dba\u0142o\u015bci o szczeg\u00f3\u0142y i maksymalnego skupienia.Spr\u00f3buj u\u017cy\u0107 r\u00f3\u017cnych opcji zak\u0142ad\u00f3w, a b\u0119dziesz m\u00f3g\u0142 wygra\u0107.\u00a0Zaleca si\u0119 najpierw skorzysta\u0107 z trybu demonstracyjnego, a nast\u0119pnie rozpocz\u0105\u0107 aktywne obstawianie.<\/li>\n<\/ol>\n<p>Po utworzeniu konta osobistego gracz zostanie poproszony o poddanie si\u0119 procedurze weryfikacji.\u00a0Jest to obowi\u0105zkowa cz\u0119\u015b\u0107 rejestracji, wymagaj\u0105ca dostarczenia dokument\u00f3w osobistych.\u00a0Po potwierdzeniu swojej to\u017csamo\u015bci mo\u017cesz bez problemu korzysta\u0107 ze wszystkich unikalnych funkcji gry systemu, aby szybko zdeponowa\u0107 swoje konto.\u00a0B\u0119dziesz tak\u017ce m\u00f3g\u0142 szybko wyp\u0142aci\u0107 i zwi\u0119kszy\u0107 sw\u00f3j maksymalny limit zak\u0142adu.<\/p>\n<h2>Jak czyta\u0107 kursy sportowe?<\/h2>\n<p>W wi\u0119kszo\u015bci przypadk\u00f3w zrozumienie najlepszych zak\u0142ad\u00f3w sportowych jest do\u015b\u0107 proste.\u00a0Spr\u00f3buj skorzysta\u0107 z klasycznego systemu obstawiania, w kt\u00f3rym wszystko jest jasne.\u00a0Pierwsz\u0105 rzecz\u0105, na kt\u00f3r\u0105 nale\u017cy zwr\u00f3ci\u0107 uwag\u0119, jest to, \u017ce klasyczne kursy wygl\u0105daj\u0105 jak 1,7.\u00a0Jest to liczba, przez kt\u00f3r\u0105 nale\u017cy pomno\u017cy\u0107 kwot\u0119 zak\u0142adu, aby otrzyma\u0107 wygran\u0105.\u00a0Je\u015bli postawisz 100 $ na te kursy, w przypadku wygranej otrzymasz 170 $ na koncie, z czego 70 $ to Tw\u00f3j zysk.<\/p>\n<h2>Typy bukmacherskie<\/h2>\n<p>Wszystkie prognozy zak\u0142ad\u00f3w sportowych wymagaj\u0105 dog\u0142\u0119bnej analizy i zebrania danych statystycznych, kt\u00f3re pomog\u0105 Ci okre\u015bli\u0107 faworyt\u00f3w meczu.\u00a0Staraj si\u0119 stosowa\u0107 r\u00f3\u017cne taktyki i strategie oraz uwa\u017cnie s\u0142uchaj rad ekspert\u00f3w:<\/p>\n<ul>\n<li aria-level=\"1\">trzeba panowa\u0107 nad emocjami i ostro\u017cnie obstawia\u0107 pieni\u0105dze.\u00a0Pami\u0119taj, \u017ce nie mo\u017cesz przegra\u0107, wi\u0119c pr\u00f3by obstawiania musz\u0105 zosta\u0107 natychmiast przerwane.\u00a0Spr\u00f3buj u\u017cy\u0107 r\u00f3\u017cnych strategii i taktyk, aby zdoby\u0107 pieni\u0105dze na swoje konto;<\/li>\n<li aria-level=\"1\">opracuj swoj\u0105 strategi\u0119 zak\u0142ad\u00f3w na przysz\u0142o\u015b\u0107 z konkretnym systemem darmowych zak\u0142ad\u00f3w.\u00a0Pozwoli ci to efektywniej wykorzysta\u0107 wszystkie swoje zasoby i nie wydawa\u0107 pieni\u0119dzy w pojedynk\u0119.\u00a0\u015aci\u015ble trzymaj si\u0119 systemu, poniewa\u017c w przeciwnym razie \u0142atwo straci\u0107 wszystkie swoje pieni\u0105dze;<\/li>\n<li aria-level=\"1\">podzieli\u0107 pul\u0119 z g\u00f3ry na du\u017c\u0105 liczb\u0119 zak\u0142ad\u00f3w.\u00a0To sztucznie ograniczy maksymalne wygrane i przegrane.\u00a0Zapobiegnie to r\u00f3wnie\u017c utracie ca\u0142ej kwoty na raz.<\/li>\n<\/ul>\n<p>Klasyczne rekomendacje pomog\u0105 pocz\u0105tkuj\u0105cym efektywniej zarz\u0105dza\u0107 swoimi zasobami i zarabia\u0107 du\u017ce sumy na kontach.<\/p>\n<p><img loading=\"lazy\" decoding=\"async\" class=\"aligncenter wp-image-4662\" src=\"https:\/\/rocketplay-game.com\/wp-content\/uploads\/2024\/02\/people-bet-soccer-game-match-internet.jpg\" alt=\"Przegl\u0105d zak\u0142ad\u00f3w sportowych 2\" width=\"800\" height=\"534\" srcset=\"https:\/\/rocketplay-game.com\/wp-content\/uploads\/2024\/02\/people-bet-soccer-game-match-internet.jpg 1000w, https:\/\/rocketplay-game.com\/wp-content\/uploads\/2024\/02\/people-bet-soccer-game-match-internet-300x200.jpg 300w, https:\/\/rocketplay-game.com\/wp-content\/uploads\/2024\/02\/people-bet-soccer-game-match-internet-768x512.jpg 768w\" sizes=\"auto, (max-width: 800px) 100vw, 800px\" \/><\/p>\n<h2>Najlepsza strategia zak\u0142ad\u00f3w<\/h2>\n<p>Wysokie kursy charakteryzuj\u0105 najlepsze zak\u0142ady sportowe.\u00a0Najlepsi eksperci szukaj\u0105 nowych sposob\u00f3w na wygran\u0105, podczas gdy Ty mo\u017cesz przyj\u0105\u0107 klasyczne strategie.\u00a0Pomo\u017ce Ci to zachowa\u0107 okre\u015blon\u0105 cz\u0119\u015b\u0107 salda i nie da\u0107 si\u0119 z\u0142apa\u0107 w pu\u0142apk\u0119 wysokiego ryzyka.\u00a0Tak post\u0119puje wi\u0119kszo\u015b\u0107 najlepszych graczy, kt\u00f3rzy wiedz\u0105, jak panowa\u0107 nad emocjami i znaj\u0105 cen\u0119 wygranej.<\/p>\n<p>Jedn\u0105 z najbardziej pomocnych wskaz\u00f3wek dotycz\u0105cych zak\u0142ad\u00f3w sportowych jest prowadzenie statystyk.\u00a0Pomo\u017ce Ci to nie tylko od razu oceni\u0107 op\u0142acalno\u015b\u0107 Twojej strategii, ale tak\u017ce spojrze\u0107 prawdzie w oczy.\u00a0Nie powiniene\u015b zgina\u0107 ci\u0105gle tej samej linii, je\u015bli widzisz ci\u0105g\u0142e straty.\u00a0Powiniene\u015b by\u0107 w stanie dostosowa\u0107 si\u0119 i zmieni\u0107 w zale\u017cno\u015bci od sytuacji.\u00a0Na tym opiera si\u0119 wi\u0119kszo\u015b\u0107 wygrywaj\u0105cych zak\u0142ad\u00f3w.<\/p>\n<p>Polecamy zajrze\u0107 do dzia\u0142u promocje i oferty specjalne.\u00a0Znajdziesz tam specjalne bonusy, kt\u00f3re pomog\u0105 Ci zacz\u0105\u0107 gra\u0107 wydajniej i zarobi\u0107 du\u017ce sumy na koncie.\u00a0Wypr\u00f3buj teraz, a na pewno b\u0119dziesz zadowolony ze swoich wynik\u00f3w.<\/p>\n<h2>Cz\u0119sto zadawane pytania<\/h2>\n<p>Specjalnie dla Ciebie zebrali\u015bmy najpopularniejsze pytania od pocz\u0105tkuj\u0105cych, kt\u00f3re mog\u0105 pom\u00f3c w rozwi\u0105zaniu konkretnych problem\u00f3w w przysz\u0142o\u015bci.\u00a0Jak najszybciej oblicz stawk\u0119 i zacznij zarabia\u0107 prawdziwe pieni\u0105dze!<\/p>\n<h3>Jakie s\u0105 zalety zak\u0142ad\u00f3w sportowych?<\/h3>\n<p>Istotn\u0105 zalet\u0105 aplikacji bukmacherskiej jest mo\u017cliwo\u015b\u0107 bardzo szybkiego i sprawnego powi\u0119kszenia swojego banku.\u00a0Mo\u017cesz analizowa\u0107 du\u017c\u0105 liczb\u0119 mecz\u00f3w i wykorzystywa\u0107 jak najwi\u0119cej przydatnych informacji, aby wygrywa\u0107 cz\u0119\u015bciej i wi\u0119cej.\u00a0Wypr\u00f3buj r\u00f3\u017cne tryby gry i spraw sobie specjalny prezent VIP.\u00a0Mo\u017cesz tak\u017ce zapisa\u0107 si\u0119 do naszego biuletynu promocyjnego i uzyska\u0107 wi\u0119cej korzy\u015bci.<\/p>\n<h3>Ile mog\u0119 zarobi\u0107 na jednym zak\u0142adzie?<\/h3>\n<p>Og\u00f3lnie rzecz bior\u0105c, limit maksymalnej wygranej zale\u017cy wy\u0142\u0105cznie od Twojego banku i limit\u00f3w ustalonych przez kasyno.\u00a0Na przyk\u0142ad topowy mecz pi\u0142ki no\u017cnej pozwala obstawi\u0107 nawet kilkaset tysi\u0119cy dolar\u00f3w.\u00a0Jednak amatorskie zawody w tenisa sto\u0142owego raczej nie przynios\u0105 wi\u0119cej ni\u017c 100 $ zak\u0142adu.\u00a0Wypr\u00f3buj r\u00f3\u017cne opcje i znajd\u017a idealn\u0105 nisz\u0119 bukmachersk\u0105.<\/p>\n<h3>Jakie s\u0105 ograniczenia dotycz\u0105ce wyp\u0142aty po wygranej?<\/h3>\n<p>Po wygranej nie b\u0119dziesz mia\u0142 \u017cadnych ogranicze\u0144, poniewa\u017c firma hazardowa natychmiast rozdaje wszystkie nagrody i mo\u017cesz je wyp\u0142aci\u0107.\u00a0Nale\u017cy jednak pami\u0119ta\u0107 o ograniczeniu maksymalnej dziennej kwoty wyp\u0142aty, kt\u00f3ra najcz\u0119\u015bciej wynosi 2000 USD.\u00a0Powiniene\u015b r\u00f3wnie\u017c wiedzie\u0107, \u017ce korzystanie tylko z naszych witryn z recenzjami jest lepsze.\u00a0S\u0105 ju\u017c przetestowane, dlatego nie b\u0119dziesz mie\u0107 \u017cadnych problem\u00f3w.<\/p>\n","protected":false},"excerpt":{"rendered":"<p>Kluczow\u0105 zalet\u0105 zak\u0142ad\u00f3w sportowych jest szybka i skuteczna zabawa oraz wygrywanie du\u017cych nagr\u00f3d pieni\u0119\u017cnych.\u00a0Mo\u017cesz tak\u017ce wypr\u00f3bowa\u0107 zak\u0142ady sportowe za darmo, poniewa\u017c firma hazardowa ch\u0119tnie pomo\u017ce Ci uzyska\u0107 dodatkowe bonusy.\u00a0Zdob\u0105d\u017a reputacj\u0119 szcz\u0119\u015bliwego gracza i zacznij codziennie zarabia\u0107 dzi\u0119ki naszej recenzji.\u00a0Opowiemy Ci o wszystkich funkcjach zak\u0142ad\u00f3w online. Jak obstawia\u0107 sport? Pierwsz\u0105 rzecz\u0105, kt\u00f3rej potrzebuje pocz\u0105tkuj\u0105cy, jest odpowiednia&#8230;<\/p>\n","protected":false},"author":1,"featured_media":0,"parent":0,"menu_order":0,"comment_status":"closed","ping_status":"closed","template":"page-with-bonus.php","meta":{"_acf_changed":false,"_kad_post_transparent":"default","_kad_post_title":"default","_kad_post_layout":"default","_kad_post_sidebar_id":"","_kad_post_content_style":"default","_kad_post_vertical_padding":"default","_kad_post_feature":"","_kad_post_feature_position":"","_kad_post_header":false,"_kad_post_footer":false,"footnotes":""},"class_list":["post-3778","page","type-page","status-publish","hentry"],"acf":[],"rttpg_featured_image_url":null,"rttpg_author":{"display_name":"Tom","author_link":"https:\/\/rocketplay-game.com\/pl\/author\/pemvas95n89x\/"},"rttpg_comment":0,"rttpg_category":null,"rttpg_excerpt":"Kluczow\u0105 zalet\u0105 zak\u0142ad\u00f3w sportowych jest szybka i skuteczna zabawa oraz wygrywanie du\u017cych nagr\u00f3d pieni\u0119\u017cnych.\u00a0Mo\u017cesz tak\u017ce wypr\u00f3bowa\u0107 zak\u0142ady sportowe za darmo, poniewa\u017c firma hazardowa ch\u0119tnie pomo\u017ce Ci uzyska\u0107 dodatkowe bonusy.\u00a0Zdob\u0105d\u017a reputacj\u0119 szcz\u0119\u015bliwego gracza i zacznij codziennie zarabia\u0107 dzi\u0119ki naszej recenzji.\u00a0Opowiemy Ci o wszystkich funkcjach zak\u0142ad\u00f3w online. Jak obstawia\u0107 sport? Pierwsz\u0105 rzecz\u0105, kt\u00f3rej potrzebuje pocz\u0105tkuj\u0105cy, jest odpowiednia...","_links":{"self":[{"href":"https:\/\/rocketplay-game.com\/pl\/wp-json\/wp\/v2\/pages\/3778","targetHints":{"allow":["GET"]}}],"collection":[{"href":"https:\/\/rocketplay-game.com\/pl\/wp-json\/wp\/v2\/pages"}],"about":[{"href":"https:\/\/rocketplay-game.com\/pl\/wp-json\/wp\/v2\/types\/page"}],"author":[{"embeddable":true,"href":"https:\/\/rocketplay-game.com\/pl\/wp-json\/wp\/v2\/users\/1"}],"replies":[{"embeddable":true,"href":"https:\/\/rocketplay-game.com\/pl\/wp-json\/wp\/v2\/comments?post=3778"}],"version-history":[{"count":4,"href":"https:\/\/rocketplay-game.com\/pl\/wp-json\/wp\/v2\/pages\/3778\/revisions"}],"predecessor-version":[{"id":5215,"href":"https:\/\/rocketplay-game.com\/pl\/wp-json\/wp\/v2\/pages\/3778\/revisions\/5215"}],"wp:attachment":[{"href":"https:\/\/rocketplay-game.com\/pl\/wp-json\/wp\/v2\/media?parent=3778"}],"curies":[{"name":"wp","href":"https:\/\/api.w.org\/{rel}","templated":true}]}}