{"id":3782,"date":"2023-01-10T16:16:03","date_gmt":"2023-01-10T13:16:03","guid":{"rendered":"https:\/\/rocketplay-game.com\/sports-betting\/cricket\/"},"modified":"2023-01-20T14:12:18","modified_gmt":"2023-01-20T11:12:18","slug":"cricket","status":"publish","type":"page","link":"https:\/\/rocketplay-game.com\/pl\/cricket\/","title":{"rendered":"Przewodnik dla pocz\u0105tkuj\u0105cych dotycz\u0105cy zak\u0142ad\u00f3w na krykieta"},"content":{"rendered":"<p>W wi\u0119kszo\u015bci przypadk\u00f3w zak\u0142ady na krykieta przyci\u0105gaj\u0105 u\u017cytkownik\u00f3w prostymi zasadami i mo\u017cliwo\u015bci\u0105 szybkiego zarobienia du\u017cej sumy pieni\u0119dzy.\u00a0Aby dobrze wypa\u015b\u0107, trzeba zapozna\u0107 si\u0119 ze wszystkimi cechami danej dyscypliny sportowej i wypr\u00f3bowa\u0107 kilka opcji obstawiania.\u00a0Teraz zalecamy przeczytanie kr\u00f3tkiej recenzji naszych ekspert\u00f3w i aktywne zdobywanie du\u017cych nagr\u00f3d.<\/p>\n<p><img loading=\"lazy\" decoding=\"async\" class=\"aligncenter wp-image-3326 lazy-loaded\" src=\"https:\/\/rocketplay-game.com\/wp-content\/uploads\/2023\/01\/best-cricket-betting-apps-300x169.jpg\" sizes=\"auto, (max-width: 800px) 100vw, 800px\" srcset=\"https:\/\/rocketplay-game.com\/wp-content\/uploads\/2023\/01\/best-cricket-betting-apps-300x169.jpg 300w, https:\/\/rocketplay-game.com\/wp-content\/uploads\/2023\/01\/best-cricket-betting-apps-768x432.jpg 768w, https:\/\/rocketplay-game.com\/wp-content\/uploads\/2023\/01\/best-cricket-betting-apps.jpg 994w\" alt=\"\" width=\"800\" height=\"450\" data-lazy-type=\"image\" data-src=\"https:\/\/rocketplay-game.com\/wp-content\/uploads\/2023\/01\/best-cricket-betting-apps-300x169.jpg\" data-srcset=\"\" \/><\/p>\n<h2>Rodzaje zak\u0142ad\u00f3w<\/h2>\n<p>Najprostszym sposobem radzenia sobie ze wskaz\u00f3wkami dotycz\u0105cymi zak\u0142ad\u00f3w na krykieta s\u0105 nowicjusze, kt\u00f3rzy dopiero zaczynaj\u0105 gr\u0119.\u00a0Rynek gier hazardowych przeszed\u0142 do\u015b\u0107 d\u0142ug\u0105 transformacj\u0119, wi\u0119c u\u017cytkownicy dopiero teraz mog\u0105 stawia\u0107 r\u00f3\u017cne zak\u0142ady na mecze.\u00a0W\u015br\u00f3d najpopularniejszych mo\u017cna znale\u017a\u0107:<\/p>\n<ul>\n<li aria-level=\"1\">suma indywidualna.\u00a0Najpopularniejszy zak\u0142ad pozwala wybra\u0107 tylko jednego zawodnika lub dru\u017cyn\u0119 i postawi\u0107 na zdobyte punkty.\u00a0Dzi\u0119ki temu \u0142atwiej jest przeanalizowa\u0107 ca\u0142y mecz i od razu od pierwszego zak\u0142adu wygra\u0107 du\u017c\u0105 sum\u0119 pieni\u0119dzy.\u00a0Zwr\u00f3\u0107 jednak uwag\u0119 na szanse, poniewa\u017c je\u015bli s\u0105 one zbyt du\u017ce, pojawia si\u0119 pewien problem;<\/li>\n<li aria-level=\"1\">najlepszy gracz.\u00a0Proste i zrozumia\u0142e dla wi\u0119kszo\u015bci graczy obstawianie, pozwalaj\u0105ce pozna\u0107 specyfik\u0119 gry i zacz\u0105\u0107 zarabia\u0107.\u00a0Kluczow\u0105 cech\u0105 jest to, \u017ce musisz wybra\u0107 jednego sportowca.\u00a0Je\u015bli poka\u017ce najskuteczniejszy wynik, odniesiesz sukces i odbierzesz wygran\u0105;<\/li>\n<li aria-level=\"1\">wynik meczu.\u00a0Klasyczny zak\u0142ad, kt\u00f3ry zawsze zachwyca\u0142 swoj\u0105 prostot\u0105.\u00a0Mo\u017cesz wygra\u0107 zawodnika lub dru\u017cyn\u0119, kt\u00f3ra zdob\u0119dzie nagrod\u0119 swoj\u0105 doskona\u0142\u0105 gr\u0105.\u00a0Najpro\u015bciej jest tutaj od razu przeanalizowa\u0107 przeciwnika i faworyta.\u00a0Poznaj wszystkie tajniki gry i zacznij oblicza\u0107 idealn\u0105 kwot\u0119 zak\u0142adu dla swojego bud\u017cetu.<\/li>\n<\/ul>\n<p>Wybieraj\u0105c odpowiedni zak\u0142ad dla siebie, nie zapominaj, \u017ce powiniene\u015b zarejestrowa\u0107 konto osobiste i przej\u015b\u0107 procedur\u0119 weryfikacji.\u00a0Pomo\u017ce to zwi\u0119kszy\u0107 maksymalne limity zak\u0142ad\u00f3w i uzyska\u0107 dost\u0119p do szybkiej wyp\u0142aty \u015brodk\u00f3w z platformy hazardowej bez \u017cadnych problem\u00f3w.\u00a0Mo\u017cesz tak\u017ce wybra\u0107 odpowiedni\u0105 metod\u0119 wp\u0142aty, aby unikn\u0105\u0107 dodatkowej prowizji lub czasu oczekiwania na wp\u0142at\u0119.<\/p>\n<h2>Kursy wyja\u015bnione w krykiecie<\/h2>\n<p>Najlepsze typy bukmacherskie na krykieta przeka\u017cemy Ci za darmo, ale powiniene\u015b uczy\u0107 si\u0119 zak\u0142ad\u00f3w na w\u0142asn\u0105 r\u0119k\u0119.\u00a0Na przyk\u0142ad kursy odzwierciedlaj\u0105 pewno\u015b\u0107 bukmachera co do zwyci\u0119stwa danej dru\u017cyny.\u00a0Czasami mo\u017cliwe jest postawienie zak\u0142adu opartego tylko na kursie, ale robi\u0105 to g\u0142\u00f3wnie pocz\u0105tkuj\u0105cy.<\/p>\n<p>Je\u015bli postawisz pieni\u0105dze na kursy krykieta na \u017cywo wynosz\u0105ce 1,7, wygrasz swoj\u0105 sum\u0119 i dodatkowe 70%.\u00a0Za 100 dolar\u00f3w mo\u017cesz dosta\u0107 dodatkowe 70, co oznacza, \u017ce \u200b\u200bb\u0119dziesz na plusie i mo\u017cesz zabra\u0107 swoje pieni\u0105dze.\u00a0Mo\u017cesz dowiedzie\u0107 si\u0119 wszystkich szczeg\u00f3\u0142\u00f3w podczas tworzenia kuponu.<\/p>\n<h2>Wskaz\u00f3wki i strategia<\/h2>\n<p>Wi\u0119kszo\u015b\u0107 kurs\u00f3w na krykieta jest ustalana automatycznie, dlatego nale\u017cy zachowa\u0107 ostro\u017cno\u015b\u0107 przy wyborze odpowiedniej strategii obstawiania:<\/p>\n<ul>\n<li aria-level=\"1\">staraj si\u0119 podzieli\u0107 swoje saldo na wiele cz\u0119\u015bci i nie wykorzystuj ich wszystkich naraz;<\/li>\n<li aria-level=\"1\">traktuj swoje emocje tak odpowiedzialnie, jak to mo\u017cliwe, aby nie straci\u0107 od razu du\u017cej sumy.\u00a0Spr\u00f3buj przesta\u0107, je\u015bli widzisz, \u017ce ci\u0105gle przegrywasz lub wygrywasz;<\/li>\n<li aria-level=\"1\">po\u015bwi\u0119\u0107 czas na analiz\u0119, poniewa\u017c to odr\u00f3\u017cnia ci\u0119 od amatora w obstawianiu.\u00a0Wykorzystaj wszystkie dost\u0119pne dane, aby przewidzie\u0107 w\u0142a\u015bciwy wynik.<\/li>\n<\/ul>\n<p>W zak\u0142adach wszystko zale\u017cy od szcz\u0119\u015bcia i umiej\u0119tno\u015bci trafnego przewidywania.\u00a0Dlatego \u017cyczymy powodzenia i zalecamy najpierw wypr\u00f3bowa\u0107 tryb demonstracyjny.<\/p>\n<p><img loading=\"lazy\" decoding=\"async\" class=\"aligncenter wp-image-3416 lazy-loaded\" src=\"https:\/\/rocketplay-game.com\/wp-content\/uploads\/2023\/01\/cricket-betting-guide-300x150.webp\" sizes=\"auto, (max-width: 800px) 100vw, 800px\" srcset=\"https:\/\/rocketplay-game.com\/wp-content\/uploads\/2023\/01\/cricket-betting-guide-300x150.webp 300w, https:\/\/rocketplay-game.com\/wp-content\/uploads\/2023\/01\/cricket-betting-guide-1024x512.webp 1024w, https:\/\/rocketplay-game.com\/wp-content\/uploads\/2023\/01\/cricket-betting-guide-768x384.webp 768w, https:\/\/rocketplay-game.com\/wp-content\/uploads\/2023\/01\/cricket-betting-guide.webp 1200w\" alt=\"\" width=\"800\" height=\"400\" data-lazy-type=\"image\" data-src=\"https:\/\/rocketplay-game.com\/wp-content\/uploads\/2023\/01\/cricket-betting-guide-300x150.webp\" data-srcset=\"\" \/><\/p>\n<h2>Najlepsze rynki zak\u0142ad\u00f3w na krykieta do obstawiania<\/h2>\n<p>Najpopularniejsze zak\u0142ady na krykieta w Poland dotycz\u0105 zwyci\u0119stwa konkretnego sportowca. Mo\u017cesz przejrze\u0107 statystyki na oficjalnej stronie hazardowej i wybra\u0107 odpowiedni\u0105 opcj\u0119 obstawiania.\u00a0Zalecamy wypr\u00f3bowanie r\u00f3\u017cnych wariant\u00f3w i znalezienie najbardziej odpowiedniego.\u00a0Radzimy r\u00f3wnie\u017c wypr\u00f3bowa\u0107 r\u00f3\u017cne regiony, poniewa\u017c ka\u017cdy region ma turnieje.<\/p>\n<h2>Cz\u0119sto zadawane pytania<\/h2>\n<p>Ka\u017cdy u\u017cytkownik potrzebuje niewielkiego wsparcia, gdy zaczyna obstawia\u0107 online.\u00a0Dlatego zebrali\u015bmy wiele cennych pyta\u0144 i odpowiedzi od ekspert\u00f3w.\u00a0Spr\u00f3buj przestudiowa\u0107 wi\u0119cej informacji i zacznij gra\u0107 aktywnie.<\/p>\n<h3>Jakie s\u0105 zalety obstawiania krykieta?<\/h3>\n<p>Wi\u0119kszo\u015b\u0107 u\u017cytkownik\u00f3w lubi korzysta\u0107 z aplikacji bukmacherskiej Cricket, aby zarabia\u0107 wi\u0119cej i zawsze by\u0107 w grze.\u00a0W takim przypadku mo\u017cesz \u0142atwo zrozumie\u0107 ustalone zasady i skorzysta\u0107 z zak\u0142adu na faworyta w turnieju.\u00a0Istnieje r\u00f3wnie\u017c bardziej zaawansowana siatka r\u00f3\u017cnych wynik\u00f3w, z kt\u00f3rej korzystaj\u0105 profesjonali\u015bci, kt\u00f3rzy chc\u0105 zarobi\u0107 wi\u0119cej pieni\u0119dzy.<\/p>\n<h3>Ile mog\u0119 zarobi\u0107 na pojedynczym zak\u0142adzie na krykieta?<\/h3>\n<p>Je\u015bli mo\u017cesz zarobi\u0107 milion dolar\u00f3w w jednym zak\u0142adzie, potrzebujesz znacznego salda i mo\u017cliwo\u015bci wyp\u0142aty tej kwoty.\u00a0U\u017cytkownicy zarabiaj\u0105 od 50 do 1500 USD za zak\u0142ad.\u00a0Wp\u0142ywa to na mistrzostwa, tytu\u0142y graczy i kapita\u0142 na stronie.\u00a0Wypr\u00f3buj r\u00f3\u017cne warianty gry i wybierz ten, kt\u00f3ry najbardziej Ci odpowiada.<\/p>\n<h3>Jakie s\u0105 ograniczenia dotycz\u0105ce wyp\u0142aty po wygranej w krykieta?<\/h3>\n<p>Po przeczytaniu naszego przewodnika po zak\u0142adach na krykieta mo\u017cesz skorzysta\u0107 z dowolnych bonus\u00f3w na oficjalnej stronie i otrzyma\u0107 pieni\u0105dze na swoje konto po wygranej.\u00a0Ka\u017cdy gracz mo\u017ce wyp\u0142aci\u0107 bez ogranicze\u0144, ale nale\u017cy wzi\u0105\u0107 pod uwag\u0119 maksymaln\u0105 otrzyman\u0105 kwot\u0119 pieni\u0119dzy.\u00a0B\u0119dziesz tak\u017ce m\u00f3g\u0142 wypr\u00f3bowa\u0107 r\u00f3\u017cne systemy, aby dokona\u0107 najbardziej op\u0142acalnej wyp\u0142aty swoich pieni\u0119dzy.<\/p>\n","protected":false},"excerpt":{"rendered":"<p>W wi\u0119kszo\u015bci przypadk\u00f3w zak\u0142ady na krykieta przyci\u0105gaj\u0105 u\u017cytkownik\u00f3w prostymi zasadami i mo\u017cliwo\u015bci\u0105 szybkiego zarobienia du\u017cej sumy pieni\u0119dzy.\u00a0Aby dobrze wypa\u015b\u0107, trzeba zapozna\u0107 si\u0119 ze wszystkimi cechami danej dyscypliny sportowej i wypr\u00f3bowa\u0107 kilka opcji obstawiania.\u00a0Teraz zalecamy przeczytanie kr\u00f3tkiej recenzji naszych ekspert\u00f3w i aktywne zdobywanie du\u017cych nagr\u00f3d. Rodzaje zak\u0142ad\u00f3w Najprostszym sposobem radzenia sobie ze wskaz\u00f3wkami dotycz\u0105cymi zak\u0142ad\u00f3w na&#8230;<\/p>\n","protected":false},"author":1,"featured_media":0,"parent":0,"menu_order":0,"comment_status":"closed","ping_status":"closed","template":"page-with-bonus.php","meta":{"_acf_changed":false,"_kad_post_transparent":"default","_kad_post_title":"default","_kad_post_layout":"default","_kad_post_sidebar_id":"","_kad_post_content_style":"default","_kad_post_vertical_padding":"default","_kad_post_feature":"","_kad_post_feature_position":"","_kad_post_header":false,"_kad_post_footer":false,"footnotes":""},"class_list":["post-3782","page","type-page","status-publish","hentry"],"acf":[],"rttpg_featured_image_url":null,"rttpg_author":{"display_name":"Tom","author_link":"https:\/\/rocketplay-game.com\/pl\/author\/pemvas95n89x\/"},"rttpg_comment":0,"rttpg_category":null,"rttpg_excerpt":"W wi\u0119kszo\u015bci przypadk\u00f3w zak\u0142ady na krykieta przyci\u0105gaj\u0105 u\u017cytkownik\u00f3w prostymi zasadami i mo\u017cliwo\u015bci\u0105 szybkiego zarobienia du\u017cej sumy pieni\u0119dzy.\u00a0Aby dobrze wypa\u015b\u0107, trzeba zapozna\u0107 si\u0119 ze wszystkimi cechami danej dyscypliny sportowej i wypr\u00f3bowa\u0107 kilka opcji obstawiania.\u00a0Teraz zalecamy przeczytanie kr\u00f3tkiej recenzji naszych ekspert\u00f3w i aktywne zdobywanie du\u017cych nagr\u00f3d. Rodzaje zak\u0142ad\u00f3w Najprostszym sposobem radzenia sobie ze wskaz\u00f3wkami dotycz\u0105cymi zak\u0142ad\u00f3w na...","_links":{"self":[{"href":"https:\/\/rocketplay-game.com\/pl\/wp-json\/wp\/v2\/pages\/3782","targetHints":{"allow":["GET"]}}],"collection":[{"href":"https:\/\/rocketplay-game.com\/pl\/wp-json\/wp\/v2\/pages"}],"about":[{"href":"https:\/\/rocketplay-game.com\/pl\/wp-json\/wp\/v2\/types\/page"}],"author":[{"embeddable":true,"href":"https:\/\/rocketplay-game.com\/pl\/wp-json\/wp\/v2\/users\/1"}],"replies":[{"embeddable":true,"href":"https:\/\/rocketplay-game.com\/pl\/wp-json\/wp\/v2\/comments?post=3782"}],"version-history":[{"count":3,"href":"https:\/\/rocketplay-game.com\/pl\/wp-json\/wp\/v2\/pages\/3782\/revisions"}],"predecessor-version":[{"id":3984,"href":"https:\/\/rocketplay-game.com\/pl\/wp-json\/wp\/v2\/pages\/3782\/revisions\/3984"}],"wp:attachment":[{"href":"https:\/\/rocketplay-game.com\/pl\/wp-json\/wp\/v2\/media?parent=3782"}],"curies":[{"name":"wp","href":"https:\/\/api.w.org\/{rel}","templated":true}]}}