{"id":3786,"date":"2023-01-10T16:21:38","date_gmt":"2023-01-10T13:21:38","guid":{"rendered":"https:\/\/rocketplay-game.com\/sports-betting\/horse-racing\/"},"modified":"2023-01-20T13:03:39","modified_gmt":"2023-01-20T10:03:39","slug":"horse-racing","status":"publish","type":"page","link":"https:\/\/rocketplay-game.com\/pl\/horse-racing\/","title":{"rendered":"Przegl\u0105d zak\u0142ad\u00f3w na wy\u015bcigi konne"},"content":{"rendered":"<p>Przede wszystkim u\u017cytkownicy zak\u0142ad\u00f3w na wy\u015bcigi konne s\u0105 ju\u017c przyzwyczajeni do wysokich kurs\u00f3w i wysokich bonus\u00f3w.\u00a0Jest to oferta na stronach w naszych recenzjach od administracji kasyna.\u00a0Mo\u017cesz wybra\u0107 odpowiedniego konia i zdoby\u0107 dzi\u0119ki temu du\u017c\u0105 sum\u0119 pieni\u0119dzy.\u00a0Po prostu spr\u00f3buj, a masz gwarancj\u0119, \u017ce wygrasz jeszcze wi\u0119cej na swoje konto.<\/p>\n<p><img loading=\"lazy\" decoding=\"async\" class=\"aligncenter wp-image-3427 lazy-loaded\" src=\"https:\/\/rocketplay-game.com\/wp-content\/uploads\/2023\/01\/126horsebackriding-2-300x150.jpg\" sizes=\"auto, (max-width: 800px) 100vw, 800px\" srcset=\"https:\/\/rocketplay-game.com\/wp-content\/uploads\/2023\/01\/126horsebackriding-2-300x150.jpg 300w, https:\/\/rocketplay-game.com\/wp-content\/uploads\/2023\/01\/126horsebackriding-2-1024x512.jpg 1024w, https:\/\/rocketplay-game.com\/wp-content\/uploads\/2023\/01\/126horsebackriding-2-768x384.jpg 768w, https:\/\/rocketplay-game.com\/wp-content\/uploads\/2023\/01\/126horsebackriding-2.jpg 1200w\" alt=\"\" width=\"800\" height=\"400\" data-lazy-type=\"image\" data-src=\"https:\/\/rocketplay-game.com\/wp-content\/uploads\/2023\/01\/126horsebackriding-2-300x150.jpg\" data-srcset=\"\" \/><\/p>\n<h2>Jak obstawia\u0107 wy\u015bcigi konne<\/h2>\n<p>Po pierwsze, powiniene\u015b szczeg\u00f3\u0142owo przestudiowa\u0107 aplikacj\u0119 firmy hazardowej do zak\u0142ad\u00f3w na wy\u015bcigi konne.\u00a0Dzi\u0119ki temu mo\u017cesz zainwestowa\u0107 swoje pieni\u0105dze w zak\u0142ady o wiele bardziej op\u0142acalne i postawi\u0107 najlepszy zak\u0142ad swojego \u017cycia.\u00a0Dost\u0119p do hazardu b\u0119dzie odpowiedni w Twojej kieszeni, co oznacza, \u017ce \u200b\u200bmo\u017cesz w ka\u017cdej chwili otworzy\u0107 wy\u015bcigi konne, obejrze\u0107 transmisj\u0119 i postawi\u0107 pieni\u0105dze na du\u017ce wygrane.<\/p>\n<p>Ponadto pocz\u0105tkuj\u0105cy powinni zacz\u0105\u0107 od prostej rejestracji na oficjalnej stronie gier:<\/p>\n<ol>\n<li aria-level=\"1\">Utw\u00f3rz profil osobisty, naciskaj\u0105c przycisk rejestracji.\u00a0Wype\u0142nij informacje o sobie tak dok\u0142adnie, jak to mo\u017cliwe, aby nie pope\u0142ni\u0107 b\u0142\u0119du i przej\u015b\u0107 procedur\u0119 weryfikacji bez problem\u00f3w w przysz\u0142o\u015bci.\u00a0Nast\u0119pnie mo\u017cesz aktywowa\u0107 swoje konto przez e-mail.<\/li>\n<li aria-level=\"1\">Spr\u00f3buj u\u017cy\u0107 jednego z system\u00f3w p\u0142atno\u015bci, aby zwi\u0119kszy\u0107 swoje saldo i zarobi\u0107 prawdziwe pieni\u0105dze.\u00a0Pami\u0119taj, aby korzysta\u0107 z r\u00f3\u017cnych opcji zak\u0142ad\u00f3w i pr\u00f3bowa\u0107 wygra\u0107 pieni\u0105dze.\u00a0W\u0142\u0105cz tryb demonstracyjny, je\u015bli jest dost\u0119pny.<\/li>\n<li aria-level=\"1\">Nie zapomnij jak najdok\u0142adniej przeanalizowa\u0107 rynku wy\u015bcig\u00f3w konnych i wybiera\u0107 tylko te zak\u0142ady, kt\u00f3re mog\u0105 przynie\u015b\u0107 Ci pieni\u0105dze.\u00a0Nie rozpraszaj si\u0119 amatorskimi zawodami i skup si\u0119 na tych zawodnikach, o kt\u00f3rych s\u0105 informacje.<\/li>\n<\/ol>\n<p>Koniecznie skorzystaj z procedury weryfikacji, aby uzyska\u0107 szybszy dost\u0119p do wszystkich funkcji finansowych platformy online i zarobi\u0107 znacznie wi\u0119cej pieni\u0119dzy.\u00a0To pozwoli ci zwi\u0119kszy\u0107 zyski i otrzyma\u0107 nagrod\u0119 bezpo\u015brednio na twoje konto.\u00a0B\u0119dziesz tak\u017ce m\u00f3g\u0142 skorzysta\u0107 z dodatkowych funkcji i uzyska\u0107 priorytetow\u0105 pomoc od pomocy technicznej.<\/p>\n<h2>Wsp\u00f3lne warunki w wy\u015bcigach konnych<\/h2>\n<p>W wi\u0119kszo\u015bci przypadk\u00f3w pocz\u0105tkuj\u0105cy o najlepsze zak\u0142ady na wy\u015bcigi konne nie powinni si\u0119 martwi\u0107, poniewa\u017c firma hazardowa nazywa wszystkie rynki bukmacherskie.\u00a0Wybierz odpowiedni\u0105 opcj\u0119 i zacznij pisa\u0107 kupon na okre\u015blon\u0105 kwot\u0119.\u00a0Wynik zobaczysz na transmisji online ju\u017c za kilka minut, dost\u0119pnej r\u00f3wnie\u017c bezpo\u015brednio w Twojej przegl\u0105darce.<\/p>\n<p>W wy\u015bcigach konnych podczas gry nie nale\u017cy narusza\u0107 niekt\u00f3rych dodatkowych zasad i warunk\u00f3w.\u00a0Dlatego zalecamy uwa\u017cne zapoznanie si\u0119 z takimi poj\u0119ciami jak:<\/p>\n<ul>\n<li aria-level=\"1\">zwyci\u0119stwo jednego je\u017ad\u017aca;<\/li>\n<li aria-level=\"1\">fa\u0142szywy start;<\/li>\n<li aria-level=\"1\">kategorie wy\u015bcig\u00f3w.<\/li>\n<\/ul>\n<p>Pomo\u017ce Ci to szybko zrozumie\u0107 gr\u0119 i zarobi\u0107 wi\u0119cej pieni\u0119dzy na koncie.<\/p>\n<h2>Jak wybra\u0107 zwyci\u0119skiego konia<\/h2>\n<p>Korzystanie z unikalnego systemu oceny i analizy zak\u0142ad\u00f3w na wy\u015bcigi konne w Poland jest najlepsze. Wiele platform oferuje u\u017cytkownikom hazardu spos\u00f3b na wybranie odpowiedniego konia i znalezienie statystyk dotycz\u0105cych jego ras.\u00a0Niekt\u00f3re konie s\u0105 najlepsze, gdy \u015bcigaj\u0105 si\u0119 tylko w ci\u0105gu dnia, podczas gdy inne mog\u0105 uzyskiwa\u0107 wysokie wyniki z pewnymi je\u017ad\u017acami.<\/p>\n<p>Dowiedz si\u0119 jeszcze wi\u0119cej o zwyci\u0119skiej teorii w naszych recenzjach.\u00a0Zanim obstawisz prawdziwe pieni\u0105dze, spr\u00f3buj skorzysta\u0107 z trybu demonstracyjnego, aby wygra\u0107 tak uczciwie i pewnie, jak to tylko mo\u017cliwe.\u00a0B\u0119dziesz tak\u017ce m\u00f3g\u0142 skorzysta\u0107 z r\u00f3\u017cnych tryb\u00f3w gry i spr\u00f3bowa\u0107 zdoby\u0107 du\u017c\u0105 sum\u0119 na swoje konto.<\/p>\n<p><img loading=\"lazy\" decoding=\"async\" class=\"aligncenter wp-image-3436 lazy-loaded\" src=\"https:\/\/rocketplay-game.com\/wp-content\/uploads\/2023\/01\/ypes-of-horse-racing-bets-1024x700-1-300x205.jpg\" sizes=\"auto, (max-width: 800px) 100vw, 800px\" srcset=\"https:\/\/rocketplay-game.com\/wp-content\/uploads\/2023\/01\/ypes-of-horse-racing-bets-1024x700-1-300x205.jpg 300w, https:\/\/rocketplay-game.com\/wp-content\/uploads\/2023\/01\/ypes-of-horse-racing-bets-1024x700-1-768x525.jpg 768w, https:\/\/rocketplay-game.com\/wp-content\/uploads\/2023\/01\/ypes-of-horse-racing-bets-1024x700-1.jpg 1024w\" alt=\"\" width=\"800\" height=\"547\" data-lazy-type=\"image\" data-src=\"https:\/\/rocketplay-game.com\/wp-content\/uploads\/2023\/01\/ypes-of-horse-racing-bets-1024x700-1-300x205.jpg\" data-srcset=\"\" \/><\/p>\n<h2>Rodzaje zak\u0142ad\u00f3w<\/h2>\n<p>Zalecamy obstawianie typ\u00f3w wy\u015bcig\u00f3w konnych, aby wypr\u00f3bowa\u0107 oficjaln\u0105 stron\u0119 hazardow\u0105.\u00a0Specjalnie dla Ciebie zebrali\u015bmy najlepsze platformy z dost\u0119pem do kasyn i zak\u0142ad\u00f3w.\u00a0M\u0105drze wykorzystuj sw\u00f3j kapita\u0142 i staraj si\u0119 wygra\u0107 jednorazowo jak najwi\u0119cej pieni\u0119dzy.\u00a0To znacznie pomo\u017ce Ci zdoby\u0107 nagrody i dodatkowe bonusy od administracji platformy do gier.<\/p>\n<h2>Cz\u0119sto zadawane pytania<\/h2>\n<p>W wi\u0119kszo\u015bci przypadk\u00f3w pocz\u0105tkuj\u0105cy potrzebuj\u0105 niewielkiej pomocy, dlatego przygotowali\u015bmy sekcj\u0119 odpowiedzi na najpopularniejsze pytania.\u00a0Spr\u00f3buj znale\u017a\u0107 rodzaj zak\u0142adu, kt\u00f3ry Ci odpowiada i zacznij gra\u0107 z maksymaln\u0105 kwot\u0105 pieni\u0119dzy na swoim koncie.<\/p>\n<h3>Jakie s\u0105 zalety obstawiania wy\u015bcig\u00f3w konnych?<\/h3>\n<p>Dyscyplina sportu jest modna, dlatego ju\u017c wkr\u00f3tce b\u0119dziesz m\u00f3g\u0142 otrzyma\u0107 darmowe zak\u0142ady na wy\u015bcigi konne.\u00a0Firmy hazardowe nieustannie motywuj\u0105 u\u017cytkownik\u00f3w do gry i wygrywania, aby zarobi\u0107 jeszcze wi\u0119cej pieni\u0119dzy.\u00a0Mo\u017cesz wi\u0119c skorzysta\u0107 z tak lukratywnej oferty ju\u017c teraz i poczu\u0107 wszystkie korzy\u015bci p\u0142yn\u0105ce z aktywnych gier.<\/p>\n<h3>Ile mog\u0119 zarobi\u0107 na jednym zak\u0142adzie na wy\u015bcigi konne?<\/h3>\n<p>Og\u00f3lnie rzecz bior\u0105c, b\u0119dziesz m\u00f3g\u0142 zdoby\u0107 du\u017c\u0105 sum\u0119 pieni\u0119dzy w zak\u0142adach na wy\u015bcigi konne na \u017cywo.\u00a0Nawet zwyk\u0142y zak\u0142ad pozwoli Ci kilkukrotnie zwi\u0119kszy\u0107 saldo, ale musisz nauczy\u0107 si\u0119 poprawnie przewidywa\u0107 wydarzenia.\u00a0Wypr\u00f3buj r\u00f3\u017cne opcje, skorzystaj z dodatkowych bonus\u00f3w i zapisz si\u0119 do newslettera promocyjnego.\u00a0Wszystko to pomo\u017ce zmniejszy\u0107 ryzyko i zacz\u0105\u0107 wygrywa\u0107 cz\u0119\u015bciej.<\/p>\n<h3>Jakie s\u0105 ograniczenia dotycz\u0105ce wycofania si\u0119 po wygraniu wy\u015bcigu?<\/h3>\n<p>Og\u00f3lnie rzecz bior\u0105c, nie ma \u017cadnych ogranicze\u0144 dotycz\u0105cych wyp\u0142aty na typowej stronie.\u00a0Zalecamy jednak korzystanie tylko z tych firm hazardowych z naszej listy.\u00a0Uchroni to przed oszustami i zapewni najwy\u017cszy poziom obs\u0142ugi.\u00a0Ponadto podczas przegl\u0105du testujemy r\u00f3wnie\u017c us\u0142ug\u0119 pomocy technicznej;\u00a0dzi\u0119ki temu mo\u017cesz szybko uzyska\u0107 potrzebne informacje w dowolnym momencie.<\/p>\n","protected":false},"excerpt":{"rendered":"<p>Przede wszystkim u\u017cytkownicy zak\u0142ad\u00f3w na wy\u015bcigi konne s\u0105 ju\u017c przyzwyczajeni do wysokich kurs\u00f3w i wysokich bonus\u00f3w.\u00a0Jest to oferta na stronach w naszych recenzjach od administracji kasyna.\u00a0Mo\u017cesz wybra\u0107 odpowiedniego konia i zdoby\u0107 dzi\u0119ki temu du\u017c\u0105 sum\u0119 pieni\u0119dzy.\u00a0Po prostu spr\u00f3buj, a masz gwarancj\u0119, \u017ce wygrasz jeszcze wi\u0119cej na swoje konto. Jak obstawia\u0107 wy\u015bcigi konne Po pierwsze, powiniene\u015b&#8230;<\/p>\n","protected":false},"author":1,"featured_media":0,"parent":0,"menu_order":0,"comment_status":"closed","ping_status":"closed","template":"page-with-bonus.php","meta":{"_acf_changed":false,"_kad_post_transparent":"default","_kad_post_title":"default","_kad_post_layout":"default","_kad_post_sidebar_id":"","_kad_post_content_style":"default","_kad_post_vertical_padding":"default","_kad_post_feature":"","_kad_post_feature_position":"","_kad_post_header":false,"_kad_post_footer":false,"footnotes":""},"class_list":["post-3786","page","type-page","status-publish","hentry"],"acf":[],"rttpg_featured_image_url":null,"rttpg_author":{"display_name":"Tom","author_link":"https:\/\/rocketplay-game.com\/pl\/author\/pemvas95n89x\/"},"rttpg_comment":0,"rttpg_category":null,"rttpg_excerpt":"Przede wszystkim u\u017cytkownicy zak\u0142ad\u00f3w na wy\u015bcigi konne s\u0105 ju\u017c przyzwyczajeni do wysokich kurs\u00f3w i wysokich bonus\u00f3w.\u00a0Jest to oferta na stronach w naszych recenzjach od administracji kasyna.\u00a0Mo\u017cesz wybra\u0107 odpowiedniego konia i zdoby\u0107 dzi\u0119ki temu du\u017c\u0105 sum\u0119 pieni\u0119dzy.\u00a0Po prostu spr\u00f3buj, a masz gwarancj\u0119, \u017ce wygrasz jeszcze wi\u0119cej na swoje konto. Jak obstawia\u0107 wy\u015bcigi konne Po pierwsze, powiniene\u015b...","_links":{"self":[{"href":"https:\/\/rocketplay-game.com\/pl\/wp-json\/wp\/v2\/pages\/3786","targetHints":{"allow":["GET"]}}],"collection":[{"href":"https:\/\/rocketplay-game.com\/pl\/wp-json\/wp\/v2\/pages"}],"about":[{"href":"https:\/\/rocketplay-game.com\/pl\/wp-json\/wp\/v2\/types\/page"}],"author":[{"embeddable":true,"href":"https:\/\/rocketplay-game.com\/pl\/wp-json\/wp\/v2\/users\/1"}],"replies":[{"embeddable":true,"href":"https:\/\/rocketplay-game.com\/pl\/wp-json\/wp\/v2\/comments?post=3786"}],"version-history":[{"count":3,"href":"https:\/\/rocketplay-game.com\/pl\/wp-json\/wp\/v2\/pages\/3786\/revisions"}],"predecessor-version":[{"id":3983,"href":"https:\/\/rocketplay-game.com\/pl\/wp-json\/wp\/v2\/pages\/3786\/revisions\/3983"}],"wp:attachment":[{"href":"https:\/\/rocketplay-game.com\/pl\/wp-json\/wp\/v2\/media?parent=3786"}],"curies":[{"name":"wp","href":"https:\/\/api.w.org\/{rel}","templated":true}]}}