{"id":3790,"date":"2023-01-10T16:25:10","date_gmt":"2023-01-10T13:25:10","guid":{"rendered":"https:\/\/rocketplay-game.com\/sports-betting\/table-tennis\/"},"modified":"2025-11-25T23:04:13","modified_gmt":"2025-11-25T20:04:13","slug":"table-tennis","status":"publish","type":"page","link":"https:\/\/rocketplay-game.com\/pl\/table-tennis\/","title":{"rendered":"Przegl\u0105d zak\u0142ad\u00f3w na tenis sto\u0142owy"},"content":{"rendered":"<p>G\u0142\u00f3wnym powodem popularno\u015bci zak\u0142ad\u00f3w na tenis sto\u0142owy jest to, \u017ce ka\u017cdy mo\u017ce zarobi\u0107 dziesi\u0105tki tysi\u0119cy dolar\u00f3w na takich zak\u0142adach.\u00a0Zasady s\u0105 proste, a gracze ci\u0105gle si\u0119 zmieniaj\u0105.\u00a0Ka\u017cda gra trwa nie d\u0142u\u017cej ni\u017c 10-15 minut, co oznacza, \u017ce \u200b\u200bka\u017cdego dnia odbywa si\u0119 wiele wydarze\u0144.\u00a0Zalecamy zaufa\u0107 g\u0142\u00f3wnym turniejom i dowiedzie\u0107 si\u0119 wi\u0119cej o zaletach tenisa sto\u0142owego dla obstawiania ju\u017c teraz.<\/p>\n<p><img loading=\"lazy\" decoding=\"async\" src=\"https:\/\/rocketplay-game.com\/wp-content\/uploads\/2023\/01\/table-tennis-shots-300x169.jpg\" sizes=\"auto, (max-width: 800px) 100vw, 800px\" srcset=\"https:\/\/rocketplay-game.com\/wp-content\/uploads\/2023\/01\/table-tennis-shots-300x169.jpg 300w, https:\/\/rocketplay-game.com\/wp-content\/uploads\/2023\/01\/table-tennis-shots-1024x576.jpg 1024w, https:\/\/rocketplay-game.com\/wp-content\/uploads\/2023\/01\/table-tennis-shots-768x432.jpg 768w, https:\/\/rocketplay-game.com\/wp-content\/uploads\/2023\/01\/table-tennis-shots-1536x864.jpg 1536w, https:\/\/rocketplay-game.com\/wp-content\/uploads\/2023\/01\/table-tennis-shots.jpg 1920w\" alt=\"\" width=\"800\" height=\"450\" data-lazy-type=\"image\" data-src=\"https:\/\/rocketplay-game.com\/wp-content\/uploads\/2023\/01\/table-tennis-shots-300x169.jpg\" data-srcset=\"\" \/><\/p>\n<h2>Jak obstawia\u0107 tenis sto\u0142owy<\/h2>\n<p>Aby obstawi\u0107 typy na tenis sto\u0142owy, musisz skorzysta\u0107 z jednej z witryn hazardowych.\u00a0Konieczna jest rejestracja i zdeponowanie konta, aby przej\u015b\u0107 do wyboru odpowiednich mecz\u00f3w:<\/p>\n<ul>\n<li aria-level=\"1\">przede wszystkim doce\u0144 reprezentowane dru\u017cyny.\u00a0Przeciwnicy cz\u0119sto ju\u017c si\u0119 spotykali, co oznacza, \u017ce \u200b\u200bmo\u017cesz zebra\u0107 konkretne statystyki iz wyprzedzeniem wybra\u0107 najbardziej obiecuj\u0105c\u0105 opcj\u0119 zak\u0142ad\u00f3w;<\/li>\n<li aria-level=\"1\">nie powiniene\u015b od razu stawia\u0107 du\u017cej kwoty na konkretnego gracza.\u00a0Nawet je\u015bli jest to faworyt tego meczu, a kurs jest bliski 1,1, i tak mo\u017cesz przegra\u0107.\u00a0W ten spos\u00f3b pocz\u0105tkuj\u0105cy trac\u0105 swoje bud\u017cety;<\/li>\n<li aria-level=\"1\">staraj si\u0119 panowa\u0107 nad emocjami i nie pr\u00f3buj obstawia\u0107 wi\u0119cej nast\u0119pnym razem, aby wygra\u0107.\u00a0Po pierwsze, sukces w zak\u0142adach bukmacherskich to dyscyplina i przestrzeganie okre\u015blonej strategii.<\/li>\n<\/ul>\n<p>Wyb\u00f3r odpowiedniej taktyki bywa trudny, dlatego warto dok\u0142adnie przestudiowa\u0107 przepisy danej dyscypliny sportowej.\u00a0W takim przypadku warto r\u00f3wnie\u017c sprawdzi\u0107 analityk\u0119 profesjonalist\u00f3w i stworzy\u0107 w\u0142asn\u0105 na podstawie dost\u0119pnych statystyk.\u00a0To minimum, kt\u00f3re musisz zrobi\u0107, aby wygra\u0107 du\u017c\u0105 sum\u0119.<\/p>\n<h2>Popularne rynki zak\u0142ad\u00f3w na tenis sto\u0142owy<\/h2>\n<p>Najbardziej znanym wariantem jest strategia obstawiania tenisa sto\u0142owego z wyborem konkretnego zwyci\u0119zcy.\u00a0Spr\u00f3buj przeanalizowa\u0107 poprzednie gry przeciwnik\u00f3w i wybra\u0107 najbardziej prawdopodobny wynik.\u00a0W takim przypadku mo\u017cesz szybko odebra\u0107 nagrod\u0119 i przej\u015b\u0107 do kolejnego etapu gry.<\/p>\n<p>Nie zapominaj, \u017ce mecze odbywaj\u0105 si\u0119 co kilkadziesi\u0105t minut, wi\u0119c nie obstawiaj od razu du\u017cej sumy.\u00a0Po prostu skoncentruj si\u0119 na grze i czekaj na okazj\u0119 do zdobycia pieni\u0119dzy.\u00a0Pula nagr\u00f3d nie odejdzie od Ciebie, co oznacza, \u017ce \u200b\u200bmo\u017cesz otrzyma\u0107 prezent niemal natychmiast.<\/p>\n<h2>Wydarzenia w tenisie sto\u0142owym<\/h2>\n<p>Istniej\u0105 klasyczne zasady obstawiania tenisa sto\u0142owego, pozwalaj\u0105ce wybra\u0107 odpowiedni\u0105 opcj\u0119 obstawiania.\u00a0W tym przypadku turnieje odbywaj\u0105 si\u0119 prawie codziennie, ale pocz\u0105tkuj\u0105cy powinni przede wszystkim zwr\u00f3ci\u0107 uwag\u0119 na gry na \u015bwiatowym poziomie.\u00a0Niekt\u00f3re z nich to Europa i World Racquet.\u00a0Spr\u00f3buj zagra\u0107 sw\u00f3j zak\u0142ad i zdob\u0105d\u017a nagrod\u0119 na swoim koncie.<\/p>\n<h2>Wskaz\u00f3wki i strategia<\/h2>\n<p>Najbardziej znane opcje to tenis sto\u0142owy, kurs wynosi 1,7 lub 1,8.\u00a0Wszystko dlatego, \u017ce mecze s\u0105 szybkie, a ryzyko tutaj du\u017ce.\u00a0Jednak nagroda za zgod\u0119 na udzia\u0142 w tym ryzyku jest r\u00f3wnie\u017c znakomita.\u00a0Mo\u017cesz wypr\u00f3bowa\u0107 r\u00f3\u017cne taktyki i strategie, aby otrzyma\u0107 nagrod\u0119 na swoje konto.<\/p>\n<p>Oto niekt\u00f3re z najbardziej znanych wskaz\u00f3wek ekspert\u00f3w:<\/p>\n<ul>\n<li aria-level=\"1\">spr\u00f3buj od pocz\u0105tku podzieli\u0107 sw\u00f3j bud\u017cet na 30 lub wi\u0119cej cz\u0119\u015bci.\u00a0Obstawiaj nie wi\u0119cej ni\u017c jedn\u0105 cz\u0119\u015b\u0107, aby ograniczy\u0107 swoje straty i wygrane.\u00a0Dzi\u0119ki temu mo\u017cliwe b\u0119dzie skorygowanie prognozy i zdobycie pieni\u0119dzy na odleg\u0142o\u015b\u0107;<\/li>\n<li aria-level=\"1\">powiniene\u015b cz\u0119\u015bciej wyp\u0142aca\u0107 zarobione pieni\u0105dze ze swojego konta, aby\u015b m\u00f3g\u0142 zobaczy\u0107 swoje wyniki.\u00a0Pozwoli ci to poczu\u0107 ci\u0119\u017car pieni\u0119dzy i zrozumie\u0107 istot\u0119 gry.\u00a0W przeciwnym razie \u0142atwo straci\u0107 kontakt z rzeczywisto\u015bci\u0105 i zacz\u0105\u0107 wydawa\u0107 wszystko pod rz\u0105d;<\/li>\n<li aria-level=\"1\">staraj si\u0119 panowa\u0107 nad emocjami i od razu zapisuj wyniki swoich zak\u0142ad\u00f3w.\u00a0W takim przypadku \u0142atwiej b\u0119dzie Ci znale\u017a\u0107 idealn\u0105 r\u00f3wnowag\u0119 mi\u0119dzy kwot\u0105 zak\u0142adu a kursem.<\/li>\n<\/ul>\n<p>Pami\u0119taj, aby wypr\u00f3bowa\u0107 r\u00f3\u017cne strategie i taktyki, aby wygra\u0107.\u00a0Nie zapomnij r\u00f3wnie\u017c o doskona\u0142ych bonusach, kt\u00f3re mo\u017cesz szybko uzyska\u0107 na stronie g\u0142\u00f3wnej.<\/p>\n<p><img loading=\"lazy\" decoding=\"async\" src=\"https:\/\/rocketplay-game.com\/wp-content\/uploads\/2023\/01\/table-tennis-300x143.jpg\" sizes=\"auto, (max-width: 800px) 100vw, 800px\" srcset=\"https:\/\/rocketplay-game.com\/wp-content\/uploads\/2023\/01\/table-tennis-300x143.jpg 300w, https:\/\/rocketplay-game.com\/wp-content\/uploads\/2023\/01\/table-tennis-1024x487.jpg 1024w, https:\/\/rocketplay-game.com\/wp-content\/uploads\/2023\/01\/table-tennis-768x365.jpg 768w, https:\/\/rocketplay-game.com\/wp-content\/uploads\/2023\/01\/table-tennis.jpg 1220w\" alt=\"\" width=\"800\" height=\"380\" data-lazy-type=\"image\" data-src=\"https:\/\/rocketplay-game.com\/wp-content\/uploads\/2023\/01\/table-tennis-300x143.jpg\" data-srcset=\"\" \/><\/p>\n<h2>Cz\u0119sto zadawane pytania<\/h2>\n<p>Opr\u00f3cz przydatnych wskaz\u00f3wek dotycz\u0105cych zak\u0142ad\u00f3w na tenisa sto\u0142owego, zalecamy przeczytanie serii odpowiedzi na popularne pytania pocz\u0105tkuj\u0105cych.\u00a0Spr\u00f3buj zrozumie\u0107 wszystkie specyfiki tej dyscypliny sportu i zacznij cieszy\u0107 si\u0119 swoimi zak\u0142adami.<\/p>\n<h3>Jakie s\u0105 zalety obstawiania tenisa sto\u0142owego?<\/h3>\n<p>G\u0142\u00f3wn\u0105 zalet\u0105 jest to, \u017ce mo\u017cesz jak najszybciej zanurzy\u0107 si\u0119 w grze, pozna\u0107 zasady i zacz\u0105\u0107 zarabia\u0107.\u00a0Wszystkie mecze rozgrywane s\u0105 w odst\u0119pie 15 minut, co oznacza, \u017ce \u200b\u200bmasz gwarantowan\u0105 szans\u0119 na wygran\u0105.\u00a0Wiele wynik\u00f3w i s\u0142awni sportowcy sprawi\u0105, \u017ce gra b\u0119dzie bardziej ekscytuj\u0105ca i zr\u00f3\u017cnicowana.<\/p>\n<h3>Ile mog\u0119 zarobi\u0107 na jednym zak\u0142adzie na tenis sto\u0142owy?<\/h3>\n<p>Nie ma limitu maksymalnych wygranych per se, ale og\u00f3lne zasady mo\u017cna znale\u017a\u0107 w g\u0142\u00f3wnych dokumentach kasyna.\u00a0Im bardziej popularny turniej wybierzesz, tym wi\u0119ksze masz szanse na jednoczesne postawienie du\u017cej sumy pieni\u0119dzy.\u00a0Spr\u00f3buj skorzysta\u0107 z wyj\u0105tkowej okazji, aby zarobi\u0107 du\u017co od razu na jednym zak\u0142adzie.\u00a0Poniewa\u017c jednak mecze s\u0105 zwykle szybkie, kwota za zak\u0142ad nie jest zbyt znacz\u0105ca.<\/p>\n<h3>Jakie s\u0105 ograniczenia dotycz\u0105ce wycofania si\u0119 po wygranej w tenisa sto\u0142owego?<\/h3>\n<p>Na najlepszych stronach bukmacherskich do tenisa sto\u0142owego nie b\u0119dziesz mia\u0142 \u017cadnych problem\u00f3w z wyp\u0142at\u0105 \u015brodk\u00f3w po wygranej.\u00a0Takie firmy hazardowe mo\u017cna znale\u017a\u0107 na naszej stronie internetowej, poniewa\u017c tworzymy wysokiej jako\u015bci recenzje.\u00a0Starannie testujemy funkcjonalno\u015b\u0107 kasyna podczas pisania materia\u0142\u00f3w, a nawet kontaktujemy si\u0119 z pomoc\u0105 techniczn\u0105.\u00a0Oznacza to, \u017ce mo\u017cesz zaufa\u0107 danym, kt\u00f3re od nas otrzymujemy i rozpocz\u0105\u0107 zabawn\u0105 gr\u0119 ju\u017c teraz.<\/p>\n","protected":false},"excerpt":{"rendered":"<p>G\u0142\u00f3wnym powodem popularno\u015bci zak\u0142ad\u00f3w na tenis sto\u0142owy jest to, \u017ce ka\u017cdy mo\u017ce zarobi\u0107 dziesi\u0105tki tysi\u0119cy dolar\u00f3w na takich zak\u0142adach.\u00a0Zasady s\u0105 proste, a gracze ci\u0105gle si\u0119 zmieniaj\u0105.\u00a0Ka\u017cda gra trwa nie d\u0142u\u017cej ni\u017c 10-15 minut, co oznacza, \u017ce \u200b\u200bka\u017cdego dnia odbywa si\u0119 wiele wydarze\u0144.\u00a0Zalecamy zaufa\u0107 g\u0142\u00f3wnym turniejom i dowiedzie\u0107 si\u0119 wi\u0119cej o zaletach tenisa sto\u0142owego dla obstawiania&#8230;<\/p>\n","protected":false},"author":1,"featured_media":0,"parent":0,"menu_order":0,"comment_status":"closed","ping_status":"closed","template":"page-with-bonus.php","meta":{"_acf_changed":false,"_kad_post_transparent":"default","_kad_post_title":"default","_kad_post_layout":"default","_kad_post_sidebar_id":"","_kad_post_content_style":"default","_kad_post_vertical_padding":"default","_kad_post_feature":"","_kad_post_feature_position":"","_kad_post_header":false,"_kad_post_footer":false,"footnotes":""},"class_list":["post-3790","page","type-page","status-publish","hentry"],"acf":[],"rttpg_featured_image_url":null,"rttpg_author":{"display_name":"Tom","author_link":"https:\/\/rocketplay-game.com\/pl\/author\/pemvas95n89x\/"},"rttpg_comment":0,"rttpg_category":null,"rttpg_excerpt":"G\u0142\u00f3wnym powodem popularno\u015bci zak\u0142ad\u00f3w na tenis sto\u0142owy jest to, \u017ce ka\u017cdy mo\u017ce zarobi\u0107 dziesi\u0105tki tysi\u0119cy dolar\u00f3w na takich zak\u0142adach.\u00a0Zasady s\u0105 proste, a gracze ci\u0105gle si\u0119 zmieniaj\u0105.\u00a0Ka\u017cda gra trwa nie d\u0142u\u017cej ni\u017c 10-15 minut, co oznacza, \u017ce \u200b\u200bka\u017cdego dnia odbywa si\u0119 wiele wydarze\u0144.\u00a0Zalecamy zaufa\u0107 g\u0142\u00f3wnym turniejom i dowiedzie\u0107 si\u0119 wi\u0119cej o zaletach tenisa sto\u0142owego dla obstawiania...","_links":{"self":[{"href":"https:\/\/rocketplay-game.com\/pl\/wp-json\/wp\/v2\/pages\/3790","targetHints":{"allow":["GET"]}}],"collection":[{"href":"https:\/\/rocketplay-game.com\/pl\/wp-json\/wp\/v2\/pages"}],"about":[{"href":"https:\/\/rocketplay-game.com\/pl\/wp-json\/wp\/v2\/types\/page"}],"author":[{"embeddable":true,"href":"https:\/\/rocketplay-game.com\/pl\/wp-json\/wp\/v2\/users\/1"}],"replies":[{"embeddable":true,"href":"https:\/\/rocketplay-game.com\/pl\/wp-json\/wp\/v2\/comments?post=3790"}],"version-history":[{"count":4,"href":"https:\/\/rocketplay-game.com\/pl\/wp-json\/wp\/v2\/pages\/3790\/revisions"}],"predecessor-version":[{"id":3794,"href":"https:\/\/rocketplay-game.com\/pl\/wp-json\/wp\/v2\/pages\/3790\/revisions\/3794"}],"wp:attachment":[{"href":"https:\/\/rocketplay-game.com\/pl\/wp-json\/wp\/v2\/media?parent=3790"}],"curies":[{"name":"wp","href":"https:\/\/api.w.org\/{rel}","templated":true}]}}