{"id":3796,"date":"2023-01-10T16:05:13","date_gmt":"2023-01-10T13:05:13","guid":{"rendered":"https:\/\/rocketplay-game.com\/sports-betting\/ufc\/"},"modified":"2023-01-20T14:18:18","modified_gmt":"2023-01-20T11:18:18","slug":"ufc","status":"publish","type":"page","link":"https:\/\/rocketplay-game.com\/pl\/ufc\/","title":{"rendered":"Przegl\u0105d zak\u0142ad\u00f3w UFC"},"content":{"rendered":"<p>Zawody w mieszanych sztukach walki nazywane s\u0105 walkami bez regu\u0142.\u00a0Istniej\u0105 jednak okre\u015blone zasady.\u00a0S\u0105 surowi.\u00a0Dlatego wa\u017cne jest, aby wzi\u0105\u0107 pod uwag\u0119 to wszystko, wybieraj\u0105c zak\u0142ady UFC na zak\u0142ady.\u00a0Wielu obstawiaj\u0105cych stawia na UFC, bawi\u0105c si\u0119 obserwuj\u0105c, co si\u0119 dzieje.\u00a0Istnieje mo\u017cliwo\u015b\u0107 znacznej poprawy swojego samopoczucia finansowego bez wysi\u0142ku fizycznego.<\/p>\n<p><img loading=\"lazy\" decoding=\"async\" class=\"aligncenter wp-image-3377 lazy-loaded\" src=\"https:\/\/rocketplay-game.com\/wp-content\/uploads\/2023\/01\/ecfc44ff4496f67_886x452-300x153.png\" sizes=\"auto, (max-width: 800px) 100vw, 800px\" srcset=\"https:\/\/rocketplay-game.com\/wp-content\/uploads\/2023\/01\/ecfc44ff4496f67_886x452-300x153.png 300w, https:\/\/rocketplay-game.com\/wp-content\/uploads\/2023\/01\/ecfc44ff4496f67_886x452-768x392.png 768w, https:\/\/rocketplay-game.com\/wp-content\/uploads\/2023\/01\/ecfc44ff4496f67_886x452.png 886w\" alt=\"\" width=\"800\" height=\"408\" data-lazy-type=\"image\" data-src=\"https:\/\/rocketplay-game.com\/wp-content\/uploads\/2023\/01\/ecfc44ff4496f67_886x452-300x153.png\" data-srcset=\"\" \/><\/p>\n<h2>Wyja\u015bnienie popularnych i najlepszych zak\u0142ad\u00f3w UFC<\/h2>\n<p>Na najlepszej stronie bukmacherskiej UFC dost\u0119pnych jest wiele r\u00f3\u017cnych zak\u0142ad\u00f3w:<\/p>\n<ol>\n<li aria-level=\"1\">Wybieraj\u0105c zak\u0142ad na dok\u0142adny wynik walki, obstawiaj\u0105cy powinien postawi\u0107 na zwyci\u0119stwo jednego lub drugiego przeciwnika.\u00a0Najcz\u0119\u015bciej s\u0105 w przybli\u017ceniu w tej samej kategorii wagowej.\u00a0Dlatego nie ma wyra\u017anych faworyt\u00f3w.\u00a0Ale obstawiaj\u0105cy czeka na atrakcyjne kursy.<\/li>\n<li aria-level=\"1\">Wybieraj\u0105c zak\u0142ad na czas trwania walki, szanse s\u0105 nie mniej wysokie.\u00a0A je\u015bli zak\u0142ad zostanie rozegrany, obstawiaj\u0105cy uzyska znaczny doch\u00f3d finansowy.<\/li>\n<li aria-level=\"1\">Wybieraj\u0105c tryb na \u017cywo, m\u0105drze b\u0119dzie postawi\u0107 na decyzj\u0119 s\u0119dziego.\u00a0Istnieje mo\u017cliwo\u015b\u0107 obserwowania reakcji s\u0119dzi\u00f3w.<\/li>\n<li aria-level=\"1\">W obecno\u015bci zdecydowanego outsidera mo\u017cna postawi\u0107 na zwyci\u0119stwo gracza bolesnym lub dusz\u0105cym chwytem.<\/li>\n<\/ol>\n<p>Istniej\u0105 inne zak\u0142ady na UFC.\u00a0I ka\u017cdy mo\u017ce sam zdecydowa\u0107, kt\u00f3ry wybra\u0107.<\/p>\n<h2>Jak obstawia\u0107 UFC<\/h2>\n<p>Aby obstawi\u0107 najlepsz\u0105 aplikacj\u0119 bukmachersk\u0105 UFC.\u00a0Niezb\u0119dna jest kompetentna analiza przebiegu zdarze\u0144, zwracaj\u0105c uwag\u0119 na istotne sk\u0142adowe:<\/p>\n<ol>\n<li aria-level=\"1\">Forma wojownik\u00f3w odgrywa rol\u0119.\u00a0Aby przeanalizowa\u0107 to pytanie, warto przyjrze\u0107 si\u0119 statystykom ostatnich walk dla ka\u017cdego zawodnika.<\/li>\n<li aria-level=\"1\">Konieczne jest zapoznanie si\u0119 z najnowszymi wiadomo\u015bciami o zawodnikach bior\u0105cych udzia\u0142 w walce, na kt\u00f3r\u0105 zamierzasz postawi\u0107.\u00a0W ten spos\u00f3b mo\u017cna dowiedzie\u0107 si\u0119 o kondycji uczestnik\u00f3w.<\/li>\n<li aria-level=\"1\">Charakterystyka my\u015bliwc\u00f3w r\u00f3wnie\u017c powinna by\u0107 brana pod uwag\u0119 w spos\u00f3b obowi\u0105zkowy.\u00a0Ka\u017cdy ma swoje mocne i s\u0142abe strony.\u00a0A znaj\u0105c je, mo\u017cesz dok\u0142adniej przewidzie\u0107 wynik walki.<\/li>\n<li aria-level=\"1\">\u017badna dodatkowa nie b\u0119dzie opini\u0105 ekspert\u00f3w.\u00a0Dotyczy to zbli\u017caj\u0105cej si\u0119 walki, a tak\u017ce szans na udzia\u0142 w niej zawodnik\u00f3w.<\/li>\n<\/ol>\n<p>Ka\u017cdy mo\u017ce wybra\u0107 jeden typ przewodnika po zak\u0142adach UFC, aby sp\u0119dzi\u0107 przyjemny i ekscytuj\u0105cy czas, maj\u0105c jednocze\u015bnie wszelkie szanse na radykaln\u0105 zmian\u0119 swojego \u017cycia poprzez zwi\u0119kszenie kapita\u0142u finansowego dzi\u0119ki obstawianym zak\u0142adom.<\/p>\n<h2>Wskaz\u00f3wki i strategie bukmacherskie UFC<\/h2>\n<p>Aby skutecznie obstawia\u0107 zak\u0142ady na \u017cywo UFC i cz\u0119sto wygrywa\u0107, do\u015bwiadczeni gracze stosuj\u0105 r\u00f3\u017cne podej\u015bcia do gry:<\/p>\n<ol>\n<li aria-level=\"1\">Nale\u017cy przestudiowa\u0107 informacje z oboz\u00f3w szkoleniowych bojownik\u00f3w.<\/li>\n<li aria-level=\"1\">Nale\u017cy wzi\u0105\u0107 pod uwag\u0119 fluktuacje notowa\u0144.\u00a0A je\u015bli wyst\u0119puj\u0105 znaczne przesuni\u0119cia w linii, warto ponownie rozwa\u017cy\u0107 prognoz\u0119 i wprowadzi\u0107 korekty.<\/li>\n<\/ol>\n<p>To nie koniec wskaz\u00f3wek dotycz\u0105cych zak\u0142ad\u00f3w UFC:<\/p>\n<ol>\n<li aria-level=\"1\">Wybieraj\u0105c zak\u0142ady na \u017cywo, mo\u017cliwe jest obstawianie w trakcie walki.<\/li>\n<li aria-level=\"1\">Je\u015bli kt\u00f3ry\u015b z rywali odniesie kontuzj\u0119 na pocz\u0105tku walki, w kolejnych rundach sytuacja mo\u017ce si\u0119 pogorszy\u0107.\u00a0Nale\u017cy to wzi\u0105\u0107 pod uwag\u0119, obstawiaj\u0105c zak\u0142ad podczas walki.<\/li>\n<li aria-level=\"1\">Istotne jest w jakiej kondycji s\u0105 sportowcy.\u00a0Podczas walki konieczne jest przygotowanie si\u0119 na najbardziej nieoczekiwane scenariusze.<\/li>\n<\/ol>\n<p>Aby wygra\u0107 w zak\u0142adach UFC, trzeba by\u0107 uwa\u017cnym, mie\u0107 spokojny umys\u0142, nie polega\u0107 na emocjach i umie\u0107 je kontrolowa\u0107.<\/p>\n<p><img loading=\"lazy\" decoding=\"async\" class=\"aligncenter wp-image-3387 lazy-loaded\" src=\"https:\/\/rocketplay-game.com\/wp-content\/uploads\/2023\/01\/5858663a830ec-300x176.jpg\" sizes=\"auto, (max-width: 800px) 100vw, 800px\" srcset=\"https:\/\/rocketplay-game.com\/wp-content\/uploads\/2023\/01\/5858663a830ec-300x176.jpg 300w, https:\/\/rocketplay-game.com\/wp-content\/uploads\/2023\/01\/5858663a830ec-1024x602.jpg 1024w, https:\/\/rocketplay-game.com\/wp-content\/uploads\/2023\/01\/5858663a830ec-768x452.jpg 768w, https:\/\/rocketplay-game.com\/wp-content\/uploads\/2023\/01\/5858663a830ec.jpg 1360w\" alt=\"\" width=\"800\" height=\"471\" data-lazy-type=\"image\" data-src=\"https:\/\/rocketplay-game.com\/wp-content\/uploads\/2023\/01\/5858663a830ec-300x176.jpg\" data-srcset=\"\" \/><\/p>\n<h2>Najcz\u0119stsze b\u0142\u0119dy bukmacherskie UFC<\/h2>\n<p>Jeden z g\u0142\u00f3wnych b\u0142\u0119d\u00f3w mo\u017cna bezpiecznie nazwa\u0107 pewno\u015bci\u0105 siebie.\u00a0Aby obstawia\u0107 w aplikacji bukmacherskiej UFC, niezb\u0119dna jest znajomo\u015b\u0107 zasad tego sportu.\u00a0Ponadto dok\u0142adna analiza jest tutaj krytyczna.<\/p>\n<p>Konieczne jest wcze\u015bniejsze przestudiowanie mocnych i s\u0142abych stron przeciwnik\u00f3w, aby m\u00f3c dok\u0142adniej przewidzie\u0107 wynik walki i postawi\u0107 w\u0142a\u015bciwe zak\u0142ady.<\/p>\n<h2>Cz\u0119sto zadawane pytania<\/h2>\n<p>Dla tych, kt\u00f3rzy zdecydowali si\u0119 postawi\u0107 na UFC i kochaj\u0105 ten sport, pomocne b\u0119dzie przeczytanie odpowiedzi na najcz\u0119\u015bciej zadawane pytania.\u00a0Dla obstawiaj\u0105cych ta informacja b\u0119dzie istotna.<\/p>\n<h3>Dlaczego wiele os\u00f3b decyduje si\u0119 obstawia\u0107 UFC?<\/h3>\n<p>Istnieje realna mo\u017cliwo\u015b\u0107 obejrzenia odpowiednio dynamicznej i zaci\u0119tej walki przy jednoczesnym zarobieniu przyzwoitych pieni\u0119dzy na tym sporcie bez nadwyr\u0119\u017cania fizycznego.\u00a0W takich pojedynkach jest atrakcja:<\/p>\n<ul>\n<li aria-level=\"1\">spektakl;<\/li>\n<li aria-level=\"1\">dynamika;<\/li>\n<li aria-level=\"1\">konfrontacja zawodowych przeciwnik\u00f3w;<\/li>\n<li aria-level=\"1\">nieprzewidywalno\u015b\u0107 wyniku konkursu.<\/li>\n<\/ul>\n<p>Obstawiaj\u0105c kursy UFC, ka\u017cdy obstawiaj\u0105cy mo\u017ce uzyska\u0107 znaczny zysk.<\/p>\n<h3>Jaki jest w\u0142a\u015bciwy spos\u00f3b obstawiania UFC?<\/h3>\n<p>Aby obstawia\u0107 typy bukmacherskie UFC, konieczne jest:<\/p>\n<ul>\n<li aria-level=\"1\">wiedzie\u0107, jak porusza\u0107 si\u0119 po statystykach;<\/li>\n<li aria-level=\"1\">b\u0105d\u017a przygotowany na najbardziej nieoczekiwane wyniki w fina\u0142owych walkach;<\/li>\n<li aria-level=\"1\">umie\u0107 budowa\u0107 strategi\u0119;<\/li>\n<li aria-level=\"1\">we\u017a pod uwag\u0119 zasady rozgrywania zawod\u00f3w, poniewa\u017c mog\u0105 si\u0119 one r\u00f3\u017cni\u0107 w zale\u017cno\u015bci od tego, gdzie odbywaj\u0105 si\u0119 turnieje.<\/li>\n<\/ul>\n<p>Konieczne jest panowanie nad emocjami, uwa\u017cne \u015bledzenie wydarze\u0144 i opracowanie strategii.<\/p>\n<h3>Jaki rodzaj zak\u0142ad\u00f3w UFC warto wybra\u0107?<\/h3>\n<p>Do najpopularniejszych nale\u017c\u0105:<\/p>\n<ul>\n<li aria-level=\"1\">zak\u0142ad na dok\u0142adny wynik walki;<\/li>\n<li aria-level=\"1\">zak\u0142ady na czas trwania walki;<\/li>\n<li aria-level=\"1\">obstawianie decyzji s\u0119dzi\u00f3w jest mile widziane;<\/li>\n<li aria-level=\"1\">mo\u017cliwe jest obstawianie zwyci\u0119stwa gracza za pomoc\u0105 bolesnego lub dusz\u0105cego chwytu.<\/li>\n<\/ul>\n<p>Istniej\u0105 inne mo\u017cliwe zak\u0142ady na zak\u0142ady UFC Poland. I ka\u017cdy mo\u017ce wybra\u0107 dok\u0142adnie to, co woli.\u00a0Ka\u017cda opcja jest atrakcyjna i mo\u017ce przynie\u015b\u0107 przyzwoity doch\u00f3d, je\u015bli zak\u0142ad zostanie rozegrany.<\/p>\n","protected":false},"excerpt":{"rendered":"<p>Zawody w mieszanych sztukach walki nazywane s\u0105 walkami bez regu\u0142.\u00a0Istniej\u0105 jednak okre\u015blone zasady.\u00a0S\u0105 surowi.\u00a0Dlatego wa\u017cne jest, aby wzi\u0105\u0107 pod uwag\u0119 to wszystko, wybieraj\u0105c zak\u0142ady UFC na zak\u0142ady.\u00a0Wielu obstawiaj\u0105cych stawia na UFC, bawi\u0105c si\u0119 obserwuj\u0105c, co si\u0119 dzieje.\u00a0Istnieje mo\u017cliwo\u015b\u0107 znacznej poprawy swojego samopoczucia finansowego bez wysi\u0142ku fizycznego. Wyja\u015bnienie popularnych i najlepszych zak\u0142ad\u00f3w UFC Na najlepszej stronie&#8230;<\/p>\n","protected":false},"author":1,"featured_media":0,"parent":0,"menu_order":0,"comment_status":"closed","ping_status":"closed","template":"page-with-bonus.php","meta":{"_acf_changed":false,"_kad_post_transparent":"default","_kad_post_title":"default","_kad_post_layout":"default","_kad_post_sidebar_id":"","_kad_post_content_style":"default","_kad_post_vertical_padding":"default","_kad_post_feature":"","_kad_post_feature_position":"","_kad_post_header":false,"_kad_post_footer":false,"footnotes":""},"class_list":["post-3796","page","type-page","status-publish","hentry"],"acf":[],"rttpg_featured_image_url":null,"rttpg_author":{"display_name":"Tom","author_link":"https:\/\/rocketplay-game.com\/pl\/author\/pemvas95n89x\/"},"rttpg_comment":0,"rttpg_category":null,"rttpg_excerpt":"Zawody w mieszanych sztukach walki nazywane s\u0105 walkami bez regu\u0142.\u00a0Istniej\u0105 jednak okre\u015blone zasady.\u00a0S\u0105 surowi.\u00a0Dlatego wa\u017cne jest, aby wzi\u0105\u0107 pod uwag\u0119 to wszystko, wybieraj\u0105c zak\u0142ady UFC na zak\u0142ady.\u00a0Wielu obstawiaj\u0105cych stawia na UFC, bawi\u0105c si\u0119 obserwuj\u0105c, co si\u0119 dzieje.\u00a0Istnieje mo\u017cliwo\u015b\u0107 znacznej poprawy swojego samopoczucia finansowego bez wysi\u0142ku fizycznego. Wyja\u015bnienie popularnych i najlepszych zak\u0142ad\u00f3w UFC Na najlepszej stronie...","_links":{"self":[{"href":"https:\/\/rocketplay-game.com\/pl\/wp-json\/wp\/v2\/pages\/3796","targetHints":{"allow":["GET"]}}],"collection":[{"href":"https:\/\/rocketplay-game.com\/pl\/wp-json\/wp\/v2\/pages"}],"about":[{"href":"https:\/\/rocketplay-game.com\/pl\/wp-json\/wp\/v2\/types\/page"}],"author":[{"embeddable":true,"href":"https:\/\/rocketplay-game.com\/pl\/wp-json\/wp\/v2\/users\/1"}],"replies":[{"embeddable":true,"href":"https:\/\/rocketplay-game.com\/pl\/wp-json\/wp\/v2\/comments?post=3796"}],"version-history":[{"count":3,"href":"https:\/\/rocketplay-game.com\/pl\/wp-json\/wp\/v2\/pages\/3796\/revisions"}],"predecessor-version":[{"id":3986,"href":"https:\/\/rocketplay-game.com\/pl\/wp-json\/wp\/v2\/pages\/3796\/revisions\/3986"}],"wp:attachment":[{"href":"https:\/\/rocketplay-game.com\/pl\/wp-json\/wp\/v2\/media?parent=3796"}],"curies":[{"name":"wp","href":"https:\/\/api.w.org\/{rel}","templated":true}]}}