{"id":4135,"date":"2023-08-16T22:51:40","date_gmt":"2023-08-16T19:51:40","guid":{"rendered":"https:\/\/rocketplay-game.com\/slots\/9-coins\/"},"modified":"2023-10-07T10:41:07","modified_gmt":"2023-10-07T07:41:07","slug":"9-coins","status":"publish","type":"page","link":"https:\/\/rocketplay-game.com\/pl\/slots\/9-coins\/","title":{"rendered":"Zagraj w automacie 9 Coins i zbierz swoj\u0105 drog\u0119 do bogactwa! Zakr\u0119\u0107 b\u0119bnami, aktywuj bonusy i odkryj \u015bcie\u017ck\u0119 do niesamowitych nagr\u00f3d. Do\u0142\u0105cz teraz!"},"content":{"rendered":"<p>Gotowy na ekscytuj\u0105c\u0105 podr\u00f3\u017c do \u015bwiata fortuny? Witamy w grze slotowej 9 Coins. To ekscytuj\u0105ca gra kasynowa pe\u0142na mo\u017cliwo\u015bci wielkich wygranych. Zag\u0142\u0119bmy si\u0119 w recenzj\u0119 automatu 9 Coins.<\/p>\n<h2>Recenzja automatu 9 Coins<\/h2>\n<p>Automat do gry 9 Coins zabiera graczy w ekscytuj\u0105c\u0105 podr\u00f3\u017c w poszukiwaniu skarb\u00f3w. Tematem przewodnim jest bogactwo i szcz\u0119\u015bcie zwi\u0105zane z liczb\u0105 9, przedstawione w \u017cywej grafice i wci\u0105gaj\u0105cych efektach d\u017awi\u0119kowych. Gra zawiera standardowe symbole, symbole specjalne i szereg rund bonusowych, z kt\u00f3rych ka\u017cda oferuje inny poziom nagr\u00f3d. Wilds i Scatters wprowadzaj\u0105 wci\u0105gaj\u0105c\u0105 rozgrywk\u0119, a unikalna funkcja \u201e9 monet\u201d jest bram\u0105 do znacznych wyp\u0142at.<\/p>\n<p><img loading=\"lazy\" decoding=\"async\" class=\"aligncenter size-full wp-image-4032\" src=\"https:\/\/rocketplay-game.com\/wp-content\/uploads\/2023\/08\/9coinsgrandgoldeditionslot.png\" alt=\"Unveiling the Wealth of 9 Coins Slot 1\" width=\"995\" height=\"523\" srcset=\"https:\/\/rocketplay-game.com\/wp-content\/uploads\/2023\/08\/9coinsgrandgoldeditionslot.png 995w, https:\/\/rocketplay-game.com\/wp-content\/uploads\/2023\/08\/9coinsgrandgoldeditionslot-300x158.png 300w, https:\/\/rocketplay-game.com\/wp-content\/uploads\/2023\/08\/9coinsgrandgoldeditionslot-768x404.png 768w\" sizes=\"auto, (max-width: 995px) 100vw, 995px\" \/><\/p>\n<h2>Odkrywanie wersji demonstracyjnej automatu na 9 monet<\/h2>\n<p>Demo automatu 9 Coins stanowi doskona\u0142\u0105 platform\u0119 dla nowych graczy. Pozwala im zrozumie\u0107 mechanik\u0119 gry, pozna\u0107 jej funkcje i opracowa\u0107 potencjalne strategie bez ryzykowania prawdziwych pieni\u0119dzy. Wersja demonstracyjna odwzorowuje emocje zwi\u0105zane z gr\u0105, ale zapewnia dodatkow\u0105 zalet\u0119 polegaj\u0105c\u0105 na \u0107wiczeniach pozbawionych ryzyka.<\/p>\n<h2>Du\u017ce wygrane dzi\u0119ki 9 darmowym spinom w Australii<\/h2>\n<p>Darmowe spiny s\u0105 istotnym sk\u0142adnikiem 9 darmowych spin\u00f3w w Australii, szczeg\u00f3lnie atrakcyjnych dla graczy w Australii. Nie tylko zwi\u0119kszaj\u0105 emocje w grze, ale tak\u017ce otwieraj\u0105 mo\u017cliwo\u015bci wi\u0119kszych zwyci\u0119stw. Uruchamiane przez okre\u015blone kombinacje symboli, te 9 darmowych spin\u00f3w mog\u0105 czasami zawiera\u0107 mno\u017cniki, wyk\u0142adniczo zwi\u0119kszaj\u0105ce Twoje wygrane.<\/p>\n<h2>Ulepszenie gry dzi\u0119ki 9 darmowym spinom w Australii<\/h2>\n<p>Mo\u017cliwo\u015b\u0107 zdobycia ci\u0105gu wygranych podczas darmowych spin\u00f3w 9 Coins jest ekscytuj\u0105ca. Gracze czekaj\u0105 z niecierpliwo\u015bci\u0105 na te wyj\u0105tkowe chwile, poniewa\u017c mog\u0105 one radykalnie zmieni\u0107 przebieg gry. Mo\u017cliwo\u015b\u0107 zgromadzenia wi\u0119kszej liczby nagr\u00f3d bez stawiania dodatkowych pieni\u0119dzy jest kusz\u0105c\u0105 perspektyw\u0105.<\/p>\n<p>Co wi\u0119cej, darmowe spiny cz\u0119sto zawieraj\u0105 bardziej wyszukane animacje i efekty d\u017awi\u0119kowe, kt\u00f3re zwi\u0119kszaj\u0105 og\u00f3lne wra\u017cenia z gry. Te funkcje sprawiaj\u0105, \u017ce sesja darmowych spin\u00f3w jest nie tylko potencjalnie bardziej op\u0142acalna, ale tak\u017ce przyjemniejsza.<\/p>\n<p>Warto r\u00f3wnie\u017c zauwa\u017cy\u0107, \u017ce darmowe spiny daj\u0105 graczom szans\u0119 na poznanie dynamiki gry i lepsze zrozumienie jej mechaniki bez ryzykowania swojego salda. Praktyka ta mo\u017ce prowadzi\u0107 do bardziej strategicznego i \u015bwiadomego obstawiania podczas gry na prawdziwe pieni\u0105dze. Kr\u00f3tko m\u00f3wi\u0105c, darmowe spiny 9 Coins oferuj\u0105 wszechstronne po\u0142\u0105czenie dreszczyku emocji, nauki i potencjalnych wygranych, co czyni je integraln\u0105 cz\u0119\u015bci\u0105 wra\u017ce\u0144 z gry w Australii.<\/p>\n<p><img loading=\"lazy\" decoding=\"async\" class=\"aligncenter size-full wp-image-4022\" src=\"https:\/\/rocketplay-game.com\/wp-content\/uploads\/2023\/08\/55.png\" alt=\"Unveiling the Wealth of 9 Coins Slot 2\" width=\"709\" height=\"376\" srcset=\"https:\/\/rocketplay-game.com\/wp-content\/uploads\/2023\/08\/55.png 709w, https:\/\/rocketplay-game.com\/wp-content\/uploads\/2023\/08\/55-300x159.png 300w\" sizes=\"auto, (max-width: 709px) 100vw, 709px\" \/><\/p>\n<h2>Prawdziwe pieni\u0105dze wygrywaj\u0105 z 9 monetami<\/h2>\n<p>Gra w 9 Coins na prawdziwe pieni\u0105dze przenosi emocje na wy\u017cszy poziom. Oferta zak\u0142ad\u00f3w jest szeroka i dostosowana do graczy o r\u00f3\u017cnych bud\u017cetach. Przy odpowiedniej strategii i odrobinie szcz\u0119\u015bcia gracze mog\u0105 uzyska\u0107 znaczne wyp\u0142aty, co czyni automaty 9 Coins obiecuj\u0105cym wyborem dla tych, kt\u00f3rzy szukaj\u0105 rozrywki w kasynie na prawdziwe pieni\u0105dze.<\/p>\n<p>Podsumowuj\u0105c, automat 9 Coins oferuje wci\u0105gaj\u0105ce wra\u017cenia z gry z obiecuj\u0105cymi potencjalnymi nagrodami. Niezale\u017cnie od tego, czy pr\u00f3bujesz wypr\u00f3bowa\u0107 wersj\u0119 demonstracyjn\u0105 automatu 9 Coins, czy te\u017c d\u0105\u017cysz do wygranych w 9 Coins na prawdziwe pieni\u0105dze, wyrusz w t\u0119 ekscytuj\u0105c\u0105 podr\u00f3\u017c do kasyna ju\u017c dzi\u015b!<\/p>\n","protected":false},"excerpt":{"rendered":"<p>Gotowy na ekscytuj\u0105c\u0105 podr\u00f3\u017c do \u015bwiata fortuny? Witamy w grze slotowej 9 Coins. To ekscytuj\u0105ca gra kasynowa pe\u0142na mo\u017cliwo\u015bci wielkich wygranych. Zag\u0142\u0119bmy si\u0119 w recenzj\u0119 automatu 9 Coins. Recenzja automatu 9 Coins Automat do gry 9 Coins zabiera graczy w ekscytuj\u0105c\u0105 podr\u00f3\u017c w poszukiwaniu skarb\u00f3w. Tematem przewodnim jest bogactwo i szcz\u0119\u015bcie zwi\u0105zane z liczb\u0105 9,&#8230;<\/p>\n","protected":false},"author":1,"featured_media":0,"parent":2073,"menu_order":0,"comment_status":"closed","ping_status":"closed","template":"page-with-slot.php","meta":{"_acf_changed":false,"_kad_post_transparent":"default","_kad_post_title":"default","_kad_post_layout":"default","_kad_post_sidebar_id":"","_kad_post_content_style":"default","_kad_post_vertical_padding":"default","_kad_post_feature":"","_kad_post_feature_position":"","_kad_post_header":false,"_kad_post_footer":false,"footnotes":""},"class_list":["post-4135","page","type-page","status-publish","hentry"],"acf":[],"rttpg_featured_image_url":null,"rttpg_author":{"display_name":"Tom","author_link":"https:\/\/rocketplay-game.com\/pl\/author\/pemvas95n89x\/"},"rttpg_comment":0,"rttpg_category":null,"rttpg_excerpt":"Gotowy na ekscytuj\u0105c\u0105 podr\u00f3\u017c do \u015bwiata fortuny? Witamy w grze slotowej 9 Coins. To ekscytuj\u0105ca gra kasynowa pe\u0142na mo\u017cliwo\u015bci wielkich wygranych. Zag\u0142\u0119bmy si\u0119 w recenzj\u0119 automatu 9 Coins. Recenzja automatu 9 Coins Automat do gry 9 Coins zabiera graczy w ekscytuj\u0105c\u0105 podr\u00f3\u017c w poszukiwaniu skarb\u00f3w. Tematem przewodnim jest bogactwo i szcz\u0119\u015bcie zwi\u0105zane z liczb\u0105 9,...","_links":{"self":[{"href":"https:\/\/rocketplay-game.com\/pl\/wp-json\/wp\/v2\/pages\/4135","targetHints":{"allow":["GET"]}}],"collection":[{"href":"https:\/\/rocketplay-game.com\/pl\/wp-json\/wp\/v2\/pages"}],"about":[{"href":"https:\/\/rocketplay-game.com\/pl\/wp-json\/wp\/v2\/types\/page"}],"author":[{"embeddable":true,"href":"https:\/\/rocketplay-game.com\/pl\/wp-json\/wp\/v2\/users\/1"}],"replies":[{"embeddable":true,"href":"https:\/\/rocketplay-game.com\/pl\/wp-json\/wp\/v2\/comments?post=4135"}],"version-history":[{"count":2,"href":"https:\/\/rocketplay-game.com\/pl\/wp-json\/wp\/v2\/pages\/4135\/revisions"}],"predecessor-version":[{"id":4137,"href":"https:\/\/rocketplay-game.com\/pl\/wp-json\/wp\/v2\/pages\/4135\/revisions\/4137"}],"up":[{"embeddable":true,"href":"https:\/\/rocketplay-game.com\/pl\/wp-json\/wp\/v2\/pages\/2073"}],"wp:attachment":[{"href":"https:\/\/rocketplay-game.com\/pl\/wp-json\/wp\/v2\/media?parent=4135"}],"curies":[{"name":"wp","href":"https:\/\/api.w.org\/{rel}","templated":true}]}}