{"id":4169,"date":"2023-08-16T22:53:21","date_gmt":"2023-08-16T19:53:21","guid":{"rendered":"https:\/\/rocketplay-game.com\/slots\/gold-express\/"},"modified":"2023-10-07T15:09:30","modified_gmt":"2023-10-07T12:09:30","slug":"gold-express","status":"publish","type":"page","link":"https:\/\/rocketplay-game.com\/pl\/slots\/gold-express\/","title":{"rendered":"Automat Gold Express: Tw\u00f3j bilet do ekscytuj\u0105cych nagr\u00f3d"},"content":{"rendered":"<p>Wszyscy na pok\u0142ad Gold Express! Ta ekscytuj\u0105ca gra zabierze Ci\u0119 w ekscytuj\u0105c\u0105 podr\u00f3\u017c wype\u0142nion\u0105 z\u0142otem, nagrodami i napi\u0119ciem. Czy jeste\u015b gotowy, aby zagra\u0107 na automacie Gold Express i rozpocz\u0105\u0107 przygod\u0119?<\/p>\n<p><img loading=\"lazy\" decoding=\"async\" class=\"aligncenter wp-image-4043\" src=\"https:\/\/rocketplay-game.com\/wp-content\/uploads\/2023\/08\/ss_ac0a83c944cadc82334d1d686d7159f938da4f90.1920x1080.jpg\" alt=\"Gold Express Slot 1\" width=\"804\" height=\"452\" srcset=\"https:\/\/rocketplay-game.com\/wp-content\/uploads\/2023\/08\/ss_ac0a83c944cadc82334d1d686d7159f938da4f90.1920x1080.jpg 1280w, https:\/\/rocketplay-game.com\/wp-content\/uploads\/2023\/08\/ss_ac0a83c944cadc82334d1d686d7159f938da4f90.1920x1080-300x169.jpg 300w, https:\/\/rocketplay-game.com\/wp-content\/uploads\/2023\/08\/ss_ac0a83c944cadc82334d1d686d7159f938da4f90.1920x1080-1024x576.jpg 1024w, https:\/\/rocketplay-game.com\/wp-content\/uploads\/2023\/08\/ss_ac0a83c944cadc82334d1d686d7159f938da4f90.1920x1080-768x432.jpg 768w\" sizes=\"auto, (max-width: 804px) 100vw, 804px\" \/><\/p>\n<h2>Gra w Gold Express<\/h2>\n<p>Aby zagra\u0107 w Gold Express Slot, musisz zrozumie\u0107 jego zasady. Gra zawiera kilka symboli &#8211; ka\u017cdy o unikalnej warto\u015bci. Wyr\u00f3wnanie tych symboli mi\u0119dzy liniami wyp\u0142at prowadzi do wygranych. Z ka\u017cdym obrotem wzrasta dreszcz, gdy obserwujesz wiruj\u0105ce ko\u0142ki, potencjalnie prowadz\u0105c do du\u017cej wyp\u0142aty.<\/p>\n<h2>Ciesz\u0105c si\u0119 darmowym Gold Express<\/h2>\n<p>Przed graniem prawdziwymi pieni\u0119dzmi, zastan\u00f3w si\u0119 nad wypr\u00f3bowaniem Free Gold Express. Ta wersja demonstracyjna oferuje takie samo emocje bez \u017cadnego ryzyka finansowego. To doskona\u0142y spos\u00f3b na zapoznanie si\u0119 z gr\u0105 i opracowanie zwyci\u0119skiej strategii. Gdy poczujesz si\u0119 komfortowo, mo\u017cesz ponownie zagra\u0107 w Gold Express, tym razem z prawdziwymi pieni\u0119dzmi na prawdziwe nagrody.<\/p>\n<h2>Zwi\u0119kszenie do\u015bwiadczenia z Free Gold Express<\/h2>\n<p>Pi\u0119kno Free Gold Express to jego zdolno\u015b\u0107 do zapewnienia prawdziwego wyczucia gry. Replikaj\u0105c prawdziwe \u015brodowisko gry, daje smak faktycznej rozgrywki, grafiki i funkcji bonusowych. Dreszcz uderzenia w zwyci\u0119skie kombinacje pozostaje takie same, mimo \u017ce nie zak\u0142adasz prawdziwych pieni\u0119dzy.<\/p>\n<p>Ponadto bezp\u0142atna wersja pozwala oceni\u0107 zmienno\u015b\u0107 i wzorce wyp\u0142aty. Ten wgl\u0105d mo\u017ce by\u0107 przyczyn\u0105, gdy przechodzisz na zabaw\u0119 z prawdziwymi pieni\u0119dzmi, pomagaj\u0105c podejmowa\u0107 \u015bwiadome decyzje dotycz\u0105ce wielko\u015bci i cz\u0119stotliwo\u015bci zak\u0142ad\u00f3w.<\/p>\n<p>Wreszcie, Free Gold Express s\u0142u\u017cy r\u00f3wnie\u017c jako zabawne dzia\u0142anie dla tych, kt\u00f3rzy po prostu uwielbiaj\u0105 temat i grafik\u0119 gry. Dlatego, niezale\u017cnie od tego, czy chcesz \u0107wiczy\u0107 swoje strategie, zrozumie\u0107 mechanik\u0119 gry, czy po prostu ciesz si\u0119 bez ryzyka wra\u017cenia z gier, Free Gold Express jest \u015bwietnym punktem wyj\u015bcia.<\/p>\n<h2>Uwolnienie bonusu Gold Express<\/h2>\n<p>Gold Express zawiera r\u00f3wnie\u017c funkcj\u0119 bonusu Gold Express. Ten ekscytuj\u0105cy element jest wywo\u0142ywany przez okre\u015blone kombinacje symboli, co daje ci jeszcze wi\u0119ksze wygrane. Runda bonusowa wzmacnia dreszczyk emocji, dzi\u0119ki czemu podr\u00f3\u017c Gold Express jest naprawd\u0119 urzekaj\u0105c\u0105<\/p>\n<h2>Gold Express Hold Review<\/h2>\n<p>Gold Express Hold Variant dodaje do gry kolejn\u0105 warstw\u0119 podniecenia. Ta wersja oferuje dodatkowe funkcje, tworz\u0105c wi\u0119cej sposob\u00f3w wygrania. Dzi\u0119ki anga\u017cuj\u0105cej rozgrywce, wci\u0105gaj\u0105cym grafice i napi\u0119ciu efektom d\u017awi\u0119kowym Gold Express Hold Review ujawnia ekscytuj\u0105ce wra\u017cenia z gier.<\/p>\n<p><img loading=\"lazy\" decoding=\"async\" class=\"aligncenter wp-image-4052\" src=\"https:\/\/rocketplay-game.com\/wp-content\/uploads\/2023\/08\/image.jpg\" alt=\"Gold Express Slot 2\" width=\"802\" height=\"451\" srcset=\"https:\/\/rocketplay-game.com\/wp-content\/uploads\/2023\/08\/image.jpg 1920w, https:\/\/rocketplay-game.com\/wp-content\/uploads\/2023\/08\/image-300x169.jpg 300w, https:\/\/rocketplay-game.com\/wp-content\/uploads\/2023\/08\/image-1024x576.jpg 1024w, https:\/\/rocketplay-game.com\/wp-content\/uploads\/2023\/08\/image-768x432.jpg 768w, https:\/\/rocketplay-game.com\/wp-content\/uploads\/2023\/08\/image-1536x864.jpg 1536w\" sizes=\"auto, (max-width: 802px) 100vw, 802px\" \/><\/p>\n<h2>Jak wygra\u0107 na Gold Express Slot<\/h2>\n<p>Jak wygra\u0107 na Gold Express Slot? Zwyci\u0119stwo wymaga po\u0142\u0105czenia strategii i szcz\u0119\u015bcia. Zrozumienie symboli gry, obstawianie strategicznie i wykorzystanie funkcji bonusowej mo\u017ce zwi\u0119kszy\u0107 twoje szanse na odniesienie zwyci\u0119stwa.<\/p>\n<p>Zwyci\u0119stwo w gnie\u017adzie Gold Express wymaga czego\u015b wi\u0119cej ni\u017c tylko naci\u015bni\u0119ciem przycisku wirowania. Aby zmaksymalizowa\u0107 sw\u00f3j potencja\u0142 zwyci\u0119ski, zwr\u00f3\u0107 szczeg\u00f3ln\u0105 uwag\u0119 na symbole gry i ich warto\u015bci. Niekt\u00f3re symbole nios\u0105 wy\u017csze nagrody ni\u017c inne, wi\u0119c obserwowanie ich mo\u017ce co\u015b zmieni\u0107. Ponadto strategiczne zak\u0142ady odgrywaj\u0105 kluczow\u0105 rol\u0119. Dostosuj rozmiar zak\u0142adu zgodnie z bud\u017cetem i zmienno\u015bci\u0105 gry, umo\u017cliwiaj\u0105c jak najlepiej wykorzysta\u0107 ka\u017cdy spin.<\/p>\n<p>Funkcja bonusu Gold Express jest zmieniaj\u0105c\u0105 gr\u0119. Kiedy uruchamia si\u0119, masz szans\u0119 zgromadzi\u0107 znacz\u0105ce wygrane. W pe\u0142ni skorzystaj z tej funkcji, rozumiej\u0105c, jak ona dzia\u0142a i jakie symbole j\u0105 aktywuj\u0105. Im bardziej anga\u017cujesz si\u0119 w specjaln\u0105 rund\u0119 bonusow\u0105, tym wi\u0119ksze szanse na odej\u015bcie z znacz\u0105cymi nagrodami.<\/p>\n<p>Ponadto kluczowa jest sp\u00f3jno\u015b\u0107. Otrzymanie cierpliwo\u015bci i konsekwentne granie w gr\u0119 mo\u017ce prowadzi\u0107 do lepszych wynik\u00f3w na d\u0142u\u017csz\u0105 met\u0119. Pami\u0119taj, \u017ce wygrana na Gold Express jest ekscytuj\u0105cym do\u015bwiadczeniem, granie odpowiedzialne i cieszenie si\u0119 gr\u0119 o warto\u015bci rozrywki powinno by\u0107 ostatecznym celem. Przyjmij przygod\u0119, miej oko na sw\u00f3j bud\u017cet i pozw\u00f3l z\u0142otowi przeno\u015bnikowi ekspresowe zabra\u0107 ci\u0119 w podr\u00f3\u017c wype\u0142nion\u0105 podnieceniem i mo\u017cliwo\u015bciami wielkich zwyci\u0119stw.<\/p>\n<p>Slot Free Gold Express obiecuje przygod\u0119 pe\u0142n\u0105 napi\u0119cia, dreszczyku emocji i potencjalnych nagr\u00f3d. Wskocz na pok\u0142ad i wystartuj dzi\u015b w t\u0119 ekscytuj\u0105c\u0105 podr\u00f3\u017c!<\/p>\n","protected":false},"excerpt":{"rendered":"<p>Wszyscy na pok\u0142ad Gold Express! Ta ekscytuj\u0105ca gra zabierze Ci\u0119 w ekscytuj\u0105c\u0105 podr\u00f3\u017c wype\u0142nion\u0105 z\u0142otem, nagrodami i napi\u0119ciem. Czy jeste\u015b gotowy, aby zagra\u0107 na automacie Gold Express i rozpocz\u0105\u0107 przygod\u0119? Gra w Gold Express Aby zagra\u0107 w Gold Express Slot, musisz zrozumie\u0107 jego zasady. Gra zawiera kilka symboli &#8211; ka\u017cdy o unikalnej warto\u015bci. Wyr\u00f3wnanie tych&#8230;<\/p>\n","protected":false},"author":1,"featured_media":0,"parent":2073,"menu_order":0,"comment_status":"closed","ping_status":"closed","template":"page-with-slot.php","meta":{"_acf_changed":false,"_kad_post_transparent":"default","_kad_post_title":"default","_kad_post_layout":"default","_kad_post_sidebar_id":"","_kad_post_content_style":"default","_kad_post_vertical_padding":"default","_kad_post_feature":"","_kad_post_feature_position":"","_kad_post_header":false,"_kad_post_footer":false,"footnotes":""},"class_list":["post-4169","page","type-page","status-publish","hentry"],"acf":[],"rttpg_featured_image_url":null,"rttpg_author":{"display_name":"Tom","author_link":"https:\/\/rocketplay-game.com\/pl\/author\/pemvas95n89x\/"},"rttpg_comment":0,"rttpg_category":null,"rttpg_excerpt":"Wszyscy na pok\u0142ad Gold Express! Ta ekscytuj\u0105ca gra zabierze Ci\u0119 w ekscytuj\u0105c\u0105 podr\u00f3\u017c wype\u0142nion\u0105 z\u0142otem, nagrodami i napi\u0119ciem. Czy jeste\u015b gotowy, aby zagra\u0107 na automacie Gold Express i rozpocz\u0105\u0107 przygod\u0119? Gra w Gold Express Aby zagra\u0107 w Gold Express Slot, musisz zrozumie\u0107 jego zasady. Gra zawiera kilka symboli &#8211; ka\u017cdy o unikalnej warto\u015bci. Wyr\u00f3wnanie tych...","_links":{"self":[{"href":"https:\/\/rocketplay-game.com\/pl\/wp-json\/wp\/v2\/pages\/4169","targetHints":{"allow":["GET"]}}],"collection":[{"href":"https:\/\/rocketplay-game.com\/pl\/wp-json\/wp\/v2\/pages"}],"about":[{"href":"https:\/\/rocketplay-game.com\/pl\/wp-json\/wp\/v2\/types\/page"}],"author":[{"embeddable":true,"href":"https:\/\/rocketplay-game.com\/pl\/wp-json\/wp\/v2\/users\/1"}],"replies":[{"embeddable":true,"href":"https:\/\/rocketplay-game.com\/pl\/wp-json\/wp\/v2\/comments?post=4169"}],"version-history":[{"count":2,"href":"https:\/\/rocketplay-game.com\/pl\/wp-json\/wp\/v2\/pages\/4169\/revisions"}],"predecessor-version":[{"id":4171,"href":"https:\/\/rocketplay-game.com\/pl\/wp-json\/wp\/v2\/pages\/4169\/revisions\/4171"}],"up":[{"embeddable":true,"href":"https:\/\/rocketplay-game.com\/pl\/wp-json\/wp\/v2\/pages\/2073"}],"wp:attachment":[{"href":"https:\/\/rocketplay-game.com\/pl\/wp-json\/wp\/v2\/media?parent=4169"}],"curies":[{"name":"wp","href":"https:\/\/api.w.org\/{rel}","templated":true}]}}