{"id":4202,"date":"2023-08-16T22:57:54","date_gmt":"2023-08-16T19:57:54","guid":{"rendered":"https:\/\/rocketplay-game.com\/slots\/monkey-king\/"},"modified":"2023-10-07T16:24:53","modified_gmt":"2023-10-07T13:24:53","slug":"monkey-king","status":"publish","type":"page","link":"https:\/\/rocketplay-game.com\/pl\/slots\/monkey-king\/","title":{"rendered":"Monkey King Slot: Wyrusz w legendarn\u0105 podr\u00f3\u017c w grach"},"content":{"rendered":"<p>Wejd\u017a do urzekaj\u0105cego \u015bwiata gry slotowej Monkey King. Wyrusz w ekscytuj\u0105c\u0105 podr\u00f3\u017c ze slotem Monkey King, wype\u0142nionym mitycznymi stworzeniami, osza\u0142amiaj\u0105c\u0105 grafik\u0105 i szerokimi mo\u017cliwo\u015bciami wielkich wygranych. Zanurzmy si\u0119 w t\u0119 przygod\u0119!<\/p>\n<p><img loading=\"lazy\" decoding=\"async\" class=\"aligncenter size-full wp-image-4071\" src=\"https:\/\/rocketplay-game.com\/wp-content\/uploads\/2023\/08\/immortal-monkey-king.jpg\" alt=\"Monkey King Slot 1\" width=\"838\" height=\"501\" srcset=\"https:\/\/rocketplay-game.com\/wp-content\/uploads\/2023\/08\/immortal-monkey-king.jpg 838w, https:\/\/rocketplay-game.com\/wp-content\/uploads\/2023\/08\/immortal-monkey-king-300x179.jpg 300w, https:\/\/rocketplay-game.com\/wp-content\/uploads\/2023\/08\/immortal-monkey-king-768x459.jpg 768w\" sizes=\"auto, (max-width: 838px) 100vw, 838px\" \/><\/p>\n<h2>Odkrywanie gry ma\u0142py kr\u00f3la<\/h2>\n<p>Slot Monkey King to arcydzie\u0142o gier. Jego motyw koncentruje si\u0119 wok\u00f3\u0142 legendarnego kr\u00f3la ma\u0142p, bohaterskiej postaci pe\u0142nej sztuczek i odwagi. Maszyna gniazda Monkey King zawiera osza\u0142amiaj\u0105c\u0105 wizualnie grafik\u0119, kt\u00f3ra przenosi ci\u0119 do kr\u00f3lestwa chi\u0144skiej mitologii, tworz\u0105c wci\u0105gaj\u0105ce gr\u0119.<\/p>\n<h2>Ods\u0142anianie maszyny do gry w ma\u0142pie kr\u00f3la<\/h2>\n<p>Zrozumienie automatu ma\u0142py kr\u00f3la jest kluczem do owocnej podr\u00f3\u017cy do gier. Mechanika gry jest prosta. Obr\u00f3\u0107 ko\u0142owrotki, wyr\u00f3wnaj symbole w\u015br\u00f3d lini\u00f3w wyp\u0142at i odbierz swoje zwyci\u0119stwa. Ka\u017cdy symbol ma unikaln\u0105 warto\u015b\u0107, przyczyniaj\u0105c si\u0119 do potencjalnych wyp\u0142at, kt\u00f3re dodaj\u0105 ekscytuj\u0105cej przewagi do ka\u017cdego obrotu.<\/p>\n<h2>Do\u015bwiadczanie legendarnego automatu ma\u0142py<\/h2>\n<p>Legendarne miejsce na ma\u0142pie kr\u00f3la to nie tylko gra, to legendarne do\u015bwiadczenie. Specjalne funkcje, w tym dzikie, rozpraszaj\u0105ce i bonusowe rundy, wszystkie przyczyniaj\u0105 si\u0119 do uroku gry. Funkcje te nie tylko wzmacniaj\u0105 zabaw\u0119, ale tak\u017ce zwi\u0119kszaj\u0105 twoje szanse na ogromne nagrody, dzi\u0119ki czemu ka\u017cde wiruje ekscytuj\u0105cym przedsi\u0119wzi\u0119ciem.<\/p>\n<p><img loading=\"lazy\" decoding=\"async\" class=\"aligncenter wp-image-4062\" src=\"https:\/\/rocketplay-game.com\/wp-content\/uploads\/2023\/08\/3d6e15130241983.617bac5551b33.png\" alt=\"Monkey King Slot 2\" width=\"799\" height=\"465\" srcset=\"https:\/\/rocketplay-game.com\/wp-content\/uploads\/2023\/08\/3d6e15130241983.617bac5551b33.png 1200w, https:\/\/rocketplay-game.com\/wp-content\/uploads\/2023\/08\/3d6e15130241983.617bac5551b33-300x175.png 300w, https:\/\/rocketplay-game.com\/wp-content\/uploads\/2023\/08\/3d6e15130241983.617bac5551b33-1024x596.png 1024w, https:\/\/rocketplay-game.com\/wp-content\/uploads\/2023\/08\/3d6e15130241983.617bac5551b33-768x447.png 768w\" sizes=\"auto, (max-width: 799px) 100vw, 799px\" \/><\/p>\n<h2>Wskaz\u00f3wki dotycz\u0105ce gry w ma\u0142p<\/h2>\n<p>Szukasz porad dotycz\u0105cych slot\u00f3w ma\u0142p? Maksymalizacja wygranych w automatach Monkey King wymaga inteligentnych strategii. Zwr\u00f3\u0107 szczeg\u00f3ln\u0105 uwag\u0119 na specjalne funkcje gry i dowiedz si\u0119, jak je aktywowa\u0107. Dostosuj rozmiary zak\u0142ad\u00f3w zgodnie z bud\u017cetem i uwa\u017caj na symbole o wysokiej warto\u015bci. Pami\u0119taj, \u017ce cierpliwo\u015b\u0107 i konsekwencja s\u0105 kluczem do sukcesu w szczelinach.<\/p>\n<p>Zag\u0142\u0119biaj\u0105c si\u0119 w ekscytuj\u0105cy \u015bwiat ma\u0142py kr\u00f3la, istnieje kilka wskaz\u00f3wek, kt\u00f3re mog\u0105 zwi\u0119kszy\u0107 twoje szanse na sukces. Po pierwsze, zapoznaj si\u0119 ze specjalnymi funkcjami gry. Slot ma\u0142py King jest pe\u0142en ekscytuj\u0105cych bonus\u00f3w, takich jak dzikie, rozpraszaj\u0105ce i bonusowe rundy. Zrozumienie, jak dzia\u0142aj\u0105 te funkcje i jak je wyzwoli\u0107, mo\u017ce prowadzi\u0107 do bardziej znacz\u0105cych wyp\u0142at i przyjemniejszych wra\u017ce\u0144 z gier.<\/p>\n<p>Kolejn\u0105 cenn\u0105 wskaz\u00f3wk\u0105 jest m\u0105drze zarz\u0105dzanie zak\u0142adami. Rozwa\u017c sw\u00f3j bud\u017cet przed rozpocz\u0119ciem gry i odpowiednio dostosuj rozmiary zak\u0142ad\u00f3w. Gra w \u015brodkach finansowych zapewnia, \u017ce mo\u017cesz cieszy\u0107 si\u0119 gr\u0105 przez d\u0142u\u017cszy czas, nie ryzykuj\u0105c wi\u0119cej, ni\u017c mo\u017cesz sobie pozwoli\u0107.<\/p>\n<p>Uwa\u017caj or\u0142a na symbole o wysokiej warto\u015bci, poniewa\u017c mog\u0105 prowadzi\u0107 do bardziej znacz\u0105cych wygranych. Symbole takie jak sam kr\u00f3l ma\u0142py i inne mityczne przedmioty nios\u0105 wy\u017csze wyp\u0142aty, co czyni je szczeg\u00f3lnie satysfakcjonuj\u0105cymi, gdy pojawiaj\u0105 si\u0119 na ko\u0142owrotkach.<\/p>\n<p>Ponadto cierpliwo\u015b\u0107 i sp\u00f3jno\u015b\u0107 s\u0105 niezb\u0119dnymi atrybutami udanego gier na automatach. Wygrane mog\u0105 nie by\u0107 z ka\u017cdym obrotem, ale trzymanie si\u0119 strategii i pozosta\u0142ym pacjenta mo\u017ce si\u0119 op\u0142aci\u0107 na d\u0142u\u017csz\u0105 met\u0119. Pami\u0119taj, \u017ce gry na automatach oparte s\u0105 przede wszystkim na szcz\u0119\u015bciu, wi\u0119c ciesz si\u0119 podr\u00f3\u017c\u0105 i podnieceniem, kt\u00f3re przynosi automat ma\u0142py.<\/p>\n<p>Wreszcie, upewnij si\u0119, \u017ce graj odpowiedzialnie i ustal limit swoich sesji gier. Hazard powinien by\u0107 przyjemn\u0105 form\u0105 rozrywki, a ustalanie granic zapewnia, \u017ce pozostaje to zabawna czynno\u015b\u0107 bez wp\u0142ywu na inne aspekty twojego \u017cycia.<\/p>\n<p>Post\u0119puj\u0105c zgodnie z tymi wskaz\u00f3wkami, mo\u017cesz rozpocz\u0105\u0107 ekscytuj\u0105c\u0105 przygod\u0119 z ma\u0142p\u0105 King i zwi\u0119kszy\u0107 swoje szanse na l\u0105dowanie imponuj\u0105cych zwyci\u0119stw po drodze. Szcz\u0119\u015bliwe wirowanie!<\/p>\n<p>Gra w automatach Monkey King oferuje wyj\u0105tkow\u0105 mieszank\u0119 zabawy i mo\u017cliwo\u015bci. Jego osza\u0142amiaj\u0105cy wizualnie interfejs, urzekaj\u0105cy motyw i potencjalnie satysfakcjonuj\u0105ce funkcje tworz\u0105 wra\u017cenia, kt\u00f3re warto si\u0119 rozpocz\u0105\u0107. Przygotuj si\u0119 wi\u0119c na epick\u0105 podr\u00f3\u017c i obr\u00f3\u0107 ko\u0142owrotki gry ma\u0142py kr\u00f3la!<\/p>\n","protected":false},"excerpt":{"rendered":"<p>Wejd\u017a do urzekaj\u0105cego \u015bwiata gry slotowej Monkey King. Wyrusz w ekscytuj\u0105c\u0105 podr\u00f3\u017c ze slotem Monkey King, wype\u0142nionym mitycznymi stworzeniami, osza\u0142amiaj\u0105c\u0105 grafik\u0105 i szerokimi mo\u017cliwo\u015bciami wielkich wygranych. Zanurzmy si\u0119 w t\u0119 przygod\u0119! Odkrywanie gry ma\u0142py kr\u00f3la Slot Monkey King to arcydzie\u0142o gier. Jego motyw koncentruje si\u0119 wok\u00f3\u0142 legendarnego kr\u00f3la ma\u0142p, bohaterskiej postaci pe\u0142nej sztuczek i odwagi&#8230;.<\/p>\n","protected":false},"author":1,"featured_media":0,"parent":2073,"menu_order":0,"comment_status":"closed","ping_status":"closed","template":"page-with-slot.php","meta":{"_acf_changed":false,"_kad_post_transparent":"default","_kad_post_title":"default","_kad_post_layout":"default","_kad_post_sidebar_id":"","_kad_post_content_style":"default","_kad_post_vertical_padding":"default","_kad_post_feature":"","_kad_post_feature_position":"","_kad_post_header":false,"_kad_post_footer":false,"footnotes":""},"class_list":["post-4202","page","type-page","status-publish","hentry"],"acf":[],"rttpg_featured_image_url":null,"rttpg_author":{"display_name":"Tom","author_link":"https:\/\/rocketplay-game.com\/pl\/author\/pemvas95n89x\/"},"rttpg_comment":0,"rttpg_category":null,"rttpg_excerpt":"Wejd\u017a do urzekaj\u0105cego \u015bwiata gry slotowej Monkey King. Wyrusz w ekscytuj\u0105c\u0105 podr\u00f3\u017c ze slotem Monkey King, wype\u0142nionym mitycznymi stworzeniami, osza\u0142amiaj\u0105c\u0105 grafik\u0105 i szerokimi mo\u017cliwo\u015bciami wielkich wygranych. Zanurzmy si\u0119 w t\u0119 przygod\u0119! Odkrywanie gry ma\u0142py kr\u00f3la Slot Monkey King to arcydzie\u0142o gier. Jego motyw koncentruje si\u0119 wok\u00f3\u0142 legendarnego kr\u00f3la ma\u0142p, bohaterskiej postaci pe\u0142nej sztuczek i odwagi....","_links":{"self":[{"href":"https:\/\/rocketplay-game.com\/pl\/wp-json\/wp\/v2\/pages\/4202","targetHints":{"allow":["GET"]}}],"collection":[{"href":"https:\/\/rocketplay-game.com\/pl\/wp-json\/wp\/v2\/pages"}],"about":[{"href":"https:\/\/rocketplay-game.com\/pl\/wp-json\/wp\/v2\/types\/page"}],"author":[{"embeddable":true,"href":"https:\/\/rocketplay-game.com\/pl\/wp-json\/wp\/v2\/users\/1"}],"replies":[{"embeddable":true,"href":"https:\/\/rocketplay-game.com\/pl\/wp-json\/wp\/v2\/comments?post=4202"}],"version-history":[{"count":2,"href":"https:\/\/rocketplay-game.com\/pl\/wp-json\/wp\/v2\/pages\/4202\/revisions"}],"predecessor-version":[{"id":4204,"href":"https:\/\/rocketplay-game.com\/pl\/wp-json\/wp\/v2\/pages\/4202\/revisions\/4204"}],"up":[{"embeddable":true,"href":"https:\/\/rocketplay-game.com\/pl\/wp-json\/wp\/v2\/pages\/2073"}],"wp:attachment":[{"href":"https:\/\/rocketplay-game.com\/pl\/wp-json\/wp\/v2\/media?parent=4202"}],"curies":[{"name":"wp","href":"https:\/\/api.w.org\/{rel}","templated":true}]}}