{"id":4235,"date":"2023-08-16T22:59:31","date_gmt":"2023-08-16T19:59:31","guid":{"rendered":"https:\/\/rocketplay-game.com\/slots\/lion-gems-hold-and-win\/"},"modified":"2023-10-07T17:45:29","modified_gmt":"2023-10-07T14:45:29","slug":"lion-gems-hold-and-win","status":"publish","type":"page","link":"https:\/\/rocketplay-game.com\/pl\/slots\/lion-gems-hold-and-win\/","title":{"rendered":"Zab\u0142y\u015bnij dzi\u0119ki Lion Gems: trzymaj i wygrywaj automat"},"content":{"rendered":"<p>Zanurz si\u0119 w b\u0142yszcz\u0105cy \u015bwiat gry Lion Gems: Hold and Win. Ta gra oferuje graczom ekscytuj\u0105c\u0105 podr\u00f3\u017c wype\u0142nion\u0105 wspania\u0142ymi nagrodami. Czy jeste\u015b zaintrygowany gr\u0105 Lion Gems: Hold and Win? Przyjrzyjmy si\u0119 temu ekscytuj\u0105cemu spektaklowi.<\/p>\n<p><img loading=\"lazy\" decoding=\"async\" class=\"aligncenter wp-image-4092\" src=\"https:\/\/rocketplay-game.com\/wp-content\/uploads\/2023\/08\/lion-gameplay.jpg\" alt=\"Shine Bright with Lion Gems 1\" width=\"816\" height=\"455\" srcset=\"https:\/\/rocketplay-game.com\/wp-content\/uploads\/2023\/08\/lion-gameplay.jpg 1378w, https:\/\/rocketplay-game.com\/wp-content\/uploads\/2023\/08\/lion-gameplay-300x167.jpg 300w, https:\/\/rocketplay-game.com\/wp-content\/uploads\/2023\/08\/lion-gameplay-1024x571.jpg 1024w, https:\/\/rocketplay-game.com\/wp-content\/uploads\/2023\/08\/lion-gameplay-768x429.jpg 768w\" sizes=\"auto, (max-width: 816px) 100vw, 816px\" \/><\/p>\n<h2>Zrozumienie Lion Gems: Trzymaj i wygrywaj automat<\/h2>\n<p>Lion Gems: Hold and Win to nie tylko gra slotowa; to przygoda do \u015bwiata bogactw. Ustawiony na tle afryka\u0144skiej sawanny, projekt automatu Lion Gems, kt\u00f3ry trzyma i wygrywa, jest zar\u00f3wno atrakcyjny wizualnie, jak i wci\u0105gaj\u0105cy. Rozgrywka jest prosta i koncentruje si\u0119 na dopasowywaniu symboli na liniach wygrywaj\u0105cych, aby zapewni\u0107 wygrane.<\/p>\n<h2>Jak gra\u0107 w Lion Gems: Trzymaj i wygrywaj na automacie<\/h2>\n<p>Jak gra\u0107 na automacie Lion Gems: Hold and Win? To proste. Zacznij od ustawienia wielko\u015bci zak\u0142adu zgodnie z bud\u017cetem. Nast\u0119pnie naci\u015bnij przycisk obrotu i obserwuj, jak obracaj\u0105 si\u0119 b\u0119bny. Celem jest u\u0142o\u017cenie pasuj\u0105cych symboli na liniach wygrywaj\u0105cych. Specjalne symbole uruchamiaj\u0105 ekscytuj\u0105ce bonusy, kt\u00f3re zwi\u0119kszaj\u0105 Twoje wygrane.<\/p>\n<h2>Lion Gems: Trzymaj i wygrywaj recenzja<\/h2>\n<p>Przyjrzyjmy si\u0119 recenzji Lion Gems: Hold and Win. Ta gra to osza\u0142amiaj\u0105cy automat, pe\u0142en unikalnych funkcji. Rundy bonusowe, takie jak funkcja \u201eTrzymaj i wygrywaj\u201d, dodaj\u0105 dodatkow\u0105 warstw\u0119 emocji. Ta funkcja w po\u0142\u0105czeniu z symbolami Wild i Scatter daje graczom szerokie mo\u017cliwo\u015bci uzyskania znacznych wyp\u0142at.<\/p>\n<h2>Gra w Lion Gems: Trzymaj i wygrywaj na prawdziwe pieni\u0105dze<\/h2>\n<p>Prawdziwy dreszczyk emocji pojawia si\u0119, gdy grasz na prawdziwe pieni\u0105dze w Lion Gems Hold. Daje to potencja\u0142 znacznych nagr\u00f3d. Gra Lion Gems Hold jest dost\u0119pna w kilku renomowanych kasynach online, z kt\u00f3rych ka\u017cde zapewnia bezpieczn\u0105 i uczciw\u0105 rozgrywk\u0119.<\/p>\n<p>Je\u015bli chodzi o gr\u0119 w Lion Gems: Hold and Win na prawdziwe pieni\u0105dze, emocje osi\u0105gaj\u0105 nowy poziom. Obstawianie za prawdziwe pieni\u0105dze dodaje element dreszczyku emocji i oczekiwania do ka\u017cdego obrotu. Z ka\u017cdym wirowaniem b\u0119bn\u00f3w masz szans\u0119 zdoby\u0107 znaczne nagrody i do\u015bwiadczy\u0107 prawdziwej esencji przygody Lwie Klejnoty.<\/p>\n<p>Mo\u017cliwo\u015b\u0107 znacznych wygranych to niew\u0105tpliwie jedna z g\u0142\u00f3wnych atrakcji gry na prawdziwe pieni\u0105dze. Gdy dopasujesz urzekaj\u0105ce symbole i uruchomisz funkcje specjalne, oczekiwanie na trafienie tej wielkiej wygranej trzyma Ci\u0119 w napi\u0119ciu. To chwytaj\u0105ce za serce prze\u017cycie, kt\u00f3re mo\u017ce prowadzi\u0107 do ekscytuj\u0105cych chwil.<\/p>\n<p>Aby zapewni\u0107 bezpieczne i uczciwe \u015brodowisko gry, wa\u017cne jest, aby wybra\u0107 renomowane kasyna online na potrzeby swojej przygody z Lion Gems: Trzymaj i wygrywaj. Renomowane kasyna przestrzegaj\u0105 surowych przepis\u00f3w i wdra\u017caj\u0105 zaawansowane \u015brodki bezpiecze\u0144stwa, aby chroni\u0107 Twoje transakcje finansowe i dane osobowe. W ten spos\u00f3b mo\u017cesz skupi\u0107 si\u0119 na emocjach zwi\u0105zanych z gr\u0105, nie martwi\u0105c si\u0119 o bezpiecze\u0144stwo swoich \u015brodk\u00f3w.<\/p>\n<p><img loading=\"lazy\" decoding=\"async\" class=\"aligncenter wp-image-4083\" src=\"https:\/\/rocketplay-game.com\/wp-content\/uploads\/2023\/08\/44.png\" alt=\"Shine Bright with Lion Gems 2\" width=\"806\" height=\"601\" srcset=\"https:\/\/rocketplay-game.com\/wp-content\/uploads\/2023\/08\/44.png 825w, https:\/\/rocketplay-game.com\/wp-content\/uploads\/2023\/08\/44-300x224.png 300w, https:\/\/rocketplay-game.com\/wp-content\/uploads\/2023\/08\/44-768x573.png 768w\" sizes=\"auto, (max-width: 806px) 100vw, 806px\" \/><\/p>\n<p>Wiele renomowanych kasyn online oferuje kusz\u0105ce bonusy i promocje dla graczy korzystaj\u0105cych z Lion Gems: Trzymaj i wygrywaj za prawdziwe pieni\u0105dze. Te bonusy mog\u0105 poprawi\u0107 Twoje wra\u017cenia z gry i zapewni\u0107 dodatkowe mo\u017cliwo\u015bci wygrania du\u017cych wygranych.<\/p>\n<p>Jednak podczas gry na prawdziwe pieni\u0105dze wa\u017cne jest zachowanie odpowiedzialnego podej\u015bcia. Przed rozpocz\u0119ciem sesji gry ustal bud\u017cet i trzymaj si\u0119 go. Pami\u0119taj, \u017ce hazard nale\u017cy zawsze postrzega\u0107 jako rozrywk\u0119, a straty s\u0105 cz\u0119\u015bci\u0105 do\u015bwiadczenia. Rado\u015b\u0107 z gry i dreszczyk emocji powinna by\u0107 g\u0142\u00f3wnym celem.<\/p>\n<p>Je\u015bli wi\u0119c jeste\u015b gotowy, aby wkroczy\u0107 do l\u015bni\u0105cego \u015bwiata Lion Gems: Trzymaj i wygraj i odkryj potencja\u0142 znacznych nagr\u00f3d, udaj si\u0119 do renomowanych kasyn online i uwolnij emocje ju\u017c dzi\u015b! Niech Lwie Klejnoty b\u0119d\u0105 po Twojej stronie, gdy b\u0119dziesz kr\u0119ci\u0107 b\u0119bnami i goni\u0107 za b\u0142yszcz\u0105cymi nagrodami.<\/p>\n<p>Podsumowuj\u0105c, Lion Gems: Hold and Win Slot to wci\u0105gaj\u0105ca gra, kt\u00f3ra zapewnia zabawn\u0105 i potencjalnie satysfakcjonuj\u0105c\u0105 podr\u00f3\u017c w grach. Po\u0142\u0105czenie osza\u0142amiaj\u0105cej grafiki, wci\u0105gaj\u0105cej rozgrywki i ekscytuj\u0105cych funkcji sprawia, \u017ce jest to pozycja obowi\u0105zkowa dla ka\u017cdego entuzjasty gier slotowych. Wejd\u017a do l\u015bni\u0105cego \u015bwiata Lion Gems i zagraj ju\u017c dzi\u015b!<\/p>\n","protected":false},"excerpt":{"rendered":"<p>Zanurz si\u0119 w b\u0142yszcz\u0105cy \u015bwiat gry Lion Gems: Hold and Win. Ta gra oferuje graczom ekscytuj\u0105c\u0105 podr\u00f3\u017c wype\u0142nion\u0105 wspania\u0142ymi nagrodami. Czy jeste\u015b zaintrygowany gr\u0105 Lion Gems: Hold and Win? Przyjrzyjmy si\u0119 temu ekscytuj\u0105cemu spektaklowi. Zrozumienie Lion Gems: Trzymaj i wygrywaj automat Lion Gems: Hold and Win to nie tylko gra slotowa; to przygoda do \u015bwiata&#8230;<\/p>\n","protected":false},"author":1,"featured_media":0,"parent":2073,"menu_order":0,"comment_status":"closed","ping_status":"closed","template":"page-with-slot.php","meta":{"_acf_changed":false,"_kad_post_transparent":"default","_kad_post_title":"default","_kad_post_layout":"default","_kad_post_sidebar_id":"","_kad_post_content_style":"default","_kad_post_vertical_padding":"default","_kad_post_feature":"","_kad_post_feature_position":"","_kad_post_header":false,"_kad_post_footer":false,"footnotes":""},"class_list":["post-4235","page","type-page","status-publish","hentry"],"acf":[],"rttpg_featured_image_url":null,"rttpg_author":{"display_name":"Tom","author_link":"https:\/\/rocketplay-game.com\/pl\/author\/pemvas95n89x\/"},"rttpg_comment":0,"rttpg_category":null,"rttpg_excerpt":"Zanurz si\u0119 w b\u0142yszcz\u0105cy \u015bwiat gry Lion Gems: Hold and Win. Ta gra oferuje graczom ekscytuj\u0105c\u0105 podr\u00f3\u017c wype\u0142nion\u0105 wspania\u0142ymi nagrodami. Czy jeste\u015b zaintrygowany gr\u0105 Lion Gems: Hold and Win? Przyjrzyjmy si\u0119 temu ekscytuj\u0105cemu spektaklowi. Zrozumienie Lion Gems: Trzymaj i wygrywaj automat Lion Gems: Hold and Win to nie tylko gra slotowa; to przygoda do \u015bwiata...","_links":{"self":[{"href":"https:\/\/rocketplay-game.com\/pl\/wp-json\/wp\/v2\/pages\/4235","targetHints":{"allow":["GET"]}}],"collection":[{"href":"https:\/\/rocketplay-game.com\/pl\/wp-json\/wp\/v2\/pages"}],"about":[{"href":"https:\/\/rocketplay-game.com\/pl\/wp-json\/wp\/v2\/types\/page"}],"author":[{"embeddable":true,"href":"https:\/\/rocketplay-game.com\/pl\/wp-json\/wp\/v2\/users\/1"}],"replies":[{"embeddable":true,"href":"https:\/\/rocketplay-game.com\/pl\/wp-json\/wp\/v2\/comments?post=4235"}],"version-history":[{"count":2,"href":"https:\/\/rocketplay-game.com\/pl\/wp-json\/wp\/v2\/pages\/4235\/revisions"}],"predecessor-version":[{"id":4237,"href":"https:\/\/rocketplay-game.com\/pl\/wp-json\/wp\/v2\/pages\/4235\/revisions\/4237"}],"up":[{"embeddable":true,"href":"https:\/\/rocketplay-game.com\/pl\/wp-json\/wp\/v2\/pages\/2073"}],"wp:attachment":[{"href":"https:\/\/rocketplay-game.com\/pl\/wp-json\/wp\/v2\/media?parent=4235"}],"curies":[{"name":"wp","href":"https:\/\/api.w.org\/{rel}","templated":true}]}}