{"id":4299,"date":"2024-01-22T14:49:45","date_gmt":"2024-01-22T11:49:45","guid":{"rendered":"https:\/\/rocketplay-game.com\/about-us\/"},"modified":"2025-11-21T22:40:47","modified_gmt":"2025-11-21T19:40:47","slug":"about-us","status":"publish","type":"page","link":"https:\/\/rocketplay-game.com\/pl\/about-us\/","title":{"rendered":"O nas"},"content":{"rendered":"<p>Witamy w kasynie RocketPlay, gdzie dreszczyk emocji zwi\u0105zany z gr\u0105 \u0142\u0105czy si\u0119 z ekscytacj\u0105 eksploracji kosmosu. Odkryj wszech\u015bwiat rozrywki, innowacji i znakomitych nagr\u00f3d, gdy na nowo definiujemy do\u015bwiadczenie kasyna online.<\/p>\n<h2>Nasza misja: rozpalanie zabawy w grach<\/h2>\n<p>W RocketPlay Casino nasza misja jest prosta: rozpali\u0107 zabaw\u0119 w grach. Ka\u017cdy gracz zas\u0142uguje na do\u015bwiadczenie nie z tego \u015bwiata, dlatego postanowili\u015bmy stworzy\u0107 platform\u0119 wykraczaj\u0105c\u0105 poza tradycyjne kasyna online. Naszym celem jest zapewnienie wci\u0105gaj\u0105cego i ekscytuj\u0105cego \u015brodowiska gier, kt\u00f3re sprawi, \u017ce b\u0119dziesz wraca\u0107 po wi\u0119cej.<\/p>\n<h2>R\u00f3\u017cnica RocketPlay: po\u0142\u0105czenie innowacji z rozrywk\u0105<\/h2>\n<p>RocketPlay Casino wyr\u00f3\u017cnia si\u0119 z t\u0142umu p\u0142ynnie \u0142\u0105cz\u0105c innowacj\u0119 z rozrywk\u0105. Po\u0142\u0105czyli\u015bmy najlepsze elementy tradycyjnych kasyn z najnowocze\u015bniejsz\u0105 technologi\u0105, tworz\u0105c niezr\u00f3wnan\u0105 przygod\u0119 w grach. Kiedy uruchomisz nasz\u0105 platform\u0119, zauwa\u017cysz r\u00f3\u017cnic\u0119 \u2013 interfejs o tematyce kosmicznej, kt\u00f3ry oddaje istot\u0119 eksploracji i odkrywania.<\/p>\n<h2>Galaktyka gier: uwolnij w sobie gracza<\/h2>\n<p>Wyrusz w podr\u00f3\u017c przez nasz\u0105 rozleg\u0142\u0105 Galaktyk\u0119 gier, gdzie ka\u017cdy obr\u00f3t, rzut i rozdanie jest kosmiczn\u0105 przygod\u0105. Przygotowali\u015bmy obszern\u0105 kolekcj\u0119 gier, kt\u00f3ra zaspokoi ka\u017cdy gust i preferencj\u0119. Niezale\u017cnie od tego, czy jeste\u015b fanem klasycznych automat\u00f3w, pokera, blackjacka, czy najnowszych automat\u00f3w wideo z osza\u0142amiaj\u0105c\u0105 grafik\u0105, RocketPlay Casino to ma. Nasza wsp\u00f3\u0142praca z czo\u0142owymi tw\u00f3rcami gier zapewnia stale rozwijaj\u0105c\u0105 si\u0119 bibliotek\u0119 gier, kt\u00f3ra dotrzymuje kroku najnowszym trendom.<\/p>\n<h2>Bezpiecze\u0144stwo: Twoja bezpieczna przysta\u0144 w galaktyce<\/h2>\n<p>Twoje bezpiecze\u0144stwo jest naszym najwy\u017cszym priorytetem w RocketPlay Casino. Rozumiemy znaczenie bezpiecznego \u015brodowiska gier i wdro\u017cyli\u015bmy najnowocze\u015bniejsze \u015brodki w celu ochrony Twoich danych i transakcji. Nasza platforma wykorzystuje najnowsz\u0105 technologi\u0119 szyfrowania, zapewniaj\u0105c Ci raj, w kt\u00f3rym mo\u017cesz bez \u017cadnych zmartwie\u0144 odkrywa\u0107 cuda naszej galaktyki gier.<\/p>\n<h2>Odpowiedzialna gra: odpowiedzialne poruszanie si\u0119 po kosmosie<\/h2>\n<p>Kasyno RocketPlay anga\u017cuje si\u0119 w promowanie praktyk odpowiedzialnej gry. Wierzymy, \u017ce rozrywk\u0105 nale\u017cy cieszy\u0107 si\u0119 w spos\u00f3b odpowiedzialny, dlatego zapewniamy narz\u0119dzia i zasoby, kt\u00f3re pomog\u0105 Ci zachowa\u0107 kontrol\u0119 nad rozgrywk\u0105. Ustaw limity, r\u00f3b przerwy i poznaj nasze funkcje odpowiedzialnej gry, aby mie\u0107 pewno\u015b\u0107, \u017ce Tw\u00f3j czas w RocketPlay pozostanie pozytywnym i przyjemnym do\u015bwiadczeniem.<\/p>\n<h2>Premie i promocje: Strzelanie do gwiazd<\/h2>\n<p>Przygotuj si\u0119 do startu dzi\u0119ki naszym znakomitym bonusom i promocjom. W RocketPlay Casino nagradzamy naszych graczy, gdy do\u0142\u0105czaj\u0105 do naszej kosmicznej spo\u0142eczno\u015bci. Skorzystaj z bonusu powitalnego, kt\u00f3ry wyniesie Ci\u0119 na orbit\u0119 i wypatruj regularnych promocji, kt\u00f3re dodadz\u0105 energii Twoim sesjom gry. Nasz program lojalno\u015bciowy zapewnia, \u017ce \u200b\u200bim wi\u0119cej grasz, tym wi\u0119cej nagr\u00f3d zdobywasz \u2013 osi\u0105ganie nowych poziom\u00f3w nigdy nie by\u0142o bardziej satysfakcjonuj\u0105ce!<\/p>\n<h2>Obs\u0142uga klienta: Tw\u00f3j zesp\u00f3\u0142 kontroli naziemnej<\/h2>\n<p>RocketPlay Casino to co\u015b wi\u0119cej ni\u017c tylko platforma do gier; jeste\u015bmy Twoim oddanym zespo\u0142em kontroli naziemnej. Nasza obs\u0142uga klienta jest dost\u0119pna 24 godziny na dob\u0119, 7 dni w tygodniu i jest gotowa pom\u00f3c w razie jakichkolwiek pyta\u0144 lub w\u0105tpliwo\u015bci. Niezale\u017cnie od tego, czy jeste\u015b do\u015bwiadczonym badaczem kosmosu, czy nowicjuszem w galaktyce gier, nasz przyjazny i kompetentny zesp\u00f3\u0142 wsparcia jest tutaj, aby zapewni\u0107, \u017ce korzystanie z RocketPlay b\u0119dzie p\u0142ynne i przyjemne.<\/p>\n<h2>Gry mobilne: galaktyka w Twojej kieszeni<\/h2>\n<p>Korzystaj z kasyna RocketPlay w dowolnym miejscu i czasie dzi\u0119ki naszej mobilnej platformie gier. Galaxy jest teraz w Twojej kieszeni, dzi\u0119ki czemu mo\u017cesz cieszy\u0107 si\u0119 ulubionymi grami w podr\u00f3\u017cy. Niezale\u017cnie od tego, czy czekasz na wystrzelenie rakiety, czy po prostu odpoczywasz w domu, nasza platforma mobilna sprawi, \u017ce emocje zwi\u0105zane z RocketPlay b\u0119d\u0105 zawsze w zasi\u0119gu r\u0119ki.<\/p>\n<h2>Spo\u0142eczno\u015b\u0107: do\u0142\u0105cz do Galaxy RocketPlay<\/h2>\n<p>RocketPlay Casino to co\u015b wi\u0119cej ni\u017c platforma; to spo\u0142eczno\u015b\u0107 podobnie my\u015bl\u0105cych graczy, kt\u00f3rych \u0142\u0105czy pasja eksploracji i zabawy. Po\u0142\u0105cz si\u0119 z innymi graczami, podziel si\u0119 swoimi do\u015bwiadczeniami i we\u017a udzia\u0142 w wydarzeniach spo\u0142eczno\u015bci, kt\u00f3re jednocz\u0105 Galaktyk\u0119. Nasze fora i kana\u0142y w mediach spo\u0142eczno\u015bciowych pozwalaj\u0105 na interakcj\u0119 z innymi graczami, dzielenie si\u0119 strategiami i bycie na bie\u017c\u0105co z najnowszymi wydarzeniami we wszech\u015bwiecie RocketPlay.<\/p>\n<h2>Wkrocz w przysz\u0142o\u015b\u0107 gier z kasynem RocketPlay<\/h2>\n<p>W rozleg\u0142ym kosmosie gier online RocketPlay Casino jest Twoim biletem do przysz\u0142o\u015bci pe\u0142nej emocji, innowacji i nieograniczonej rozrywki. Od naszej misji rozpalania zabawy w grach po nasze zaanga\u017cowanie w bezpiecze\u0144stwo, odpowiedzialn\u0105 gr\u0119 i doskona\u0142\u0105 obs\u0142ug\u0119 klienta \u2013 RocketPlay to co\u015b wi\u0119cej ni\u017c kasyno online; to przygoda w nieznane.<\/p>\n<p>Do\u0142\u0105cz do nas w tej kosmicznej podr\u00f3\u017cy i razem zdefiniujmy na nowo granice gier online. Kasyno RocketPlay \u2013 gdzie \u015bwiat zabawy spotyka si\u0119 z emocjami eksploracji!<\/p>\n","protected":false},"excerpt":{"rendered":"<p>Witamy w kasynie RocketPlay, gdzie dreszczyk emocji zwi\u0105zany z gr\u0105 \u0142\u0105czy si\u0119 z ekscytacj\u0105 eksploracji kosmosu. Odkryj wszech\u015bwiat rozrywki, innowacji i znakomitych nagr\u00f3d, gdy na nowo definiujemy do\u015bwiadczenie kasyna online. Nasza misja: rozpalanie zabawy w grach W RocketPlay Casino nasza misja jest prosta: rozpali\u0107 zabaw\u0119 w grach. Ka\u017cdy gracz zas\u0142uguje na do\u015bwiadczenie nie z tego&#8230;<\/p>\n","protected":false},"author":1,"featured_media":0,"parent":0,"menu_order":0,"comment_status":"closed","ping_status":"closed","template":"page-with-bonus.php","meta":{"_acf_changed":false,"_kad_post_transparent":"default","_kad_post_title":"default","_kad_post_layout":"default","_kad_post_sidebar_id":"","_kad_post_content_style":"default","_kad_post_vertical_padding":"default","_kad_post_feature":"","_kad_post_feature_position":"","_kad_post_header":false,"_kad_post_footer":false,"footnotes":""},"class_list":["post-4299","page","type-page","status-publish","hentry"],"acf":[],"rttpg_featured_image_url":null,"rttpg_author":{"display_name":"Tom","author_link":"https:\/\/rocketplay-game.com\/pl\/author\/pemvas95n89x\/"},"rttpg_comment":0,"rttpg_category":null,"rttpg_excerpt":"Witamy w kasynie RocketPlay, gdzie dreszczyk emocji zwi\u0105zany z gr\u0105 \u0142\u0105czy si\u0119 z ekscytacj\u0105 eksploracji kosmosu. Odkryj wszech\u015bwiat rozrywki, innowacji i znakomitych nagr\u00f3d, gdy na nowo definiujemy do\u015bwiadczenie kasyna online. Nasza misja: rozpalanie zabawy w grach W RocketPlay Casino nasza misja jest prosta: rozpali\u0107 zabaw\u0119 w grach. Ka\u017cdy gracz zas\u0142uguje na do\u015bwiadczenie nie z tego...","_links":{"self":[{"href":"https:\/\/rocketplay-game.com\/pl\/wp-json\/wp\/v2\/pages\/4299","targetHints":{"allow":["GET"]}}],"collection":[{"href":"https:\/\/rocketplay-game.com\/pl\/wp-json\/wp\/v2\/pages"}],"about":[{"href":"https:\/\/rocketplay-game.com\/pl\/wp-json\/wp\/v2\/types\/page"}],"author":[{"embeddable":true,"href":"https:\/\/rocketplay-game.com\/pl\/wp-json\/wp\/v2\/users\/1"}],"replies":[{"embeddable":true,"href":"https:\/\/rocketplay-game.com\/pl\/wp-json\/wp\/v2\/comments?post=4299"}],"version-history":[{"count":1,"href":"https:\/\/rocketplay-game.com\/pl\/wp-json\/wp\/v2\/pages\/4299\/revisions"}],"predecessor-version":[{"id":4300,"href":"https:\/\/rocketplay-game.com\/pl\/wp-json\/wp\/v2\/pages\/4299\/revisions\/4300"}],"wp:attachment":[{"href":"https:\/\/rocketplay-game.com\/pl\/wp-json\/wp\/v2\/media?parent=4299"}],"curies":[{"name":"wp","href":"https:\/\/api.w.org\/{rel}","templated":true}]}}