{"id":4323,"date":"2024-01-22T15:56:52","date_gmt":"2024-01-22T12:56:52","guid":{"rendered":"https:\/\/rocketplay-game.com\/aml-policy\/"},"modified":"2024-01-22T17:28:32","modified_gmt":"2024-01-22T14:28:32","slug":"aml-policy","status":"publish","type":"page","link":"https:\/\/rocketplay-game.com\/pl\/aml-policy\/","title":{"rendered":"Polityka przeciwdzia\u0142ania praniu pieni\u0119dzy"},"content":{"rendered":"<p>W RocketPlay Casino zdajemy sobie spraw\u0119 ze znaczenia utrzymywania najwy\u017cszych standard\u00f3w integralno\u015bci i bezpiecze\u0144stwa. Nasza polityka AML stanowi kompleksowe ramy umo\u017cliwiaj\u0105ce wykrywanie potencjalnych dzia\u0142a\u0144 zwi\u0105zanych z praniem pieni\u0119dzy na naszej platformie i zapobieganie im. Przestrzegaj\u0105c rygorystycznych wytycznych regulacyjnych, zapewniamy, \u017ce nasze kasyno pozostaje rajem dla rozrywki, jednocze\u015bnie powstrzymuj\u0105c nikczemne dzia\u0142ania.<\/p>\n<h2>Procedury identyfikacji i weryfikacji<\/h2>\n<p>Aby wzmocni\u0107 nasz\u0105 obron\u0119 przed praniem pieni\u0119dzy, RocketPlay Casino stosuje solidne procedury identyfikacji i weryfikacji. Kiedy gracz rejestruje si\u0119 na naszej platformie, wymagamy od niego podania dok\u0142adnych i aktualnych informacji, w tym danych osobowych i informacji finansowych. Dane te s\u0105 nast\u0119pnie poddawane szczeg\u00f3\u0142owej analizie w celu potwierdzenia ich legalno\u015bci.<\/p>\n<p>Nasze najnowocze\u015bniejsze procesy weryfikacji obejmuj\u0105 uwierzytelnianie dokument\u00f3w i wykorzystuj\u0105 zaawansowan\u0105 technologi\u0119 do wykrywania wszelkich anomalii i rozbie\u017cno\u015bci. To wieloaspektowe podej\u015bcie gwarantuje, \u017ce ka\u017cdy gracz w RocketPlay Casino przechodzi dok\u0142adny proces weryfikacji, przyczyniaj\u0105c si\u0119 do powstania bezpiecznego i godnego zaufania \u015brodowiska gier.<\/p>\n<h2>Ocena i monitorowanie ryzyka<\/h2>\n<p>Rozumiej\u0105c, \u017ce ryzyko ewoluuje, RocketPlay Casino przeprowadza ci\u0105g\u0142\u0105 ocen\u0119 ryzyka, aby by\u0107 o krok przed potencjalnymi zagro\u017ceniami zwi\u0105zanymi z praniem pieni\u0119dzy. Korzystaj\u0105c z najnowocze\u015bniejszych technologii i analiz, monitorujemy zachowania graczy w czasie rzeczywistym, identyfikuj\u0105c nietypowe wzorce lub transakcje, kt\u00f3re mog\u0105 wskazywa\u0107 na nielegalne dzia\u0142ania.<\/p>\n<p>Nasze protoko\u0142y oceny ryzyka s\u0105 dynamiczne, dostosowuj\u0105 si\u0119 do pojawiaj\u0105cych si\u0119 trend\u00f3w i zapewniaj\u0105 ewolucj\u0119 naszych zabezpiecze\u0144 wraz z potencjalnymi zagro\u017ceniami. To proaktywne podej\u015bcie pozwala nam szybko reagowa\u0107 i ogranicza\u0107 wszelkie ryzyko zwi\u0105zane z praniem pieni\u0119dzy, chroni\u0105c w ten spos\u00f3b integralno\u015b\u0107 naszego kasyna.<\/p>\n<h2>Monitorowanie i raportowanie transakcji<\/h2>\n<p>Kasyno RocketPlay wykorzystuje rygorystyczny system monitorowania transakcji w celu szybkiego identyfikowania podejrzanych dzia\u0142a\u0144 finansowych. Du\u017ce lub cz\u0119ste transakcje powoduj\u0105 automatyczne alerty, co sk\u0142ania nasz dedykowany zesp\u00f3\u0142 ds. przeciwdzia\u0142ania praniu pieni\u0119dzy do dok\u0142adnego zbadania sprawy. Zesp\u00f3\u0142 ten jest przeszkolony w rozpoznawaniu wzorc\u00f3w i zachowa\u0144 zwi\u0105zanych z praniem pieni\u0119dzy i dzia\u0142a szybko, aby zapobiec potencjalnym szkodom.<\/p>\n<p>Zgodnie z wymogami regulacyjnymi utrzymujemy r\u00f3wnie\u017c otwart\u0105 komunikacj\u0119 z odpowiednimi organami, zg\u0142aszaj\u0105c wszelkie podejrzane dzia\u0142ania zgodnie z obowi\u0105zuj\u0105cymi przepisami. Ta wsp\u00f3\u0142praca gwarantuje, \u017ce RocketPlay Casino aktywnie przyczynia si\u0119 do globalnych wysi\u0142k\u00f3w przeciwko praniu pieni\u0119dzy, wspieraj\u0105c bezpieczniejsze \u015brodowisko gier online dla wszystkich.<\/p>\n<h2>\u015arodki nale\u017cytej staranno\u015bci wobec klienta (CDD)<\/h2>\n<p>Nale\u017cyta staranno\u015b\u0107 wobec klienta jest podstaw\u0105 polityki AML kasyna RocketPlay. Przeprowadzaj\u0105c dok\u0142adne weryfikacje przesz\u0142o\u015bci naszych graczy, zwi\u0119kszamy nasz\u0105 zdolno\u015b\u0107 do skutecznego wykrywania i zapobiegania praniu pieni\u0119dzy. Obejmuje to monitorowanie i weryfikacj\u0119 \u017ar\u00f3d\u0142a \u015brodk\u00f3w, sprawdzanie legalno\u015bci transakcji finansowych gracza oraz zapewnienie, \u017ce nasze kasyno nie zostanie przypadkowo wykorzystane jako narz\u0119dzie do prania pieni\u0119dzy.<\/p>\n<p>Nasze zaanga\u017cowanie w CDD wykracza poza wst\u0119pn\u0105 konfiguracj\u0119 konta; okresowo przegl\u0105damy i aktualizujemy profile klient\u00f3w, aby odzwierciedli\u0107 wszelkie zmiany w ich zachowaniach finansowych. Ta ci\u0105g\u0142a staranno\u015b\u0107 pozwala nam zachowa\u0107 czujno\u015b\u0107 wobec potencjalnych zagro\u017ce\u0144 i chroni\u0107 interesy naszych legalnych graczy.<\/p>\n<h2>Szkolenie i \u015bwiadomo\u015b\u0107 pracownik\u00f3w<\/h2>\n<p>Zapewnienie powodzenia naszej polityki AML wymaga aktywnego zaanga\u017cowania ka\u017cdego cz\u0142onka zespo\u0142u w RocketPlay Casino. Inwestujemy znaczne \u015brodki w szkolenie naszych pracownik\u00f3w w zakresie rozpoznawania potencjalnych dzia\u0142a\u0144 zwi\u0105zanych z praniem pieni\u0119dzy i reagowania na nie. Wspieraj\u0105c kultur\u0119 \u015bwiadomo\u015bci i odpowiedzialno\u015bci, umo\u017cliwiamy naszym pracownikom odgrywanie aktywnej roli w utrzymywaniu integralno\u015bci naszej platformy.<\/p>\n<p>Regularne sesje szkoleniowe pozwalaj\u0105 naszemu zespo\u0142owi by\u0107 na bie\u017c\u0105co z najnowszymi taktykami prania pieni\u0119dzy, zmianami regulacyjnymi i nowo\u015bciami. To proaktywne podej\u015bcie wzmacnia nasz\u0105 obron\u0119 i wzbudza zaufanie naszych graczy, zapewniaj\u0105c ich, \u017ce jeste\u015bmy zobowi\u0105zani do zapewnienia bezpiecznej i uczciwej rozgrywki.<\/p>\n<h2>Przestrzeganie zasady Fair Play w kasynie RocketPlay<\/h2>\n<p>Polityka AML kasyna RocketPlay to co\u015b wi\u0119cej ni\u017c tylko zbi\u00f3r wytycznych; to zobowi\u0105zanie do zasad fair play, bezpiecze\u0144stwa i przejrzysto\u015bci. Wdra\u017caj\u0105c rygorystyczne procesy identyfikacji, monitorowania i raportowania, tworzymy \u015brodowisko gier, kt\u00f3re zapewnia rozrywk\u0119 i chroni interesy naszych graczy i szerszej spo\u0142eczno\u015bci. W miar\u0119 jak ewoluujemy wraz ze stale zmieniaj\u0105cym si\u0119 krajobrazem gier online, nasza polityka AML pozostaje kamieniem w\u0119gielnym, zapewniaj\u0105c, \u017ce RocketPlay Casino jest nie tylko miejscem rozrywki, ale tak\u017ce oaz\u0105 zaufania i uczciwo\u015bci.<\/p>\n","protected":false},"excerpt":{"rendered":"<p>W RocketPlay Casino zdajemy sobie spraw\u0119 ze znaczenia utrzymywania najwy\u017cszych standard\u00f3w integralno\u015bci i bezpiecze\u0144stwa. Nasza polityka AML stanowi kompleksowe ramy umo\u017cliwiaj\u0105ce wykrywanie potencjalnych dzia\u0142a\u0144 zwi\u0105zanych z praniem pieni\u0119dzy na naszej platformie i zapobieganie im. Przestrzegaj\u0105c rygorystycznych wytycznych regulacyjnych, zapewniamy, \u017ce nasze kasyno pozostaje rajem dla rozrywki, jednocze\u015bnie powstrzymuj\u0105c nikczemne dzia\u0142ania. Procedury identyfikacji i weryfikacji Aby&#8230;<\/p>\n","protected":false},"author":1,"featured_media":0,"parent":0,"menu_order":0,"comment_status":"closed","ping_status":"closed","template":"page-with-bonus.php","meta":{"_acf_changed":false,"_kad_post_transparent":"default","_kad_post_title":"default","_kad_post_layout":"default","_kad_post_sidebar_id":"","_kad_post_content_style":"default","_kad_post_vertical_padding":"default","_kad_post_feature":"","_kad_post_feature_position":"","_kad_post_header":false,"_kad_post_footer":false,"footnotes":""},"class_list":["post-4323","page","type-page","status-publish","hentry"],"acf":[],"rttpg_featured_image_url":null,"rttpg_author":{"display_name":"Tom","author_link":"https:\/\/rocketplay-game.com\/pl\/author\/pemvas95n89x\/"},"rttpg_comment":0,"rttpg_category":null,"rttpg_excerpt":"W RocketPlay Casino zdajemy sobie spraw\u0119 ze znaczenia utrzymywania najwy\u017cszych standard\u00f3w integralno\u015bci i bezpiecze\u0144stwa. Nasza polityka AML stanowi kompleksowe ramy umo\u017cliwiaj\u0105ce wykrywanie potencjalnych dzia\u0142a\u0144 zwi\u0105zanych z praniem pieni\u0119dzy na naszej platformie i zapobieganie im. Przestrzegaj\u0105c rygorystycznych wytycznych regulacyjnych, zapewniamy, \u017ce nasze kasyno pozostaje rajem dla rozrywki, jednocze\u015bnie powstrzymuj\u0105c nikczemne dzia\u0142ania. Procedury identyfikacji i weryfikacji Aby...","_links":{"self":[{"href":"https:\/\/rocketplay-game.com\/pl\/wp-json\/wp\/v2\/pages\/4323","targetHints":{"allow":["GET"]}}],"collection":[{"href":"https:\/\/rocketplay-game.com\/pl\/wp-json\/wp\/v2\/pages"}],"about":[{"href":"https:\/\/rocketplay-game.com\/pl\/wp-json\/wp\/v2\/types\/page"}],"author":[{"embeddable":true,"href":"https:\/\/rocketplay-game.com\/pl\/wp-json\/wp\/v2\/users\/1"}],"replies":[{"embeddable":true,"href":"https:\/\/rocketplay-game.com\/pl\/wp-json\/wp\/v2\/comments?post=4323"}],"version-history":[{"count":2,"href":"https:\/\/rocketplay-game.com\/pl\/wp-json\/wp\/v2\/pages\/4323\/revisions"}],"predecessor-version":[{"id":4326,"href":"https:\/\/rocketplay-game.com\/pl\/wp-json\/wp\/v2\/pages\/4323\/revisions\/4326"}],"wp:attachment":[{"href":"https:\/\/rocketplay-game.com\/pl\/wp-json\/wp\/v2\/media?parent=4323"}],"curies":[{"name":"wp","href":"https:\/\/api.w.org\/{rel}","templated":true}]}}