{"id":4339,"date":"2024-01-22T16:01:41","date_gmt":"2024-01-22T13:01:41","guid":{"rendered":"https:\/\/rocketplay-game.com\/bonus-policy\/"},"modified":"2024-01-22T17:46:28","modified_gmt":"2024-01-22T14:46:28","slug":"bonus-policy","status":"publish","type":"page","link":"https:\/\/rocketplay-game.com\/pl\/bonus-policy\/","title":{"rendered":"Polityka bonusowa"},"content":{"rendered":"<p>Kasyna online sta\u0142y si\u0119 kwitn\u0105cym centrum rozrywki i emocji, oferuj\u0105c graczom wirtualn\u0105 przysta\u0144, w kt\u00f3rej mog\u0105 odda\u0107 si\u0119 swoim ulubionym grom. RocketPlay Casino, pionier w bran\u017cy gier online, zapewnia znakomite wra\u017cenia z gry i os\u0142adza transakcj\u0119 kusz\u0105c\u0105 polityk\u0105 bonusow\u0105. Zag\u0142\u0119bmy si\u0119 w szczeg\u00f3\u0142y tej polityki, badaj\u0105c r\u00f3\u017cne bonusy czekaj\u0105ce na graczy na tej mi\u0119dzygalaktycznej platformie do gier.<\/p>\n<h3>Premia powitalna: Rozpocznij swoj\u0105 przygod\u0119<\/h3>\n<p>Wyruszenie w podr\u00f3\u017c RocketPlay to ekscytuj\u0105ce do\u015bwiadczenie, kt\u00f3re stanie si\u0119 jeszcze bardziej ekscytuj\u0105ce dzi\u0119ki hojnemu bonusowi powitalnemu. RocketPlay Casino przenosi go\u015bcinno\u015b\u0107 na nowy poziom, oferuj\u0105c poka\u017any pakiet bonusowy nowym graczom. Po zarejestrowaniu si\u0119 i dokonaniu pierwszej wp\u0142aty gracze zostaj\u0105 powitani rakietowym zwi\u0119kszeniem swojego bankrolla w grach. Ta dodatkowa amunicja pozwala im odkrywa\u0107 rozleg\u0142\u0105 galaktyk\u0119 gier dost\u0119pnych na platformie, przygotowuj\u0105c grunt pod epick\u0105 podr\u00f3\u017c w grach.<\/p>\n<h2>Premie za prze\u0142adowanie: utrzymuj dynamik\u0119<\/h2>\n<p>Po pierwszym wybuchu emocje nie opadaj\u0105. RocketPlay rozumie znaczenie utrzymywania dynamiki i w\u0142a\u015bnie w tym miejscu w gr\u0119 wchodz\u0105 premie za prze\u0142adowanie. Stali gracze mog\u0105 korzysta\u0107 z okresowych bonus\u00f3w za do\u0142adowanie, kt\u00f3re od\u015bwie\u017caj\u0105 ich konta za ka\u017cdym razem, gdy dokonuj\u0105 kolejnych depozyt\u00f3w. Premie te maj\u0105 na celu podtrzymanie emocji i zapewnienie graczom mo\u017cliwo\u015bci dalszego odkrywania r\u00f3\u017cnorodnej gamy gier bez \u017cadnych ogranicze\u0144 finansowych.<\/p>\n<h2>Darmowe spiny: uwolnij wiruj\u0105ce szale\u0144stwo<\/h2>\n<p>Dla entuzjast\u00f3w automat\u00f3w RocketPlay Casino wprowadza elektryzuj\u0105cy bonus darmowych spin\u00f3w. Te bezp\u0142atne spiny pozwalaj\u0105 graczom spr\u00f3bowa\u0107 szcz\u0119\u015bcia w najnowszych i najpopularniejszych automatach bez konieczno\u015bci anga\u017cowania w\u0142asnych \u015brodk\u00f3w. Niezale\u017cnie od tego, czy odkrywasz tajemnice staro\u017cytnych cywilizacji, czy zapuszczasz si\u0119 do fantastycznych krain mitycznych stworze\u0144, Free Spins ekscytuj\u0105 wra\u017cenia z gry.<\/p>\n<h2>Program VIP: Wznie\u015b si\u0119 na niebia\u0144skie wy\u017cyny<\/h2>\n<p>Kasyno RocketPlay wierzy w nagradzanie lojalno\u015bci, a jego program VIP jest \u015bwiadectwem tego zaanga\u017cowania. Kontynuuj\u0105c kosmiczn\u0105 podr\u00f3\u017c na platformie, gracze gromadz\u0105 punkty lojalno\u015bciowe, kt\u00f3re otwieraj\u0105 im drog\u0119 do statusu VIP. Po wej\u015bciu do rangi VIP gracze odblokowuj\u0105 skarbnic\u0119 ekskluzywnych bonus\u00f3w, spersonalizowanych ofert i jeszcze kr\u00f3tszych czas\u00f3w wyp\u0142at. RocketPlay jest dumny z traktowania swoich VIP-\u00f3w jak niebia\u0144skich cz\u0142onk\u00f3w rodziny kr\u00f3lewskiej, zapewniaj\u0105c, \u017ce ich lojalno\u015b\u0107 wi\u0105\u017ce si\u0119 z niezr\u00f3wnanymi korzy\u015bciami i przywilejami.<\/p>\n<h2>Premie zwrotu got\u00f3wki: zabezpieczenie w galaktyce gier<\/h2>\n<p>\u015awiat gier online jest nieprzewidywalny, a RocketPlay Casino rozumie, \u017ce nawet najbardziej do\u015bwiadczeni gracze mog\u0105 napotka\u0107 kosmiczn\u0105 czkawk\u0119. Aby z\u0142agodzi\u0107 skutki serii pech\u00f3w, RocketPlay oferuje bonusy Cashback. Premie te zapewniaj\u0105 graczom zwrot cz\u0119\u015bci strat netto, dzia\u0142aj\u0105c jako zabezpieczenie na rozleg\u0142ej galaktyce gier. To przemy\u015blany gest, dzi\u0119ki kt\u00f3remu gracze b\u0119d\u0105 mogli otrz\u0105sn\u0105\u0107 si\u0119 i kontynuowa\u0107 swoj\u0105 mi\u0119dzygalaktyczn\u0105 przygod\u0119 z nowym entuzjazmem.<\/p>\n<h2>Promocje sezonowe i specjalne: niebia\u0144skie niespodzianki<\/h2>\n<p>Kasyno RocketPlay stale trzyma swoich graczy w napi\u0119ciu dzi\u0119ki rotacyjnemu wykazowi promocji sezonowych i specjalnych. Od bonus\u00f3w o tematyce \u015bwi\u0105tecznej po niespodzianki, promocje te wprowadzaj\u0105 element nieprzewidywalno\u015bci do rozgrywki. Gracze mog\u0105 spodziewa\u0107 si\u0119 niebia\u0144skich niespodzianek, kt\u00f3re dodadz\u0105 dodatkowej warstwy emocji do ich przygody w RocketPlay, dzi\u0119ki czemu ka\u017cda wizyta w kasynie b\u0119dzie wyj\u0105tkowym i niezapomnianym wydarzeniem.<\/p>\n<h2>Wymagania dotycz\u0105ce zak\u0142ad\u00f3w: poruszanie si\u0119 po kosmicznym drobnym druku<\/h2>\n<p>Chocia\u017c bonusy w RocketPlay Casino s\u0105 niezaprzeczalnie kusz\u0105ce, poruszanie si\u0119 po kosmicznym drobnym druku jest niezb\u0119dne. Wymagania dotycz\u0105ce zak\u0142ad\u00f3w, powszechny aspekt premii w kasynie online, okre\u015blaj\u0105, ile razy gracze musz\u0105 obstawi\u0107 kwot\u0119 bonusu, zanim b\u0119d\u0105 mogli wyp\u0142aci\u0107 jakiekolwiek wygrane. RocketPlay utrzymuje przejrzyste i rozs\u0105dne wymagania dotycz\u0105ce zak\u0142ad\u00f3w, zapewniaj\u0105c graczom mo\u017cliwo\u015b\u0107 korzystania z bonus\u00f3w przy jasnym zrozumieniu warunk\u00f3w.<\/p>\n<h2>Podnie\u015b poziom swoich wra\u017ce\u0144 z gry dzi\u0119ki kasynu RocketPlay<\/h2>\n<p>Polityka bonusowa kasyna RocketPlay jest doskona\u0142ym przyk\u0142adem tego, jak platforma gier online mo\u017ce podnie\u015b\u0107 poziom do\u015bwiadczenia gracza. Od wybuchowego bonusu powitalnego po niebia\u0144skie korzy\u015bci programu VIP, RocketPlay robi wszystko, aby zaspokoi\u0107 r\u00f3\u017cnorodne preferencje swoich graczy. Wszech\u015bwiat gier jest ogromny, a RocketPlay gwarantuje, \u017ce ka\u017cdy gracz, zar\u00f3wno nowicjusz, jak i do\u015bwiadczony entuzjasta, mo\u017ce porusza\u0107 si\u0119 po tym kosmicznym kosmosie z przewag\u0105 nap\u0119dzan\u0105 rakietami. Gdy wyruszysz w swoj\u0105 przygod\u0119 z grami, niech RocketPlay Casino b\u0119dzie Twoim przewodnikiem, kt\u00f3ry przeniesie Ci\u0119 na nowy poziom ekscytacji i rozrywki w stale rozwijaj\u0105cej si\u0119 galaktyce gier online.<\/p>\n","protected":false},"excerpt":{"rendered":"<p>Kasyna online sta\u0142y si\u0119 kwitn\u0105cym centrum rozrywki i emocji, oferuj\u0105c graczom wirtualn\u0105 przysta\u0144, w kt\u00f3rej mog\u0105 odda\u0107 si\u0119 swoim ulubionym grom. RocketPlay Casino, pionier w bran\u017cy gier online, zapewnia znakomite wra\u017cenia z gry i os\u0142adza transakcj\u0119 kusz\u0105c\u0105 polityk\u0105 bonusow\u0105. Zag\u0142\u0119bmy si\u0119 w szczeg\u00f3\u0142y tej polityki, badaj\u0105c r\u00f3\u017cne bonusy czekaj\u0105ce na graczy na tej mi\u0119dzygalaktycznej platformie&#8230;<\/p>\n","protected":false},"author":1,"featured_media":0,"parent":0,"menu_order":0,"comment_status":"closed","ping_status":"closed","template":"page-with-bonus.php","meta":{"_acf_changed":false,"_kad_post_transparent":"default","_kad_post_title":"default","_kad_post_layout":"default","_kad_post_sidebar_id":"","_kad_post_content_style":"default","_kad_post_vertical_padding":"default","_kad_post_feature":"","_kad_post_feature_position":"","_kad_post_header":false,"_kad_post_footer":false,"footnotes":""},"class_list":["post-4339","page","type-page","status-publish","hentry"],"acf":[],"rttpg_featured_image_url":null,"rttpg_author":{"display_name":"Tom","author_link":"https:\/\/rocketplay-game.com\/pl\/author\/pemvas95n89x\/"},"rttpg_comment":0,"rttpg_category":null,"rttpg_excerpt":"Kasyna online sta\u0142y si\u0119 kwitn\u0105cym centrum rozrywki i emocji, oferuj\u0105c graczom wirtualn\u0105 przysta\u0144, w kt\u00f3rej mog\u0105 odda\u0107 si\u0119 swoim ulubionym grom. RocketPlay Casino, pionier w bran\u017cy gier online, zapewnia znakomite wra\u017cenia z gry i os\u0142adza transakcj\u0119 kusz\u0105c\u0105 polityk\u0105 bonusow\u0105. Zag\u0142\u0119bmy si\u0119 w szczeg\u00f3\u0142y tej polityki, badaj\u0105c r\u00f3\u017cne bonusy czekaj\u0105ce na graczy na tej mi\u0119dzygalaktycznej platformie...","_links":{"self":[{"href":"https:\/\/rocketplay-game.com\/pl\/wp-json\/wp\/v2\/pages\/4339","targetHints":{"allow":["GET"]}}],"collection":[{"href":"https:\/\/rocketplay-game.com\/pl\/wp-json\/wp\/v2\/pages"}],"about":[{"href":"https:\/\/rocketplay-game.com\/pl\/wp-json\/wp\/v2\/types\/page"}],"author":[{"embeddable":true,"href":"https:\/\/rocketplay-game.com\/pl\/wp-json\/wp\/v2\/users\/1"}],"replies":[{"embeddable":true,"href":"https:\/\/rocketplay-game.com\/pl\/wp-json\/wp\/v2\/comments?post=4339"}],"version-history":[{"count":1,"href":"https:\/\/rocketplay-game.com\/pl\/wp-json\/wp\/v2\/pages\/4339\/revisions"}],"predecessor-version":[{"id":4340,"href":"https:\/\/rocketplay-game.com\/pl\/wp-json\/wp\/v2\/pages\/4339\/revisions\/4340"}],"wp:attachment":[{"href":"https:\/\/rocketplay-game.com\/pl\/wp-json\/wp\/v2\/media?parent=4339"}],"curies":[{"name":"wp","href":"https:\/\/api.w.org\/{rel}","templated":true}]}}