{"id":4372,"date":"2024-01-22T15:02:18","date_gmt":"2024-01-22T12:02:18","guid":{"rendered":"https:\/\/rocketplay-game.com\/contact-us\/"},"modified":"2024-01-22T17:57:04","modified_gmt":"2024-01-22T14:57:04","slug":"contact-us","status":"publish","type":"page","link":"https:\/\/rocketplay-game.com\/pl\/contact-us\/","title":{"rendered":"Skontaktuj si\u0119 z nami"},"content":{"rendered":"<p>Rozumiemy, \u017ce poruszanie si\u0119 po galaktyce gier mo\u017ce rodzi\u0107 pytania lub wzbudza\u0107 ciekawo\u015b\u0107. W\u0142a\u015bnie dlatego RocketPlay Casino zapewnia wydajn\u0105 i dost\u0119pn\u0105 us\u0142ug\u0119 Skontaktuj si\u0119 z nami, zapewniaj\u0105c szybk\u0105 i pomocn\u0105 pomoc na Twoje zapytania.<\/p>\n<h2>Obs\u0142uga klienta: ca\u0142odobowa pomoc<\/h2>\n<p>W kasynie RocketPlay nasza obs\u0142uga klienta jest \u017ar\u00f3d\u0142em wszelkich pyta\u0144, w\u0105tpliwo\u015bci lub pomocy. Nasz zesp\u00f3\u0142 oddanych profesjonalist\u00f3w dzia\u0142a 24 godziny na dob\u0119, 7 dni w tygodniu, gotowy zapewni\u0107 ca\u0142odobowe wsparcie graczom ze wszystkich zak\u0105tk\u00f3w galaktyki. Niezale\u017cnie od tego, czy masz problemy techniczne, masz pytania dotycz\u0105ce promocji, czy potrzebujesz wskaz\u00f3wek, nasz zesp\u00f3\u0142 obs\u0142ugi klienta zadba o to, aby korzystanie z RocketPlay by\u0142o p\u0142ynne i przyjemne.<\/p>\n<h2>Opcje kontaktu: wybierz preferowany kana\u0142<\/h2>\n<p>Kasyno RocketPlay rozumie, \u017ce preferencje komunikacyjne s\u0105 r\u00f3\u017cne, dlatego oferujemy wiele kana\u0142\u00f3w kontaktu dostosowanych do Twoich potrzeb. Z naszym zespo\u0142em obs\u0142ugi klienta mo\u017cesz skontaktowa\u0107 si\u0119 za po\u015brednictwem poczty elektronicznej, czatu na \u017cywo lub naszej dedykowanej infolinii. Wybierz opcj\u0119, kt\u00f3ra najlepiej pasuje do Twojego stylu komunikacji i mo\u017cesz mie\u0107 pewno\u015b\u0107, \u017ce nasz zesp\u00f3\u0142 jest gotowy, aby szybko Ci pom\u00f3c.<\/p>\n<h2>Pomoc e-mailowa: zapytania pisemne rozpatrywane s\u0105 ostro\u017cnie<\/h2>\n<p>Nasza pomoc e-mailowa to idealny kana\u0142 dla graczy, kt\u00f3rzy wol\u0105 pisemny zapis swoich zapyta\u0144 lub maj\u0105 bardziej szczeg\u00f3\u0142owe pytania. Wy\u015blij nam e-mail z opisem swojego zapytania, a nasz zesp\u00f3\u0142 wsparcia odpowie z precyzj\u0105 i staranno\u015bci\u0105, z kt\u00f3rej s\u0142ynie RocketPlay. Oczekuj dok\u0142adnej i pomocnej odpowiedzi, kt\u00f3ra szybko rozwi\u0105\u017ce Twoje w\u0105tpliwo\u015bci.<\/p>\n<h2>Czat na \u017cywo: natychmiastowa pomoc na wyci\u0105gni\u0119cie r\u0119ki<\/h2>\n<p>Je\u015bli szukasz natychmiastowej pomocy, wystarczy jedno klikni\u0119cie, aby skorzysta\u0107 z funkcji czatu na \u017cywo. Po\u0142\u0105cz si\u0119 z cz\u0142onkiem naszego zespo\u0142u obs\u0142ugi klienta w czasie rzeczywistym, co umo\u017cliwi szybkie i skuteczne rozwi\u0105zanie Twoich problem\u00f3w. Opcja czatu na \u017cywo jest idealna, gdy potrzebujesz natychmiastowych odpowiedzi lub wskaz\u00f3wek podczas odkrywania wszech\u015bwiata RocketPlay.<\/p>\n<h2>Infolinia: Bezpo\u015brednie po\u0142\u0105czenie w pilnych sprawach<\/h2>\n<p>Nasza infolinia zapewnia bezpo\u015brednie i natychmiastowe po\u0142\u0105czenie z naszym zespo\u0142em obs\u0142ugi klienta w pilnych sprawach lub sytuacjach, w kt\u00f3rych potrzebny jest osobisty kontakt. Nasza dedykowana infolinia jest obs\u0142ugiwana przez kompetentnych i przyjaznych specjalist\u00f3w, kt\u00f3rzy s\u0105 gotowi pom\u00f3c Ci we wszelkich pilnych kwestiach, zapewniaj\u0105c, \u017ce w razie potrzeby otrzymasz wsparcie, kt\u00f3rego potrzebujesz.<\/p>\n<h2>Opinia: Tw\u00f3j g\u0142os kszta\u0142tuje wra\u017cenia z gry RocketPlay<\/h2>\n<p>RocketPlay Casino ceni Twoj\u0105 opini\u0119 i zach\u0119camy Ci\u0119 do dzielenia si\u0119 z nami swoimi przemy\u015bleniami, sugestiami i do\u015bwiadczeniami. Tw\u00f3j wk\u0142ad pomaga nam w ci\u0105g\u0142ym ulepszaniu i ulepszaniu \u015bwiata gier RocketPlay. Niezale\u017cnie od tego, czy masz pomys\u0142y na nowe funkcje lub ulepszenia, czy te\u017c chcesz podzieli\u0107 si\u0119 swoimi pozytywnymi do\u015bwiadczeniami, czekamy na Twoj\u0105 opini\u0119 jako integraln\u0105 cz\u0119\u015b\u0107 naszego zaanga\u017cowania w zapewnianie mo\u017cliwie najlepszych wra\u017ce\u0144 z gry.<\/p>\n<h2>Skontaktuj si\u0119 z kasynem RocketPlay \u2013 Twoj\u0105 bram\u0105 do wyj\u0105tkowego wsparcia<\/h2>\n<p>W RocketPlay Casino jeste\u015bmy dumni z zapewniania wyj\u0105tkowych wra\u017ce\u0144 z gry i wyj\u0105tkowej obs\u0142ugi klienta. Nasza us\u0142uga \u201eKontakt\u201d ma na celu nawi\u0105zanie bezpo\u015bredniej linii telefonicznej z naszym znakomitym zespo\u0142em wsparcia, dzi\u0119ki czemu Twoja podr\u00f3\u017c przez galaktyk\u0119 gier b\u0119dzie p\u0142ynna, przyjemna i bezproblemowa. Po\u0142\u0105cz si\u0119 z nami ju\u017c dzi\u015b i pozw\u00f3l RocketPlay Casino wznie\u015b\u0107 swoje wra\u017cenia z gry na nowy poziom!<\/p>\n","protected":false},"excerpt":{"rendered":"<p>Rozumiemy, \u017ce poruszanie si\u0119 po galaktyce gier mo\u017ce rodzi\u0107 pytania lub wzbudza\u0107 ciekawo\u015b\u0107. W\u0142a\u015bnie dlatego RocketPlay Casino zapewnia wydajn\u0105 i dost\u0119pn\u0105 us\u0142ug\u0119 Skontaktuj si\u0119 z nami, zapewniaj\u0105c szybk\u0105 i pomocn\u0105 pomoc na Twoje zapytania. Obs\u0142uga klienta: ca\u0142odobowa pomoc W kasynie RocketPlay nasza obs\u0142uga klienta jest \u017ar\u00f3d\u0142em wszelkich pyta\u0144, w\u0105tpliwo\u015bci lub pomocy. Nasz zesp\u00f3\u0142 oddanych profesjonalist\u00f3w&#8230;<\/p>\n","protected":false},"author":1,"featured_media":0,"parent":0,"menu_order":0,"comment_status":"closed","ping_status":"closed","template":"page-with-bonus.php","meta":{"_acf_changed":false,"_kad_post_transparent":"default","_kad_post_title":"default","_kad_post_layout":"default","_kad_post_sidebar_id":"","_kad_post_content_style":"default","_kad_post_vertical_padding":"default","_kad_post_feature":"","_kad_post_feature_position":"","_kad_post_header":false,"_kad_post_footer":false,"footnotes":""},"class_list":["post-4372","page","type-page","status-publish","hentry"],"acf":[],"rttpg_featured_image_url":null,"rttpg_author":{"display_name":"Tom","author_link":"https:\/\/rocketplay-game.com\/pl\/author\/pemvas95n89x\/"},"rttpg_comment":0,"rttpg_category":null,"rttpg_excerpt":"Rozumiemy, \u017ce poruszanie si\u0119 po galaktyce gier mo\u017ce rodzi\u0107 pytania lub wzbudza\u0107 ciekawo\u015b\u0107. W\u0142a\u015bnie dlatego RocketPlay Casino zapewnia wydajn\u0105 i dost\u0119pn\u0105 us\u0142ug\u0119 Skontaktuj si\u0119 z nami, zapewniaj\u0105c szybk\u0105 i pomocn\u0105 pomoc na Twoje zapytania. Obs\u0142uga klienta: ca\u0142odobowa pomoc W kasynie RocketPlay nasza obs\u0142uga klienta jest \u017ar\u00f3d\u0142em wszelkich pyta\u0144, w\u0105tpliwo\u015bci lub pomocy. Nasz zesp\u00f3\u0142 oddanych profesjonalist\u00f3w...","_links":{"self":[{"href":"https:\/\/rocketplay-game.com\/pl\/wp-json\/wp\/v2\/pages\/4372","targetHints":{"allow":["GET"]}}],"collection":[{"href":"https:\/\/rocketplay-game.com\/pl\/wp-json\/wp\/v2\/pages"}],"about":[{"href":"https:\/\/rocketplay-game.com\/pl\/wp-json\/wp\/v2\/types\/page"}],"author":[{"embeddable":true,"href":"https:\/\/rocketplay-game.com\/pl\/wp-json\/wp\/v2\/users\/1"}],"replies":[{"embeddable":true,"href":"https:\/\/rocketplay-game.com\/pl\/wp-json\/wp\/v2\/comments?post=4372"}],"version-history":[{"count":1,"href":"https:\/\/rocketplay-game.com\/pl\/wp-json\/wp\/v2\/pages\/4372\/revisions"}],"predecessor-version":[{"id":4374,"href":"https:\/\/rocketplay-game.com\/pl\/wp-json\/wp\/v2\/pages\/4372\/revisions\/4374"}],"wp:attachment":[{"href":"https:\/\/rocketplay-game.com\/pl\/wp-json\/wp\/v2\/media?parent=4372"}],"curies":[{"name":"wp","href":"https:\/\/api.w.org\/{rel}","templated":true}]}}