{"id":4399,"date":"2024-01-22T15:37:01","date_gmt":"2024-01-22T12:37:01","guid":{"rendered":"https:\/\/rocketplay-game.com\/gdpr-policy\/"},"modified":"2024-01-22T18:11:00","modified_gmt":"2024-01-22T15:11:00","slug":"gdpr-policy","status":"publish","type":"page","link":"https:\/\/rocketplay-game.com\/pl\/gdpr-policy\/","title":{"rendered":"Polityka RODO"},"content":{"rendered":"<p>W dynamicznym \u015bwiecie gier online RocketPlay Casino wyr\u00f3\u017cnia si\u0119 nie tylko ekscytuj\u0105cymi grami i wci\u0105gaj\u0105cymi do\u015bwiadczeniami, ale tak\u017ce niezachwianym zaanga\u017cowaniem w ochron\u0119 danych u\u017cytkownik\u00f3w. Zgodnie z og\u00f3lnym rozporz\u0105dzeniem o ochronie danych (RODO), RocketPlay Casino wdro\u017cy\u0142o solidn\u0105 polityk\u0119 prywatno\u015bci, aby zapewni\u0107, \u017ce dane osobowe graczy s\u0105 traktowane z najwy\u017csz\u0105 staranno\u015bci\u0105 i przejrzysto\u015bci\u0105. Niniejsza polityka RODO stanowi dow\u00f3d naszego zaanga\u017cowania w tworzenie bezpiecznego i przyjemnego \u015brodowiska gier dla naszych u\u017cytkownik\u00f3w.<\/p>\n<h2>Przejrzysto\u015b\u0107 i odpowiedzialno\u015b\u0107<\/h2>\n<p>W RocketPlay Casino przejrzysto\u015b\u0107 jest podstaw\u0105 naszej strategii zgodno\u015bci z RODO. Wierzymy w informowanie naszych graczy o tym, w jaki spos\u00f3b ich dane s\u0105 gromadzone, przetwarzane i wykorzystywane. Nasza polityka prywatno\u015bci jest \u0142atwo dost\u0119pna na naszej stronie internetowej, zapewniaj\u0105c u\u017cytkownikom kompleksowy przegl\u0105d gromadzonych przez nas informacji i cel\u00f3w, dla kt\u00f3rych je wykorzystujemy.<\/p>\n<p>Aby zapewni\u0107 rozliczalno\u015b\u0107, wyznaczyli\u015bmy inspektora ochrony danych (DPO) odpowiedzialnego za nadzorowanie przestrzegania przepis\u00f3w o ochronie danych i odpowiadanie na wszelkie zapytania i w\u0105tpliwo\u015bci u\u017cytkownik\u00f3w. IOD s\u0142u\u017cy jako punkt kontaktowy pomi\u0119dzy RocketPlay Casino a organami ochrony danych, wspieraj\u0105c przejrzyste i odpowiedzialne podej\u015bcie do prywatno\u015bci danych.<\/p>\n<h2>Zgodne z prawem i uczciwe przetwarzanie danych<\/h2>\n<p>RocketPlay Casino przestrzega zasad zgodnego z prawem i uczciwego przetwarzania danych okre\u015blonych w RODO. Gromadzimy i przetwarzamy dane osobowe wy\u0142\u0105cznie w konkretnych i prawnie uzasadnionych celach, zapewniaj\u0105c, \u017ce nasi u\u017cytkownicy znaj\u0105 powody gromadzenia danych. Niezale\u017cnie od tego, czy jest to rejestracja konta, przetwarzanie transakcji, czy spersonalizowane do\u015bwiadczenia w grach, priorytetem jest dla nas przejrzysto\u015b\u0107 naszych praktyk przetwarzania danych.<\/p>\n<p>Ponadto \u015bci\u015ble przestrzegamy zasady minimalizacji, zbieraj\u0105c tylko te dane, kt\u00f3re s\u0105 niezb\u0119dne do zamierzonego celu. Gwarantuje to, \u017ce RocketPlay Casino utrzymuje oszcz\u0119dne i skoncentrowane podej\u015bcie do przetwarzania danych, minimalizuj\u0105c potencjalny wp\u0142yw na prywatno\u015b\u0107 u\u017cytkownik\u00f3w.<\/p>\n<h2>Zgoda u\u017cytkownika i kontrola<\/h2>\n<p>Poszanowanie zgody u\u017cytkownika ma ogromne znaczenie w wysi\u0142kach RocketPlay Casino dotycz\u0105cych zgodno\u015bci z RODO. Przed gromadzeniem i przetwarzaniem ich danych osobowych uzyskujemy wyra\u017an\u0105 zgod\u0119 naszych u\u017cytkownik\u00f3w. Podczas procesu rejestracji konta gracze otrzymuj\u0105 jasne i zwi\u0119z\u0142e informacje o tym, jakie dane zbieramy i w jaki spos\u00f3b b\u0119d\u0105 one wykorzystywane. U\u017cytkownicy mog\u0105 zrezygnowa\u0107 z niekt\u00f3rych czynno\u015bci przetwarzania danych, zapewniaj\u0105c im kontrol\u0119 nad swoimi danymi osobowymi.<\/p>\n<p>RocketPlay Casino uznaje r\u00f3wnie\u017c prawo u\u017cytkownik\u00f3w do dost\u0119pu, poprawiania i usuwania swoich danych. Nasz przyjazny dla u\u017cytkownika interfejs pozwala graczom zarz\u0105dza\u0107 ustawieniami prywatno\u015bci i dostosowywa\u0107 wra\u017cenia z gry zgodnie z ich preferencjami. To zaanga\u017cowanie w kontrol\u0119 u\u017cytkownika wzmacnia pozycj\u0119 naszych graczy i wzmacnia nasze zaanga\u017cowanie w poszanowanie indywidualnych praw do prywatno\u015bci.<\/p>\n<h2>\u015arodki bezpiecze\u0144stwa i integralno\u015b\u0107 danych<\/h2>\n<p>Ochrona danych u\u017cytkownika jest najwy\u017cszym priorytetem w RocketPlay Casino. Stosujemy najnowocze\u015bniejsze \u015brodki bezpiecze\u0144stwa, aby chroni\u0107 dane osobowe przed nieuprawnionym dost\u0119pem, ujawnieniem, zmian\u0105 i zniszczeniem. Nasze bezpieczne serwery, protoko\u0142y szyfrowania i regularne audyty bezpiecze\u0144stwa zapewniaj\u0105 integralno\u015b\u0107 i poufno\u015b\u0107 przetwarzanych przez nas danych.<\/p>\n<p>Zgodnie z zasad\u0105 ochrony danych RODO ju\u017c w fazie projektowania i zasadami domy\u015blnymi, od samego pocz\u0105tku zintegrowali\u015bmy \u015brodki ochrony prywatno\u015bci z nasz\u0105 platform\u0105 do gier. To proaktywne podej\u015bcie spe\u0142nia wymogi regulacyjne i odzwierciedla nasze zaanga\u017cowanie w zapewnianie bezpiecznego i godnego zaufania \u015brodowiska gier.<\/p>\n<h2>Mi\u0119dzynarodowe przesy\u0142anie danych i umowy z podmiotami trzecimi<\/h2>\n<p>Jako globalna platforma gier online, RocketPlay Casino mo\u017ce wi\u0105za\u0107 si\u0119 z przesy\u0142aniem danych u\u017cytkownika przez granice mi\u0119dzynarodowe. Aby zapewni\u0107 zgodno\u015b\u0107 z RODO, wdro\u017cyli\u015bmy odpowiednie zabezpieczenia, takie jak standardowe klauzule umowne (SCC), maj\u0105ce na celu zabezpieczenie zgodnego z prawem przekazywania danych osobowych. Te umowy umowne ze stronami trzecimi gwarantuj\u0105, \u017ce dane b\u0119d\u0105 przetwarzane z takim samym poziomem ochrony, jaki jest wymagany na mocy RODO.<\/p>\n<p>Anga\u017cuj\u0105c zewn\u0119trznych dostawc\u00f3w us\u0142ug, RocketPlay Casino starannie wybiera partner\u00f3w, kt\u00f3rzy podzielaj\u0105 nasze zaanga\u017cowanie w ochron\u0119 danych. Nasze umowy z tymi podmiotami zawieraj\u0105 szczeg\u00f3\u0142owe klauzule dotycz\u0105ce prywatno\u015bci i bezpiecze\u0144stwa danych, co wzmacnia nasze zaanga\u017cowanie w utrzymanie najwy\u017cszych standard\u00f3w ochrony u\u017cytkownik\u00f3w.<\/p>\n<h2>Reakcja i powiadomienie o naruszeniu danych<\/h2>\n<p>Pomimo rygorystycznych \u015brodk\u00f3w bezpiecze\u0144stwa, RocketPlay Casino przyznaje, \u017ce istnieje mo\u017cliwo\u015b\u0107 naruszenia bezpiecze\u0144stwa danych. W przypadku incydentu zwi\u0105zanego z bezpiecze\u0144stwem nasz zesp\u00f3\u0142 szybkiego reagowania jest przygotowany do podj\u0119cia natychmiastowych dzia\u0142a\u0144 w celu z\u0142agodzenia skutk\u00f3w. Przestrzegamy wymog\u00f3w powiadamiania wynikaj\u0105cych z RODO, niezw\u0142ocznie informuj\u0105c zainteresowanych u\u017cytkownik\u00f3w i odpowiednie w\u0142adze o naruszeniu. Ta przejrzysta komunikacja gwarantuje, \u017ce nasi u\u017cytkownicy zostan\u0105 powiadomieni i upowa\u017cnieni do podj\u0119cia odpowiednich \u015brodk\u00f3w w celu ochrony swoich informacji.<\/p>\n<h2>Ci\u0105g\u0142e doskonalenie i monitorowanie zgodno\u015bci<\/h2>\n<p>RocketPlay Casino postrzega zgodno\u015b\u0107 z RODO jako ci\u0105g\u0142e zobowi\u0105zanie, a nie jednorazowe zadanie. Stale monitorujemy zmiany w przepisach, aktualizuj\u0105c nasze praktyki dotycz\u0105ce prywatno\u015bci, aby dostosowa\u0107 je do wszelkich zmian w przepisach dotycz\u0105cych ochrony danych. Nasze zaanga\u017cowanie w przestrzeganie przepis\u00f3w wykracza poza zobowi\u0105zania prawne; odzwierciedla to nasze zaanga\u017cowanie w budowanie zaufania i przejrzysto\u015bci w spo\u0142eczno\u015bci graczy.<\/p>\n<p>Przeprowadzamy regularne audyty i oceny w celu oceny skuteczno\u015bci naszych \u015brodk\u00f3w zapewniaj\u0105cych zgodno\u015b\u0107 z RODO. Informacje zwrotne od u\u017cytkownik\u00f3w, organ\u00f3w regulacyjnych i oceny wewn\u0119trzne przyczyniaj\u0105 si\u0119 do ci\u0105g\u0142ego doskonalenia naszych praktyk w zakresie ochrony danych. To proaktywne podej\u015bcie wzmacnia pozycj\u0119 RocketPlay Casino jako odpowiedzialnego zarz\u0105dcy danych u\u017cytkownik\u00f3w w bran\u017cy gier online.<\/p>\n","protected":false},"excerpt":{"rendered":"<p>W dynamicznym \u015bwiecie gier online RocketPlay Casino wyr\u00f3\u017cnia si\u0119 nie tylko ekscytuj\u0105cymi grami i wci\u0105gaj\u0105cymi do\u015bwiadczeniami, ale tak\u017ce niezachwianym zaanga\u017cowaniem w ochron\u0119 danych u\u017cytkownik\u00f3w. Zgodnie z og\u00f3lnym rozporz\u0105dzeniem o ochronie danych (RODO), RocketPlay Casino wdro\u017cy\u0142o solidn\u0105 polityk\u0119 prywatno\u015bci, aby zapewni\u0107, \u017ce dane osobowe graczy s\u0105 traktowane z najwy\u017csz\u0105 staranno\u015bci\u0105 i przejrzysto\u015bci\u0105. Niniejsza polityka RODO stanowi&#8230;<\/p>\n","protected":false},"author":1,"featured_media":0,"parent":0,"menu_order":0,"comment_status":"closed","ping_status":"closed","template":"page-with-bonus.php","meta":{"_acf_changed":false,"_kad_post_transparent":"default","_kad_post_title":"default","_kad_post_layout":"default","_kad_post_sidebar_id":"","_kad_post_content_style":"default","_kad_post_vertical_padding":"default","_kad_post_feature":"","_kad_post_feature_position":"","_kad_post_header":false,"_kad_post_footer":false,"footnotes":""},"class_list":["post-4399","page","type-page","status-publish","hentry"],"acf":[],"rttpg_featured_image_url":null,"rttpg_author":{"display_name":"Tom","author_link":"https:\/\/rocketplay-game.com\/pl\/author\/pemvas95n89x\/"},"rttpg_comment":0,"rttpg_category":null,"rttpg_excerpt":"W dynamicznym \u015bwiecie gier online RocketPlay Casino wyr\u00f3\u017cnia si\u0119 nie tylko ekscytuj\u0105cymi grami i wci\u0105gaj\u0105cymi do\u015bwiadczeniami, ale tak\u017ce niezachwianym zaanga\u017cowaniem w ochron\u0119 danych u\u017cytkownik\u00f3w. Zgodnie z og\u00f3lnym rozporz\u0105dzeniem o ochronie danych (RODO), RocketPlay Casino wdro\u017cy\u0142o solidn\u0105 polityk\u0119 prywatno\u015bci, aby zapewni\u0107, \u017ce dane osobowe graczy s\u0105 traktowane z najwy\u017csz\u0105 staranno\u015bci\u0105 i przejrzysto\u015bci\u0105. Niniejsza polityka RODO stanowi...","_links":{"self":[{"href":"https:\/\/rocketplay-game.com\/pl\/wp-json\/wp\/v2\/pages\/4399","targetHints":{"allow":["GET"]}}],"collection":[{"href":"https:\/\/rocketplay-game.com\/pl\/wp-json\/wp\/v2\/pages"}],"about":[{"href":"https:\/\/rocketplay-game.com\/pl\/wp-json\/wp\/v2\/types\/page"}],"author":[{"embeddable":true,"href":"https:\/\/rocketplay-game.com\/pl\/wp-json\/wp\/v2\/users\/1"}],"replies":[{"embeddable":true,"href":"https:\/\/rocketplay-game.com\/pl\/wp-json\/wp\/v2\/comments?post=4399"}],"version-history":[{"count":2,"href":"https:\/\/rocketplay-game.com\/pl\/wp-json\/wp\/v2\/pages\/4399\/revisions"}],"predecessor-version":[{"id":4402,"href":"https:\/\/rocketplay-game.com\/pl\/wp-json\/wp\/v2\/pages\/4399\/revisions\/4402"}],"wp:attachment":[{"href":"https:\/\/rocketplay-game.com\/pl\/wp-json\/wp\/v2\/media?parent=4399"}],"curies":[{"name":"wp","href":"https:\/\/api.w.org\/{rel}","templated":true}]}}