{"id":4425,"date":"2024-01-22T15:53:20","date_gmt":"2024-01-22T12:53:20","guid":{"rendered":"https:\/\/rocketplay-game.com\/kyc-policy\/"},"modified":"2024-01-22T18:20:12","modified_gmt":"2024-01-22T15:20:12","slug":"kyc-policy","status":"publish","type":"page","link":"https:\/\/rocketplay-game.com\/pl\/kyc-policy\/","title":{"rendered":"Polityka KYC"},"content":{"rendered":"<p>Polityka KYC kasyna RocketPlay ma na celu weryfikacj\u0119 to\u017csamo\u015bci graczy i zapewnienie zgodno\u015bci z wymogami regulacyjnymi. Podstawowym celem jest zapobieganie nieuczciwym dzia\u0142aniom, takim jak kradzie\u017c to\u017csamo\u015bci i pranie pieni\u0119dzy, oraz utrzymanie integralno\u015bci platformy gier. Celem RocketPlay Casino jest zapewnienie wszystkim u\u017cytkownikom godnych zaufania i przejrzystych wra\u017ce\u0144 z gry, przestrzegaj\u0105c rygorystycznych procedur KYC.<\/p>\n<h2>Proces rejestracji i weryfikacji u\u017cytkownika<\/h2>\n<p>Podczas rejestracji w RocketPlay Casino gracze musz\u0105 poda\u0107 dok\u0142adne i aktualne dane osobowe. Obejmuje to imi\u0119 i nazwisko, dat\u0119 urodzenia, adres i dane kontaktowe. Kasyno wykorzystuje zaawansowane technologie szyfrowania, aby chroni\u0107 te wra\u017cliwe dane, zapewniaj\u0105c graczom spok\u00f3j ducha w grach.<\/p>\n<p>Weryfikacja rozpoczyna si\u0119 od przedstawienia dokument\u00f3w to\u017csamo\u015bci, w tym wydanego przez rz\u0105d dowodu osobistego, paszportu lub prawa jazdy. Ponadto gracze mog\u0105 zosta\u0107 poproszeni o przedstawienie dokumentu potwierdzaj\u0105cego adres, takiego jak rachunek za media lub wyci\u0105g bankowy. Dokumenty te s\u0105 dok\u0142adnie sprawdzane przez dedykowany zesp\u00f3\u0142 KYC kasyna, kt\u00f3ry dok\u0142ada wszelkich stara\u0144, aby uwierzytelni\u0107 dostarczone informacje.<\/p>\n<h2>Ochrona przed kradzie\u017c\u0105 to\u017csamo\u015bci<\/h2>\n<p>Kradzie\u017c to\u017csamo\u015bci jest powszechnym problemem w epoce cyfrowej, a RocketPlay Casino stara si\u0119 zapobiega\u0107 takim zdarzeniom na swojej platformie. Dok\u0142adny proces weryfikacji KYC stanowi solidn\u0105 barier\u0119 przed nieupowa\u017cnionymi osobami pr\u00f3buj\u0105cymi utworzy\u0107 konta przy u\u017cyciu skradzionych lub fa\u0142szywych to\u017csamo\u015bci. Potwierdzaj\u0105c legalno\u015b\u0107 ka\u017cdego gracza, kasyno zapewnia bezpieczn\u0105 przestrze\u0144 dla prawdziwych entuzjast\u00f3w gier, aby mogli cieszy\u0107 si\u0119 swoimi ulubionymi grami bez obawy przed kradzie\u017c\u0105 to\u017csamo\u015bci.<\/p>\n<h2>Zapewnienie fair play i odpowiedzialnej gry<\/h2>\n<p>Opr\u00f3cz zapobiegania nieuczciwym dzia\u0142aniom, polityka KYC RocketPlay Casino ma kluczowe znaczenie w promowaniu uczciwej gry i odpowiedzialnej gry. Weryfikuj\u0105c wiek i to\u017csamo\u015b\u0107 graczy, kasyno zapewnia, \u017ce dost\u0119p do platformy maj\u0105 wy\u0142\u0105cznie osoby pe\u0142noletnie. Jest to zgodne z zaanga\u017cowaniem kasyna w praktyki odpowiedzialnej gry i pomaga stworzy\u0107 bezpieczniejsze \u015brodowisko u\u017cytkownika.<\/p>\n<h2>Zgodno\u015b\u0107 ze standardami regulacyjnymi<\/h2>\n<p>Kasyno RocketPlay jest w pe\u0142ni zaanga\u017cowane w przestrzeganie standard\u00f3w regulacyjnych okre\u015blonych przez w\u0142adze ds. gier. Wdro\u017cenie kompleksowej polityki KYC jest kluczowym aspektem tego zobowi\u0105zania. Przestrzegaj\u0105c tych standard\u00f3w, kasyno spe\u0142nia wymogi prawne i demonstruje swoje zaanga\u017cowanie w utrzymanie renomowanej i godnej zaufania platformy gier online.<\/p>\n<h2>Usprawniony i skuteczny proces weryfikacji<\/h2>\n<p>Rozumiej\u0105c znaczenie p\u0142ynnej rozgrywki, RocketPlay Casino zainwestowa\u0142o w stworzenie usprawnionego i wydajnego procesu weryfikacji KYC. Przyjazny interfejs kasyna i jasne instrukcje u\u0142atwiaj\u0105 graczom z\u0142o\u017cenie niezb\u0119dnych dokument\u00f3w i zako\u0144czenie procesu weryfikacji bez niepotrzebnych op\u00f3\u017anie\u0144. To zaanga\u017cowanie w wydajno\u015b\u0107 gwarantuje, \u017ce gracze b\u0119d\u0105 mogli szybko cieszy\u0107 si\u0119 swoimi ulubionymi grami, zachowuj\u0105c jednocze\u015bnie najwy\u017csze standardy bezpiecze\u0144stwa.<\/p>\n<h2>Ochrona danych i prywatno\u015b\u0107<\/h2>\n<p>Kasyno RocketPlay przywi\u0105zuje du\u017c\u0105 wag\u0119 do ochrony danych i prywatno\u015bci graczy. Wszystkie informacje zebrane podczas procesu KYC s\u0105 traktowane z najwy\u017csz\u0105 staranno\u015bci\u0105 i bezpiecznie przechowywane przy u\u017cyciu zaawansowanych protoko\u0142\u00f3w szyfrowania. Kasyno \u015bci\u015ble przestrzega przepis\u00f3w o ochronie danych, zapewniaj\u0105c, \u017ce informacje o graczach nie zostan\u0105 udost\u0119pnione nieupowa\u017cnionym osobom trzecim. To zaanga\u017cowanie w prywatno\u015b\u0107 wzmacnia zaufanie, jakim gracze obdarzaj\u0105 kasyno RocketPlay.<\/p>\n<h2>Ci\u0105g\u0142e monitorowanie i aktualizacja<\/h2>\n<p>\u015awiat gier online jest dynamiczny, a RocketPlay Casino uznaje potrzeb\u0119 ci\u0105g\u0142ego monitorowania i aktualizacji swoich procedur KYC. Kasyno na bie\u017c\u0105co \u015bledzi post\u0119p technologiczny i zmiany regulacyjne, aby zapewni\u0107, \u017ce jego polityka KYC pozostaje skuteczna i zgodna ze standardami bran\u017cowymi. To proaktywne podej\u015bcie odzwierciedla zaanga\u017cowanie kasyna w zapewnianie bezpiecznego \u015brodowiska gier, kt\u00f3re ewoluuje wraz z ci\u0105gle zmieniaj\u0105cym si\u0119 krajobrazem gier online.<\/p>\n<p>Polityka KYC kasyna RocketPlay jest \u015bwiadectwem jego niezachwianego zaanga\u017cowania w bezpiecze\u0144stwo graczy, uczciw\u0105 gr\u0119 i odpowiedzialn\u0105 gr\u0119. Wdra\u017caj\u0105c rygorystyczny proces weryfikacji, kasyno tworzy godn\u0105 zaufania platform\u0119, na kt\u00f3rej gracze mog\u0105 \u015bmia\u0142o anga\u017cowa\u0107 si\u0119 w swoje ulubione gry. Po\u0142\u0105czenie najnowocze\u015bniejszej technologii, zgodno\u015bci z przepisami i przyjaznego dla u\u017cytkownika interfejsu pozycjonuje RocketPlay Casino jako lidera w bran\u017cy gier online, kt\u00f3rego zadaniem jest zapewnianie bezpiecznych i przyjemnych wra\u017ce\u0144 graczom na ca\u0142ym \u015bwiecie.<\/p>\n","protected":false},"excerpt":{"rendered":"<p>Polityka KYC kasyna RocketPlay ma na celu weryfikacj\u0119 to\u017csamo\u015bci graczy i zapewnienie zgodno\u015bci z wymogami regulacyjnymi. Podstawowym celem jest zapobieganie nieuczciwym dzia\u0142aniom, takim jak kradzie\u017c to\u017csamo\u015bci i pranie pieni\u0119dzy, oraz utrzymanie integralno\u015bci platformy gier. Celem RocketPlay Casino jest zapewnienie wszystkim u\u017cytkownikom godnych zaufania i przejrzystych wra\u017ce\u0144 z gry, przestrzegaj\u0105c rygorystycznych procedur KYC. Proces rejestracji i&#8230;<\/p>\n","protected":false},"author":1,"featured_media":0,"parent":0,"menu_order":0,"comment_status":"closed","ping_status":"closed","template":"page-with-bonus.php","meta":{"_acf_changed":false,"_kad_post_transparent":"default","_kad_post_title":"default","_kad_post_layout":"default","_kad_post_sidebar_id":"","_kad_post_content_style":"default","_kad_post_vertical_padding":"default","_kad_post_feature":"","_kad_post_feature_position":"","_kad_post_header":false,"_kad_post_footer":false,"footnotes":""},"class_list":["post-4425","page","type-page","status-publish","hentry"],"acf":[],"rttpg_featured_image_url":null,"rttpg_author":{"display_name":"Tom","author_link":"https:\/\/rocketplay-game.com\/pl\/author\/pemvas95n89x\/"},"rttpg_comment":0,"rttpg_category":null,"rttpg_excerpt":"Polityka KYC kasyna RocketPlay ma na celu weryfikacj\u0119 to\u017csamo\u015bci graczy i zapewnienie zgodno\u015bci z wymogami regulacyjnymi. Podstawowym celem jest zapobieganie nieuczciwym dzia\u0142aniom, takim jak kradzie\u017c to\u017csamo\u015bci i pranie pieni\u0119dzy, oraz utrzymanie integralno\u015bci platformy gier. Celem RocketPlay Casino jest zapewnienie wszystkim u\u017cytkownikom godnych zaufania i przejrzystych wra\u017ce\u0144 z gry, przestrzegaj\u0105c rygorystycznych procedur KYC. Proces rejestracji i...","_links":{"self":[{"href":"https:\/\/rocketplay-game.com\/pl\/wp-json\/wp\/v2\/pages\/4425","targetHints":{"allow":["GET"]}}],"collection":[{"href":"https:\/\/rocketplay-game.com\/pl\/wp-json\/wp\/v2\/pages"}],"about":[{"href":"https:\/\/rocketplay-game.com\/pl\/wp-json\/wp\/v2\/types\/page"}],"author":[{"embeddable":true,"href":"https:\/\/rocketplay-game.com\/pl\/wp-json\/wp\/v2\/users\/1"}],"replies":[{"embeddable":true,"href":"https:\/\/rocketplay-game.com\/pl\/wp-json\/wp\/v2\/comments?post=4425"}],"version-history":[{"count":1,"href":"https:\/\/rocketplay-game.com\/pl\/wp-json\/wp\/v2\/pages\/4425\/revisions"}],"predecessor-version":[{"id":4426,"href":"https:\/\/rocketplay-game.com\/pl\/wp-json\/wp\/v2\/pages\/4425\/revisions\/4426"}],"wp:attachment":[{"href":"https:\/\/rocketplay-game.com\/pl\/wp-json\/wp\/v2\/media?parent=4425"}],"curies":[{"name":"wp","href":"https:\/\/api.w.org\/{rel}","templated":true}]}}