{"id":4445,"date":"2024-01-22T15:23:25","date_gmt":"2024-01-22T12:23:25","guid":{"rendered":"https:\/\/rocketplay-game.com\/privacy-policy\/"},"modified":"2024-01-22T18:36:47","modified_gmt":"2024-01-22T15:36:47","slug":"privacy-policy","status":"publish","type":"page","link":"https:\/\/rocketplay-game.com\/pl\/privacy-policy\/","title":{"rendered":"Polityka prywatno\u015bci"},"content":{"rendered":"<p>W RocketPlay Casino cenimy Twoje zaufanie i traktujemy priorytetowo poufno\u015b\u0107 Twoich danych. Niniejsza Polityka prywatno\u015bci okre\u015bla rodzaje informacji, kt\u00f3re gromadzimy, cele, w jakich je wykorzystujemy, oraz \u015brodki, kt\u00f3re wdra\u017camy, aby zapewni\u0107 bezpiecze\u0144stwo Twoich danych. Korzystaj\u0105c z naszej platformy, wyra\u017casz zgod\u0119 na warunki okre\u015blone w niniejszym dokumencie.<\/p>\n<h2>Zbieranie i wykorzystywanie informacji<\/h2>\n<h3>Dane osobowe<\/h3>\n<p>RocketPlay Casino zbiera dane osobowe podczas rejestracji konta, dokonywania transakcji lub interakcji z naszymi us\u0142ugami. Mo\u017ce to obejmowa\u0107 mi\u0119dzy innymi Twoje imi\u0119 i nazwisko, adres e-mail, dat\u0119 urodzenia i szczeg\u00f3\u0142y p\u0142atno\u015bci. Wykorzystujemy te informacje do tworzenia Twojego konta i zarz\u0105dzania nim, przetwarzania transakcji i personalizowania Twoich wra\u017ce\u0144 z gry.<\/p>\n<h3>Dane nieosobowe<\/h3>\n<p>Opr\u00f3cz danych osobowych mo\u017cemy zbiera\u0107 dane nieosobowe, takie jak informacje o urz\u0105dzeniu, adresy IP i dane przegl\u0105darki. Informacje te s\u0105 kluczowe dla optymalizacji wydajno\u015bci naszej platformy, zwi\u0119kszania bezpiecze\u0144stwa i analizowania trend\u00f3w u\u017cytkownik\u00f3w w celu ulepszenia naszych us\u0142ug.<\/p>\n<h2>Pliki cookie i technologie \u015bledzenia<\/h2>\n<p>RocketPlay Casino wykorzystuje pliki cookie i podobne technologie \u015bledzenia, aby poprawi\u0107 komfort u\u017cytkownika i zebra\u0107 cenne informacje na temat korzystania z witryny. Technologie te pomagaj\u0105 nam dostosowa\u0107 nasze us\u0142ugi do Twoich preferencji, \u015bledzi\u0107 zaanga\u017cowanie u\u017cytkownik\u00f3w i dostarcza\u0107 ukierunkowane reklamy. Masz mo\u017cliwo\u015b\u0107 zarz\u0105dzania preferencjami dotycz\u0105cymi plik\u00f3w cookies poprzez ustawienia swojej przegl\u0105darki.<\/p>\n<h2>Jak wykorzystujemy Twoje dane<\/h2>\n<h3>Zarz\u0105dzanie kontem<\/h3>\n<p>Twoje dane osobowe odgrywaj\u0105 zasadnicz\u0105 rol\u0119 w tworzeniu konta RocketPlay Casino i zarz\u0105dzaniu nim. Obejmuje to uwierzytelnianie, weryfikacj\u0119 konta i komunikacj\u0119 zwi\u0105zan\u0105 ze statusem konta.<\/p>\n<h3>Przetwarzanie transakcji<\/h3>\n<p>Kiedy anga\u017cujesz si\u0119 w transakcje finansowe na naszej platformie, takie jak wp\u0142aty lub wyp\u0142aty, wykorzystujemy Twoje dane dotycz\u0105ce p\u0142atno\u015bci, aby u\u0142atwi\u0107 te procesy w spos\u00f3b bezpieczny i wydajny.<\/p>\n<h3>Personalizacja<\/h3>\n<p>Zrozumienie Twoich preferencji pozwala nam spersonalizowa\u0107 Twoje wra\u017cenia z gry. Od rekomendacji gier po oferty promocyjne \u2013 staramy si\u0119, aby Tw\u00f3j czas w RocketPlay Casino by\u0142 jak najbardziej przyjemny i dostosowany do Twoich zainteresowa\u0144.<\/p>\n<h3>Bezpiecze\u0144stwo i zapobieganie oszustwom<\/h3>\n<p>Stosujemy rygorystyczne \u015brodki bezpiecze\u0144stwa, aby chroni\u0107 Twoje dane przed nieautoryzowanym dost\u0119pem, zapewniaj\u0105c integralno\u015b\u0107 naszej platformy. Analiza danych jest r\u00f3wnie\u017c wykorzystywana do wykrywania i zapobiegania oszustwom.<\/p>\n<h3>Analiza i doskonalenie<\/h3>\n<p>Dane nieosobowe s\u0105 wykorzystywane do cel\u00f3w analitycznych, aby uzyska\u0107 wgl\u0105d w zachowania u\u017cytkownik\u00f3w, optymalizowa\u0107 nasz\u0105 platform\u0119 i stale podnosi\u0107 jako\u015b\u0107 naszych us\u0142ug.<\/p>\n<h2>Udost\u0119pnianie i ujawnianie danych<\/h2>\n<p>Kasyno RocketPlay stara si\u0119 ogranicza\u0107 udost\u0119pnianie Twoich danych osobowych. Nie sprzedajemy ani nie wynajmujemy Twoich danych osobom trzecim. Jednak\u017ce pewne okoliczno\u015bci mog\u0105 wymaga\u0107 ujawnienia informacji, np. zobowi\u0105zania prawne, egzekwowanie naszych warunk\u00f3w i zasad lub ochrona naszych praw i praw innych os\u00f3b.<\/p>\n<h2>Us\u0142ugi stron trzecich<\/h2>\n<p>Podczas korzystania z RocketPlay Casino mo\u017cesz napotka\u0107 linki do witryn lub us\u0142ug stron trzecich. Nasza Polityka prywatno\u015bci dotyczy wy\u0142\u0105cznie informacji gromadzonych przez nas i zach\u0119camy do zapoznania si\u0119 z polityk\u0105 prywatno\u015bci wszelkich us\u0142ug stron trzecich, do kt\u00f3rych mo\u017cesz uzyska\u0107 dost\u0119p za po\u015brednictwem naszej platformy.<\/p>\n<h2>Przechowywanie danych<\/h2>\n<p>Przechowujemy Twoje dane osobowe tylko tak d\u0142ugo, jak jest to konieczne do realizacji cel\u00f3w okre\u015blonych w niniejszej Polityce prywatno\u015bci. Gdy informacje nie s\u0105 ju\u017c potrzebne, s\u0105 one bezpiecznie usuwane lub anonimizowane.<\/p>\n<h2>Twoje prawa<\/h2>\n<p>Kasyno RocketPlay szanuje Twoje prawa dotycz\u0105ce Twoich danych osobowych. Masz prawo dost\u0119pu do swoich danych, ich poprawiania lub usuni\u0119cia. Je\u015bli masz jakiekolwiek pytania lub pro\u015bby dotycz\u0105ce Twoich danych, skontaktuj si\u0119 z naszym zespo\u0142em obs\u0142ugi klienta.<\/p>\n<h2>\u015arodki bezpiecze\u0144stwa<\/h2>\n<p>RocketPlay Casino wdra\u017ca standardowe w bran\u017cy \u015brodki bezpiecze\u0144stwa w celu ochrony Twoich danych osobowych. Obejmuje to protoko\u0142y szyfrowania, technologi\u0119 Secure Socket Layer (SSL) i regularne audyty bezpiecze\u0144stwa w celu identyfikacji i usuni\u0119cia potencjalnych luk w zabezpieczeniach.<\/p>\n<h2>Aktualizacje Polityki prywatno\u015bci<\/h2>\n<p>Kasyno RocketPlay zastrzega sobie prawo do okresowej aktualizacji niniejszej Polityki prywatno\u015bci w celu dostosowania do zmieniaj\u0105cych si\u0119 standard\u00f3w prywatno\u015bci i post\u0119pu technologicznego. U\u017cytkownicy zostan\u0105 powiadomieni o wszelkich istotnych zmianach, dlatego zaleca si\u0119 regularne przegl\u0105danie niniejszej polityki.<\/p>\n<h2>Zgoda<\/h2>\n<p>Korzystaj\u0105c z RocketPlay Casino, potwierdzasz zgod\u0119 na warunki niniejszej Polityki prywatno\u015bci. Je\u015bli nie zgadzasz si\u0119 z jakimkolwiek aspektem tej polityki, uprzejmie prosimy o powstrzymanie si\u0119 od korzystania z naszych us\u0142ug.<\/p>\n<p>Wyruszaj\u0105c w fascynuj\u0105c\u0105 podr\u00f3\u017c z grami w RocketPlay Casino, mo\u017cesz mie\u0107 pewno\u015b\u0107, \u017ce Twoja prywatno\u015b\u0107 jest naszym najwy\u017cszym priorytetem. Niezmiennie d\u0105\u017cymy do utrzymywania najwy\u017cszych standard\u00f3w ochrony danych, zapewniaj\u0105c, \u017ce Twoje do\u015bwiadczenia z nami b\u0119d\u0105 ekscytuj\u0105ce, bezpieczne i poufne. Zach\u0119camy do zapoznania si\u0119 z naszymi rozbudowanymi grami, promocjami i funkcjami, wiedz\u0105c, \u017ce Twoja prywatno\u015b\u0107 jest chroniona na ka\u017cdym kroku. Witamy w kasynie RocketPlay, gdzie rozrywka i prywatno\u015b\u0107 p\u0142ynnie si\u0119 \u0142\u0105cz\u0105.<\/p>\n","protected":false},"excerpt":{"rendered":"<p>W RocketPlay Casino cenimy Twoje zaufanie i traktujemy priorytetowo poufno\u015b\u0107 Twoich danych. Niniejsza Polityka prywatno\u015bci okre\u015bla rodzaje informacji, kt\u00f3re gromadzimy, cele, w jakich je wykorzystujemy, oraz \u015brodki, kt\u00f3re wdra\u017camy, aby zapewni\u0107 bezpiecze\u0144stwo Twoich danych. Korzystaj\u0105c z naszej platformy, wyra\u017casz zgod\u0119 na warunki okre\u015blone w niniejszym dokumencie. Zbieranie i wykorzystywanie informacji Dane osobowe RocketPlay Casino zbiera&#8230;<\/p>\n","protected":false},"author":1,"featured_media":0,"parent":0,"menu_order":0,"comment_status":"closed","ping_status":"closed","template":"page-with-bonus.php","meta":{"_acf_changed":false,"_kad_post_transparent":"default","_kad_post_title":"default","_kad_post_layout":"default","_kad_post_sidebar_id":"","_kad_post_content_style":"default","_kad_post_vertical_padding":"default","_kad_post_feature":"","_kad_post_feature_position":"","_kad_post_header":false,"_kad_post_footer":false,"footnotes":""},"class_list":["post-4445","page","type-page","status-publish","hentry"],"acf":[],"rttpg_featured_image_url":null,"rttpg_author":{"display_name":"Tom","author_link":"https:\/\/rocketplay-game.com\/pl\/author\/pemvas95n89x\/"},"rttpg_comment":0,"rttpg_category":null,"rttpg_excerpt":"W RocketPlay Casino cenimy Twoje zaufanie i traktujemy priorytetowo poufno\u015b\u0107 Twoich danych. Niniejsza Polityka prywatno\u015bci okre\u015bla rodzaje informacji, kt\u00f3re gromadzimy, cele, w jakich je wykorzystujemy, oraz \u015brodki, kt\u00f3re wdra\u017camy, aby zapewni\u0107 bezpiecze\u0144stwo Twoich danych. Korzystaj\u0105c z naszej platformy, wyra\u017casz zgod\u0119 na warunki okre\u015blone w niniejszym dokumencie. Zbieranie i wykorzystywanie informacji Dane osobowe RocketPlay Casino zbiera...","_links":{"self":[{"href":"https:\/\/rocketplay-game.com\/pl\/wp-json\/wp\/v2\/pages\/4445","targetHints":{"allow":["GET"]}}],"collection":[{"href":"https:\/\/rocketplay-game.com\/pl\/wp-json\/wp\/v2\/pages"}],"about":[{"href":"https:\/\/rocketplay-game.com\/pl\/wp-json\/wp\/v2\/types\/page"}],"author":[{"embeddable":true,"href":"https:\/\/rocketplay-game.com\/pl\/wp-json\/wp\/v2\/users\/1"}],"replies":[{"embeddable":true,"href":"https:\/\/rocketplay-game.com\/pl\/wp-json\/wp\/v2\/comments?post=4445"}],"version-history":[{"count":1,"href":"https:\/\/rocketplay-game.com\/pl\/wp-json\/wp\/v2\/pages\/4445\/revisions"}],"predecessor-version":[{"id":4446,"href":"https:\/\/rocketplay-game.com\/pl\/wp-json\/wp\/v2\/pages\/4445\/revisions\/4446"}],"wp:attachment":[{"href":"https:\/\/rocketplay-game.com\/pl\/wp-json\/wp\/v2\/media?parent=4445"}],"curies":[{"name":"wp","href":"https:\/\/api.w.org\/{rel}","templated":true}]}}