{"id":4478,"date":"2024-01-22T15:07:28","date_gmt":"2024-01-22T12:07:28","guid":{"rendered":"https:\/\/rocketplay-game.com\/responsible-gaming\/"},"modified":"2024-01-22T18:51:38","modified_gmt":"2024-01-22T15:51:38","slug":"responsible-gaming","status":"publish","type":"page","link":"https:\/\/rocketplay-game.com\/pl\/responsible-gaming\/","title":{"rendered":"Odpowiedzialna gra"},"content":{"rendered":"<p>Kasyno RocketPlay wyr\u00f3\u017cnia si\u0119 jako latarnia odpowiedzialnej gry, wyznaczaj\u0105ca nowe standardy dobrego samopoczucia graczy i etycznych praktyk w grach w dynamicznym \u015bwiecie kasyn online. Jako pionier w bran\u017cy, RocketPlay Casino zdaje sobie spraw\u0119 ze znaczenia tworzenia bezpiecznego i przyjemnego \u015brodowiska dla swoich graczy. Zaanga\u017cowanie to zosta\u0142o uj\u0119te w kompleksowej inicjatywie odpowiedzialnej gry.<\/p>\n<h2>Wprowadzenie do odpowiedzialnej gry w kasynie RocketPlay<\/h2>\n<p>W RocketPlay Casino odpowiedzialna gra to nie tylko polityka; to filozofia zakorzeniona w ka\u017cdym aspekcie jej dzia\u0142ania. Kasyno rozumie, \u017ce dreszczyk emocji zwi\u0105zany z gr\u0105 powinien zawsze by\u0107 zr\u00f3wnowa\u017cony dba\u0142o\u015bci\u0105 o bezpiecze\u0144stwo graczy i odpowiedzialne zachowanie. Filozofia ta przy\u015bwieca projektowaniu platformy, wdra\u017caniu najnowocze\u015bniejszych technologii i ustanawianiu partnerstw z wiod\u0105cymi organizacjami zajmuj\u0105cymi si\u0119 promowaniem odpowiedzialnej gry.<\/p>\n<h2>Edukacja i \u015bwiadomo\u015b\u0107 graczy<\/h2>\n<p>Zapewnienie graczom wiedzy jest kamieniem w\u0119gielnym odpowiedzialnej gry w RocketPlay Casino. Platforma zapewnia obszerne zasoby edukuj\u0105ce graczy na temat potencjalnych zagro\u017ce\u0144 zwi\u0105zanych z hazardem i sposob\u00f3w utrzymania zdrowej r\u00f3wnowagi. RocketPlay Casino zapewnia, \u017ce gracze s\u0105 dobrze poinformowani o praktykach odpowiedzialnej gry poprzez artyku\u0142y informacyjne, interaktywne samouczki i wci\u0105gaj\u0105ce tre\u015bci.<\/p>\n<h2>Narz\u0119dzia do samooceny w zakresie spersonalizowanych limit\u00f3w gier<\/h2>\n<p>RocketPlay Casino wykracza poza konwencjonalne \u015brodki odpowiedzialnej gry, oferuj\u0105c graczom wyrafinowane narz\u0119dzia do samooceny. Narz\u0119dzia te pozwalaj\u0105 graczom oceni\u0107 swoje zachowanie w grach i ustali\u0107 spersonalizowane limity dostosowane do ich preferencji i mo\u017cliwo\u015bci finansowych. Zach\u0119caj\u0105c graczy do ustalania limit\u00f3w depozyt\u00f3w, strat i czasu trwania sesji, RocketPlay Casino umo\u017cliwia im zachowanie kontroli nad wra\u017ceniami z gry.<\/p>\n<h2>Najnowocze\u015bniejsza technologia ochrony graczy<\/h2>\n<p>Integracja najnowocze\u015bniejszej technologii jest \u015bwiadectwem zaanga\u017cowania RocketPlay Casino w ochron\u0119 graczy. Zaawansowane algorytmy i sztuczna inteligencja s\u0105 wykorzystywane do wykrywania problematycznych zachowa\u0144 w grach i zapobiegania im. To proaktywne podej\u015bcie zapewnia wczesn\u0105 identyfikacj\u0119 potencjalnych problem\u00f3w, co pozwala na podj\u0119cie w odpowiednim czasie interwencji w celu ochrony graczy.<\/p>\n<h2>Wsp\u00f3\u0142praca z ekspertami bran\u017cowymi i organizacjami wspieraj\u0105cymi<\/h2>\n<p>RocketPlay Casino wsp\u00f3\u0142pracuje z ekspertami bran\u017cowymi i organizacjami wspieraj\u0105cymi w d\u0105\u017ceniu do doskona\u0142o\u015bci w odpowiedzialnej grze. Wsp\u00f3\u0142pracuj\u0105c z wiod\u0105cymi podmiotami specjalizuj\u0105cymi si\u0119 w profilaktyce uzale\u017cnie\u0144 od hazardu i pomocy graczom, kasyno zwi\u0119ksza swoje mo\u017cliwo\u015bci zapewnienia kompleksowego wsparcia graczom stoj\u0105cym przed wyzwaniami. Ten wsp\u00f3lny wysi\u0142ek wzmacnia zaanga\u017cowanie RocketPlay Casino w promowanie kultury odpowiedzialnej gry w ca\u0142ej bran\u017cy.<\/p>\n<h2>\u015acis\u0142e przestrzeganie standard\u00f3w prawnych i regulacyjnych<\/h2>\n<p>RocketPlay Casino zdaje sobie spraw\u0119 ze znaczenia \u015bcis\u0142ego przestrzegania standard\u00f3w prawnych i regulacyjnych w celu zapewnienia bezpiecznego i odpowiedzialnego \u015brodowiska gier. Kasyno dzia\u0142a w spos\u00f3b przejrzysty i uczciwy, \u015bci\u015ble wsp\u00f3\u0142pracuj\u0105c z organami regulacyjnymi w celu wdro\u017cenia \u015brodk\u00f3w chroni\u0105cych graczy i promuj\u0105cych odpowiedzialne praktyki w grach. Pozostaj\u0105c w czo\u0142\u00f3wce pod wzgl\u0119dem zgodno\u015bci z przepisami, RocketPlay Casino stanowi przyk\u0142ad dla innych operator\u00f3w w bran\u017cy.<\/p>\n<h2>Dedykowany zesp\u00f3\u0142 wsparcia ds. odpowiedzialnej gry<\/h2>\n<p>Kluczowym elementem inicjatywy Odpowiedzialnej Gry RocketPlay Casino jest dedykowany zesp\u00f3\u0142 wsparcia. Zesp\u00f3\u0142 ten, sk\u0142adaj\u0105cy si\u0119 z przeszkolonych profesjonalist\u00f3w posiadaj\u0105cych wiedz\u0119 na temat praktyk odpowiedzialnej gry, jest dost\u0119pny przez ca\u0142\u0105 dob\u0119, aby pom\u00f3c graczom. Niezale\u017cnie od tego, czy chodzi o udzielanie wskaz\u00f3wek, ustalanie limit\u00f3w, oferowanie zasob\u00f3w wsparcia czy u\u0142atwianie pr\u00f3\u015bb o samowykluczenie, zesp\u00f3\u0142 wsparcia odgrywa kluczow\u0105 rol\u0119 w podtrzymaniu zaanga\u017cowania kasyna w odpowiedzialn\u0105 gr\u0119.<\/p>\n<h2>Zaanga\u017cowanie spo\u0142eczne i odpowiedzialno\u015b\u0107 spo\u0142eczna<\/h2>\n<p>Poza wirtualnymi \u015bcianami kasyna RocketPlay przenosi swoje zaanga\u017cowanie w odpowiedzialn\u0105 gr\u0119 na szersz\u0105 spo\u0142eczno\u015b\u0107. Kasyno aktywnie anga\u017cuje si\u0119 w inicjatywy promuj\u0105ce odpowiedzialno\u015b\u0107 spo\u0142eczn\u0105 i adresuj\u0105ce szerszy wp\u0142yw hazardu. Celem kasyna RocketPlay jest wnoszenie pozytywnego wk\u0142adu w spo\u0142ecze\u0144stwo i promowanie holistycznego podej\u015bcia do odpowiedzialnej gry poprzez wspieranie program\u00f3w spo\u0142eczno\u015bciowych, kampanii edukacyjnych i organizacji charytatywnych.<\/p>\n<h2>Ci\u0105g\u0142e doskonalenie i innowacje<\/h2>\n<p>RocketPlay Casino postrzega odpowiedzialn\u0105 gr\u0119 jako rozwijaj\u0105ce si\u0119 zaanga\u017cowanie, kt\u00f3re wymaga ci\u0105g\u0142ego doskonalenia i innowacji. Kasyno inwestuje w badania i rozw\u00f3j w celu odkrywania nowych technologii i strategii zwi\u0119kszaj\u0105cych ochron\u0119 graczy. Wyprzedzaj\u0105c pojawiaj\u0105ce si\u0119 trendy, RocketPlay Casino zapewnia, \u017ce jego inicjatywa Odpowiedzialnej Gry pozostaje w czo\u0142\u00f3wce bran\u017cy, wyznaczaj\u0105c standardy do na\u015bladowania dla innych.<\/p>\n<h2>Bezpieczniejsze i przyjemniejsze wra\u017cenia z gry<\/h2>\n<p>Podsumowuj\u0105c, inicjatywa RocketPlay Casino Odpowiedzialnej Gry jest dowodem jego zaanga\u017cowania w zapewnianie bezpieczniejszych i przyjemniejszych wra\u017ce\u0144 z gry. Stawiaj\u0105c na pierwszym miejscu dobro graczy, inwestuj\u0105c w technologi\u0119 i wsp\u00f3\u0142pracuj\u0105c z ekspertami bran\u017cowymi, RocketPlay Casino ugruntowa\u0142o swoj\u0105 pozycj\u0119 lidera w zakresie praktyk odpowiedzialnej gry. Gracze rozpoczynaj\u0105cy swoj\u0105 przygod\u0119 z grami w kasynie RocketPlay mog\u0105 to robi\u0107 z pewno\u015bci\u0105 siebie, wiedz\u0105c, \u017ce s\u0105 cz\u0119\u015bci\u0105 spo\u0142eczno\u015bci, kt\u00f3ra ceni odpowiedzialn\u0105 gr\u0119 i ponad wszystko stawia na pierwszym miejscu ich bezpiecze\u0144stwo i zabaw\u0119.<\/p>\n","protected":false},"excerpt":{"rendered":"<p>Kasyno RocketPlay wyr\u00f3\u017cnia si\u0119 jako latarnia odpowiedzialnej gry, wyznaczaj\u0105ca nowe standardy dobrego samopoczucia graczy i etycznych praktyk w grach w dynamicznym \u015bwiecie kasyn online. Jako pionier w bran\u017cy, RocketPlay Casino zdaje sobie spraw\u0119 ze znaczenia tworzenia bezpiecznego i przyjemnego \u015brodowiska dla swoich graczy. Zaanga\u017cowanie to zosta\u0142o uj\u0119te w kompleksowej inicjatywie odpowiedzialnej gry. Wprowadzenie do odpowiedzialnej&#8230;<\/p>\n","protected":false},"author":1,"featured_media":0,"parent":0,"menu_order":0,"comment_status":"closed","ping_status":"closed","template":"page-with-bonus.php","meta":{"_acf_changed":false,"_kad_post_transparent":"default","_kad_post_title":"default","_kad_post_layout":"default","_kad_post_sidebar_id":"","_kad_post_content_style":"default","_kad_post_vertical_padding":"default","_kad_post_feature":"","_kad_post_feature_position":"","_kad_post_header":false,"_kad_post_footer":false,"footnotes":""},"class_list":["post-4478","page","type-page","status-publish","hentry"],"acf":[],"rttpg_featured_image_url":null,"rttpg_author":{"display_name":"Tom","author_link":"https:\/\/rocketplay-game.com\/pl\/author\/pemvas95n89x\/"},"rttpg_comment":0,"rttpg_category":null,"rttpg_excerpt":"Kasyno RocketPlay wyr\u00f3\u017cnia si\u0119 jako latarnia odpowiedzialnej gry, wyznaczaj\u0105ca nowe standardy dobrego samopoczucia graczy i etycznych praktyk w grach w dynamicznym \u015bwiecie kasyn online. Jako pionier w bran\u017cy, RocketPlay Casino zdaje sobie spraw\u0119 ze znaczenia tworzenia bezpiecznego i przyjemnego \u015brodowiska dla swoich graczy. Zaanga\u017cowanie to zosta\u0142o uj\u0119te w kompleksowej inicjatywie odpowiedzialnej gry. Wprowadzenie do odpowiedzialnej...","_links":{"self":[{"href":"https:\/\/rocketplay-game.com\/pl\/wp-json\/wp\/v2\/pages\/4478","targetHints":{"allow":["GET"]}}],"collection":[{"href":"https:\/\/rocketplay-game.com\/pl\/wp-json\/wp\/v2\/pages"}],"about":[{"href":"https:\/\/rocketplay-game.com\/pl\/wp-json\/wp\/v2\/types\/page"}],"author":[{"embeddable":true,"href":"https:\/\/rocketplay-game.com\/pl\/wp-json\/wp\/v2\/users\/1"}],"replies":[{"embeddable":true,"href":"https:\/\/rocketplay-game.com\/pl\/wp-json\/wp\/v2\/comments?post=4478"}],"version-history":[{"count":2,"href":"https:\/\/rocketplay-game.com\/pl\/wp-json\/wp\/v2\/pages\/4478\/revisions"}],"predecessor-version":[{"id":4480,"href":"https:\/\/rocketplay-game.com\/pl\/wp-json\/wp\/v2\/pages\/4478\/revisions\/4480"}],"wp:attachment":[{"href":"https:\/\/rocketplay-game.com\/pl\/wp-json\/wp\/v2\/media?parent=4478"}],"curies":[{"name":"wp","href":"https:\/\/api.w.org\/{rel}","templated":true}]}}