{"id":4504,"date":"2024-01-22T15:16:23","date_gmt":"2024-01-22T12:16:23","guid":{"rendered":"https:\/\/rocketplay-game.com\/terms-conditions\/"},"modified":"2024-01-22T19:06:17","modified_gmt":"2024-01-22T16:06:17","slug":"terms-conditions","status":"publish","type":"page","link":"https:\/\/rocketplay-game.com\/pl\/terms-conditions\/","title":{"rendered":"Zasady i Warunki"},"content":{"rendered":"<p>Witamy w kasynie RocketPlay, gdzie rozrywka i emocje \u0142\u0105cz\u0105 si\u0119 z odpowiedzialn\u0105 gr\u0105. Przed wyruszeniem w ekscytuj\u0105c\u0105 podr\u00f3\u017c po \u015bwiecie gier kasynowych online, koniecznie zapoznaj si\u0119 z naszym Regulaminem. Niniejsze wytyczne zapewniaj\u0105 bezpieczne, uczciwe i przyjemne do\u015bwiadczenie gracza.<\/p>\n<h2>Umowa u\u017cytkownika<\/h2>\n<p>Uzyskuj\u0105c dost\u0119p do RocketPlay Casino, zgadzasz si\u0119 przestrzega\u0107 naszej Umowy z u\u017cytkownikiem. Niniejsza umowa ustala warunki korzystania z naszej platformy i okre\u015bla obowi\u0105zki zar\u00f3wno gracza, jak i kasyna. Przeczytaj dok\u0142adnie i zrozum ten dokument przed przyst\u0105pieniem do jakichkolwiek gier.<\/p>\n<h2>Kwalifikowalno\u015b\u0107<\/h2>\n<p>Kasyno RocketPlay jest otwarte dla graczy, kt\u00f3rzy spe\u0142niaj\u0105 wymagania wiekowe obowi\u0105zuj\u0105ce w ich jurysdykcji. Gracz jest odpowiedzialny za zapewnienie zgodno\u015bci z lokalnymi przepisami dotycz\u0105cymi hazardu online. \u015aci\u015ble egzekwujemy \u015brodki weryfikacji wieku, aby promowa\u0107 bezpieczne \u015brodowisko gier.<\/p>\n<h2>Bezpiecze\u0144stwo konta<\/h2>\n<p>Zabezpieczanie Twojego konta to nasza wsp\u00f3lna odpowiedzialno\u015b\u0107. Wybierz silne has\u0142o, zachowaj je w tajemnicy i unikaj udost\u0119pniania danych swojego konta. Kasyno RocketPlay nigdy nie poprosi Ci\u0119 o podanie has\u0142a e-mailem ani w \u017caden inny spos\u00f3b. Je\u015bli podejrzewasz nieautoryzowany dost\u0119p, natychmiast skontaktuj si\u0119 z naszym zespo\u0142em wsparcia.<\/p>\n<h2>Wp\u0142aty i wyp\u0142aty<\/h2>\n<p>Kasyno RocketPlay oferuje r\u00f3\u017cne metody p\u0142atno\u015bci w przypadku wp\u0142at i wyp\u0142at. Zapoznaj si\u0119 z dost\u0119pnymi opcjami, powi\u0105zanymi op\u0142atami i czasem przetwarzania. Priorytetowo traktujemy bezpieczne transakcje, stosuj\u0105c zaawansowan\u0105 technologi\u0119 szyfrowania w celu ochrony Twoich informacji finansowych.<\/p>\n<h2>Odpowiedzialna gra<\/h2>\n<p>Zale\u017cy nam na promowaniu praktyk odpowiedzialnej gry. RocketPlay Casino pozwala graczom ogranicza\u0107 depozyty, straty i czas trwania sesji. Je\u015bli uwa\u017casz, \u017ce Twoje uprawianie hazardu staje si\u0119 problematyczne, skorzystaj z naszych opcji samowykluczenia lub zwr\u00f3\u0107 si\u0119 o pomoc do odpowiedzialnych organizacji zajmuj\u0105cych si\u0119 grami.<\/p>\n<h2>Fair Play<\/h2>\n<p>W RocketPlay Casino uczciwo\u015b\u0107 jest najwa\u017cniejsza. Nasze gry przechodz\u0105 rygorystyczne testy przeprowadzane przez niezale\u017cnych audytor\u00f3w, aby zapewni\u0107 losowe i bezstronne wyniki. Korzystamy z certyfikowanych generator\u00f3w liczb losowych (RNG), aby zachowa\u0107 integralno\u015b\u0107 ka\u017cdej sesji gry, zapewniaj\u0105c r\u00f3wne szanse wszystkim uczestnikom.<\/p>\n<h2>Warunki korzystania z bonus\u00f3w<\/h2>\n<p>Anga\u017cuj\u0105ce promocje i bonusy s\u0105 cz\u0119\u015bci\u0105 do\u015bwiadczenia RocketPlay Casino. Zapoznaj si\u0119 ze szczeg\u00f3\u0142owymi warunkami ka\u017cdej oferty, w tym z wymogami dotycz\u0105cymi zak\u0142ad\u00f3w, datami wa\u017cno\u015bci i kwalifikuj\u0105cymi si\u0119 grami. Niezastosowanie si\u0119 mo\u017ce skutkowa\u0107 utrat\u0105 \u015brodk\u00f3w bonusowych.<\/p>\n<h2>Zasady gry<\/h2>\n<p>Zanim zag\u0142\u0119bisz si\u0119 w szerok\u0105 gam\u0119 gier oferowanych przez RocketPlay Casino, zapoznaj si\u0119 z zasadami i wytycznymi ka\u017cdej gry. Zrozumienie mechaniki poprawia wra\u017cenia z gry i zwi\u0119ksza prawdopodobie\u0144stwo pomy\u015blnego wyniku.<\/p>\n<h2>Zako\u0144czenie i zawieszenie:<\/h2>\n<p>RocketPlay Casino zastrzega sobie prawo do zamkni\u0119cia lub zawieszenia kont, kt\u00f3re naruszaj\u0105 nasze Warunki. Obejmuje to mi\u0119dzy innymi oszuka\u0144cze dzia\u0142ania, nadu\u017cywanie bonus\u00f3w i wszelkie naruszenia Umowy z u\u017cytkownikiem. Graczy zach\u0119ca si\u0119 do odpowiedzialnej i etycznej gry.<\/p>\n<h2>Polityka prywatno\u015bci<\/h2>\n<p>Poszanowanie Twojej prywatno\u015bci jest najwy\u017cszym priorytetem w RocketPlay Casino. Nasza Polityka prywatno\u015bci szczeg\u00f3\u0142owo opisuje, w jaki spos\u00f3b gromadzimy, wykorzystujemy i chronimy Twoje dane osobowe. Korzystaj\u0105c z naszej platformy, wyra\u017casz zgod\u0119 na praktyki opisane w niniejszej polityce. Stosujemy standardowe w bran\u017cy \u015brodki bezpiecze\u0144stwa, aby chroni\u0107 Twoje dane przed nieautoryzowanym dost\u0119pem.<\/p>\n<h2>Obs\u0142uga klienta<\/h2>\n<p>Je\u015bli napotkasz jakiekolwiek problemy lub masz pytania dotycz\u0105ce naszego Regulaminu, zesp\u00f3\u0142 obs\u0142ugi klienta RocketPlay Casino jest tutaj, aby Ci pom\u00f3c. Skontaktuj si\u0119 z naszym czatem na \u017cywo, e-mailem lub telefonicznie, aby uzyska\u0107 szybk\u0105 i uprzejm\u0105 pomoc.<\/p>\n<h2>Poprawki i aktualizacje<\/h2>\n<p>Kasyno RocketPlay zastrzega sobie prawo do okresowej aktualizacji lub zmiany swojego Regulaminu. Gracze zostan\u0105 powiadomieni o wszelkich znacz\u0105cych zmianach, a dalsze korzystanie z platformy oznacza akceptacj\u0119 zmienionych warunk\u00f3w. Aby by\u0107 na bie\u017c\u0105co, zaleca si\u0119 regularne przegl\u0105danie Regulaminu.<\/p>\n<p>Kasyno RocketPlay stara si\u0119 zapewnia\u0107 wyj\u0105tkowe wra\u017cenia z gry w ramach uczciwo\u015bci, bezpiecze\u0144stwa i odpowiedzialno\u015bci. Przestrzegaj\u0105c naszego Regulaminu, przyczyniasz si\u0119 do tworzenia t\u0119tni\u0105cej \u017cyciem spo\u0142eczno\u015bci kasyn online. Odpowiedzialnie ciesz si\u0119 dreszczykiem emocji zwi\u0105zanym z gr\u0105 i niech Twoja przygoda w RocketPlay Casino b\u0119dzie zabawna i satysfakcjonuj\u0105ca.<\/p>\n","protected":false},"excerpt":{"rendered":"<p>Witamy w kasynie RocketPlay, gdzie rozrywka i emocje \u0142\u0105cz\u0105 si\u0119 z odpowiedzialn\u0105 gr\u0105. Przed wyruszeniem w ekscytuj\u0105c\u0105 podr\u00f3\u017c po \u015bwiecie gier kasynowych online, koniecznie zapoznaj si\u0119 z naszym Regulaminem. Niniejsze wytyczne zapewniaj\u0105 bezpieczne, uczciwe i przyjemne do\u015bwiadczenie gracza. Umowa u\u017cytkownika Uzyskuj\u0105c dost\u0119p do RocketPlay Casino, zgadzasz si\u0119 przestrzega\u0107 naszej Umowy z u\u017cytkownikiem. Niniejsza umowa ustala&#8230;<\/p>\n","protected":false},"author":1,"featured_media":0,"parent":0,"menu_order":0,"comment_status":"closed","ping_status":"closed","template":"page-with-bonus.php","meta":{"_acf_changed":false,"_kad_post_transparent":"default","_kad_post_title":"default","_kad_post_layout":"default","_kad_post_sidebar_id":"","_kad_post_content_style":"default","_kad_post_vertical_padding":"default","_kad_post_feature":"","_kad_post_feature_position":"","_kad_post_header":false,"_kad_post_footer":false,"footnotes":""},"class_list":["post-4504","page","type-page","status-publish","hentry"],"acf":[],"rttpg_featured_image_url":null,"rttpg_author":{"display_name":"Tom","author_link":"https:\/\/rocketplay-game.com\/pl\/author\/pemvas95n89x\/"},"rttpg_comment":0,"rttpg_category":null,"rttpg_excerpt":"Witamy w kasynie RocketPlay, gdzie rozrywka i emocje \u0142\u0105cz\u0105 si\u0119 z odpowiedzialn\u0105 gr\u0105. Przed wyruszeniem w ekscytuj\u0105c\u0105 podr\u00f3\u017c po \u015bwiecie gier kasynowych online, koniecznie zapoznaj si\u0119 z naszym Regulaminem. Niniejsze wytyczne zapewniaj\u0105 bezpieczne, uczciwe i przyjemne do\u015bwiadczenie gracza. Umowa u\u017cytkownika Uzyskuj\u0105c dost\u0119p do RocketPlay Casino, zgadzasz si\u0119 przestrzega\u0107 naszej Umowy z u\u017cytkownikiem. Niniejsza umowa ustala...","_links":{"self":[{"href":"https:\/\/rocketplay-game.com\/pl\/wp-json\/wp\/v2\/pages\/4504","targetHints":{"allow":["GET"]}}],"collection":[{"href":"https:\/\/rocketplay-game.com\/pl\/wp-json\/wp\/v2\/pages"}],"about":[{"href":"https:\/\/rocketplay-game.com\/pl\/wp-json\/wp\/v2\/types\/page"}],"author":[{"embeddable":true,"href":"https:\/\/rocketplay-game.com\/pl\/wp-json\/wp\/v2\/users\/1"}],"replies":[{"embeddable":true,"href":"https:\/\/rocketplay-game.com\/pl\/wp-json\/wp\/v2\/comments?post=4504"}],"version-history":[{"count":1,"href":"https:\/\/rocketplay-game.com\/pl\/wp-json\/wp\/v2\/pages\/4504\/revisions"}],"predecessor-version":[{"id":4505,"href":"https:\/\/rocketplay-game.com\/pl\/wp-json\/wp\/v2\/pages\/4504\/revisions\/4505"}],"wp:attachment":[{"href":"https:\/\/rocketplay-game.com\/pl\/wp-json\/wp\/v2\/media?parent=4504"}],"curies":[{"name":"wp","href":"https:\/\/api.w.org\/{rel}","templated":true}]}}