{"id":4528,"date":"2024-01-22T15:28:18","date_gmt":"2024-01-22T12:28:18","guid":{"rendered":"https:\/\/rocketplay-game.com\/underage-gaming-policy\/"},"modified":"2024-01-22T19:18:53","modified_gmt":"2024-01-22T16:18:53","slug":"underage-gaming-policy","status":"publish","type":"page","link":"https:\/\/rocketplay-game.com\/pl\/underage-gaming-policy\/","title":{"rendered":"Zasady dotycz\u0105ce gier nieletnich"},"content":{"rendered":"<p>W dynamicznym krajobrazie gier online RocketPlay Casino wyr\u00f3\u017cnia si\u0119 nie tylko ekscytuj\u0105cymi grami i kusz\u0105cymi nagrodami, ale tak\u017ce niezachwianym zaanga\u017cowaniem w odpowiedzialn\u0105 gr\u0119. W RocketPlay dobro graczy jest najwa\u017cniejsze, a to zaanga\u017cowanie obejmuje zapewnienie, \u017ce gra pozostanie przyjemn\u0105 i dostosowan\u0105 do wieku aktywno\u015bci\u0105. Znajduje to odzwierciedlenie w kompleksowych zasadach dotycz\u0105cych gier dla nieletnich w kasynie RocketPlay.<\/p>\n<h2>Dlaczego gry nieletnich maj\u0105 znaczenie<\/h2>\n<p>Kwestia gier nieletnich jest powa\u017cnym problemem w bran\u017cy gier. Umo\u017cliwienie osobom poni\u017cej pe\u0142noletno\u015bci udzia\u0142u w grach hazardowych nie tylko jest sprzeczne z przepisami prawa, ale tak\u017ce stwarza powa\u017cne zagro\u017cenie dla zdrowia nieletnich graczy. Kasyno RocketPlay zdaje sobie spraw\u0119 z powagi tego problemu i wdro\u017cy\u0142o solidne \u015brodki maj\u0105ce na celu zapobieganie i rozwi\u0105zywanie problemu gier nieletnich.<\/p>\n<h2>Rygorystyczne procedury weryfikacji wieku<\/h2>\n<p>RocketPlay Casino stosuje rygorystyczne procedury weryfikacji wieku, aby zachowa\u0107 integralno\u015b\u0107 swojej platformy do gier. Podczas procesu rejestracji gracze musz\u0105 poda\u0107 dok\u0142adne i mo\u017cliwe do sprawdzenia informacje, w tym dat\u0119 urodzenia. RocketPlay wykorzystuje zaawansowane technologie weryfikacji, aby powi\u0105za\u0107 te informacje z wiarygodnymi bazami danych, dzi\u0119ki czemu dost\u0119p do platformy maj\u0105 wy\u0142\u0105cznie osoby pe\u0142noletnie.<\/p>\n<h2>Wsp\u00f3\u0142praca z us\u0142ugami weryfikacji wieku<\/h2>\n<p>RocketPlay Casino idzie o krok dalej, wsp\u00f3\u0142pracuj\u0105c z renomowanymi us\u0142ugami weryfikacji wieku. Us\u0142ugi te wykorzystuj\u0105 kombinacj\u0119 rz\u0105dowych baz danych i innych wiarygodnych \u017ar\u00f3de\u0142 w celu niezale\u017cnej weryfikacji wieku graczy. Ta dodatkowa warstwa weryfikacji zwi\u0119ksza skuteczno\u015b\u0107 procesu weryfikacji wieku RocketPlay, tworz\u0105c bezpieczniejsze \u015brodowisko dla wszystkich graczy.<\/p>\n<h2>Inicjatywy edukacyjne<\/h2>\n<p>Zapobieganie jest kluczowym aspektem podej\u015bcia kasyna RocketPlay do gier nieletnich. Platforma stara si\u0119 edukowa\u0107 zar\u00f3wno graczy, jak i ich rodzic\u00f3w na temat potencjalnych zagro\u017ce\u0144 zwi\u0105zanych z hazardem nieletnich. RocketPlay udost\u0119pnia zasoby informacyjne, w tym artyku\u0142y i przewodniki, kt\u00f3re pomagaj\u0105 u\u017cytkownikom zrozumie\u0107 znaczenie odpowiedzialnej gry i mo\u017cliwe konsekwencje hazardu nieletnich.<\/p>\n<h2>Kontrola rodzicielska i monitorowanie konta<\/h2>\n<p>RocketPlay Casino umo\u017cliwia rodzicom odgrywanie aktywnej roli w monitorowaniu i kontrolowaniu gier ich dzieci. Platforma oferuje solidne funkcje kontroli rodzicielskiej, umo\u017cliwiaj\u0105ce rodzicom ograniczenie wydatk\u00f3w na koncie, dost\u0119pu do gier i innych parametr\u00f3w. Ponadto RocketPlay wykorzystuje zaawansowane narz\u0119dzia monitoruj\u0105ce do wykrywania wszelkich nietypowych wzorc\u00f3w aktywno\u015bci, kt\u00f3re mog\u0105 wskazywa\u0107 na granie przez osoby nieletnie. Podejmowane s\u0105 natychmiastowe dzia\u0142ania, aby zaradzi\u0107 takim sytuacjom i zapobiec dalszemu nieautoryzowanemu dost\u0119powi.<\/p>\n<h2>Natychmiastowe zawieszenie konta<\/h2>\n<p>Je\u015bli RocketPlay Casino zidentyfikuje gracza, kt\u00f3ry jest niepe\u0142noletni lub poda\u0142 fa\u0142szywe informacje o wieku, platforma podejmie natychmiastowe i zdecydowane dzia\u0142ania. Konto gracza zostaje zawieszone, a wszelki dost\u0119p do gier zostaje odebrany do czasu przeprowadzenia dok\u0142adnego dochodzenia. Ta szybka reakcja nie tylko potwierdza zaanga\u017cowanie kasyna w odpowiedzialn\u0105 gr\u0119, ale tak\u017ce dzia\u0142a odstraszaj\u0105co na inne osoby pr\u00f3buj\u0105ce omin\u0105\u0107 ograniczenia wiekowe.<\/p>\n<h2>Wsp\u00f3\u0142praca z organizacjami odpowiedzialnymi za hazard<\/h2>\n<p>RocketPlay Casino aktywnie wsp\u00f3\u0142pracuje z renomowanymi, odpowiedzialnymi organizacjami zajmuj\u0105cymi si\u0119 grami, aby pozosta\u0107 w czo\u0142\u00f3wce najlepszych praktyk i standard\u00f3w bran\u017cowych. Uczestnicz\u0105c w tych partnerstwach, kasyno zyskuje cenne informacje na temat najnowszych osi\u0105gni\u0119\u0107 w odpowiedzialnej grze i w\u0142\u0105cza je do swoich zasad i procedur.<\/p>\n<h2>Ci\u0105g\u0142e doskonalenie i adaptacja<\/h2>\n<p>Kasyno RocketPlay rozumie, \u017ce krajobraz gier stale si\u0119 rozwija, dlatego kasyno anga\u017cuje si\u0119 w ci\u0105g\u0142e doskonalenie i dostosowywanie swoich zasad dotycz\u0105cych gier dla nieletnich. Prowadzone s\u0105 regularne przegl\u0105dy w celu oceny skuteczno\u015bci istniej\u0105cych \u015brodk\u00f3w i wprowadzane s\u0105 dostosowania w celu stawienia czo\u0142a pojawiaj\u0105cym si\u0119 wyzwaniom. To proaktywne podej\u015bcie gwarantuje, \u017ce RocketPlay pozostanie liderem w promowaniu praktyk odpowiedzialnej gry.<\/p>\n<p>Polityka RocketPlay Casino dotycz\u0105ca gier nieletnich podkre\u015bla zaanga\u017cowanie platformy w tworzenie bezpiecznego i przyjemnego \u015brodowiska gry. Poprzez rygorystyczne procedury weryfikacji wieku, inicjatywy edukacyjne, kontrol\u0119 rodzicielsk\u0105 i wsp\u00f3\u0142prac\u0119 z organizacjami zajmuj\u0105cymi si\u0119 odpowiedzialnymi grami, RocketPlay stara si\u0119 ustanowi\u0107 standardy odpowiedzialnej gry w bran\u017cy kasyn online. Gracze anga\u017cuj\u0105cy si\u0119 w emocje zwi\u0105zane z grami RocketPlay mog\u0105 to robi\u0107 z pewno\u015bci\u0105, \u017ce ich dobre samopoczucie i integralno\u015b\u0107 rozgrywki s\u0105 dla kasyna najwy\u017cszymi priorytetami.<\/p>\n","protected":false},"excerpt":{"rendered":"<p>W dynamicznym krajobrazie gier online RocketPlay Casino wyr\u00f3\u017cnia si\u0119 nie tylko ekscytuj\u0105cymi grami i kusz\u0105cymi nagrodami, ale tak\u017ce niezachwianym zaanga\u017cowaniem w odpowiedzialn\u0105 gr\u0119. W RocketPlay dobro graczy jest najwa\u017cniejsze, a to zaanga\u017cowanie obejmuje zapewnienie, \u017ce gra pozostanie przyjemn\u0105 i dostosowan\u0105 do wieku aktywno\u015bci\u0105. Znajduje to odzwierciedlenie w kompleksowych zasadach dotycz\u0105cych gier dla nieletnich w kasynie&#8230;<\/p>\n","protected":false},"author":1,"featured_media":0,"parent":0,"menu_order":0,"comment_status":"closed","ping_status":"closed","template":"page-with-bonus.php","meta":{"_acf_changed":false,"_kad_post_transparent":"default","_kad_post_title":"default","_kad_post_layout":"default","_kad_post_sidebar_id":"","_kad_post_content_style":"default","_kad_post_vertical_padding":"default","_kad_post_feature":"","_kad_post_feature_position":"","_kad_post_header":false,"_kad_post_footer":false,"footnotes":""},"class_list":["post-4528","page","type-page","status-publish","hentry"],"acf":[],"rttpg_featured_image_url":null,"rttpg_author":{"display_name":"Tom","author_link":"https:\/\/rocketplay-game.com\/pl\/author\/pemvas95n89x\/"},"rttpg_comment":0,"rttpg_category":null,"rttpg_excerpt":"W dynamicznym krajobrazie gier online RocketPlay Casino wyr\u00f3\u017cnia si\u0119 nie tylko ekscytuj\u0105cymi grami i kusz\u0105cymi nagrodami, ale tak\u017ce niezachwianym zaanga\u017cowaniem w odpowiedzialn\u0105 gr\u0119. W RocketPlay dobro graczy jest najwa\u017cniejsze, a to zaanga\u017cowanie obejmuje zapewnienie, \u017ce gra pozostanie przyjemn\u0105 i dostosowan\u0105 do wieku aktywno\u015bci\u0105. Znajduje to odzwierciedlenie w kompleksowych zasadach dotycz\u0105cych gier dla nieletnich w kasynie...","_links":{"self":[{"href":"https:\/\/rocketplay-game.com\/pl\/wp-json\/wp\/v2\/pages\/4528","targetHints":{"allow":["GET"]}}],"collection":[{"href":"https:\/\/rocketplay-game.com\/pl\/wp-json\/wp\/v2\/pages"}],"about":[{"href":"https:\/\/rocketplay-game.com\/pl\/wp-json\/wp\/v2\/types\/page"}],"author":[{"embeddable":true,"href":"https:\/\/rocketplay-game.com\/pl\/wp-json\/wp\/v2\/users\/1"}],"replies":[{"embeddable":true,"href":"https:\/\/rocketplay-game.com\/pl\/wp-json\/wp\/v2\/comments?post=4528"}],"version-history":[{"count":2,"href":"https:\/\/rocketplay-game.com\/pl\/wp-json\/wp\/v2\/pages\/4528\/revisions"}],"predecessor-version":[{"id":4530,"href":"https:\/\/rocketplay-game.com\/pl\/wp-json\/wp\/v2\/pages\/4528\/revisions\/4530"}],"wp:attachment":[{"href":"https:\/\/rocketplay-game.com\/pl\/wp-json\/wp\/v2\/media?parent=4528"}],"curies":[{"name":"wp","href":"https:\/\/api.w.org\/{rel}","templated":true}]}}