{"id":2609,"date":"2022-10-03T12:15:51","date_gmt":"2022-10-03T09:15:51","guid":{"rendered":"https:\/\/rocketplay-game.com\/bonus\/loyalty-program\/"},"modified":"2025-11-25T23:11:51","modified_gmt":"2025-11-25T20:11:51","slug":"loyalty-program","status":"publish","type":"page","link":"https:\/\/rocketplay-game.com\/pt-br\/bonus\/loyalty-program\/","title":{"rendered":"Programa de Fidelidade no RocketPlay"},"content":{"rendered":"<p>Os jogadores s\u00e3o a base para qualquer estabelecimento de jogo. Para que os clientes do cassino retornem regularmente \u00e0 plataforma online, os estabelecimentos precisam entender seu p\u00fablico e estudar o que motiva os jogadores a jogar repetidamente. Para esses fins, quase todos os cassinos criam programas de fidelidade para jogadores, nos quais os usu\u00e1rios podem contar com promo\u00e7\u00f5es regulares, ofertas especiais dedicadas a qualquer evento e loterias nas quais s\u00e3o sorteados pr\u00eamios reais.<\/p>\n<p>Vale ressaltar que todas as ofertas lucrativas est\u00e3o dispon\u00edveis atrav\u00e9s do servi\u00e7o do programa de fidelidade, por isso \u00e9 recomend\u00e1vel aderir a esses programas no momento de <a href=\"https:\/\/rocketplay-game.com\/pt-br\/registration\/\">registrar<\/a> uma nova conta para remover todos os cremes de b\u00f4nus. Existe um programa de fidelidade Rocket Play para voc\u00ea.<\/p>\n<p>Para manter o interesse do usu\u00e1rio e estimular os jogadores, os cassinos atualizam e aprimoram regularmente seus programas de fidelidade, enquanto os estabelecimentos de jogos de azar tamb\u00e9m realizam pesquisas regularmente entre seus clientes para avaliar a efic\u00e1cia de uma determinada promo\u00e7\u00e3o ou b\u00f4nus que est\u00e1 em vigor ou j\u00e1 terminou. Isso sugere que o cassino leva em considera\u00e7\u00e3o a opini\u00e3o de seu p\u00fablico e garante que nenhum jogador se sinta exclu\u00eddo. Vale a pena notar o fato de que os b\u00f4nus de cassino mais lucrativos est\u00e3o inclu\u00eddos nos programas de fidelidade.<\/p>\n<p style=\"text-align: center;\"><img loading=\"lazy\" decoding=\"async\" class=\"aligncenter wp-image-4672 size-full\" src=\"https:\/\/rocketplay-game.com\/wp-content\/uploads\/2024\/02\/lp1.png\" alt=\"Programa de Fidelidade no RocketPlay\" width=\"1307\" height=\"437\" srcset=\"https:\/\/rocketplay-game.com\/wp-content\/uploads\/2024\/02\/lp1.png 1307w, https:\/\/rocketplay-game.com\/wp-content\/uploads\/2024\/02\/lp1-300x100.png 300w, https:\/\/rocketplay-game.com\/wp-content\/uploads\/2024\/02\/lp1-1024x342.png 1024w, https:\/\/rocketplay-game.com\/wp-content\/uploads\/2024\/02\/lp1-768x257.png 768w\" sizes=\"auto, (max-width: 1307px) 100vw, 1307px\" \/><\/p>\n<h2>O que voc\u00ea ganha com o programa de fidelidade?<\/h2>\n<p>O programa de fidelidade do cassino online Rocket Play \u00e9 um reverso sem depositar uma conta em jogos online. O inverso \u00e9 quinze por cento nas m\u00e1quinas ca\u00e7a-n\u00edqueis. Este presente \u00e9 dado aos clientes \u00e0s segundas-feiras. Regras para receber incentivos:<\/p>\n<ul>\n<li>Voc\u00ea \u00e9 recompensado fazendo apostas de dinheiro nos jogos.<\/li>\n<li>O montante dos fundos reembolsados \u200b\u200bcorresponde ao grau do jogador.<\/li>\n<li>O cassino do programa de fidelidade Rocket Play Brasil credita automaticamente o reverso.<\/li>\n<li>O maior reverso poss\u00edvel \u00e9 de $ 8.000.<\/li>\n<li>O menor \u00e9 igual a um euro.<\/li>\n<li>Oferta: 5X.<\/li>\n<li>A promo\u00e7\u00e3o \u00e9 v\u00e1lida por tr\u00eas dias.<\/li>\n<\/ul>\n<p>Para que o programa funcione, voc\u00ea n\u00e3o precisa reabastecer sua conta.<\/p>\n<p>\u00c0s quintas-feiras, uma revers\u00e3o de dez por cento tamb\u00e9m \u00e9 poss\u00edvel no modo ao vivo. As condi\u00e7\u00f5es para isso s\u00e3o as mesmas da frase anterior. O melhor programa de fidelidade do cassino <a href=\"https:\/\/rocketplay-game.com\/pt-br\/\">Rocket Play<\/a>, tamb\u00e9m inclui a conclus\u00e3o de tarefas especiais. Para fazer isso, insira seu e-mail e fa\u00e7a neg\u00f3cios. Por isso, voc\u00ea tem direito a pr\u00eamios.<\/p>\n<h2>Perguntas frequentes<\/h2>\n<h3>O que \u00e9 RTP?<\/h3>\n<p>RTP em cassinos online significa Return to Player. Esta \u00e9 uma porcentagem, teoricamente sugerindo quanto dinheiro voc\u00ea pode devolver no final da sess\u00e3o do jogo. \u00c9 geralmente aceito que a m\u00e9dia \u00e9 de 95%. 91% \u00e9 considerado baixo, 98% e acima \u00e9 considerado alto. Quanto maior o valor do RTP, mais frequentes e maiores ser\u00e3o os ganhos, embora outro indicador seja respons\u00e1vel por isso &#8211; a volatilidade.<\/p>\n<h3>Qual \u00e9 a conex\u00e3o entre RTP e b\u00f4nus?<\/h3>\n<p>O valor de retorno em alguns jogos afeta diretamente os b\u00f4nus. Ou seja, quanto maior o RTP em slots online, mais frequentemente e maiores ser\u00e3o os ganhos dos jogos de b\u00f4nus; no entanto, isso n\u00e3o funciona com todas as m\u00e1quinas ca\u00e7a-n\u00edqueis. Em alguns jogos, o b\u00f4nus de recuo \u00e9 maior do que o recuo do jogo base. Informa\u00e7\u00f5es detalhadas podem ser encontradas nas regras de cada jogo.<\/p>\n<h3>Como obter um b\u00f4nus de cassino?<\/h3>\n<p>Para receber um b\u00f4nus de cassino, voc\u00ea precisa se registrar e somente para esta a\u00e7\u00e3o conclu\u00edda voc\u00ea receber\u00e1 um b\u00f4nus. Al\u00e9m disso, na conta pessoal de cada estabelecimento de jogo, h\u00e1 uma se\u00e7\u00e3o &#8220;Meus B\u00f4nus&#8221;, onde voc\u00ea pode obter informa\u00e7\u00f5es detalhadas sobre todas as ofertas dispon\u00edveis para voc\u00ea, bem como inserir o c\u00f3digo promocional recebido atrav\u00e9s da lista de discuss\u00e3o ou em qualquer outro maneira legal.<\/p>\n","protected":false},"excerpt":{"rendered":"<p>Os jogadores s\u00e3o a base para qualquer estabelecimento de jogo. Para que os clientes do cassino retornem regularmente \u00e0 plataforma online, os estabelecimentos precisam entender seu p\u00fablico e estudar o que motiva os jogadores a jogar repetidamente. Para esses fins, quase todos os cassinos criam programas de fidelidade para jogadores, nos quais os usu\u00e1rios podem&#8230;<\/p>\n","protected":false},"author":1,"featured_media":0,"parent":2605,"menu_order":0,"comment_status":"closed","ping_status":"closed","template":"page-with-bonus.php","meta":{"_acf_changed":false,"_kad_post_transparent":"default","_kad_post_title":"default","_kad_post_layout":"default","_kad_post_sidebar_id":"","_kad_post_content_style":"default","_kad_post_vertical_padding":"default","_kad_post_feature":"","_kad_post_feature_position":"","_kad_post_header":false,"_kad_post_footer":false,"footnotes":""},"class_list":["post-2609","page","type-page","status-publish","hentry"],"acf":[],"rttpg_featured_image_url":null,"rttpg_author":{"display_name":"Tom","author_link":"https:\/\/rocketplay-game.com\/pt-br\/author\/pemvas95n89x\/"},"rttpg_comment":0,"rttpg_category":null,"rttpg_excerpt":"Os jogadores s\u00e3o a base para qualquer estabelecimento de jogo. Para que os clientes do cassino retornem regularmente \u00e0 plataforma online, os estabelecimentos precisam entender seu p\u00fablico e estudar o que motiva os jogadores a jogar repetidamente. Para esses fins, quase todos os cassinos criam programas de fidelidade para jogadores, nos quais os usu\u00e1rios podem...","_links":{"self":[{"href":"https:\/\/rocketplay-game.com\/pt-br\/wp-json\/wp\/v2\/pages\/2609","targetHints":{"allow":["GET"]}}],"collection":[{"href":"https:\/\/rocketplay-game.com\/pt-br\/wp-json\/wp\/v2\/pages"}],"about":[{"href":"https:\/\/rocketplay-game.com\/pt-br\/wp-json\/wp\/v2\/types\/page"}],"author":[{"embeddable":true,"href":"https:\/\/rocketplay-game.com\/pt-br\/wp-json\/wp\/v2\/users\/1"}],"replies":[{"embeddable":true,"href":"https:\/\/rocketplay-game.com\/pt-br\/wp-json\/wp\/v2\/comments?post=2609"}],"version-history":[{"count":4,"href":"https:\/\/rocketplay-game.com\/pt-br\/wp-json\/wp\/v2\/pages\/2609\/revisions"}],"predecessor-version":[{"id":5310,"href":"https:\/\/rocketplay-game.com\/pt-br\/wp-json\/wp\/v2\/pages\/2609\/revisions\/5310"}],"up":[{"embeddable":true,"href":"https:\/\/rocketplay-game.com\/pt-br\/wp-json\/wp\/v2\/pages\/2605"}],"wp:attachment":[{"href":"https:\/\/rocketplay-game.com\/pt-br\/wp-json\/wp\/v2\/media?parent=2609"}],"curies":[{"name":"wp","href":"https:\/\/api.w.org\/{rel}","templated":true}]}}