{"id":2614,"date":"2022-09-30T17:30:34","date_gmt":"2022-09-30T14:30:34","guid":{"rendered":"https:\/\/rocketplay-game.com\/bonus\/regular-bonuses\/"},"modified":"2024-02-09T16:37:24","modified_gmt":"2024-02-09T13:37:24","slug":"regular-bonuses","status":"publish","type":"page","link":"https:\/\/rocketplay-game.com\/pt-br\/bonus\/regular-bonuses\/","title":{"rendered":"B\u00f4nus Regulares no RocketPlay"},"content":{"rendered":"<p>Os cassinos da Web fazem uma jogada de marketing para atrair jogadores em potencial, destacando recompensas. Os participantes do jogo de b\u00f4nus do cassino Rocket Play ajudam a entender a estrat\u00e9gia do jogo e obt\u00eam rodadas adicionais antes do primeiro dep\u00f3sito de fundos.<\/p>\n<p>Essas recompensas s\u00e3o completamente diferentes em cada plataforma de jogo. Depois de revisar as regras para receber cada recompensa, juntamente com as regras de apostas, voc\u00ea poder\u00e1 entender que, na realidade, voc\u00ea pode se beneficiar desse presente. Voc\u00ea pode precisar de c\u00f3digos de b\u00f4nus do Rocket Play para obt\u00ea-lo.<\/p>\n<p style=\"text-align: center;\"><img loading=\"lazy\" decoding=\"async\" class=\"aligncenter wp-image-4682\" src=\"https:\/\/rocketplay-game.com\/wp-content\/uploads\/2024\/02\/4362480_2302613-scaled-e1707309644661.jpg\" alt=\"B\u00f4nus Regulares no RocketPlay\" width=\"800\" height=\"448\" srcset=\"https:\/\/rocketplay-game.com\/wp-content\/uploads\/2024\/02\/4362480_2302613-scaled-e1707309644661.jpg 2560w, https:\/\/rocketplay-game.com\/wp-content\/uploads\/2024\/02\/4362480_2302613-scaled-e1707309644661-300x168.jpg 300w, https:\/\/rocketplay-game.com\/wp-content\/uploads\/2024\/02\/4362480_2302613-scaled-e1707309644661-1024x573.jpg 1024w, https:\/\/rocketplay-game.com\/wp-content\/uploads\/2024\/02\/4362480_2302613-scaled-e1707309644661-768x430.jpg 768w, https:\/\/rocketplay-game.com\/wp-content\/uploads\/2024\/02\/4362480_2302613-scaled-e1707309644661-1536x860.jpg 1536w, https:\/\/rocketplay-game.com\/wp-content\/uploads\/2024\/02\/4362480_2302613-scaled-e1707309644661-2048x1146.jpg 2048w\" sizes=\"auto, (max-width: 800px) 100vw, 800px\" \/><\/p>\n<h2>Tipos de b\u00f4nus regulares no jogo Rocket<\/h2>\n<p>B\u00f4nus regulares:<\/p>\n<ul>\n<li>Na sexta, promo\u00e7\u00e3o sem taxas.<\/li>\n<li>Sexta-feira rein\u00edcio das ofertas de b\u00f4nus.<\/li>\n<li>Fa\u00e7a uma entrada de trinta BRL na sexta-feira, e os per\u00edodos extras s\u00e3o seus.<\/li>\n<\/ul>\n<p>Regras para receber incentivos:<\/p>\n<ul>\n<li>A recompensa pode ser usada no jogo ap\u00f3s 2 parcelas.<\/li>\n<li>As recompensas s\u00e3o v\u00e1lidas \u00e0s sextas-feiras, das 00:00 \u00e0s 23:59.<\/li>\n<li>A quantidade de volume de neg\u00f3cios preferencial: 20\/50\/100.<\/li>\n<li>A contribui\u00e7\u00e3o mais simples \u00e9 de trinta a cento e cinquenta d\u00f3lares.<\/li>\n<li>A entrada promocional m\u00e1xima \u00e9 de sete d\u00f3lares e cinquenta centavos.<\/li>\n<li>Taxa: 40X.<\/li>\n<\/ul>\n<p>No final do jogo, quando o lucro chega a tr\u00eas mil d\u00f3lares. O resultado promocional \u00e9 v\u00e1lido por 24 horas. Apresenta\u00e7\u00e3o no final da semana.<\/p>\n<p>50% da entrada de fundos no jogo. Ao depositar trinta BRL no final da semana, voc\u00ea tem direito a uma promo\u00e7\u00e3o de 50%! Os c\u00f3digos promocionais do Rocket Play recompensam com um grande desconto de dep\u00f3sito. Insira o c\u00f3digo HIGHROLLER no local onde voc\u00ea recebe os dividendos e ganhe sua recompensa de 50%. Regras para receber incentivos:<\/p>\n<ul>\n<li>Voc\u00ea pode usar o sistema de recompensa ap\u00f3s 2 dep\u00f3sitos de fundos.<\/li>\n<li>O b\u00f4nus do cassino Rocket Play Brasil \u00e9 poss\u00edvel com um c\u00f3digo de desconto.<\/li>\n<li>O c\u00f3digo de desconto s\u00f3 pode ser aplicado uma vez a cada sete dias.<\/li>\n<li>Suplemento de 50% na entrada de trezentos d\u00f3lares brasileiros.<\/li>\n<li>Promo\u00e7\u00e3o final: dois mil e quinhentos BRL.<\/li>\n<li>A aposta m\u00e1xima promocional \u00e9 de cinco euros, sete d\u00f3lares e meio brasileiros e canadenses.<\/li>\n<li>Entrada: 40X<\/li>\n<\/ul>\n<p>O jogo continua at\u00e9 um lucro de 16 mil euros ou 25 mil d\u00f3lares brasileiros e canadenses. A promo\u00e7\u00e3o funciona 24 horas a.<\/p>\n<h2>Como reivindicar?<\/h2>\n<p>O portal de qualquer casino web tem um separador &#8220;Os meus b\u00f3nus&#8221;, onde \u00e9 poss\u00edvel conhecer os momentos promocionais atuais ou introduzindo o c\u00f3digo recebido da plataforma de jogo. Voc\u00ea pode descobrir essas informa\u00e7\u00f5es atrav\u00e9s da lista de discuss\u00e3o online. Existem muitos desses sistemas de recompensa: b\u00f4nus de 100% para a taxa de entrada, <a href=\"https:\/\/rocketplay-game.com\/pt-br\/free-spins\/\">rodadas gr\u00e1tis<\/a> do Rocket Play sem investimentos, etc. Seus benef\u00edcios precisam ser estudados em detalhes.<\/p>\n<h2>Perguntas frequentes<\/h2>\n<h3>Como obter b\u00f4nus?<\/h3>\n<p>Um potencial jogador deve passar por um pequeno cadastro em sua plataforma de jogos favorita. Isso \u00e9 necess\u00e1rio para ganhar incentivos e receber dividendos. Voc\u00ea tamb\u00e9m precisa passar pela verifica\u00e7\u00e3o de identidade porque, sem isso, ser\u00e1 negado o acesso ao sistema de recompensas e, o mais importante, \u00e0 retirada dos fundos ganhos.<\/p>\n<h3>O que s\u00e3o presentes na plataforma da Internet?<\/h3>\n<p>Para voc\u00ea, indique que os estabelecimentos de jogos de azar t\u00eam n\u00e3o apenas uma fun\u00e7\u00e3o de entretenimento, mas tamb\u00e9m uma maneira de obter lucro. Ao encontrar sua estrat\u00e9gia de jogo e identificar a dire\u00e7\u00e3o certa, voc\u00ea pode vencer. Os incentivos da plataforma de jogos s\u00f3 podem ser recebidos por assinantes registrados. Incentivos da base de jogos de azar: somas promocionais de dinheiro, rodadas sem investimentos, apostas sem investimentos em estabelecimentos de apostas ou outras recompensas que ser\u00e3o abertas a voc\u00ea ap\u00f3s o dep\u00f3sito inicial de fundos na cena de jogo e ter sido ativado no portal do cassino online .<\/p>\n<h3>Devo usar recompensas?<\/h3>\n<p>Na realidade, usar a recompensa do site de jogos depende apenas do seu desejo. Cada promo\u00e7\u00e3o tem muitas sugest\u00f5es, e \u00e9 sua escolha descobrir e concordar ou n\u00e3o com elas.<\/p>\n<p>Leia tamb\u00e9m sobre:<\/p>\n<p><a href=\"https:\/\/rocketplay-game.com\/bonus\/loyalty-program\/\">Programa de lealdade<\/a><\/p>\n","protected":false},"excerpt":{"rendered":"<p>Os cassinos da Web fazem uma jogada de marketing para atrair jogadores em potencial, destacando recompensas. Os participantes do jogo de b\u00f4nus do cassino Rocket Play ajudam a entender a estrat\u00e9gia do jogo e obt\u00eam rodadas adicionais antes do primeiro dep\u00f3sito de fundos. Essas recompensas s\u00e3o completamente diferentes em cada plataforma de jogo. Depois de&#8230;<\/p>\n","protected":false},"author":1,"featured_media":0,"parent":2605,"menu_order":0,"comment_status":"closed","ping_status":"closed","template":"page-with-bonus.php","meta":{"_acf_changed":false,"_kad_post_transparent":"default","_kad_post_title":"default","_kad_post_layout":"default","_kad_post_sidebar_id":"","_kad_post_content_style":"default","_kad_post_vertical_padding":"default","_kad_post_feature":"","_kad_post_feature_position":"","_kad_post_header":false,"_kad_post_footer":false,"footnotes":""},"class_list":["post-2614","page","type-page","status-publish","hentry"],"acf":[],"rttpg_featured_image_url":null,"rttpg_author":{"display_name":"Tom","author_link":"https:\/\/rocketplay-game.com\/pt-br\/author\/pemvas95n89x\/"},"rttpg_comment":0,"rttpg_category":null,"rttpg_excerpt":"Os cassinos da Web fazem uma jogada de marketing para atrair jogadores em potencial, destacando recompensas. Os participantes do jogo de b\u00f4nus do cassino Rocket Play ajudam a entender a estrat\u00e9gia do jogo e obt\u00eam rodadas adicionais antes do primeiro dep\u00f3sito de fundos. Essas recompensas s\u00e3o completamente diferentes em cada plataforma de jogo. Depois de...","_links":{"self":[{"href":"https:\/\/rocketplay-game.com\/pt-br\/wp-json\/wp\/v2\/pages\/2614","targetHints":{"allow":["GET"]}}],"collection":[{"href":"https:\/\/rocketplay-game.com\/pt-br\/wp-json\/wp\/v2\/pages"}],"about":[{"href":"https:\/\/rocketplay-game.com\/pt-br\/wp-json\/wp\/v2\/types\/page"}],"author":[{"embeddable":true,"href":"https:\/\/rocketplay-game.com\/pt-br\/wp-json\/wp\/v2\/users\/1"}],"replies":[{"embeddable":true,"href":"https:\/\/rocketplay-game.com\/pt-br\/wp-json\/wp\/v2\/comments?post=2614"}],"version-history":[{"count":5,"href":"https:\/\/rocketplay-game.com\/pt-br\/wp-json\/wp\/v2\/pages\/2614\/revisions"}],"predecessor-version":[{"id":5305,"href":"https:\/\/rocketplay-game.com\/pt-br\/wp-json\/wp\/v2\/pages\/2614\/revisions\/5305"}],"up":[{"embeddable":true,"href":"https:\/\/rocketplay-game.com\/pt-br\/wp-json\/wp\/v2\/pages\/2605"}],"wp:attachment":[{"href":"https:\/\/rocketplay-game.com\/pt-br\/wp-json\/wp\/v2\/media?parent=2614"}],"curies":[{"name":"wp","href":"https:\/\/api.w.org\/{rel}","templated":true}]}}