{"id":2620,"date":"2022-05-16T09:06:33","date_gmt":"2022-05-16T06:06:33","guid":{"rendered":"https:\/\/rocketplay-game.com\/casino\/"},"modified":"2025-11-25T23:08:38","modified_gmt":"2025-11-25T20:08:38","slug":"casino","status":"publish","type":"page","link":"https:\/\/rocketplay-game.com\/pt-br\/casino\/","title":{"rendered":"Cassino"},"content":{"rendered":"<div id=\"wppb-builder-container\" class=\"wppb-builder-container\">                <div  class=\"wppb-row-parent  wppb-row-1651149714946 \"  >\n\t\t\t\t\t\n\t\t\t\t\t\t\t\t\t\t\n\t\t\t\t\t\t\t\t\t\t\n\t\t\t\t\t<div class=\"wppb-container \">\n\t\t\t\t\t\t\t\t\t\t\t\t\t\n                        <div class=\"wppb-row\">\n\t\t\t\t\t\t\t                                    <div  class=\"wppb-column-parent wppb-column-parent-view wppb-col-1651149714949  \"  >\n                                        <div class=\"wppb-column\">\n\t\t\t\t\t\n\t\t\t\t\t\t\t\t\t\t\t\n                                            <div class=\"wppb-builder-addons\">\n\t\t\t\t\t\t\t\t\t\t\t\t<div class='wppb-builder-addon wppb-addon-1651150162258'  data-addon-id='1651150162258'><div class='wppb-addon'><div class=\"wppb-headline-addon\"><div class=\"wppb-headline-content\"><h1 class=\"wppb-addon-title\">Revis\u00e3o de cassinos online RocketPlay<\/h1><\/div><\/div><\/div><\/div><div class='wppb-builder-addon wppb-addon-1651150171497'  data-addon-id='1651150171497'><div class='wppb-addon'><div class=\"wppb-text-block-addon\"><div class=\"wppb-text-block-content 0\"><p>O cassino <a href=\"https:\/\/rocketplay-game.com\/pt-br\/\">RocketPlay<\/a> \u00e9 o cassino mais popular da Brasil entre os jogadores, estabeleceu-se perfeitamente no mercado, oferece condi\u00e7\u00f5es atraentes para os usu\u00e1rios e os atrai com sua atmosfera, imagens brilhantes e ganhos reais.<\/p><p>No cassino, todos podem encontrar um jogo para si, se emocionar e se inspirar mergulhando no mundo real do jogo.<\/p><\/div><\/div><\/div><\/div><div class='wppb-builder-addon wppb-addon-1651149715158'  data-addon-id='1651149715158'><div class='wppb-addon'><div class=\"wppb-addon wppb-button-addon\"><div class=\"wppb-button-addon-content\"><a  href=\"\/go-casino\/\" target=_blank class=\"wppb-btn-addons  wppb-btn-custom wppb-btn-round wppb-btn-large wppb-btn-no\">JOGUE AGORA<\/a><\/div><\/div><\/div><\/div>                                            <\/div>\n                                        <\/div>\n                                    <\/div>\n\t\t\t\t\t\t\t\t\t                                    <div  class=\"wppb-column-parent wppb-column-parent-view wppb-col-1651149714947  \"  >\n                                        <div class=\"wppb-column\">\n\t\t\t\t\t\n\t\t\t\t\t\t\t\t\t\t\t\n                                            <div class=\"wppb-builder-addons\">\n\t\t\t\t\t\t\t\t\t\t\t\t<div class='wppb-builder-addon wppb-addon-1707724855541'  data-addon-id='1707724855541'><div class='wppb-addon'><div class=\"wppb-image-addon\"><figure class=\"wppb-image-addon-content-wrap\"><div class=\"wppb-image-addon-content wppb-imginlineblock\"><img decoding=\"async\" class=\"wppb-image-addon-img\" src=\"https:\/\/rocketplay-game.com\/wp-content\/uploads\/2024\/02\/cas1.jpg\" alt=\"RocketPlay\"><\/div><\/figure><\/div><\/div><\/div>                                            <\/div>\n                                        <\/div>\n                                    <\/div>\n\t\t\t\t\t\t\t\t\t                        <\/div>\n\n                    <\/div>\n                <\/div>\n\t\t\t\t                <div  class=\"wppb-row-parent  wppb-row-1651149715118 \"  >\n\t\t\t\t\t\n\t\t\t\t\t\t\t\t\t\t\n\t\t\t\t\t\t\t\t\t\t\n\t\t\t\t\t<div class=\"wppb-container \">\n\t\t\t\t\t\t\t\t\t\t\t\t\t\n                        <div class=\"wppb-row\">\n\t\t\t\t\t\t\t                                    <div  class=\"wppb-column-parent wppb-column-parent-view wppb-col-1651149715122  \"  >\n                                        <div class=\"wppb-column\">\n\t\t\t\t\t\n\t\t\t\t\t\t\t\t\t\t\t\n                                            <div class=\"wppb-builder-addons\">\n\t\t\t\t\t\t\t\t\t\t\t\t<div class='wppb-builder-addon wppb-addon-1707724855546'  data-addon-id='1707724855546'><div class='wppb-addon'><div class=\"wppb-image-addon\"><figure class=\"wppb-image-addon-content-wrap\"><div class=\"wppb-image-addon-content wppb-imginlineblock\"><img decoding=\"async\" class=\"wppb-image-addon-img\" src=\"https:\/\/rocketplay-game.com\/wp-content\/uploads\/2024\/02\/cas2.jpg\" alt=\"RocketPlay 2\"><\/div><\/figure><\/div><\/div><\/div>                                            <\/div>\n                                        <\/div>\n                                    <\/div>\n\t\t\t\t\t\t\t\t\t                                    <div  class=\"wppb-column-parent wppb-column-parent-view wppb-col-1651149715119  \"  >\n                                        <div class=\"wppb-column\">\n\t\t\t\t\t\n\t\t\t\t\t\t\t\t\t\t\t\n                                            <div class=\"wppb-builder-addons\">\n\t\t\t\t\t\t\t\t\t\t\t\t<div class='wppb-builder-addon wppb-addon-1651149715120'  data-addon-id='1651149715120'><div class='wppb-addon'><div class=\"wppb-headline-addon\"><div class=\"wppb-headline-content\"><h2 class=\"wppb-addon-title\">Site oficial do Rocket Play<\/h2><\/div><\/div><\/div><\/div><div class='wppb-builder-addon wppb-addon-1651149715121'  data-addon-id='1651149715121'><div class='wppb-addon'><div class=\"wppb-text-block-addon\"><div class=\"wppb-text-block-content 0\"><p>Ao acessar o site do cassino online, voc\u00ea encontrar\u00e1 uma interface conveniente e clara - imagens brilhantes, atmosfera de jogo e som discreto adicionar\u00e3o charme extra ao jogo. Os desenvolvedores do site o atualizam e modernizam regularmente, para que todos os processos no cassino estejam de acordo com as tend\u00eancias modernas. O mais importante - usar o site do cassino n\u00e3o \u00e9 dif\u00edcil, entender a interface ser\u00e1 capaz de todos.<\/p><p><strong>Ao entrar no site, s\u00e3o oferecidas ao usu\u00e1rio as seguintes se\u00e7\u00f5es:<\/strong><\/p><ul><li>a sala de jogos, que cont\u00e9m todas as <a href=\"https:\/\/rocketplay-game.com\/pt-br\/slots\/\">m\u00e1quinas ca\u00e7a-n\u00edqueis<\/a> do cassino online;<\/li><li>p\u00f4quer esportivo;<\/li><li>b\u00f4nus;<\/li><li>hall da fama, que abriga os ganhos dos usu\u00e1rios registrados de m\u00e1quinas ca\u00e7a-n\u00edqueis;<\/li><li>torneios, nos quais os jogadores cadastrados t\u00eam o direito de participar, receber b\u00f4nus e outros pr\u00eamios, e depois us\u00e1-los nas m\u00e1quinas, aumentando suas chances de ganhar;<\/li><li>miss\u00f5es, que podem ser rodadas gr\u00e1tis di\u00e1rias, rodadas gr\u00e1tis e outros pr\u00eamios em dinheiro, que podem ser \u00fateis no cassino;<\/li><li>help, onde voc\u00ea pode encontrar respostas para as perguntas dos jogadores mais populares, sem precisar entrar em contato com o suporte.<\/li><\/ul><\/div><\/div><\/div><\/div>                                            <\/div>\n                                        <\/div>\n                                    <\/div>\n\t\t\t\t\t\t\t\t\t                        <\/div>\n\n                    <\/div>\n                <\/div>\n\t\t\t\t                <div  class=\"wppb-row-parent  wppb-row-1652183192609 \"  >\n\t\t\t\t\t\n\t\t\t\t\t\t\t\t\t\t\n\t\t\t\t\t\t\t\t\t\t\n\t\t\t\t\t<div class=\"wppb-container \">\n\t\t\t\t\t\t\t\t\t\t\t\t\t\n                        <div class=\"wppb-row\">\n\t\t\t\t\t\t\t                                    <div  class=\"wppb-column-parent wppb-column-parent-view wppb-col-1652183192610  \"  >\n                                        <div class=\"wppb-column\">\n\t\t\t\t\t\n\t\t\t\t\t\t\t\t\t\t\t\n                                            <div class=\"wppb-builder-addons\">\n\t\t\t\t\t\t\t\t\t\t\t\t<div class='wppb-builder-addon wppb-addon-1652183192623'  data-addon-id='1652183192623'><div class='wppb-addon'><div class=\"wppb-headline-addon\"><div class=\"wppb-headline-content\"><h2 class=\"wppb-addon-title\">Registo e login no casino online<\/h2><\/div><\/div><\/div><\/div><div class='wppb-builder-addon wppb-addon-1652183192612'  data-addon-id='1652183192612'><div class='wppb-addon'><div class=\"wppb-text-block-addon\"><div class=\"wppb-text-block-content 0\"><p><strong>Voc\u00ea pode se registrar no recurso em alguns segundos. Para fazer isso, voc\u00ea precisa executar a\u00e7\u00f5es elementares:<\/strong><\/p><ul><li>Acesse o site oficial do cassino online RocketPlay;<\/li><li>Clique no bot\u00e3o - \"Registro\";<\/li><li>Preencha um question\u00e1rio padr\u00e3o onde voc\u00ea precisa especificar um endere\u00e7o de e-mail, criar um nome de usu\u00e1rio e senha e fornecer informa\u00e7\u00f5es reais sobre voc\u00ea;<\/li><li>O pr\u00f3ximo passo ser\u00e1 a sele\u00e7\u00e3o da moeda do jogo;<\/li><li>Depois de verificar a exatid\u00e3o dos dados inseridos, voc\u00ea precisa ler as regras do estabelecimento de jogos de azar Joycasino;<\/li><li>No email ap\u00f3s o envio do formul\u00e1rio vir\u00e1 a confirma\u00e7\u00e3o da conta;<\/li><li>V\u00e1 para o hiperlink e agora voc\u00ea pode fazer login facilmente em seu gabinete pessoal.<\/li><\/ul><p><strong>Al\u00e9m disso, os jogadores podem fazer login atrav\u00e9s de qualquer uma das redes sociais:<\/strong><\/p><ul><li>Facebook;<\/li><li>Google+.<\/li><\/ul><p>O registo \u00e9 considerado absolutamente gratuito e n\u00e3o requer qualquer investimento adicional. Como apenas pessoas maiores de idade podem criar um perfil em um cassino online, o servi\u00e7o de seguran\u00e7a pode exigir uma foto do seu documento para fins de identifica\u00e7\u00e3o. Este procedimento tamb\u00e9m garantir\u00e1 a retirada suave de dinheiro da sua conta de jogo.<\/p><\/div><\/div><\/div><\/div>                                            <\/div>\n                                        <\/div>\n                                    <\/div>\n\t\t\t\t\t\t\t\t\t                                    <div  class=\"wppb-column-parent wppb-column-parent-view wppb-col-1652183192613  \"  >\n                                        <div class=\"wppb-column\">\n\t\t\t\t\t\n\t\t\t\t\t\t\t\t\t\t\t\n                                            <div class=\"wppb-builder-addons\">\n\t\t\t\t\t\t\t\t\t\t\t\t<div class='wppb-builder-addon wppb-addon-1707724855551'  data-addon-id='1707724855551'><div class='wppb-addon'><div class=\"wppb-image-addon\"><figure class=\"wppb-image-addon-content-wrap\"><div class=\"wppb-image-addon-content wppb-imginlineblock\"><img decoding=\"async\" class=\"wppb-image-addon-img\" src=\"https:\/\/rocketplay-game.com\/wp-content\/uploads\/2024\/02\/cas3.jpg\" alt=\"RocketPlay 3\"><\/div><\/figure><\/div><\/div><\/div>                                            <\/div>\n                                        <\/div>\n                                    <\/div>\n\t\t\t\t\t\t\t\t\t                        <\/div>\n\n                    <\/div>\n                <\/div>\n\t\t\t\t                <div  class=\"wppb-row-parent  wppb-row-1652183192642 \"  >\n\t\t\t\t\t\n\t\t\t\t\t\t\t\t\t\t\n\t\t\t\t\t\t\t\t\t\t\n\t\t\t\t\t<div class=\"wppb-container \">\n\t\t\t\t\t\t\t\t\t\t\t\t\t\n                        <div class=\"wppb-row\">\n\t\t\t\t\t\t\t                                    <div  class=\"wppb-column-parent wppb-column-parent-view wppb-col-1652183192643  \"  >\n                                        <div class=\"wppb-column\">\n\t\t\t\t\t\n\t\t\t\t\t\t\t\t\t\t\t\n                                            <div class=\"wppb-builder-addons\">\n\t\t\t\t\t\t\t\t\t\t\t\t<div class='wppb-builder-addon wppb-addon-1707724855556'  data-addon-id='1707724855556'><div class='wppb-addon'><div class=\"wppb-image-addon\"><figure class=\"wppb-image-addon-content-wrap\"><div class=\"wppb-image-addon-content wppb-imginlineblock\"><img decoding=\"async\" class=\"wppb-image-addon-img\" src=\"https:\/\/rocketplay-game.com\/wp-content\/uploads\/2024\/02\/cas-4.jpg\" alt=\"RocketPlay 4\"><\/div><\/figure><\/div><\/div><\/div>                                            <\/div>\n                                        <\/div>\n                                    <\/div>\n\t\t\t\t\t\t\t\t\t                                    <div  class=\"wppb-column-parent wppb-column-parent-view wppb-col-1652183192645  \"  >\n                                        <div class=\"wppb-column\">\n\t\t\t\t\t\n\t\t\t\t\t\t\t\t\t\t\t\n                                            <div class=\"wppb-builder-addons\">\n\t\t\t\t\t\t\t\t\t\t\t\t<div class='wppb-builder-addon wppb-addon-1652183192646'  data-addon-id='1652183192646'><div class='wppb-addon'><div class=\"wppb-headline-addon\"><div class=\"wppb-headline-content\"><h2 class=\"wppb-addon-title\">Servi\u00e7o de suporte<\/h2><\/div><\/div><\/div><\/div><div class='wppb-builder-addon wppb-addon-1652183192647'  data-addon-id='1652183192647'><div class='wppb-addon'><div class=\"wppb-text-block-addon\"><div class=\"wppb-text-block-content 0\"><p>Se nas perguntas mais frequentes, o jogador n\u00e3o consegue encontrar uma resposta para sua pergunta - ele sempre pode perguntar aos profissionais do cassino que trabalham 24 horas por dia online sem pausas e fins de semana no novo site do cassino RocketPlay.<\/p><p><strong>Voc\u00ea pode entrar em contato com o suporte das seguintes maneiras:<\/strong><\/p><ul><li>email - enviando o email apropriado;<\/li><li>telefone de contato;<\/li><li>chatbot no Telegram e no Viber.<\/li><\/ul><p>O principal \u00e9 que todos esses m\u00e9todos est\u00e3o dispon\u00edveis para absolutamente todos os jogadores e usu\u00e1rios, s\u00e3o relevantes e funcionam sem restri\u00e7\u00f5es. Os profissionais de cassino de suporte, por sua vez, tentam fornecer as informa\u00e7\u00f5es necess\u00e1rias e resolver as d\u00favidas o mais r\u00e1pido poss\u00edvel.<\/p><\/div><\/div><\/div><\/div>                                            <\/div>\n                                        <\/div>\n                                    <\/div>\n\t\t\t\t\t\t\t\t\t                        <\/div>\n\n                    <\/div>\n                <\/div>\n\t\t\t\t                <div  class=\"wppb-row-parent  wppb-row-1652183192667 \"  >\n\t\t\t\t\t\n\t\t\t\t\t\t\t\t\t\t\n\t\t\t\t\t\t\t\t\t\t\n\t\t\t\t\t<div class=\"wppb-container \">\n\t\t\t\t\t\t\t\t\t\t\t\t\t\n                        <div class=\"wppb-row\">\n\t\t\t\t\t\t\t                                    <div  class=\"wppb-column-parent wppb-column-parent-view wppb-col-1652183192668  \"  >\n                                        <div class=\"wppb-column\">\n\t\t\t\t\t\n\t\t\t\t\t\t\t\t\t\t\t\n                                            <div class=\"wppb-builder-addons\">\n\t\t\t\t\t\t\t\t\t\t\t\t<div class='wppb-builder-addon wppb-addon-1652183192669'  data-addon-id='1652183192669'><div class='wppb-addon'><div class=\"wppb-headline-addon\"><div class=\"wppb-headline-content\"><h2 class=\"wppb-addon-title\">M\u00e1quinas ca\u00e7a-n\u00edqueis<\/h2><\/div><\/div><\/div><\/div><div class='wppb-builder-addon wppb-addon-1652183192670'  data-addon-id='1652183192670'><div class='wppb-addon'><div class=\"wppb-text-block-addon\"><div class=\"wppb-text-block-content 0\"><p>O site RocketPlay casino Brasil apresentou uma gama bastante ampla de todos os tipos de m\u00e1quinas ca\u00e7a-n\u00edqueis de diferentes desenvolvedores. Cada m\u00e1quina \u00e9 \u00fanica \u00e0 sua maneira, atrai seus pr\u00f3prios termos, programas de b\u00f4nus e uma atmosfera realmente de jogo.<\/p><p>Existem tanto jogos cl\u00e1ssicos, que podem ser encontrados em outros cassinos, quanto mais raros.<\/p><p><strong>Quase todos os jogos em destaque s\u00e3o caracterizados pelos seguintes atributos:<\/strong><\/p><ul><li>Uma hist\u00f3ria de aventura interessante, que pode ser tirada de um filme ou livro;<\/li><li>A presen\u00e7a de carret\u00e9is e linhas de fia\u00e7\u00e3o;<\/li><li>Ofertas de b\u00f4nus, rodadas gr\u00e1tis e rodadas gr\u00e1tis.<\/li><\/ul><p>Al\u00e9m disso, cada slot machine tem duas vers\u00f5es: paga e gratuita. O gr\u00e1tis geralmente \u00e9 mais interessante para os rec\u00e9m-chegados aos cassinos online, que est\u00e3o apenas come\u00e7ando sua jornada de jogo e procuram aprender o b\u00e1sico do jogo. A vers\u00e3o paga \u00e9 projetada para jogadores mais experientes que s\u00e3o capazes e dispostos a fazer apostas reais e ganhar dinheiro real retirando fundos. Mas todos s\u00e3o dotados da capacidade de escolher o que exatamente ele gosta, qual variante do jogo e qual resultado dos eventos.<\/p><\/div><\/div><\/div><\/div>                                            <\/div>\n                                        <\/div>\n                                    <\/div>\n\t\t\t\t\t\t\t\t\t                                    <div  class=\"wppb-column-parent wppb-column-parent-view wppb-col-1652183192671  \"  >\n                                        <div class=\"wppb-column\">\n\t\t\t\t\t\n\t\t\t\t\t\t\t\t\t\t\t\n                                            <div class=\"wppb-builder-addons\">\n\t\t\t\t\t\t\t\t\t\t\t\t<div class='wppb-builder-addon wppb-addon-1707724855561'  data-addon-id='1707724855561'><div class='wppb-addon'><div class=\"wppb-image-addon\"><figure class=\"wppb-image-addon-content-wrap\"><div class=\"wppb-image-addon-content wppb-imginlineblock\"><img decoding=\"async\" class=\"wppb-image-addon-img\" src=\"https:\/\/rocketplay-game.com\/wp-content\/uploads\/2024\/02\/cas-5.jpg\" alt=\"RocketPlay 5\"><\/div><\/figure><\/div><\/div><\/div>                                            <\/div>\n                                        <\/div>\n                                    <\/div>\n\t\t\t\t\t\t\t\t\t                        <\/div>\n\n                    <\/div>\n                <\/div>\n\t\t\t\t                <div  class=\"wppb-row-parent  wppb-row-1652449333680 \"  >\n\t\t\t\t\t\n\t\t\t\t\t\t\t\t\t\t\n\t\t\t\t\t\t\t\t\t\t\n\t\t\t\t\t<div class=\"wppb-container \">\n\t\t\t\t\t\t\t\t\t\t\t\t\t\n                        <div class=\"wppb-row\">\n\t\t\t\t\t\t\t                                    <div  class=\"wppb-column-parent wppb-column-parent-view wppb-col-1652449333681  \"  >\n                                        <div class=\"wppb-column\">\n\t\t\t\t\t\n\t\t\t\t\t\t\t\t\t\t\t\n                                            <div class=\"wppb-builder-addons\">\n\t\t\t\t\t\t\t\t\t\t\t\t<div class='wppb-builder-addon wppb-addon-1707724855566'  data-addon-id='1707724855566'><div class='wppb-addon'><div class=\"wppb-image-addon\"><figure class=\"wppb-image-addon-content-wrap\"><div class=\"wppb-image-addon-content wppb-imginlineblock\"><img decoding=\"async\" class=\"wppb-image-addon-img\" src=\"https:\/\/rocketplay-game.com\/wp-content\/uploads\/2024\/02\/cas6-1.jpg\" alt=\"RocketPlay 6\"><\/div><\/figure><\/div><\/div><\/div>                                            <\/div>\n                                        <\/div>\n                                    <\/div>\n\t\t\t\t\t\t\t\t\t                                    <div  class=\"wppb-column-parent wppb-column-parent-view wppb-col-1652449333683  \"  >\n                                        <div class=\"wppb-column\">\n\t\t\t\t\t\n\t\t\t\t\t\t\t\t\t\t\t\n                                            <div class=\"wppb-builder-addons\">\n\t\t\t\t\t\t\t\t\t\t\t\t<div class='wppb-builder-addon wppb-addon-1652449333684'  data-addon-id='1652449333684'><div class='wppb-addon'><div class=\"wppb-headline-addon\"><div class=\"wppb-headline-content\"><h2 class=\"wppb-addon-title\">Coment\u00e1rios sobre o cassino na rede<\/h2><\/div><\/div><\/div><\/div><div class='wppb-builder-addon wppb-addon-1652449333685'  data-addon-id='1652449333685'><div class='wppb-addon'><div class=\"wppb-text-block-addon\"><div class=\"wppb-text-block-content 0\"><p>Diferentes jogadores, que tiveram tempo para explorar os servi\u00e7os do playground, falam sobre suas experi\u00eancias na Internet. Predominantemente, no entanto, a variedade de slots e a conveni\u00eancia de selecionar desenvolvimentos interessantes s\u00e3o enfatizados. Coment\u00e1rios positivos ganhos e sistema <a href=\"https:\/\/rocketplay-game.com\/pt-br\/vip\/\">VIP<\/a>. Os jogadores falam sobre a prote\u00e7\u00e3o de fundos e dados pessoais. Os ganhos s\u00e3o pagos em tempo h\u00e1bil, o suporte ao cliente responde prontamente \u00e0s perguntas. O aplicativo de cassino RocketPlay funciona muito bem.<\/p><\/div><\/div><\/div><\/div>                                            <\/div>\n                                        <\/div>\n                                    <\/div>\n\t\t\t\t\t\t\t\t\t                        <\/div>\n\n                    <\/div>\n                <\/div>\n\t\t\t\t                <div  class=\"wppb-row-parent  wppb-row-1651158175344 \"  >\n\t\t\t\t\t\n\t\t\t\t\t\t\t\t\t\t\n\t\t\t\t\t\t\t\t\t\t\n\t\t\t\t\t<div class=\"wppb-container \">\n\t\t\t\t\t\t\t\t\t\t\t\t\t\n                        <div class=\"wppb-row\">\n\t\t\t\t\t\t\t                                    <div  class=\"wppb-column-parent wppb-column-parent-view wppb-col-1651158175347  \"  >\n                                        <div class=\"wppb-column\">\n\t\t\t\t\t\n\t\t\t\t\t\t\t\t\t\t\t\n                                            <div class=\"wppb-builder-addons\">\n\t\t\t\t\t\t\t\t\t\t\t\t<div class='wppb-builder-addon wppb-addon-1651158175348'  data-addon-id='1651158175348'><div class='wppb-addon'><div class=\"wppb-headline-addon\"><div class=\"wppb-headline-content\"><h2 class=\"wppb-addon-title\">Registro e b\u00f4nus de boas-vindas<\/h2><\/div><\/div><\/div><\/div><div class='wppb-builder-addon wppb-addon-1651158175349'  data-addon-id='1651158175349'><div class='wppb-addon'><div class=\"wppb-text-block-addon\"><div class=\"wppb-text-block-content 0\"><p>O registro no site oficial leva apenas alguns minutos - voc\u00ea precisa preencher um e-mail, criar uma senha para se proteger e, ap\u00f3s preencher o formul\u00e1rio, verificar as informa\u00e7\u00f5es de contato. Cada novato tem direito a um b\u00f4nus inicial por passar no registro. O b\u00f4nus de inscri\u00e7\u00e3o no cassino vir\u00e1 imediatamente e voc\u00ea poder\u00e1 come\u00e7ar a jogar por dinheiro. Anteriormente recomendado para reler a lista de regras, segundo a qual permitido registrar apenas jogadores adultos.<\/p><p>Os cassinos virtuais est\u00e3o dispon\u00edveis sem pausas e fins de semana, para que os jogadores tenham a oportunidade de executar m\u00e1quinas virtuais em qualquer circunst\u00e2ncia. Esta revis\u00e3o do cassino RocketPlay deve ter ajudado a entender todos os meandros do trabalho.<\/p><\/div><\/div><\/div><\/div>                                            <\/div>\n                                        <\/div>\n                                    <\/div>\n\t\t\t\t\t\t\t\t\t                                    <div  class=\"wppb-column-parent wppb-column-parent-view wppb-col-1651158175345  \"  >\n                                        <div class=\"wppb-column\">\n\t\t\t\t\t\n\t\t\t\t\t\t\t\t\t\t\t\n                                            <div class=\"wppb-builder-addons\">\n\t\t\t\t\t\t\t\t\t\t\t\t<div class='wppb-builder-addon wppb-addon-1707724855571'  data-addon-id='1707724855571'><div class='wppb-addon'><div class=\"wppb-image-addon\"><figure class=\"wppb-image-addon-content-wrap\"><div class=\"wppb-image-addon-content wppb-imginlineblock\"><img decoding=\"async\" class=\"wppb-image-addon-img\" src=\"https:\/\/rocketplay-game.com\/wp-content\/uploads\/2024\/02\/cas7.jpg\" alt=\"RocketPlay 7\"><\/div><\/figure><\/div><\/div><\/div>                                            <\/div>\n                                        <\/div>\n                                    <\/div>\n\t\t\t\t\t\t\t\t\t                        <\/div>\n\n                    <\/div>\n                <\/div>\n\t\t\t\t<\/div>","protected":false},"excerpt":{"rendered":"<p>Revis\u00e3o de cassinos online RocketPlayO cassino RocketPlay \u00e9 o cassino mais popular da Brasil entre os jogadores, estabeleceu-se perfeitamente no mercado, oferece condi\u00e7\u00f5es atraentes para os usu\u00e1rios e os atrai com sua atmosfera, imagens brilhantes e ganhos reais.No cassino, todos podem encontrar um jogo para si, se emocionar e se inspirar mergulhando no mundo real&#8230;<\/p>\n","protected":false},"author":1,"featured_media":0,"parent":0,"menu_order":0,"comment_status":"closed","ping_status":"closed","template":"wppb_theme_template","meta":{"_acf_changed":false,"_kad_post_transparent":"default","_kad_post_title":"default","_kad_post_layout":"default","_kad_post_sidebar_id":"","_kad_post_content_style":"default","_kad_post_vertical_padding":"default","_kad_post_feature":"","_kad_post_feature_position":"","_kad_post_header":false,"_kad_post_footer":false,"footnotes":""},"class_list":["post-2620","page","type-page","status-publish","hentry"],"acf":[],"rttpg_featured_image_url":null,"rttpg_author":{"display_name":"Tom","author_link":"https:\/\/rocketplay-game.com\/pt-br\/author\/pemvas95n89x\/"},"rttpg_comment":0,"rttpg_category":null,"rttpg_excerpt":"Revis\u00e3o de cassinos online RocketPlayO cassino RocketPlay \u00e9 o cassino mais popular da Brasil entre os jogadores, estabeleceu-se perfeitamente no mercado, oferece condi\u00e7\u00f5es atraentes para os usu\u00e1rios e os atrai com sua atmosfera, imagens brilhantes e ganhos reais.No cassino, todos podem encontrar um jogo para si, se emocionar e se inspirar mergulhando no mundo real...","_links":{"self":[{"href":"https:\/\/rocketplay-game.com\/pt-br\/wp-json\/wp\/v2\/pages\/2620","targetHints":{"allow":["GET"]}}],"collection":[{"href":"https:\/\/rocketplay-game.com\/pt-br\/wp-json\/wp\/v2\/pages"}],"about":[{"href":"https:\/\/rocketplay-game.com\/pt-br\/wp-json\/wp\/v2\/types\/page"}],"author":[{"embeddable":true,"href":"https:\/\/rocketplay-game.com\/pt-br\/wp-json\/wp\/v2\/users\/1"}],"replies":[{"embeddable":true,"href":"https:\/\/rocketplay-game.com\/pt-br\/wp-json\/wp\/v2\/comments?post=2620"}],"version-history":[{"count":2,"href":"https:\/\/rocketplay-game.com\/pt-br\/wp-json\/wp\/v2\/pages\/2620\/revisions"}],"predecessor-version":[{"id":2622,"href":"https:\/\/rocketplay-game.com\/pt-br\/wp-json\/wp\/v2\/pages\/2620\/revisions\/2622"}],"wp:attachment":[{"href":"https:\/\/rocketplay-game.com\/pt-br\/wp-json\/wp\/v2\/media?parent=2620"}],"curies":[{"name":"wp","href":"https:\/\/api.w.org\/{rel}","templated":true}]}}