{"id":2624,"date":"2022-06-17T16:45:32","date_gmt":"2022-06-17T13:45:32","guid":{"rendered":"https:\/\/rocketplay-game.com\/download\/"},"modified":"2024-02-09T16:31:06","modified_gmt":"2024-02-09T13:31:06","slug":"download","status":"publish","type":"page","link":"https:\/\/rocketplay-game.com\/pt-br\/download\/","title":{"rendered":"Baixar casino online RocketPlay"},"content":{"rendered":"<p>Hoje em dia, muitas pessoas gostam de tentar a sorte e jogar ca\u00e7a-n\u00edqueis, e h\u00e1 um grande n\u00famero de institui\u00e7\u00f5es para isso. Por exemplo, voc\u00ea pode baixar o cassino online RocketPlay. Mas muitos est\u00e3o se perguntando se voc\u00ea pode tentar jogar de gra\u00e7a sem perder seu pr\u00f3prio dinheiro? Existe essa chance? E respondemos com muita confian\u00e7a que n\u00e3o s\u00f3 existe, mas \u00e9 bastante popular! Especialmente os iniciantes gostam de jogar sem dinheiro. Tenha em mente que neste caso voc\u00ea n\u00e3o pode retirar seus ganhos, porque voc\u00ea n\u00e3o traz os seus, mas existem muitas outras vantagens. \u00c9 sobre isso que vamos falar agora. Mas vamos come\u00e7ar com algumas informa\u00e7\u00f5es b\u00e1sicas sobre jogos de azar online.<\/p>\n<p style=\"text-align: center;\"><img loading=\"lazy\" decoding=\"async\" class=\"aligncenter wp-image-4723\" src=\"https:\/\/rocketplay-game.com\/wp-content\/uploads\/2024\/02\/tytryew2.png\" alt=\"Download RocketPlay\" width=\"800\" height=\"388\" srcset=\"https:\/\/rocketplay-game.com\/wp-content\/uploads\/2024\/02\/tytryew2.png 1386w, https:\/\/rocketplay-game.com\/wp-content\/uploads\/2024\/02\/tytryew2-300x145.png 300w, https:\/\/rocketplay-game.com\/wp-content\/uploads\/2024\/02\/tytryew2-1024x496.png 1024w, https:\/\/rocketplay-game.com\/wp-content\/uploads\/2024\/02\/tytryew2-768x372.png 768w\" sizes=\"auto, (max-width: 800px) 100vw, 800px\" \/><\/p>\n<h2>O que \u00e9 o Casino Online: Informa\u00e7\u00f5es \u00dateis<\/h2>\n<p>Qualquer jogador deve estar ciente de que quase todos os clubes hoje est\u00e3o migrando gradualmente para o formato online. Os cassinos virtuais oferecem quase tantas m\u00e1quinas quanto os convencionais. Assim, eles apresentam uma ampla gama de entretenimento para os jogadores, incluindo slots online, jogos de cartas, <a href=\"https:\/\/rocketplay-game.com\/pt-br\/poker\/\">p\u00f4quer<\/a> e muito mais. E todos eles est\u00e3o dispon\u00edveis para absolutamente qualquer jogador que decida visitar um determinado site e se divertir l\u00e1.<\/p>\n<p>Entre as vantagens de qualquer cassino na internet est\u00e1 a possibilidade de download de jogos de cassino gr\u00e1tis RocketPlay. Esta op\u00e7\u00e3o permite-lhe desfrutar do seu passatempo favorito mesmo quando est\u00e1 fora de casa. E quando voc\u00ea estiver em movimento, poder\u00e1 acessar o site e jogar ca\u00e7a-n\u00edqueis.<\/p>\n<h2>Guia de download do cassino<\/h2>\n<p>Suponha que voc\u00ea decida baixar o aplicativo de cassino RocketPlay. Nesse caso, voc\u00ea deve proceder da seguinte forma:<\/p>\n<ul>\n<li>Baixe os arquivos do cassino. Recomendamos baixar o cassino exclusivamente em seu portal oficial. Dessa forma, voc\u00ea pode ter certeza de que n\u00e3o ser\u00e1 v\u00edtima de trapaceiros e obter\u00e1 exatamente os arquivos de que precisa &#8211; sem v\u00edrus, trojans e outros softwares maliciosos;<\/li>\n<li>Lan\u00e7amento do cliente. Depois de baixar os arquivos, voc\u00ea s\u00f3 precisa abri-los. N\u00e3o tenha pressa em clicar em todos os bot\u00f5es &#8211; em breve voc\u00ea ser\u00e1 solicitado a ler os termos do contrato do usu\u00e1rio, escolher um idioma para a interface e assim por diante;<\/li>\n<li>Se voc\u00ea n\u00e3o tiver um perfil no site do cassino &#8220;completo&#8221;, crie uma nova conta. Se voc\u00ea j\u00e1 possui um perfil, basta fazer login em sua conta ativa usando seu nome de usu\u00e1rio e senha antigos. Se eles n\u00e3o corresponderem ao seu nome de usu\u00e1rio e senha por qualquer motivo, solicite suporte t\u00e9cnico.<\/li>\n<\/ul>\n<p>Os cassinos online em aplicativos m\u00f3veis oferecem a op\u00e7\u00e3o de jogar com dinheiro real ou de gra\u00e7a. Recomendamos que voc\u00ea primeiro escolha a vers\u00e3o demo gratuita do cassino RocketPlay e, em seguida, baixe os jogos de cassino do RocketPlay com dinheiro real. Voc\u00ea pode se familiarizar com o menu, a localiza\u00e7\u00e3o dos bot\u00f5es funcionais, aprender todos os recursos e habilidades da jogabilidade. Este movimento permite que voc\u00ea evite erros.<\/p>\n<h2>Casinos m\u00f3veis &#8211; eles t\u00eam alguma vantagem?<\/h2>\n<p>O download m\u00f3vel do cassino RocketPlay para smartphones e tablets, clubes de jogos com slots e jogos de cartas t\u00eam v\u00e1rias vantagens significativas:<\/p>\n<ul>\n<li>A variedade e variedade de jogos n\u00e3o \u00e9 menor do que o que espera por voc\u00ea na vers\u00e3o completa do cassino;<\/li>\n<li>A interface do aplicativo \u00e9 acess\u00edvel e compreens\u00edvel at\u00e9 para os rec\u00e9m-chegados;<\/li>\n<li>Os <a href=\"https:\/\/rocketplay-game.com\/pt-br\/mobile-version\/\">aplicativos m\u00f3veis<\/a> t\u00eam forte prote\u00e7\u00e3o contra c\u00f3digos maliciosos;<\/li>\n<li>Todos os dados do jogador (conta e saldo) s\u00e3o armazenados na vers\u00e3o regular do cassino;<\/li>\n<li>Os jogos tendem a ter gr\u00e1ficos de maior qualidade e s\u00e3o menos propensos a congelar;<\/li>\n<li>A escolha de configura\u00e7\u00f5es \u00e9 extensa;<\/li>\n<li>Nenhuma conex\u00e3o de internet de alta velocidade \u00e9 necess\u00e1ria para jogar. Mesmo com uma rede lenta e tr\u00e1fego m\u00ednimo, voc\u00ea pode se divertir muito.<\/li>\n<\/ul>\n<p>Posso participar em torneios de casino online enquanto jogo a partir do meu smartphone? A resposta \u00e9 sim. Todas as promo\u00e7\u00f5es e ofertas especiais do clube estar\u00e3o dispon\u00edveis para voc\u00ea. Tamb\u00e9m n\u00e3o h\u00e1 limites de pagamento de pr\u00eamios<\/p>\n<h2>Como baixar o software do cassino<\/h2>\n<p>Para ter acesso \u00e0s m\u00e1quinas ca\u00e7a-n\u00edqueis RocketPlay em todos os momentos, voc\u00ea precisa encontrar e baixar o RocketPlay Casino Brasil apropriado para o dispositivo a partir do qual voc\u00ea acessar\u00e1 os sal\u00f5es virtuais do clube de jogos.<\/p>\n<h2>Op\u00e7\u00f5es oferecidas pela administra\u00e7\u00e3o do RocketPlay<\/h2>\n<p>Como a grande maioria dos usu\u00e1rios da Internet n\u00e3o est\u00e1 muito familiarizada com o b\u00e1sico da programa\u00e7\u00e3o, os aplicativos populares s\u00e3o aqueles que podem ser instalados em sistemas operacionais &#8220;b\u00e1sicos&#8221;:<\/p>\n<ul>\n<li>Windows da Microsoft;<\/li>\n<li>Android do Google;<\/li>\n<li>iOS da Apple.<\/li>\n<li>Como baixar o aplicativo RocketPlay Android<\/li>\n<\/ul>\n<p>O download da vers\u00e3o completa dos jogos de cassino RocketPlay pode ser feito clicando no bot\u00e3o apropriado na p\u00e1gina de download do seu tablet ou smartphone Android. Normalmente, esse processo n\u00e3o leva mais de dois a tr\u00eas minutos com uma conex\u00e3o normal \u00e0 Internet. Antes de fazer o download, lembre-se de marcar a caixa &#8220;Permitir instala\u00e7\u00e3o de fontes desconhecidas&#8221; nas configura\u00e7\u00f5es de seguran\u00e7a do seu gadget.<\/p>\n<p>Ap\u00f3s o download do utilit\u00e1rio RocketPlay, inicie-o autorizando a instala\u00e7\u00e3o do programa. Assim que o aplicativo estiver instalado, um atalho do RocketPlay aparecer\u00e1 na \u00e1rea de trabalho do seu smartphone ou tablet.<\/p>\n<p>Voc\u00ea deve ent\u00e3o fazer login na sua \u00c1rea de Cliente Segura ou concluir o processo de registro e a partir da\u00ed poder\u00e1 desfrutar de todos os benef\u00edcios de ser um membro de pleno direito do clube RocketPlay.<\/p>\n<h2>Como baixar o aplicativo RocketPlay para Windows<\/h2>\n<p>Se voc\u00ea est\u00e1 acostumado a se divertir no conforto da sua casa, o RocketPlay para Windows \u00e9 o ideal. Especialmente porque \u00e9 t\u00e3o f\u00e1cil de instalar em um PC quanto em um smartphone:<\/p>\n<p>baixe o aplicativo e salve-o em uma pasta de sua prefer\u00eancia no seu computador;<br \/>\nExecute a instala\u00e7\u00e3o do utilit\u00e1rio selecionando uma pasta para instal\u00e1-lo;<br \/>\nClique no bot\u00e3o &#8220;Fechar&#8221;, at\u00e9 que a instala\u00e7\u00e3o seja conclu\u00edda.<\/p>\n<p>E todos os <a href=\"https:\/\/rocketplay-game.com\/pt-br\/bonus\/\">b\u00f4nus<\/a>, promo\u00e7\u00f5es e surpresas da administra\u00e7\u00e3o do RocketPlay est\u00e3o \u00e0 sua disposi\u00e7\u00e3o!<\/p>\n<h2><img loading=\"lazy\" decoding=\"async\" class=\"wp-image-4712 aligncenter\" src=\"https:\/\/rocketplay-game.com\/wp-content\/uploads\/2024\/02\/31244399_smartphone231-scaled.jpg\" alt=\"Download RocketPlay 2\" width=\"800\" height=\"400\" srcset=\"https:\/\/rocketplay-game.com\/wp-content\/uploads\/2024\/02\/31244399_smartphone231-scaled.jpg 2560w, https:\/\/rocketplay-game.com\/wp-content\/uploads\/2024\/02\/31244399_smartphone231-300x150.jpg 300w, https:\/\/rocketplay-game.com\/wp-content\/uploads\/2024\/02\/31244399_smartphone231-1024x512.jpg 1024w, https:\/\/rocketplay-game.com\/wp-content\/uploads\/2024\/02\/31244399_smartphone231-768x384.jpg 768w, https:\/\/rocketplay-game.com\/wp-content\/uploads\/2024\/02\/31244399_smartphone231-1536x768.jpg 1536w, https:\/\/rocketplay-game.com\/wp-content\/uploads\/2024\/02\/31244399_smartphone231-2048x1024.jpg 2048w\" sizes=\"auto, (max-width: 800px) 100vw, 800px\" \/><\/h2>\n<h2>Recursos do lobby do cassino para download<\/h2>\n<p>Cada fabricante de software de jogos de azar na Internet implementa suas pr\u00f3prias caracter\u00edsticas no software para download. Como regra, as seguintes se\u00e7\u00f5es est\u00e3o sempre dispon\u00edveis:<\/p>\n<ul>\n<li>Caixa registradora, onde s\u00e3o realizadas as transa\u00e7\u00f5es financeiras;<\/li>\n<li>Gabinete com dados do cliente;<\/li>\n<li>Lobby com jogos divididos em se\u00e7\u00f5es tem\u00e1ticas;<\/li>\n<li>Janela de torneios;<\/li>\n<li>P\u00e1gina de b\u00f4nus e promo\u00e7\u00f5es;<\/li>\n<li>M\u00e9todos de contato com os representantes de suporte ao cliente;<\/li>\n<li>Uma caixa de correio onde os e-mails chegam e assim por diante.<\/li>\n<\/ul>\n<p>Todos os fabricantes tentam tornar o software cliente do cassino intuitivo para qualquer iniciante e o mais conveniente poss\u00edvel para todos os usu\u00e1rios. V\u00e1rias configura\u00e7\u00f5es e recursos adicionais geralmente est\u00e3o dispon\u00edveis e devem ser familiarizados caso a caso.<\/p>\n<h2>Os jogos com dealer ao vivo podem ser baixados?<\/h2>\n<p>A maioria dos principais portais permite que voc\u00ea jogue jogos de azar com crupi\u00eas reais. Se uma institui\u00e7\u00e3o oferece um programa para download, voc\u00ea pode ter certeza de que o cassino ao vivo ser\u00e1 apresentado neste formato.<\/p>\n<p>Mas muitos sites de jogos de azar baseados em navegador permitem que voc\u00ea jogue com revendedores reais sem instalar nenhum software adicional.<\/p>\n<h2>cassinos online brasileiros<\/h2>\n<p>Deve-se dizer que os brasileiros t\u00eam sorte com o jogo online. Eles s\u00e3o praticamente levados a quase todos os cassinos online, independentemente do software que usam, sob cuja licen\u00e7a operam ou onde seus servidores est\u00e3o localizados. Portanto, h\u00e1 uma ampla gama de op\u00e7\u00f5es para os jogadores brasileiros.<\/p>\n<p>Al\u00e9m disso, muitos cassinos online respeit\u00e1veis, como o RocketPlay, permitem que os clientes do &#8220;Continente Verde&#8221; fa\u00e7am dep\u00f3sitos e apostas em d\u00f3lares brasileiros convenientes, e alguns at\u00e9 oferecem n\u00fameros gratuitos de suporte ao cliente.<\/p>\n<p>De fato, a lista de cassinos online para jogadores brasileiros e neozelandeses \u00e9 longa. E se um residente do &#8220;Continente Verde&#8221; concordar em jogar em outras moedas e usar um telefone de suporte internacional, a grande maioria desses estabelecimentos \u00e9 adequada para eles.<\/p>\n<h2>Os 5 melhores cassinos online da Brasil:<\/h2>\n<ul>\n<li>RocketPlay;<\/li>\n<li>Alegria do Cassino;<\/li>\n<li>Jogue Frank;<\/li>\n<li>Casino Grand Reef;<\/li>\n<li>Jackpot City Casino.<\/li>\n<\/ul>\n<h2>Perguntas frequentes sobre downloads de cassino<\/h2>\n<ul>\n<li>Os cassinos para download t\u00eam muitas vantagens sobre os cassinos baseados em navegador?<\/li>\n<\/ul>\n<p>Eles t\u00eam seus m\u00e9ritos, mas os cassinos online baseados em navegador tamb\u00e9m t\u00eam muitas vantagens. \u00c9 simplesmente uma quest\u00e3o de prefer\u00eancia pessoal do jogador.<\/p>\n<ul>\n<li>Os cassinos m\u00f3veis precisam ser baixados?<\/li>\n<\/ul>\n<p>Mais e mais cassinos online m\u00f3veis agora s\u00e3o executados em um navegador.<\/p>\n<ul>\n<li>Todos os cassinos exigem instala\u00e7\u00e3o de software para jogar?<\/li>\n<\/ul>\n<p>N\u00e3o, a maioria dos melhores cassinos online funciona no navegador, ent\u00e3o n\u00e3o h\u00e1 necessidade de instalar software.<\/p>\n","protected":false},"excerpt":{"rendered":"<p>Hoje em dia, muitas pessoas gostam de tentar a sorte e jogar ca\u00e7a-n\u00edqueis, e h\u00e1 um grande n\u00famero de institui\u00e7\u00f5es para isso. Por exemplo, voc\u00ea pode baixar o cassino online RocketPlay. Mas muitos est\u00e3o se perguntando se voc\u00ea pode tentar jogar de gra\u00e7a sem perder seu pr\u00f3prio dinheiro? Existe essa chance? E respondemos com muita&#8230;<\/p>\n","protected":false},"author":1,"featured_media":0,"parent":0,"menu_order":0,"comment_status":"closed","ping_status":"closed","template":"page-with-bonus.php","meta":{"_acf_changed":false,"_kad_post_transparent":"default","_kad_post_title":"default","_kad_post_layout":"default","_kad_post_sidebar_id":"","_kad_post_content_style":"default","_kad_post_vertical_padding":"default","_kad_post_feature":"","_kad_post_feature_position":"","_kad_post_header":false,"_kad_post_footer":false,"footnotes":""},"class_list":["post-2624","page","type-page","status-publish","hentry"],"acf":[],"rttpg_featured_image_url":null,"rttpg_author":{"display_name":"Tom","author_link":"https:\/\/rocketplay-game.com\/pt-br\/author\/pemvas95n89x\/"},"rttpg_comment":0,"rttpg_category":null,"rttpg_excerpt":"Hoje em dia, muitas pessoas gostam de tentar a sorte e jogar ca\u00e7a-n\u00edqueis, e h\u00e1 um grande n\u00famero de institui\u00e7\u00f5es para isso. Por exemplo, voc\u00ea pode baixar o cassino online RocketPlay. Mas muitos est\u00e3o se perguntando se voc\u00ea pode tentar jogar de gra\u00e7a sem perder seu pr\u00f3prio dinheiro? Existe essa chance? E respondemos com muita...","_links":{"self":[{"href":"https:\/\/rocketplay-game.com\/pt-br\/wp-json\/wp\/v2\/pages\/2624","targetHints":{"allow":["GET"]}}],"collection":[{"href":"https:\/\/rocketplay-game.com\/pt-br\/wp-json\/wp\/v2\/pages"}],"about":[{"href":"https:\/\/rocketplay-game.com\/pt-br\/wp-json\/wp\/v2\/types\/page"}],"author":[{"embeddable":true,"href":"https:\/\/rocketplay-game.com\/pt-br\/wp-json\/wp\/v2\/users\/1"}],"replies":[{"embeddable":true,"href":"https:\/\/rocketplay-game.com\/pt-br\/wp-json\/wp\/v2\/comments?post=2624"}],"version-history":[{"count":4,"href":"https:\/\/rocketplay-game.com\/pt-br\/wp-json\/wp\/v2\/pages\/2624\/revisions"}],"predecessor-version":[{"id":5293,"href":"https:\/\/rocketplay-game.com\/pt-br\/wp-json\/wp\/v2\/pages\/2624\/revisions\/5293"}],"wp:attachment":[{"href":"https:\/\/rocketplay-game.com\/pt-br\/wp-json\/wp\/v2\/media?parent=2624"}],"curies":[{"name":"wp","href":"https:\/\/api.w.org\/{rel}","templated":true}]}}